{"id":954,"date":"2022-01-05T10:26:11","date_gmt":"2022-01-05T09:26:11","guid":{"rendered":"https:\/\/moderaterna.se\/vastragotaland\/?page_id=954"},"modified":"2022-06-19T22:28:25","modified_gmt":"2022-06-19T20:28:25","slug":"innovationer-och-forskning-i-varldsklass","status":"publish","type":"page","link":"https:\/\/moderaterna.se\/vastragotaland\/innovationer-och-forskning-i-varldsklass\/","title":{"rendered":"Innovationer och forskning i v\u00e4rldsklass"},"content":{"rendered":"\n<p><strong>Moderaterna vill<\/strong><\/p>\n\n\n\n<ul class=\"wp-block-list\"><li>Unders\u00f6ka m\u00f6jligheterna att bel\u00f6na de som nyttigg\u00f6r forskningsresultat och premiera samverkan mellan l\u00e4ros\u00e4ten, n\u00e4ringsliv och offentliga verksamheter.<\/li><li>S\u00e4kerst\u00e4lla Science Centers uppgift att stimulera kunskap och engagemang inom de naturvetenskapliga \u00e4mnena, teknik och digitalisering<\/li><li>Att s\u00e4tta V\u00e4stra G\u00f6taland p\u00e5 kartan som ledande forskningsregion genom att f\u00f6rst\u00e4rka arbetet kring entrepren\u00f6rskap, kommersialisering och marknadsf\u00f6ring av forskningsresultat och d\u00e4rmed \u00f6ka antalet arbetstillf\u00e4llen.<\/li><li>Ta ett st\u00f6rre ansvar f\u00f6r forskningen kring den egna verksamheten och \u00f6ppna upp f\u00f6r m\u00f6jligheterna till forskningsbefattningar ocks\u00e5 f\u00f6r andra legitimationsyrken \u00e4n l\u00e4kare.<\/li><li>F\u00f6rst\u00e4rka Innovationsplattformen som kan g\u00f6ra verklighet av personalens id\u00e9er&nbsp;<\/li><li>Att regionen ska anv\u00e4nda offentlig innovations- och teknikupphandling som ett medel att st\u00e4rka n\u00e4ringslivets och forskningens konkurrenskraft samt kommersialiseringen och<\/li><li>den offentliga verksamhetens utveckling<\/li><\/ul>\n\n\n\n<p>Vi vill att V\u00e4stra G\u00f6talandsregionen ska arbeta aktivt med att fler och st\u00f6rre resurser l\u00e4ggs p\u00e5 forskning och utveckling inom l\u00e4net. M\u00e5let ska vara att skapa en forskningsmilj\u00f6 som lockar till sig de allra b\u00e4sta forskarna och, i forskningssammanhang bli en internationell frontregion.<\/p>\n\n\n\n<p>V\u00e4stra G\u00f6talandsregionen ska ocks\u00e5 forts\u00e4tta arbeta f\u00f6r att stimulera kunskap och engagemang inom de naturvetenskapliga \u00e4mnena, teknik och digitalisering hos barn och unga genom Science Centers.<\/p>\n\n\n\n<p>Vi vill ocks\u00e5 att regionen ska kunna attrahera de skickligaste l\u00e4karna i v\u00e4rlden. M\u00f6jligheterna att bedriva kvalitativ forskning \u00e4r i det fallet avg\u00f6rande d\u00e4r samverkan med akademin \u00e4r en viktig del. Det ska finnas goda m\u00f6jligheter att bedriva forskning s\u00e5v\u00e4l p\u00e5 sjukhus som inom prim\u00e4rv\u00e5rden. V\u00e4stra G\u00f6talandsregionens h\u00e4lso- och sjukv\u00e5rdsverksamheter \u00e4r en viktig plattform f\u00f6r den akademiska forskningen. Det \u00e4r i samverkan mellan akademi, offentlig sjukv\u00e5rd och n\u00e4ringsliv som nya innovationer och f\u00f6retag inom det s\u00e5 kallade Life Science-klustret skapas. Det inneb\u00e4r i sin tur att kvaliteten inom sjukv\u00e5rden utvecklas.&nbsp;<\/p>\n\n\n\n<p>Det \u00e4r av yttersta vikt att satsningen p\u00e5 FoU kan nyttigg\u00f6ras i regionens verksamheter och d\u00e5 ska forskning premieras d\u00e4refter. Vi vill att regionen anv\u00e4nder offentlig innovations- och teknikupphandling f\u00f6r att st\u00e4rka n\u00e4ringslivets och forskningens konkurrenskraft.<\/p>\n\n\n\n<p>Som ett av majoritetspartierna i V\u00e4stra G\u00f6talandsregionen har Moderaterna varit med och inr\u00e4ttat en innovationsfond som alla som arbetar inom den regionfinansierade h\u00e4lso- och sjukv\u00e5rden ska kunna s\u00f6ka medel fr\u00e5n, oavsett yrkeskategori och befattning. Det handlar om att tillvarata medarbetarnas id\u00e9er och snabbt agera utifr\u00e5n f\u00f6r\u00e4ndringsbehov inom sjukv\u00e5rden. Vi vill vidareutveckla arbetet med att implementera och g\u00f6ra verklighet av l\u00f6sningarna som kan vara b\u00e5de produkter, tj\u00e4nster och id\u00e9er.<\/p>\n\n\n\n<p><em><a href=\"https:\/\/moderaterna.se\/vastragotaland\/var-politik-vastra-gotalandsregionen\/\">Tillbaka<\/a><\/em><\/p>\n","protected":false},"excerpt":{"rendered":"<p>Moderaterna vill Unders\u00f6ka m\u00f6jligheterna att bel\u00f6na de som nyttigg\u00f6r forskningsresultat och premiera samverkan mellan l\u00e4ros\u00e4ten, n\u00e4ringsliv och offentliga verksamheter. S\u00e4kerst\u00e4lla Science Centers uppgift att stimulera kunskap och engagemang inom de naturvetenskapliga \u00e4mnena, teknik och digitalisering Att s\u00e4tta V\u00e4stra G\u00f6taland p\u00e5 kartan som ledande forskningsregion genom att f\u00f6rst\u00e4rka arbetet kring entrepren\u00f6rskap, kommersialisering och marknadsf\u00f6ring av forskningsresultat [&hellip;]<\/p>\n","protected":false},"author":9,"featured_media":0,"parent":0,"menu_order":0,"comment_status":"closed","ping_status":"closed","template":"","meta":{"_acf_changed":false,"_relevanssi_hide_post":"","_relevanssi_hide_content":"","_relevanssi_pin_for_all":"","_relevanssi_pin_keywords":"","_relevanssi_unpin_keywords":"","_relevanssi_related_keywords":"","_relevanssi_related_include_ids":"","_relevanssi_related_exclude_ids":"","_relevanssi_related_no_append":"","_relevanssi_related_not_related":"","_relevanssi_related_posts":"842,831,829","_relevanssi_noindex_reason":"","footnotes":""},"subject":[],"class_list":["post-954","page","type-page","status-publish","hentry"],"acf":[],"publishpress_future_action":{"enabled":false,"date":"2026-05-15 12:45:45","action":"change-status","newStatus":"draft","terms":[],"taxonomy":"subject"},"_links":{"self":[{"href":"https:\/\/moderaterna.se\/vastragotaland\/wp-json\/wp\/v2\/pages\/954","targetHints":{"allow":["GET"]}}],"collection":[{"href":"https:\/\/moderaterna.se\/vastragotaland\/wp-json\/wp\/v2\/pages"}],"about":[{"href":"https:\/\/moderaterna.se\/vastragotaland\/wp-json\/wp\/v2\/types\/page"}],"author":[{"embeddable":true,"href":"https:\/\/moderaterna.se\/vastragotaland\/wp-json\/wp\/v2\/users\/9"}],"replies":[{"embeddable":true,"href":"https:\/\/moderaterna.se\/vastragotaland\/wp-json\/wp\/v2\/comments?post=954"}],"version-history":[{"count":7,"href":"https:\/\/moderaterna.se\/vastragotaland\/wp-json\/wp\/v2\/pages\/954\/revisions"}],"predecessor-version":[{"id":1946,"href":"https:\/\/moderaterna.se\/vastragotaland\/wp-json\/wp\/v2\/pages\/954\/revisions\/1946"}],"wp:attachment":[{"href":"https:\/\/moderaterna.se\/vastragotaland\/wp-json\/wp\/v2\/media?parent=954"}],"wp:term":[{"taxonomy":"subject","embeddable":true,"href":"https:\/\/moderaterna.se\/vastragotaland\/wp-json\/wp\/v2\/subject?post=954"}],"curies":[{"name":"wp","href":"https:\/\/api.w.org\/{rel}","templated":true}]}}