{"id":945,"date":"2022-06-19T22:33:10","date_gmt":"2022-06-19T20:33:10","guid":{"rendered":"https:\/\/moderaterna.se\/vastragotaland\/?page_id=945"},"modified":"2022-06-19T22:33:10","modified_gmt":"2022-06-19T20:33:10","slug":"trygghet-i-vardagen-och-pa-jobbet","status":"publish","type":"page","link":"https:\/\/moderaterna.se\/vastragotaland\/trygghet-i-vardagen-och-pa-jobbet\/","title":{"rendered":"Trygghet i vardagen och p\u00e5 jobbet"},"content":{"rendered":"\n<p><strong>Moderaterna vill:<\/strong><\/p>\n\n\n\n<ul class=\"wp-block-list\"><li>Utveckla samarbetet med Polisen och kommunerna i V\u00e4stra G\u00f6taland f\u00f6r ytterligare trygghetsfr\u00e4mjande insatser<\/li><li>Forts\u00e4tta s\u00e4kerhetsh\u00f6jande \u00e5tg\u00e4rder p\u00e5 s\u00e5v\u00e4l v\u00e5rdinr\u00e4ttningar som i kollektivtrafiken<\/li><li>Att staten g\u00f6r kraftfulla insatser p\u00e5 r\u00e4ttsomr\u00e5det i enlighet med v\u00e5rt nationella handlingsprogram<\/li><\/ul>\n\n\n\n<p>Brottsligheten har p\u00e5 senare tid tagit sig alltmer oacceptabla former. Inte nog med att den upplevda otryggheten \u00f6kar kraftigt, \u00e4ven de som skickas att hj\u00e4lpa dem i n\u00f6d uts\u00e4tts f\u00f6r v\u00e5ld och hot om v\u00e5ld. Ambulanser kan emellan\u00e5t p\u00e5 vissa h\u00e5ll i V\u00e4stra G\u00f6taland inte verka utan poliseskort. Polisbilar uts\u00e4tts f\u00f6r vandalisering. Hotbilder mot r\u00e4ddningstj\u00e4nsterna uppst\u00e5r.&nbsp;<\/p>\n\n\n\n<p>Skadeg\u00f6relse riktas mot bussar i linjetrafik. H\u00e4r m\u00e5ste samh\u00e4llet svara p\u00e5 tydligast m\u00f6jliga s\u00e4tt och p\u00e5 allvar bryta utvecklingen. Bland annat kr\u00e4ver vi att straffen sk\u00e4rps f\u00f6r dem som angriper samh\u00e4llets hj\u00e4lpare och bl\u00e5ljuspersonal. I regionens sjukhus har vi h\u00f6jt s\u00e4kerheten p\u00e5 akutmottagningarna och i dialog med kommunerna har det gjorts insatser f\u00f6r att h\u00f6ja tryggheten p\u00e5 resecentrum p\u00e5 utsatta platser i kollektivtrafiken.<\/p>\n\n\n\n<p>Vi kommer aldrig acceptera att regionens medarbetare k\u00e4nner sig hotade p\u00e5 eller p\u00e5 v\u00e4g till jobbet. Tryggheten p\u00e5 regionens arbetsplatser ska forts\u00e4tta att st\u00e4rkas men f\u00f6r att m\u00f6ta problemen p\u00e5 allvar kr\u00e4vs en ny nationell r\u00e4ttspolitik med fler poliser, mer resurser till r\u00e4ttsv\u00e4sendet i \u00f6vrigt och h\u00e5rdare straff. Oavsett om man bor i de st\u00f6rre st\u00e4derna eller p\u00e5 landsbygden s\u00e5 ska polisen finnas n\u00e4r man beh\u00f6ver den.\u00a0<\/p>\n\n\n\n<p><em><a href=\"https:\/\/moderaterna.se\/vastragotaland\/var-politik-vastra-gotalandsregionen\/\">Tillbaka<\/a><\/em><\/p>\n","protected":false},"excerpt":{"rendered":"<p>Moderaterna vill: Utveckla samarbetet med Polisen och kommunerna i V\u00e4stra G\u00f6taland f\u00f6r ytterligare trygghetsfr\u00e4mjande insatser Forts\u00e4tta s\u00e4kerhetsh\u00f6jande \u00e5tg\u00e4rder p\u00e5 s\u00e5v\u00e4l v\u00e5rdinr\u00e4ttningar som i kollektivtrafiken Att staten g\u00f6r kraftfulla insatser p\u00e5 r\u00e4ttsomr\u00e5det i enlighet med v\u00e5rt nationella handlingsprogram Brottsligheten har p\u00e5 senare tid tagit sig alltmer oacceptabla former. Inte nog med att den upplevda otryggheten \u00f6kar [&hellip;]<\/p>\n","protected":false},"author":9,"featured_media":0,"parent":0,"menu_order":0,"comment_status":"closed","ping_status":"closed","template":"","meta":{"_acf_changed":false,"_relevanssi_hide_post":"","_relevanssi_hide_content":"","_relevanssi_pin_for_all":"","_relevanssi_pin_keywords":"","_relevanssi_unpin_keywords":"","_relevanssi_related_keywords":"","_relevanssi_related_include_ids":"","_relevanssi_related_exclude_ids":"","_relevanssi_related_no_append":"","_relevanssi_related_not_related":"","_relevanssi_related_posts":"831,829,842","_relevanssi_noindex_reason":"","footnotes":""},"subject":[],"class_list":["post-945","page","type-page","status-publish","hentry"],"acf":[],"publishpress_future_action":{"enabled":false,"date":"2026-04-16 19:53:01","action":"change-status","newStatus":"draft","terms":[],"taxonomy":"subject"},"_links":{"self":[{"href":"https:\/\/moderaterna.se\/vastragotaland\/wp-json\/wp\/v2\/pages\/945","targetHints":{"allow":["GET"]}}],"collection":[{"href":"https:\/\/moderaterna.se\/vastragotaland\/wp-json\/wp\/v2\/pages"}],"about":[{"href":"https:\/\/moderaterna.se\/vastragotaland\/wp-json\/wp\/v2\/types\/page"}],"author":[{"embeddable":true,"href":"https:\/\/moderaterna.se\/vastragotaland\/wp-json\/wp\/v2\/users\/9"}],"replies":[{"embeddable":true,"href":"https:\/\/moderaterna.se\/vastragotaland\/wp-json\/wp\/v2\/comments?post=945"}],"version-history":[{"count":6,"href":"https:\/\/moderaterna.se\/vastragotaland\/wp-json\/wp\/v2\/pages\/945\/revisions"}],"predecessor-version":[{"id":1949,"href":"https:\/\/moderaterna.se\/vastragotaland\/wp-json\/wp\/v2\/pages\/945\/revisions\/1949"}],"wp:attachment":[{"href":"https:\/\/moderaterna.se\/vastragotaland\/wp-json\/wp\/v2\/media?parent=945"}],"wp:term":[{"taxonomy":"subject","embeddable":true,"href":"https:\/\/moderaterna.se\/vastragotaland\/wp-json\/wp\/v2\/subject?post=945"}],"curies":[{"name":"wp","href":"https:\/\/api.w.org\/{rel}","templated":true}]}}