{"id":941,"date":"2022-01-05T10:20:40","date_gmt":"2022-01-05T09:20:40","guid":{"rendered":"https:\/\/moderaterna.se\/vastragotaland\/?page_id=941"},"modified":"2022-01-23T21:44:11","modified_gmt":"2022-01-23T20:44:11","slug":"miljo-i-vastra-gotaland","status":"publish","type":"page","link":"https:\/\/moderaterna.se\/vastragotaland\/miljo-i-vastra-gotaland\/","title":{"rendered":"Milj\u00f6 i V\u00e4stra G\u00f6taland"},"content":{"rendered":"\n<p><br>Moderaterna vill:<\/p>\n\n\n\n<ul class=\"wp-block-list\"><li>Samla och f\u00f6rst\u00e4rka kompetensen kring biologisk m\u00e5ngfald vid Botaniska tr\u00e4dg\u00e5rden.<\/li><li>Verka f\u00f6r ett nationellt ansvar f\u00f6r strandst\u00e4dning utefter V\u00e4sterhavet.<\/li><li>St\u00e4rka V\u00e4stkuststiftelsen roll som samordnare av naturreservaten tillsammans med kommunerna och lokala intressenter f\u00f6r att f\u00f6rb\u00e4ttra sk\u00f6tsel och tillg\u00e4nglighet.<\/li><li>Verka f\u00f6r att m\u00e4ngden plast i natur och hav minskar.<\/li><li>Verka f\u00f6r att arbetet med att f\u00e5 bort plast i havet samordnas och prioriteras h\u00f6gre p\u00e5<\/li><li>nationell och internationell niv\u00e5.<\/li><\/ul>\n\n\n\n<p>V\u00e4stra G\u00f6talandsregionen satsar p\u00e5 milj\u00f6n s\u00e5v\u00e4l i regionens interna verksamhet som ut\u00e5triktat tillsammans med f\u00f6retag, organisationer och kommunerna. Regionen ska forts\u00e4tta satsa p\u00e5 forskning, innovationer och \u00e4n mer sprida den kunskap om milj\u00f6 och klimat som finns. De gr\u00f6na och bl\u00e5 n\u00e4ringarna skapar arbetstillf\u00e4llen och \u00e4r viktiga f\u00f6r v\u00e5r regions h\u00e5llbara utveckling och framtid.<\/p>\n\n\n\n<p>V\u00e4stra G\u00f6talands n\u00e4rhet och gr\u00e4ns till V\u00e4sterhavet och tv\u00e5 av Europas st\u00f6rsta sj\u00f6ar s\u00e4tter ett stort fokus p\u00e5 fr\u00e5gor som r\u00f6r havs- och vattenbruk och den maritima milj\u00f6n. Nedskr\u00e4pningen av v\u00e5ra kuster \u00e4r ett lokalt problem med globalt ursprung d\u00e5 skr\u00e4pet kommer fr\u00e5n hela Nordsj\u00f6n. Regionen, tillsammans med den nationella niv\u00e5n, m\u00e5ste agera kraftfullt gentemot EU f\u00f6r att f\u00e5 verkningsfulla regler och verktyg f\u00f6r att stoppa nedskr\u00e4pning och \u00e5terf\u00e5 ett rent hav.<\/p>\n\n\n\n<p>V\u00e4nern och V\u00e4ttern m\u00e5ste s\u00e4kras som n\u00f6dv\u00e4ndiga dricksvattensreserver f\u00f6r framtiden. V\u00e4stra G\u00f6talandsregionen har en viktig roll f\u00f6r att fr\u00e4mja friluftsliv och \u00f6ka f\u00f6rst\u00e5elsen f\u00f6r biologisk m\u00e5ngfald G\u00f6teborgs botaniska tr\u00e4dg\u00e5rd \u00e4r ett av Sveriges fr\u00e4msta bes\u00f6ksm\u00e5l och kommer att utvecklas \u00e4n mer genom nya v\u00e4xthus. Tr\u00e4dg\u00e5rden bidrar med kunskap om den biologiska m\u00e5ngfalden och kan tillsammans med G\u00f6teborgs Universitet bli \u00e4n viktigare inom forskning och h\u00f6gre utbildning.<\/p>\n\n\n\n<p>Regionens samverkan med V\u00e4stkuststiftelsen st\u00e4rks f\u00f6r att lyfta fram och tillg\u00e4ngligg\u00f6ra prioriterade naturreservat. Regionen ska f\u00f6r egen del ta till vara av de innovationer som regionen ger bidrag till och uppmuntrar. Likv\u00e4l ska regionens verksamheter anv\u00e4nda solceller och minska sin milj\u00f6p\u00e5verkan. D\u00e4rtill vara en f\u00f6reg\u00e5ngsregion i klimatsmart utveckling som anv\u00e4nds inom regionens verksamheter.<\/p>\n\n\n\n<p><strong>V\u00e5rda det friska<\/strong><br>V\u00e4stra G\u00f6talandsregionen \u00e4r Sveriges st\u00f6rsta sjukv\u00e5rdsakt\u00f6r, och ska vara f\u00f6reg\u00e5ngare i arbetet med att minska sjukv\u00e5rdens p\u00e5verkan p\u00e5 milj\u00f6n. Arbetet med milj\u00f6smarta investeringar i energi ska forts\u00e4tta.&nbsp;<br>De farliga utsl\u00e4ppen av bl a l\u00e4kemedelsrester och kemikalier fr\u00e5n sjukhus och v\u00e5rdcentraler m\u00e5ste upph\u00f6ra. Det \u00e4r ett delvis l\u00e5ngsiktigt arbete, som sker tillsammans med VA-huvudmannen liksom l\u00e4kemedelsindustrin och d\u00e4r forskningen beh\u00f6ver f\u00f6rst\u00e4rkas.&nbsp;<\/p>\n\n\n\n<p>F\u00f6r att det ska vara l\u00e4tt f\u00f6r verksamheterna att g\u00f6ra milj\u00f6r\u00e4tt kr\u00e4vs tydliga strategier f\u00f6r hur milj\u00f6m\u00e5len ska n\u00e5s. V\u00e4stra G\u00f6talandsregionen ska arbeta aktivt med att minska svinn och f\u00f6rl\u00e4nga produkters livsl\u00e4ngd. Exempelvis ska satsningarna p\u00e5 att \u00e5teranv\u00e4nda m\u00f6bler och minska matsvinnet i sjukhusen forts\u00e4tta och utvecklas.<\/p>\n\n\n\n<p>Avfall \u00e4r idag en v\u00e4rdefull handelsvara och det finns goda ekonomiska vinster i \u00e5tervinning. Vi ser g\u00e4rna forskning och projekt kopplade till avfallsf\u00f6rbr\u00e4nning, t ex kring m\u00f6jligheten att utvinna v\u00e4rden ur flygaska.&nbsp;<\/p>\n\n\n\n<p><strong>Moderaterna vill:<\/strong><\/p>\n\n\n\n<ul class=\"wp-block-list\"><li>Att sjukv\u00e5rden i V\u00e4stra G\u00f6talandsregionen \u00e4ven ur ett milj\u00f6perspektiv ska vara ledande nationellt.<\/li><li>Att V\u00e4stra G\u00f6talandsregionen ska ta ett helhetsgrepp \u00f6ver hanteringen av l\u00e4kemedel fr\u00e5n producent till patient och till naturen, i samarbete med VA-huvudman och l\u00e4kemedelsindustrin&nbsp;<\/li><\/ul>\n\n\n\n<p><strong>Att f\u00e4rdas milj\u00f6v\u00e4nligt genom livet<\/strong><br>V\u00e4stra G\u00f6taland \u00e4r en stor region och m\u00e4nniskor som bor h\u00e4r \u00e4r beroende av v\u00e4l fungerande kommunikationer. Det \u00e4r inte transporterna utan utsl\u00e4ppen som \u00e4r problemen. On\u00f6diga transporter m\u00e5ste minskas, men viktigast \u00e4r att \u00f6ka effektiviteten och minska utsl\u00e4ppen. Det g\u00f6rs b\u00e4st genom teknikutveckling, genom att bygga ut kollektivtrafiken och genom nya aff\u00e4rsmodeller som cirkul\u00e4r ekonomi och delningstj\u00e4nster. Det \u00e4r viktigt att V\u00e4stra G\u00f6talandsregionens st\u00f6d \u00e4r teknikneutralt och gynnar klimatv\u00e4nlig teknik, samordna transporter, samt d\u00e4r det \u00e4r m\u00f6jligt, flytta godstransporter fr\u00e5n v\u00e4g till sj\u00f6 och j\u00e4rnv\u00e4g.<\/p>\n\n\n\n<p><strong>Moderaterna vill:<\/strong><\/p>\n\n\n\n<ul class=\"wp-block-list\"><li>Inr\u00e4tta trygga cykelparkeringar vid regionens st\u00f6rre arbetsplatser och st\u00f6rre kollektivtrafikh\u00e5llplatser. &nbsp;<\/li><li>Forts\u00e4tta att bygga ut cykelpooler p\u00e5 v\u00e5ra st\u00f6rre arbetsplatser f\u00f6r att \u00f6ka motivationen f\u00f6r klimatsmart resande i tj\u00e4nsten.&nbsp;<\/li><li>Fr\u00e4mja forskningen kring milj\u00f6- och klimatv\u00e4nliga transporter.<\/li><\/ul>\n\n\n\n<p><strong>Teknikutveckling och h\u00e5llbar milj\u00f6 g\u00e5r hand i hand&nbsp;<\/strong><br>Anv\u00e4nda teknikutveckling f\u00f6r att fr\u00e4mja tillv\u00e4xt och utveckling inom de bl\u00e5 och gr\u00f6na n\u00e4ringarna samt se ett ut\u00f6kat samarbete mellan b\u00e5de privata- &nbsp;s\u00e5som regionala och statliga akt\u00f6rer f\u00f6r att fr\u00e4mja utvecklingen.&nbsp;<\/p>\n\n\n\n<p><strong>Moderaterna vill:<\/strong><\/p>\n\n\n\n<ul class=\"wp-block-list\"><li>Teknikneutralt st\u00f6dja framv\u00e4xten av alternativa energik\u00e4llor t ex sol- och vindkraft via ett tv\u00e4rsektoriellt n\u00e4tverk inom dessa omr\u00e5den.<\/li><li>Anv\u00e4nda solceller p\u00e5 regionens fastigheter.&nbsp;<br>&nbsp;<\/li><\/ul>\n\n\n\n<p><strong>L\u00e4s mer<\/strong>:<\/p>\n\n\n\n<p><a href=\"https:\/\/moderaterna.se\/vastragotaland\/var-politik-vastra-gotalandsregionen\/\">V\u00e5r politik f\u00f6r V\u00e4stra G\u00f6talandsregionen<\/a><\/p>\n","protected":false},"excerpt":{"rendered":"<p>Moderaterna vill: Samla och f\u00f6rst\u00e4rka kompetensen kring biologisk m\u00e5ngfald vid Botaniska tr\u00e4dg\u00e5rden. Verka f\u00f6r ett nationellt ansvar f\u00f6r strandst\u00e4dning utefter V\u00e4sterhavet. St\u00e4rka V\u00e4stkuststiftelsen roll som samordnare av naturreservaten tillsammans med kommunerna och lokala intressenter f\u00f6r att f\u00f6rb\u00e4ttra sk\u00f6tsel och tillg\u00e4nglighet. Verka f\u00f6r att m\u00e4ngden plast i natur och hav minskar. Verka f\u00f6r att arbetet med [&hellip;]<\/p>\n","protected":false},"author":9,"featured_media":0,"parent":0,"menu_order":0,"comment_status":"closed","ping_status":"closed","template":"","meta":{"_acf_changed":false,"_relevanssi_hide_post":"","_relevanssi_hide_content":"","_relevanssi_pin_for_all":"","_relevanssi_pin_keywords":"","_relevanssi_unpin_keywords":"","_relevanssi_related_keywords":"","_relevanssi_related_include_ids":"","_relevanssi_related_exclude_ids":"","_relevanssi_related_no_append":"","_relevanssi_related_not_related":"","_relevanssi_related_posts":"842,831,829","_relevanssi_noindex_reason":"","footnotes":""},"subject":[],"class_list":["post-941","page","type-page","status-publish","hentry"],"acf":[],"publishpress_future_action":{"enabled":false,"date":"2026-05-13 16:28:51","action":"change-status","newStatus":"draft","terms":[],"taxonomy":"subject"},"_links":{"self":[{"href":"https:\/\/moderaterna.se\/vastragotaland\/wp-json\/wp\/v2\/pages\/941","targetHints":{"allow":["GET"]}}],"collection":[{"href":"https:\/\/moderaterna.se\/vastragotaland\/wp-json\/wp\/v2\/pages"}],"about":[{"href":"https:\/\/moderaterna.se\/vastragotaland\/wp-json\/wp\/v2\/types\/page"}],"author":[{"embeddable":true,"href":"https:\/\/moderaterna.se\/vastragotaland\/wp-json\/wp\/v2\/users\/9"}],"replies":[{"embeddable":true,"href":"https:\/\/moderaterna.se\/vastragotaland\/wp-json\/wp\/v2\/comments?post=941"}],"version-history":[{"count":4,"href":"https:\/\/moderaterna.se\/vastragotaland\/wp-json\/wp\/v2\/pages\/941\/revisions"}],"predecessor-version":[{"id":1246,"href":"https:\/\/moderaterna.se\/vastragotaland\/wp-json\/wp\/v2\/pages\/941\/revisions\/1246"}],"wp:attachment":[{"href":"https:\/\/moderaterna.se\/vastragotaland\/wp-json\/wp\/v2\/media?parent=941"}],"wp:term":[{"taxonomy":"subject","embeddable":true,"href":"https:\/\/moderaterna.se\/vastragotaland\/wp-json\/wp\/v2\/subject?post=941"}],"curies":[{"name":"wp","href":"https:\/\/api.w.org\/{rel}","templated":true}]}}