{"id":908,"date":"2022-01-03T22:06:36","date_gmt":"2022-01-03T21:06:36","guid":{"rendered":"https:\/\/moderaterna.se\/vastragotaland\/?page_id=908"},"modified":"2022-01-23T21:41:54","modified_gmt":"2022-01-23T20:41:54","slug":"en-vard-som-svarar-upp-mot-behov-i-olika-faser-av-livet","status":"publish","type":"page","link":"https:\/\/moderaterna.se\/vastragotaland\/en-vard-som-svarar-upp-mot-behov-i-olika-faser-av-livet\/","title":{"rendered":"En v\u00e5rd som svarar upp mot behov i olika faser av livet"},"content":{"rendered":"\n<p><strong>Moderaterna vill<\/strong><\/p>\n\n\n\n<ul class=\"wp-block-list\"><li>Inf\u00f6ra hembes\u00f6k hos nyf\u00f6dda efter tidig hemg\u00e5ng.<\/li><li>St\u00e4rka kvinnosjukv\u00e5rden och \u00f6ka kvinnans inflytande inom m\u00f6drav\u00e5rd och gynekologi.<\/li><li>F\u00f6rb\u00e4ttra tillg\u00e4ngligheten inom prim\u00e4rv\u00e5rden.<\/li><li>S\u00e4kra kontinuiteten f\u00f6r sk\u00f6ra patientgrupper genom fler kontaktsjuksk\u00f6terskor.<\/li><li>Flytta ut mottagningar n\u00e4rmare m\u00e4nniskor och underl\u00e4tta uppf\u00f6ljningar.<\/li><\/ul>\n\n\n\n<p><br>Behovet av flexibilitet och kontinuitet skiljer sig m\u00e5nga g\u00e5nger \u00e5t mellan en barnfamilj, en multisjuk \u00e4ldre patient eller en m\u00e4nniska mitt i livet. Med patienten i centrum ska den v\u00e5rd som kan ges utanf\u00f6r sjukhusens v\u00e4ggar erbjudas i de former som ger merv\u00e4rde f\u00f6r varje enskild patient och i m\u00f6jligaste m\u00e5n svara upp mot de behov som uppkommer i livets olika faser eller livssituationer.&nbsp;<\/p>\n\n\n\n<p>N\u00e4r man \u00e4r som minst f\u00f6rtj\u00e4nar man det b\u00e4sta. Ett f\u00f6rebyggande och h\u00e4lsofr\u00e4mjande arbete \u00e4r viktigt. Barn och familjer med s\u00e4rskilt behov av st\u00f6d m\u00e5ste identifieras i tid. Genom att s\u00e4kra hembes\u00f6ken fr\u00e5n BVC, utveckla s\u00e5v\u00e4l barn- och ungdomsmedicin som barnh\u00e4lsov\u00e5rden och samverkan med socialtj\u00e4nsten och elevh\u00e4lsan, vill vi f\u00f6rb\u00e4ttra v\u00e5rden tidigt i livet f\u00f6r barnet. Vi vill utveckla arbetet med hembes\u00f6k hos nyf\u00f6dda. De familjer som v\u00e4ljer tidig hemg\u00e5ng efter f\u00f6rlossningen vill vi att sjukv\u00e5rden ska erbjuda uppf\u00f6ljning i hemmet med hembes\u00f6k av barnmorska. Inom kvinnosjukv\u00e5rden ser vi behov av att utveckla gynekologin och efterkontrollen av den nyf\u00f6rl\u00f6sta kvinnan. \u00c4ven om m\u00f6drah\u00e4lsov\u00e5rden rankas h\u00f6gt bland patienterna vill vi st\u00e4rka kvinnans st\u00e4llning genom \u00f6kad valfrihet inom m\u00f6drah\u00e4lsov\u00e5rd. Detta g\u00e4ller ocks\u00e5 gynekologin d\u00e4r kvinnan ska kunna v\u00e4lja vem hon vill g\u00e5 till. Ett v\u00e5rdval inneb\u00e4r ocks\u00e5 \u00f6kade m\u00f6jligheter till inflytande \u00f6ver sin arbetssituation f\u00f6r personalen.&nbsp;<\/p>\n\n\n\n<p>Tillg\u00e4nglighet och flexibilitet f\u00f6r patienter mitt i livet. En f\u00f6rb\u00e4ttrad tillg\u00e4nglighet till framf\u00f6r allt 1177 och prim\u00e4rv\u00e5rden avseende s\u00e5v\u00e4l \u00f6ppettider och kortare svarstider i telefon, som f\u00f6rb\u00e4ttrade m\u00f6jligheter till tidsbokning via n\u00e4tet samt r\u00e5d och bed\u00f6mning via n\u00e4tbaserade tj\u00e4nster, \u00e4r positivt f\u00f6r alla patienter men om m\u00f6jligt extra viktigt f\u00f6r patienter mitt i livet.&nbsp;<\/p>\n\n\n\n<p>V\u00e5rden f\u00f6r \u00e4ldre och kroniker ska pr\u00e4glas av trygghet och kontinuitet . Vi vill forts\u00e4tta utveckla former f\u00f6r hembes\u00f6k samt f\u00f6rb\u00e4ttra kontinuiteten genom fler fasta kontakter som kontaktsjuksk\u00f6terskor, som kan agera som lotsar och koordinatorer i v\u00e5rden av \u00e4ldre, kroniker och den som drabbats av en allvarlig sjukdom, t.ex. cancer. Under den Gr\u00f6nBl\u00e5 majoritetens ledning har en mottagning f\u00f6r bensk\u00f6rhet startat och det finns motsvarande f\u00f6r dem som lider av psoriasis. Att flytta ut mottagningar n\u00e4rmare m\u00e4nniskor g\u00f6r v\u00e5rden mer l\u00e4ttillg\u00e4nglig och \u00e4r n\u00e5got vi vill vidareutveckla. Den tekniska utvecklingen ger ocks\u00e5 goda f\u00f6ruts\u00e4ttningar att effektivisera uppf\u00f6ljningar och genomf\u00f6ra telefon-\/videokonsultation. Det ger ett merv\u00e4rde f\u00f6r patienterna, inte minst f\u00f6r kroniker. F\u00f6r de m\u00e4nniskor som befinner sig i en sv\u00e5r social situation och utsatthet, ska v\u00e5rden ocks\u00e5 finnas tillg\u00e4nglig i form av mottagningar f\u00f6r heml\u00f6sa och socialt utsatta och verksamheter som tandv\u00e5rd, m\u00f6drav\u00e5rd och kris och traumaenhet.<\/p>\n\n\n\n<h3 class=\"wp-block-heading\" id=\"h-las-mer\"><strong>L\u00e4s mer<\/strong><\/h3>\n\n\n\n<p><a href=\"https:\/\/moderaterna.se\/vastragotaland\/var-politik-vastra-gotalandsregionen\/\">V\u00e5r politik f\u00f6r V\u00e4stra G\u00f6talandsregionen<\/a><\/p>\n\n\n\n<p><a href=\"https:\/\/moderaterna.se\/vastragotaland\/var-politik\/vard-vi-behover-ofta\/\">V\u00e5rd vi beh\u00f6ver ofta<\/a><\/p>\n","protected":false},"excerpt":{"rendered":"<p>Moderaterna vill Inf\u00f6ra hembes\u00f6k hos nyf\u00f6dda efter tidig hemg\u00e5ng. St\u00e4rka kvinnosjukv\u00e5rden och \u00f6ka kvinnans inflytande inom m\u00f6drav\u00e5rd och gynekologi. F\u00f6rb\u00e4ttra tillg\u00e4ngligheten inom prim\u00e4rv\u00e5rden. S\u00e4kra kontinuiteten f\u00f6r sk\u00f6ra patientgrupper genom fler kontaktsjuksk\u00f6terskor. Flytta ut mottagningar n\u00e4rmare m\u00e4nniskor och underl\u00e4tta uppf\u00f6ljningar. Behovet av flexibilitet och kontinuitet skiljer sig m\u00e5nga g\u00e5nger \u00e5t mellan en barnfamilj, en multisjuk \u00e4ldre [&hellip;]<\/p>\n","protected":false},"author":9,"featured_media":0,"parent":0,"menu_order":0,"comment_status":"closed","ping_status":"closed","template":"","meta":{"_acf_changed":false,"_relevanssi_hide_post":"","_relevanssi_hide_content":"","_relevanssi_pin_for_all":"","_relevanssi_pin_keywords":"","_relevanssi_unpin_keywords":"","_relevanssi_related_keywords":"","_relevanssi_related_include_ids":"","_relevanssi_related_exclude_ids":"","_relevanssi_related_no_append":"","_relevanssi_related_not_related":"","_relevanssi_related_posts":"842,829,831","_relevanssi_noindex_reason":"","footnotes":""},"subject":[],"class_list":["post-908","page","type-page","status-publish","hentry"],"acf":[],"publishpress_future_action":{"enabled":false,"date":"2026-05-09 18:27:03","action":"change-status","newStatus":"draft","terms":[],"taxonomy":"subject"},"_links":{"self":[{"href":"https:\/\/moderaterna.se\/vastragotaland\/wp-json\/wp\/v2\/pages\/908","targetHints":{"allow":["GET"]}}],"collection":[{"href":"https:\/\/moderaterna.se\/vastragotaland\/wp-json\/wp\/v2\/pages"}],"about":[{"href":"https:\/\/moderaterna.se\/vastragotaland\/wp-json\/wp\/v2\/types\/page"}],"author":[{"embeddable":true,"href":"https:\/\/moderaterna.se\/vastragotaland\/wp-json\/wp\/v2\/users\/9"}],"replies":[{"embeddable":true,"href":"https:\/\/moderaterna.se\/vastragotaland\/wp-json\/wp\/v2\/comments?post=908"}],"version-history":[{"count":4,"href":"https:\/\/moderaterna.se\/vastragotaland\/wp-json\/wp\/v2\/pages\/908\/revisions"}],"predecessor-version":[{"id":1241,"href":"https:\/\/moderaterna.se\/vastragotaland\/wp-json\/wp\/v2\/pages\/908\/revisions\/1241"}],"wp:attachment":[{"href":"https:\/\/moderaterna.se\/vastragotaland\/wp-json\/wp\/v2\/media?parent=908"}],"wp:term":[{"taxonomy":"subject","embeddable":true,"href":"https:\/\/moderaterna.se\/vastragotaland\/wp-json\/wp\/v2\/subject?post=908"}],"curies":[{"name":"wp","href":"https:\/\/api.w.org\/{rel}","templated":true}]}}