{"id":877,"date":"2022-01-03T21:35:28","date_gmt":"2022-01-03T20:35:28","guid":{"rendered":"https:\/\/moderaterna.se\/vastragotaland\/?page_id=877"},"modified":"2025-05-23T15:47:33","modified_gmt":"2025-05-23T13:47:33","slug":"jobba-med-oss","status":"publish","type":"page","link":"https:\/\/moderaterna.se\/vastragotaland\/jobba-med-oss\/","title":{"rendered":"Vill du jobba med oss?"},"content":{"rendered":"\n<p><strong>Just nu har vi inga lediga jobb i V\u00e4stra G\u00f6taland, <a href=\"https:\/\/moderaterna.se\/om-moderaterna\/jobba-hos-moderaterna\/\">men klicka h\u00e4r f\u00f6r att se lediga jobb i andra delar av landet<\/a>.<\/strong><\/p>\n\n\n\n<p><\/p>\n","protected":false},"excerpt":{"rendered":"<p>Just nu har vi inga lediga jobb i V\u00e4stra G\u00f6taland, men klicka h\u00e4r f\u00f6r att se lediga jobb i andra delar av landet.<\/p>\n","protected":false},"author":9,"featured_media":0,"parent":0,"menu_order":0,"comment_status":"closed","ping_status":"closed","template":"","meta":{"_acf_changed":false,"_relevanssi_hide_post":"","_relevanssi_hide_content":"","_relevanssi_pin_for_all":"","_relevanssi_pin_keywords":"","_relevanssi_unpin_keywords":"","_relevanssi_related_keywords":"","_relevanssi_related_include_ids":"","_relevanssi_related_exclude_ids":"","_relevanssi_related_no_append":"","_relevanssi_related_not_related":"","_relevanssi_related_posts":"829,831,842","_relevanssi_noindex_reason":"","footnotes":""},"subject":[],"class_list":["post-877","page","type-page","status-publish","hentry"],"acf":[],"publishpress_future_action":{"enabled":false,"date":"2026-04-16 12:21:53","action":"change-status","newStatus":"draft","terms":[],"taxonomy":"subject"},"_links":{"self":[{"href":"https:\/\/moderaterna.se\/vastragotaland\/wp-json\/wp\/v2\/pages\/877","targetHints":{"allow":["GET"]}}],"collection":[{"href":"https:\/\/moderaterna.se\/vastragotaland\/wp-json\/wp\/v2\/pages"}],"about":[{"href":"https:\/\/moderaterna.se\/vastragotaland\/wp-json\/wp\/v2\/types\/page"}],"author":[{"embeddable":true,"href":"https:\/\/moderaterna.se\/vastragotaland\/wp-json\/wp\/v2\/users\/9"}],"replies":[{"embeddable":true,"href":"https:\/\/moderaterna.se\/vastragotaland\/wp-json\/wp\/v2\/comments?post=877"}],"version-history":[{"count":20,"href":"https:\/\/moderaterna.se\/vastragotaland\/wp-json\/wp\/v2\/pages\/877\/revisions"}],"predecessor-version":[{"id":3112,"href":"https:\/\/moderaterna.se\/vastragotaland\/wp-json\/wp\/v2\/pages\/877\/revisions\/3112"}],"wp:attachment":[{"href":"https:\/\/moderaterna.se\/vastragotaland\/wp-json\/wp\/v2\/media?parent=877"}],"wp:term":[{"taxonomy":"subject","embeddable":true,"href":"https:\/\/moderaterna.se\/vastragotaland\/wp-json\/wp\/v2\/subject?post=877"}],"curies":[{"name":"wp","href":"https:\/\/api.w.org\/{rel}","templated":true}]}}