{"id":873,"date":"2022-01-03T21:27:16","date_gmt":"2022-01-03T20:27:16","guid":{"rendered":"https:\/\/moderaterna.se\/vastragotaland\/?page_id=873"},"modified":"2025-11-26T14:48:20","modified_gmt":"2025-11-26T13:48:20","slug":"moderata-seniorer","status":"publish","type":"page","link":"https:\/\/moderaterna.se\/vastragotaland\/moderata-seniorer\/","title":{"rendered":"Seniorr\u00e5det"},"content":{"rendered":"\n<p>Anders G H\u00f6gmark, ordf\u00f6rande V\u00e4stra G\u00f6taland<br>070-609 67 09<br><a href=\"mailto:anders.g.hogmark@telia.com\">anders.g.hogmark@telia.com<\/a><\/p>\n\n\n\n<p>Lars-Arne Stax\u00e4ng, vice ordf\u00f6rande och valkrets Norra<br>070-380 46 30<br><a href=\"mailto:l-a.staxang@outlook.com\">l-a.staxang@outlook.com<\/a><br><br>Anders Bredelius, valkrets \u00d6stra<br>070-722 74 17<br><a href=\"mailto:anders.bredelius@telia.com\">anders.bredelius@telia.com<\/a><\/p>\n\n\n\n<p>Gunnar Andersson, valkrets S\u00f6dra<br>070-546 75 72<br><a href=\"mailto:gurra128@hotmail.com\">gurra128@hotmail.com<\/a><\/p>\n\n\n\n<p>Magnus Lansenfeldt, valkrets V\u00e4stra <br>070-422 19 27<br><a href=\"mailto:magnus.lansenfeldt@lerum.se\">magnus.lansenfeldt@lerum.se<\/a><\/p>\n\n\n\n<p>Lena Olinder, ordf\u00f6rande G\u00f6teborg<br>070-445 23 22 <br><a href=\"mailto:lena@olinder.se\">lena@olinder.se<\/a><br><\/p>\n","protected":false},"excerpt":{"rendered":"<p>Anders G H\u00f6gmark, ordf\u00f6rande V\u00e4stra G\u00f6taland070-609 67 09anders.g.hogmark@telia.com Lars-Arne Stax\u00e4ng, vice ordf\u00f6rande och valkrets Norra070-380 46 30l-a.staxang@outlook.com Anders Bredelius, valkrets \u00d6stra070-722 74 17anders.bredelius@telia.com Gunnar Andersson, valkrets S\u00f6dra070-546 75 72gurra128@hotmail.com Magnus Lansenfeldt, valkrets V\u00e4stra 070-422 19 27magnus.lansenfeldt@lerum.se Lena Olinder, ordf\u00f6rande G\u00f6teborg070-445 23 22 lena@olinder.se<\/p>\n","protected":false},"author":9,"featured_media":0,"parent":0,"menu_order":0,"comment_status":"closed","ping_status":"closed","template":"","meta":{"_acf_changed":false,"_relevanssi_hide_post":"","_relevanssi_hide_content":"","_relevanssi_pin_for_all":"","_relevanssi_pin_keywords":"","_relevanssi_unpin_keywords":"","_relevanssi_related_keywords":"","_relevanssi_related_include_ids":"","_relevanssi_related_exclude_ids":"","_relevanssi_related_no_append":"","_relevanssi_related_not_related":"","_relevanssi_related_posts":"842,829,831","_relevanssi_noindex_reason":"","footnotes":""},"subject":[],"class_list":["post-873","page","type-page","status-publish","hentry"],"acf":[],"publishpress_future_action":{"enabled":false,"date":"2026-04-26 12:45:51","action":"change-status","newStatus":"draft","terms":[],"taxonomy":"subject"},"_links":{"self":[{"href":"https:\/\/moderaterna.se\/vastragotaland\/wp-json\/wp\/v2\/pages\/873","targetHints":{"allow":["GET"]}}],"collection":[{"href":"https:\/\/moderaterna.se\/vastragotaland\/wp-json\/wp\/v2\/pages"}],"about":[{"href":"https:\/\/moderaterna.se\/vastragotaland\/wp-json\/wp\/v2\/types\/page"}],"author":[{"embeddable":true,"href":"https:\/\/moderaterna.se\/vastragotaland\/wp-json\/wp\/v2\/users\/9"}],"replies":[{"embeddable":true,"href":"https:\/\/moderaterna.se\/vastragotaland\/wp-json\/wp\/v2\/comments?post=873"}],"version-history":[{"count":11,"href":"https:\/\/moderaterna.se\/vastragotaland\/wp-json\/wp\/v2\/pages\/873\/revisions"}],"predecessor-version":[{"id":3206,"href":"https:\/\/moderaterna.se\/vastragotaland\/wp-json\/wp\/v2\/pages\/873\/revisions\/3206"}],"wp:attachment":[{"href":"https:\/\/moderaterna.se\/vastragotaland\/wp-json\/wp\/v2\/media?parent=873"}],"wp:term":[{"taxonomy":"subject","embeddable":true,"href":"https:\/\/moderaterna.se\/vastragotaland\/wp-json\/wp\/v2\/subject?post=873"}],"curies":[{"name":"wp","href":"https:\/\/api.w.org\/{rel}","templated":true}]}}