{"id":871,"date":"2022-01-03T21:26:41","date_gmt":"2022-01-03T20:26:41","guid":{"rendered":"https:\/\/moderaterna.se\/vastragotaland\/?page_id=871"},"modified":"2025-03-25T11:43:03","modified_gmt":"2025-03-25T10:43:03","slug":"oppna-moderater","status":"publish","type":"page","link":"https:\/\/moderaterna.se\/vastragotaland\/oppna-moderater\/","title":{"rendered":"\u00d6ppna Moderater"},"content":{"rendered":"\n<p>F\u00f6lj \u00d6ppna Moderater V\u00e4st p\u00e5<a href=\"https:\/\/www.facebook.com\/oppnamoderatervast\/\" target=\"_blank\" rel=\"noreferrer noopener\">&nbsp;Facebook<\/a><\/p>\n\n\n\n<p><strong>\u00d6ppna Moderater V\u00e4st<\/strong><br>Sarah Ullmark, ordf\u00f6rande <br>070-514 57 93<br><a href=\"mailto:sarahullmark@hotmail.com\">sarahullmark@hotmail.com<\/a><\/p>\n\n\n\n<p>Magnus Eriksson, vice ordf\u00f6rande<\/p>\n\n\n\n<p><strong>Ledam\u00f6ter<\/strong><br>Anders Karlsson<br>Anna Lundgren<br>David Josefsson<br>Johan F\u00e4lt<br>JohnnyBr\u00f6ndt<br>Philip Larsson<\/p>\n\n\n\n<p><strong>Ers\u00e4ttare<\/strong><br>Liam Solbakken<br>Paul Sj\u00f6\u00f6<br>Tim Algotsson<\/p>\n\n\n\n<p><a href=\"mailto:?subject=Patrik%20Nordin%2C%20ordf%C3%B6rande%20%C3%96ppna%20Moderater%20V%C3%A4st%0Apa.nordin%40telia.com%0A%0AF%C3%B6lj%20%C3%96ppna%20Moderater%20p%C3%A5%C2%A0Facebook&amp;body=https%3a%2f%2fwp-prod.moderaterna.se%2fvastragotaland%2Foppna-moderater\"><\/a><\/p>\n","protected":false},"excerpt":{"rendered":"<p>F\u00f6lj \u00d6ppna Moderater V\u00e4st p\u00e5&nbsp;Facebook \u00d6ppna Moderater V\u00e4stSarah Ullmark, ordf\u00f6rande 070-514 57 93sarahullmark@hotmail.com Magnus Eriksson, vice ordf\u00f6rande Ledam\u00f6terAnders KarlssonAnna LundgrenDavid JosefssonJohan F\u00e4ltJohnnyBr\u00f6ndtPhilip Larsson Ers\u00e4ttareLiam SolbakkenPaul Sj\u00f6\u00f6Tim Algotsson<\/p>\n","protected":false},"author":9,"featured_media":0,"parent":0,"menu_order":0,"comment_status":"closed","ping_status":"closed","template":"","meta":{"_acf_changed":false,"_relevanssi_hide_post":"","_relevanssi_hide_content":"","_relevanssi_pin_for_all":"","_relevanssi_pin_keywords":"","_relevanssi_unpin_keywords":"","_relevanssi_related_keywords":"","_relevanssi_related_include_ids":"","_relevanssi_related_exclude_ids":"","_relevanssi_related_no_append":"","_relevanssi_related_not_related":"","_relevanssi_related_posts":"829,831,842","_relevanssi_noindex_reason":"","footnotes":""},"subject":[],"class_list":["post-871","page","type-page","status-publish","hentry"],"acf":[],"publishpress_future_action":{"enabled":false,"date":"2026-04-21 10:57:38","action":"change-status","newStatus":"draft","terms":[],"taxonomy":"subject"},"_links":{"self":[{"href":"https:\/\/moderaterna.se\/vastragotaland\/wp-json\/wp\/v2\/pages\/871","targetHints":{"allow":["GET"]}}],"collection":[{"href":"https:\/\/moderaterna.se\/vastragotaland\/wp-json\/wp\/v2\/pages"}],"about":[{"href":"https:\/\/moderaterna.se\/vastragotaland\/wp-json\/wp\/v2\/types\/page"}],"author":[{"embeddable":true,"href":"https:\/\/moderaterna.se\/vastragotaland\/wp-json\/wp\/v2\/users\/9"}],"replies":[{"embeddable":true,"href":"https:\/\/moderaterna.se\/vastragotaland\/wp-json\/wp\/v2\/comments?post=871"}],"version-history":[{"count":9,"href":"https:\/\/moderaterna.se\/vastragotaland\/wp-json\/wp\/v2\/pages\/871\/revisions"}],"predecessor-version":[{"id":3046,"href":"https:\/\/moderaterna.se\/vastragotaland\/wp-json\/wp\/v2\/pages\/871\/revisions\/3046"}],"wp:attachment":[{"href":"https:\/\/moderaterna.se\/vastragotaland\/wp-json\/wp\/v2\/media?parent=871"}],"wp:term":[{"taxonomy":"subject","embeddable":true,"href":"https:\/\/moderaterna.se\/vastragotaland\/wp-json\/wp\/v2\/subject?post=871"}],"curies":[{"name":"wp","href":"https:\/\/api.w.org\/{rel}","templated":true}]}}