{"id":869,"date":"2022-01-03T20:59:59","date_gmt":"2022-01-03T19:59:59","guid":{"rendered":"https:\/\/moderaterna.se\/vastragotaland\/?page_id=869"},"modified":"2026-02-18T12:53:35","modified_gmt":"2026-02-18T11:53:35","slug":"moderatkvinnorna","status":"publish","type":"page","link":"https:\/\/moderaterna.se\/vastragotaland\/moderatkvinnorna\/","title":{"rendered":"Moderatkvinnor\u00e5det"},"content":{"rendered":"\n<h1 class=\"wp-block-heading\" id=\"h-moderatkvinnoradet\">Moderatkvinnor\u00e5det<\/h1>\n\n\n\n<p>F\u00f6lj Moderatkvinnor\u00e5det i V\u00e4stra G\u00f6taland\u00a0p\u00e5\u00a0<a href=\"https:\/\/www.facebook.com\/Moderatkvinnorna-i-V%C3%A4stra-G%C3%B6taland-130150514008056\/\" target=\"_blank\" rel=\"noreferrer noopener\">Facebook<\/a><\/p>\n\n\n\n<p><strong>Moderatkvinnor\u00e5det i V\u00e4stra G\u00f6taland\u00a0<\/strong><br>Sandra Svensson, ordf\u00f6rande<br>076-306 71 68<br><a href=\"mailto:sandra.knippla@gmail.com\">sandra.knippla@gmail.com<\/a><\/p>\n\n\n\n<p>Marie J\u00f6reteg, vice ordf\u00f6rande<br>070-560 40 79<br><a href=\"mailto:marie.joreteg@boras.se\">marie.joreteg@boras.se<\/a><\/p>\n\n\n\n<p><\/p>\n\n\n\n<p><strong>Moderatkvinnor\u00e5det i V\u00e4stra G\u00f6taland<\/strong><br><a href=\"https:\/\/moderaterna.se\/vastragotaland\/vara-politiker\/\">H\u00e4r hittar du kontaktuppgifter till ledam\u00f6ter och ers\u00e4ttare i Moderatkvinnor\u00e5det<\/a><br><br><\/p>\n\n\n\n<p><br><\/p>\n","protected":false},"excerpt":{"rendered":"<p>Moderatkvinnor\u00e5det F\u00f6lj Moderatkvinnor\u00e5det i V\u00e4stra G\u00f6taland\u00a0p\u00e5\u00a0Facebook Moderatkvinnor\u00e5det i V\u00e4stra G\u00f6taland\u00a0Sandra Svensson, ordf\u00f6rande076-306 71 68sandra.knippla@gmail.com Marie J\u00f6reteg, vice ordf\u00f6rande070-560 40 79marie.joreteg@boras.se Moderatkvinnor\u00e5det i V\u00e4stra G\u00f6talandH\u00e4r hittar du kontaktuppgifter till ledam\u00f6ter och ers\u00e4ttare i Moderatkvinnor\u00e5det<\/p>\n","protected":false},"author":9,"featured_media":0,"parent":0,"menu_order":0,"comment_status":"closed","ping_status":"closed","template":"","meta":{"_acf_changed":false,"_relevanssi_hide_post":"","_relevanssi_hide_content":"","_relevanssi_pin_for_all":"","_relevanssi_pin_keywords":"","_relevanssi_unpin_keywords":"","_relevanssi_related_keywords":"","_relevanssi_related_include_ids":"","_relevanssi_related_exclude_ids":"","_relevanssi_related_no_append":"","_relevanssi_related_not_related":"","_relevanssi_related_posts":"842,829,831","_relevanssi_noindex_reason":"","footnotes":""},"subject":[],"class_list":["post-869","page","type-page","status-publish","hentry"],"acf":[],"publishpress_future_action":{"enabled":false,"date":"2026-04-26 14:28:20","action":"change-status","newStatus":"draft","terms":[],"taxonomy":"subject"},"_links":{"self":[{"href":"https:\/\/moderaterna.se\/vastragotaland\/wp-json\/wp\/v2\/pages\/869","targetHints":{"allow":["GET"]}}],"collection":[{"href":"https:\/\/moderaterna.se\/vastragotaland\/wp-json\/wp\/v2\/pages"}],"about":[{"href":"https:\/\/moderaterna.se\/vastragotaland\/wp-json\/wp\/v2\/types\/page"}],"author":[{"embeddable":true,"href":"https:\/\/moderaterna.se\/vastragotaland\/wp-json\/wp\/v2\/users\/9"}],"replies":[{"embeddable":true,"href":"https:\/\/moderaterna.se\/vastragotaland\/wp-json\/wp\/v2\/comments?post=869"}],"version-history":[{"count":20,"href":"https:\/\/moderaterna.se\/vastragotaland\/wp-json\/wp\/v2\/pages\/869\/revisions"}],"predecessor-version":[{"id":3304,"href":"https:\/\/moderaterna.se\/vastragotaland\/wp-json\/wp\/v2\/pages\/869\/revisions\/3304"}],"wp:attachment":[{"href":"https:\/\/moderaterna.se\/vastragotaland\/wp-json\/wp\/v2\/media?parent=869"}],"wp:term":[{"taxonomy":"subject","embeddable":true,"href":"https:\/\/moderaterna.se\/vastragotaland\/wp-json\/wp\/v2\/subject?post=869"}],"curies":[{"name":"wp","href":"https:\/\/api.w.org\/{rel}","templated":true}]}}