{"id":822,"date":"2022-01-03T20:24:49","date_gmt":"2022-01-03T19:24:49","guid":{"rendered":"https:\/\/moderaterna.se\/vastragotaland\/?page_id=822"},"modified":"2022-01-05T10:50:21","modified_gmt":"2022-01-05T09:50:21","slug":"utbildning","status":"publish","type":"page","link":"https:\/\/moderaterna.se\/vastragotaland\/utbildning\/","title":{"rendered":"Utbildning"},"content":{"rendered":"\n<p>F\u00f6r oss Moderater \u00e4r det viktigt att v\u00e5ra medlemmar och politiska f\u00f6retr\u00e4dare har den kunskap som beh\u00f6vs f\u00f6r uppdraget som f\u00f6rtroendevald. Hur kunskapen har f\u00f6rv\u00e4rvats \u00e4r inte det viktigaste utan det viktiga \u00e4r att den finns.<\/p>\n\n\n\n<p>Om du \u00e4r intresserad av politik och politiska uppdrag men inte har erfarenhet s\u00e5 \u00e4r det inget problem. Moderaterna har olika utbildningar f\u00f6r att v\u00e4xa i rollen som f\u00f6rtroendevald. Vi erbjuder ocks\u00e5 skr\u00e4ddarsydda utbildningar som handlar om f\u00f6reningslivet och om att vara medlem.<\/p>\n\n\n\n<p>Som politiskt aktiv i en f\u00f6rening eller med ett f\u00f6rtroendeuppdrag \u00e4r det mycket man beh\u00f6ver k\u00e4nna till f\u00f6r att utf\u00f6ra uppdraget p\u00e5 b\u00e4sta s\u00e4tt. Att inte ha denna kunskap \u00e4r inte ett hinder f\u00f6r att vara aktiv hos Moderaterna eller f\u00f6r att vara p\u00e5 v\u00e4g mot&nbsp;ett f\u00f6rtroendeuppdrag. Vi erbjuder de utbildningar du beh\u00f6ver. \u00c4r du medlem och saknar en utbildning g\u00f6r vi vad vi kan f\u00f6r att ta fram den utbildning som b\u00e4st matchar dina behov.&nbsp;<\/p>\n\n\n\n<p>Vill du ocks\u00e5 utvecklas och vara med och p\u00e5verka?<\/p>\n\n\n\n<p><a href=\"https:\/\/blimedlem.moderaterna.info\/\" target=\"_blank\" rel=\"noreferrer noopener\">Bli medlem!<\/a><\/p>\n","protected":false},"excerpt":{"rendered":"<p>F\u00f6r oss Moderater \u00e4r det viktigt att v\u00e5ra medlemmar och politiska f\u00f6retr\u00e4dare har den kunskap som beh\u00f6vs f\u00f6r uppdraget som f\u00f6rtroendevald. Hur kunskapen har f\u00f6rv\u00e4rvats \u00e4r inte det viktigaste utan det viktiga \u00e4r att den finns. Om du \u00e4r intresserad av politik och politiska uppdrag men inte har erfarenhet s\u00e5 \u00e4r det inget problem. Moderaterna [&hellip;]<\/p>\n","protected":false},"author":9,"featured_media":0,"parent":0,"menu_order":0,"comment_status":"closed","ping_status":"closed","template":"","meta":{"_acf_changed":false,"_relevanssi_hide_post":"","_relevanssi_hide_content":"","_relevanssi_pin_for_all":"","_relevanssi_pin_keywords":"","_relevanssi_unpin_keywords":"","_relevanssi_related_keywords":"","_relevanssi_related_include_ids":"","_relevanssi_related_exclude_ids":"","_relevanssi_related_no_append":"","_relevanssi_related_not_related":"","_relevanssi_related_posts":"842,829,831","_relevanssi_noindex_reason":"","footnotes":""},"subject":[],"class_list":["post-822","page","type-page","status-publish","hentry"],"acf":[],"publishpress_future_action":{"enabled":false,"date":"2026-04-17 22:07:00","action":"change-status","newStatus":"draft","terms":[],"taxonomy":"subject"},"_links":{"self":[{"href":"https:\/\/moderaterna.se\/vastragotaland\/wp-json\/wp\/v2\/pages\/822","targetHints":{"allow":["GET"]}}],"collection":[{"href":"https:\/\/moderaterna.se\/vastragotaland\/wp-json\/wp\/v2\/pages"}],"about":[{"href":"https:\/\/moderaterna.se\/vastragotaland\/wp-json\/wp\/v2\/types\/page"}],"author":[{"embeddable":true,"href":"https:\/\/moderaterna.se\/vastragotaland\/wp-json\/wp\/v2\/users\/9"}],"replies":[{"embeddable":true,"href":"https:\/\/moderaterna.se\/vastragotaland\/wp-json\/wp\/v2\/comments?post=822"}],"version-history":[{"count":4,"href":"https:\/\/moderaterna.se\/vastragotaland\/wp-json\/wp\/v2\/pages\/822\/revisions"}],"predecessor-version":[{"id":852,"href":"https:\/\/moderaterna.se\/vastragotaland\/wp-json\/wp\/v2\/pages\/822\/revisions\/852"}],"wp:attachment":[{"href":"https:\/\/moderaterna.se\/vastragotaland\/wp-json\/wp\/v2\/media?parent=822"}],"wp:term":[{"taxonomy":"subject","embeddable":true,"href":"https:\/\/moderaterna.se\/vastragotaland\/wp-json\/wp\/v2\/subject?post=822"}],"curies":[{"name":"wp","href":"https:\/\/api.w.org\/{rel}","templated":true}]}}