{"id":647,"date":"2021-12-08T10:12:33","date_gmt":"2021-12-08T09:12:33","guid":{"rendered":"https:\/\/moderaterna.se\/vastragotaland\/?page_id=647"},"modified":"2023-01-11T14:19:40","modified_gmt":"2023-01-11T13:19:40","slug":"om-oss","status":"publish","type":"page","link":"https:\/\/moderaterna.se\/vastragotaland\/om-oss\/","title":{"rendered":"Om oss"},"content":{"rendered":"\n<p>F\u00f6rbundet best\u00e5r av 5 valkretsar, 49 kommuner och 72 f\u00f6reningar. &nbsp;<\/p>\n\n\n\n<p>Valkretsarna \u00e4r: G\u00f6teborg (GBG), V\u00e4stra G\u00f6taland Norra (VGN), V\u00e4stra G\u00f6taland \u00d6stra (VG\u00d6), V\u00e4stra G\u00f6taland V\u00e4stra (VGV) och V\u00e4stra G\u00f6taland S\u00f6dra (VGS).\u00a0<\/p>\n\n\n\n<p>I V\u00e4stra G\u00f6taland finns fem MUF-distrikt, vars gr\u00e4nser f\u00f6ljer riksdagsvalkretsarna: MUF G\u00f6teborg, MUF Norra (Fyrbodal), MUF Skaraborg, MUF V\u00e4stra (kranskommunerna runt G\u00f6teborg) och MUF S\u00f6dra (Bor\u00e5sregionen).<\/p>\n\n\n<div id=\"listing-block_61bf55e6040a8\" class=\"listing custom-block custom-block__full theme__background--pink\">\n    <div class=\"listing__content\">\n                    <h2 class=\"listing__content--title theme__color--purple\">Moderata partif\u00f6reningar i V\u00e4stra G\u00f6taland<\/h2>\n                        <div class=\"listing__content--list\">\n                                <ul class=\"listing__content--list__standard\">\n                                                    <li>\n                                <a class=\"p--purple\" href=\"https:\/\/moderaterna.se\/vastragotaland\/foreningar\/ale\/\">Ale<\/a>\n                            <\/li>\n                                                    <li>\n                                <a class=\"p--purple\" href=\"https:\/\/moderaterna.se\/vastragotaland\/foreningar\/alingsas\/\">Alings\u00e5s<\/a>\n                            <\/li>\n                                                    <li>\n                                <a class=\"p--purple\" href=\"https:\/\/moderaterna.se\/vastragotaland\/foreningar\/bengtsfors\/\">Bengtsfors<\/a>\n                            <\/li>\n                                                    <li>\n                                <a class=\"p--purple\" href=\"https:\/\/moderaterna.se\/vastragotaland\/foreningar\/bollebygd\/\">Bollebygd<\/a>\n                            <\/li>\n                                                    <li>\n                                <a class=\"p--purple\" href=\"https:\/\/moderaterna.se\/vastragotaland\/foreningar\/boras\/\">Bor\u00e5s<\/a>\n                            <\/li>\n                                                    <li>\n                                <a class=\"p--purple\" href=\"https:\/\/moderaterna.se\/vastragotaland\/foreningar\/dals-ed\/\">Dals-Ed<\/a>\n                            <\/li>\n                                                    <li>\n                                <a class=\"p--purple\" href=\"https:\/\/moderaterna.se\/vastragotaland\/foreningar\/essunga\/\">Essunga<\/a>\n                            <\/li>\n                                                    <li>\n                                <a class=\"p--purple\" href=\"https:\/\/moderaterna.se\/vastragotaland\/foreningar\/falkoping\/\">Falk\u00f6ping<\/a>\n                            <\/li>\n                                                    <li>\n                                <a class=\"p--purple\" href=\"https:\/\/moderaterna.se\/vastragotaland\/foreningar\/fargelanda\/\">F\u00e4rgelanda<\/a>\n                            <\/li>\n                                                    <li>\n                                <a class=\"p--purple\" href=\"https:\/\/moderaterna.se\/vastragotaland\/foreningar\/grastorp\/\">Gr\u00e4storp<\/a>\n                            <\/li>\n                                                    <li>\n                                <a class=\"p--purple\" href=\"https:\/\/moderaterna.se\/vastragotaland\/foreningar\/gullspang\/\">Gullsp\u00e5ng<\/a>\n                            <\/li>\n                                                    <li>\n                                <a class=\"p--purple\" href=\"https:\/\/moderaterna.se\/vastragotaland\/foreningar\/goteborg\/\">G\u00f6teborg<\/a>\n                            <\/li>\n                                                    <li>\n                                <a class=\"p--purple\" href=\"https:\/\/moderaterna.se\/vastragotaland\/foreningar\/gotene\/\">G\u00f6tene<\/a>\n                            <\/li>\n                                                    <li>\n                                <a class=\"p--purple\" href=\"https:\/\/moderaterna.se\/vastragotaland\/foreningar\/herrljunga\/\">Herrljunga<\/a>\n                            <\/li>\n                                                    <li>\n                                <a class=\"p--purple\" href=\"https:\/\/moderaterna.se\/vastragotaland\/foreningar\/hjo\/\">Hjo<\/a>\n                            <\/li>\n                                                    <li>\n                                <a class=\"p--purple\" href=\"https:\/\/moderaterna.se\/vastragotaland\/foreningar\/harryda\/\">H\u00e4rryda<\/a>\n                            <\/li>\n                                                    <li>\n                                <a class=\"p--purple\" href=\"https:\/\/moderaterna.se\/vastragotaland\/foreningar\/karlsborg\/\">Karlsborg<\/a>\n                            <\/li>\n                                                    <li>\n                                <a class=\"p--purple\" href=\"https:\/\/moderaterna.se\/vastragotaland\/foreningar\/kungalv\/\">Kung\u00e4lv<\/a>\n                            <\/li>\n                                                    <li>\n                                <a class=\"p--purple\" href=\"https:\/\/moderaterna.se\/vastragotaland\/foreningar\/lerum\/\">Lerum<\/a>\n                            <\/li>\n                                                    <li>\n                                <a class=\"p--purple\" href=\"https:\/\/moderaterna.se\/vastragotaland\/foreningar\/lidkoping\/\">Lidk\u00f6ping<\/a>\n                            <\/li>\n                                                    <li>\n                                <a class=\"p--purple\" href=\"https:\/\/moderaterna.se\/vastragotaland\/foreningar\/lilla-edet\/\">Lilla Edet<\/a>\n                            <\/li>\n                                                    <li>\n                                <a class=\"p--purple\" href=\"https:\/\/moderaterna.se\/vastragotaland\/foreningar\/lysekil\/\">Lysekil<\/a>\n                            <\/li>\n                                                    <li>\n                                <a class=\"p--purple\" href=\"https:\/\/moderaterna.se\/vastragotaland\/foreningar\/mariestad\/\">Mariestad<\/a>\n                            <\/li>\n                                                    <li>\n                                <a class=\"p--purple\" href=\"https:\/\/moderaterna.se\/vastragotaland\/foreningar\/mark\/\">Mark<\/a>\n                            <\/li>\n                                                    <li>\n                                <a class=\"p--purple\" href=\"https:\/\/moderaterna.se\/vastragotaland\/foreningar\/mellerud\/\">Mellerud<\/a>\n                            <\/li>\n                                                    <li>\n                                <a class=\"p--purple\" href=\"https:\/\/moderaterna.se\/vastragotaland\/foreningar\/munkedal\/\">Munkedal<\/a>\n                            <\/li>\n                                                    <li>\n                                <a class=\"p--purple\" href=\"https:\/\/moderaterna.se\/vastragotaland\/foreningar\/molndal\/\">M\u00f6lndal<\/a>\n                            <\/li>\n                                                    <li>\n                                <a class=\"p--purple\" href=\"https:\/\/moderaterna.se\/vastragotaland\/foreningar\/orust\/\">Orust<\/a>\n                            <\/li>\n                                                    <li>\n                                <a class=\"p--purple\" href=\"https:\/\/moderaterna.se\/vastragotaland\/foreningar\/partille\/\">Partille<\/a>\n                            <\/li>\n                                                    <li>\n                                <a class=\"p--purple\" href=\"https:\/\/moderaterna.se\/vastragotaland\/foreningar\/skara\/\">Skara<\/a>\n                            <\/li>\n                                                    <li>\n                                <a class=\"p--purple\" href=\"https:\/\/moderaterna.se\/vastragotaland\/foreningar\/skovde\/\">Sk\u00f6vde<\/a>\n                            <\/li>\n                                                    <li>\n                                <a class=\"p--purple\" href=\"https:\/\/moderaterna.se\/vastragotaland\/foreningar\/sotenas\/\">Soten\u00e4s<\/a>\n                            <\/li>\n                                                    <li>\n                                <a class=\"p--purple\" href=\"https:\/\/moderaterna.se\/vastragotaland\/foreningar\/stenungsund\/\">Stenungsund<\/a>\n                            <\/li>\n                                                    <li>\n                                <a class=\"p--purple\" href=\"https:\/\/moderaterna.se\/vastragotaland\/foreningar\/stromstad\/\">Str\u00f6mstad<\/a>\n                            <\/li>\n                                                    <li>\n                                <a class=\"p--purple\" href=\"https:\/\/moderaterna.se\/vastragotaland\/foreningar\/svenljunga\/\">Svenljunga<\/a>\n                            <\/li>\n                                                    <li>\n                                <a class=\"p--purple\" href=\"https:\/\/moderaterna.se\/vastragotaland\/foreningar\/tanum\/\">Tanum<\/a>\n                            <\/li>\n                                                    <li>\n                                <a class=\"p--purple\" href=\"https:\/\/moderaterna.se\/vastragotaland\/foreningar\/tibro\/\">Tibro<\/a>\n                            <\/li>\n                                                    <li>\n                                <a class=\"p--purple\" href=\"https:\/\/moderaterna.se\/vastragotaland\/foreningar\/tidaholm\/\">Tidaholm<\/a>\n                            <\/li>\n                                                    <li>\n                                <a class=\"p--purple\" href=\"https:\/\/moderaterna.se\/vastragotaland\/foreningar\/tjorn\/\">Tj\u00f6rn<\/a>\n                            <\/li>\n                                                    <li>\n                                <a class=\"p--purple\" href=\"https:\/\/moderaterna.se\/vastragotaland\/foreningar\/tranemo\/\">Tranemo<\/a>\n                            <\/li>\n                                                    <li>\n                                <a class=\"p--purple\" href=\"https:\/\/moderaterna.se\/vastragotaland\/foreningar\/trollhattan\/\">Trollh\u00e4ttan<\/a>\n                            <\/li>\n                                                    <li>\n                                <a class=\"p--purple\" href=\"https:\/\/moderaterna.se\/vastragotaland\/foreningar\/toreboda\/\">T\u00f6reboda<\/a>\n                            <\/li>\n                                                    <li>\n                                <a class=\"p--purple\" href=\"https:\/\/moderaterna.se\/vastragotaland\/foreningar\/uddevalla\/\">Uddevalla<\/a>\n                            <\/li>\n                                                    <li>\n                                <a class=\"p--purple\" href=\"https:\/\/moderaterna.se\/vastragotaland\/foreningar\/ulricehamn\/\">Ulricehamn<\/a>\n                            <\/li>\n                                                    <li>\n                                <a class=\"p--purple\" href=\"https:\/\/moderaterna.se\/vastragotaland\/foreningar\/vara\/\">Vara<\/a>\n                            <\/li>\n                                                    <li>\n                                <a class=\"p--purple\" href=\"https:\/\/moderaterna.se\/vastragotaland\/foreningar\/vargarda\/\">V\u00e5rg\u00e5rda<\/a>\n                            <\/li>\n                                                    <li>\n                                <a class=\"p--purple\" href=\"https:\/\/moderaterna.se\/vastragotaland\/foreningar\/vanersborg\/\">V\u00e4nersborg<\/a>\n                            <\/li>\n                                                    <li>\n                                <a class=\"p--purple\" href=\"https:\/\/moderaterna.se\/vastragotaland\/foreningar\/amal\/\">\u00c5m\u00e5l<\/a>\n                            <\/li>\n                                                    <li>\n                                <a class=\"p--purple\" href=\"https:\/\/moderaterna.se\/vastragotaland\/foreningar\/ockero\/\">\u00d6cker\u00f6<\/a>\n                            <\/li>\n                                            <\/ul>\n                        <\/div>\n    <\/div>\n<\/div>\n","protected":false},"excerpt":{"rendered":"<p>F\u00f6rbundet best\u00e5r av 5 valkretsar, 49 kommuner och 72 f\u00f6reningar. &nbsp; Valkretsarna \u00e4r: G\u00f6teborg (GBG), V\u00e4stra G\u00f6taland Norra (VGN), V\u00e4stra G\u00f6taland \u00d6stra (VG\u00d6), V\u00e4stra G\u00f6taland V\u00e4stra (VGV) och V\u00e4stra G\u00f6taland S\u00f6dra (VGS).\u00a0 I V\u00e4stra G\u00f6taland finns fem MUF-distrikt, vars gr\u00e4nser f\u00f6ljer riksdagsvalkretsarna: MUF G\u00f6teborg, MUF Norra (Fyrbodal), MUF Skaraborg, MUF V\u00e4stra (kranskommunerna runt G\u00f6teborg) och [&hellip;]<\/p>\n","protected":false},"author":9,"featured_media":0,"parent":0,"menu_order":0,"comment_status":"closed","ping_status":"closed","template":"","meta":{"_acf_changed":false,"_relevanssi_hide_post":"","_relevanssi_hide_content":"","_relevanssi_pin_for_all":"","_relevanssi_pin_keywords":"","_relevanssi_unpin_keywords":"","_relevanssi_related_keywords":"","_relevanssi_related_include_ids":"","_relevanssi_related_exclude_ids":"","_relevanssi_related_no_append":"","_relevanssi_related_not_related":"","_relevanssi_related_posts":"640,526,642","_relevanssi_noindex_reason":"","footnotes":""},"subject":[],"class_list":["post-647","page","type-page","status-publish","hentry"],"acf":[],"publishpress_future_action":{"enabled":false,"date":"2026-04-12 18:04:36","action":"change-status","newStatus":"draft","terms":[],"taxonomy":"subject"},"_links":{"self":[{"href":"https:\/\/moderaterna.se\/vastragotaland\/wp-json\/wp\/v2\/pages\/647","targetHints":{"allow":["GET"]}}],"collection":[{"href":"https:\/\/moderaterna.se\/vastragotaland\/wp-json\/wp\/v2\/pages"}],"about":[{"href":"https:\/\/moderaterna.se\/vastragotaland\/wp-json\/wp\/v2\/types\/page"}],"author":[{"embeddable":true,"href":"https:\/\/moderaterna.se\/vastragotaland\/wp-json\/wp\/v2\/users\/9"}],"replies":[{"embeddable":true,"href":"https:\/\/moderaterna.se\/vastragotaland\/wp-json\/wp\/v2\/comments?post=647"}],"version-history":[{"count":24,"href":"https:\/\/moderaterna.se\/vastragotaland\/wp-json\/wp\/v2\/pages\/647\/revisions"}],"predecessor-version":[{"id":2436,"href":"https:\/\/moderaterna.se\/vastragotaland\/wp-json\/wp\/v2\/pages\/647\/revisions\/2436"}],"wp:attachment":[{"href":"https:\/\/moderaterna.se\/vastragotaland\/wp-json\/wp\/v2\/media?parent=647"}],"wp:term":[{"taxonomy":"subject","embeddable":true,"href":"https:\/\/moderaterna.se\/vastragotaland\/wp-json\/wp\/v2\/subject?post=647"}],"curies":[{"name":"wp","href":"https:\/\/api.w.org\/{rel}","templated":true}]}}