{"id":632,"date":"2021-12-08T09:52:53","date_gmt":"2021-12-08T08:52:53","guid":{"rendered":"https:\/\/moderaterna.se\/vastragotaland\/?page_id=632"},"modified":"2025-10-28T11:22:30","modified_gmt":"2025-10-28T10:22:30","slug":"forbundsstyrelsen","status":"publish","type":"page","link":"https:\/\/moderaterna.se\/vastragotaland\/forbundsstyrelsen\/","title":{"rendered":"F\u00f6rbundsstyrelsen"},"content":{"rendered":"\n<h1 class=\"wp-block-heading\" id=\"h-forbundsstyrelse\">F\u00f6rbundsstyrelse<\/h1>\n\n\n\n<p><strong>F\u00f6rbundsordf\u00f6rande<\/strong><br>Marith Hesse, Partille<br>070-765 25 39<br><a href=\"mailto:marith.hesse@partille.se\">marith.hesse@partille.se<\/a><\/p>\n\n\n\n<p><strong>1:e vice ordf\u00f6rande&nbsp;<\/strong><br>Hampus Magnusson, G\u00f6teborg<br><a href=\"mailto:hampus.magnusson@stadshuset.goteborg.se\">hampus.magnusson@stadshuset.goteborg.se<\/a><br><br><strong>2:e<\/strong> <strong>vice ordf\u00f6rande&nbsp;<\/strong><br>Liselotte Fr\u00f6jd, Tanum<br>070-609 12 07<br><a href=\"mailto:Liselotte.frojd@tanum.se\">Liselotte.frojd@tanum.se<\/a><\/p>\n\n\n\n<p><strong>Ledam\u00f6ter<\/strong><br>Viktor Lundblad, Lerum<br>Mattias Tykesson, G\u00f6teborg<br>Gabriela Bosnjakovic, Vara<br>Kenneth Max, V\u00e5rg\u00e5rda<br>Andreas Nilsson, Dals Ed<br>Gustaf G\u00f6thberg, G\u00f6teborg <br>Lars Holmin, Ulricehamn<\/p>\n\n\n\n<p><strong>Moderatkvinnorna<\/strong><br>Sandra Svensson, \u00d6cker\u00f6<\/p>\n\n\n\n<p><strong>MUF &#8211; representanter<\/strong><br>Fredrik Eneroth, Fyrbodal<br>Maria Nordgren, S\u00f6dra \u00c4lvsborg<br><br><a href=\"https:\/\/moderaterna.se\/vastragotaland\/vara-politiker\/\">H\u00e4r finns kontaktuppgifter till f\u00f6rtroendevalda i\u00a0f\u00f6rbundsstyrelsen.<\/a>\u00a0<\/p>\n","protected":false},"excerpt":{"rendered":"<p>F\u00f6rbundsstyrelse F\u00f6rbundsordf\u00f6randeMarith Hesse, Partille070-765 25 39marith.hesse@partille.se 1:e vice ordf\u00f6rande&nbsp;Hampus Magnusson, G\u00f6teborghampus.magnusson@stadshuset.goteborg.se 2:e vice ordf\u00f6rande&nbsp;Liselotte Fr\u00f6jd, Tanum070-609 12 07Liselotte.frojd@tanum.se Ledam\u00f6terViktor Lundblad, LerumMattias Tykesson, G\u00f6teborgGabriela Bosnjakovic, VaraKenneth Max, V\u00e5rg\u00e5rdaAndreas Nilsson, Dals EdGustaf G\u00f6thberg, G\u00f6teborg Lars Holmin, Ulricehamn ModeratkvinnornaSandra Svensson, \u00d6cker\u00f6 MUF &#8211; representanterFredrik Eneroth, FyrbodalMaria Nordgren, S\u00f6dra \u00c4lvsborg H\u00e4r finns kontaktuppgifter till f\u00f6rtroendevalda i\u00a0f\u00f6rbundsstyrelsen.\u00a0<\/p>\n","protected":false},"author":9,"featured_media":3086,"parent":0,"menu_order":0,"comment_status":"closed","ping_status":"closed","template":"","meta":{"_acf_changed":false,"_relevanssi_hide_post":"","_relevanssi_hide_content":"","_relevanssi_pin_for_all":"","_relevanssi_pin_keywords":"","_relevanssi_unpin_keywords":"","_relevanssi_related_keywords":"","_relevanssi_related_include_ids":"","_relevanssi_related_exclude_ids":"","_relevanssi_related_no_append":"","_relevanssi_related_not_related":"","_relevanssi_related_posts":"526","_relevanssi_noindex_reason":"","footnotes":""},"subject":[],"class_list":["post-632","page","type-page","status-publish","has-post-thumbnail","hentry"],"acf":[],"publishpress_future_action":{"enabled":false,"date":"2026-04-24 11:49:51","action":"change-status","newStatus":"draft","terms":[],"taxonomy":"subject"},"_links":{"self":[{"href":"https:\/\/moderaterna.se\/vastragotaland\/wp-json\/wp\/v2\/pages\/632","targetHints":{"allow":["GET"]}}],"collection":[{"href":"https:\/\/moderaterna.se\/vastragotaland\/wp-json\/wp\/v2\/pages"}],"about":[{"href":"https:\/\/moderaterna.se\/vastragotaland\/wp-json\/wp\/v2\/types\/page"}],"author":[{"embeddable":true,"href":"https:\/\/moderaterna.se\/vastragotaland\/wp-json\/wp\/v2\/users\/9"}],"replies":[{"embeddable":true,"href":"https:\/\/moderaterna.se\/vastragotaland\/wp-json\/wp\/v2\/comments?post=632"}],"version-history":[{"count":31,"href":"https:\/\/moderaterna.se\/vastragotaland\/wp-json\/wp\/v2\/pages\/632\/revisions"}],"predecessor-version":[{"id":3181,"href":"https:\/\/moderaterna.se\/vastragotaland\/wp-json\/wp\/v2\/pages\/632\/revisions\/3181"}],"wp:featuredmedia":[{"embeddable":true,"href":"https:\/\/moderaterna.se\/vastragotaland\/wp-json\/wp\/v2\/media\/3086"}],"wp:attachment":[{"href":"https:\/\/moderaterna.se\/vastragotaland\/wp-json\/wp\/v2\/media?parent=632"}],"wp:term":[{"taxonomy":"subject","embeddable":true,"href":"https:\/\/moderaterna.se\/vastragotaland\/wp-json\/wp\/v2\/subject?post=632"}],"curies":[{"name":"wp","href":"https:\/\/api.w.org\/{rel}","templated":true}]}}