{"id":3279,"date":"2026-02-09T13:18:31","date_gmt":"2026-02-09T12:18:31","guid":{"rendered":"https:\/\/moderaterna.se\/vastragotaland\/?page_id=3279"},"modified":"2026-03-25T12:24:32","modified_gmt":"2026-03-25T11:24:32","slug":"tp-stromstad","status":"publish","type":"page","link":"https:\/\/moderaterna.se\/vastragotaland\/tp-stromstad\/","title":{"rendered":"Transparens"},"content":{"rendered":"\n<p>Transparensinformation<\/p>\n\n\n\n<p><strong>Digitala skyltar i centrala Str\u00f6mstad<\/strong><\/p>\n\n\n\n<p><strong><em>Reklamkampanjen som l\u00e4nkas hit \u00e4r best\u00e4lld och betalad av:<\/em><\/strong><\/p>\n\n\n\n<p><strong>Moderaterna i Str\u00f6mstad<\/strong><br>org.nr. 855900-3051<br>ordf\u00f6rande: <a href=\"mailto:carljohan.evers@rudbeck.se\">carljohan.evers@rudbeck.se<\/a><br>telefon: <a href=\"tel:0739151869\">073-915 18 69<\/a><br>webbplats: <a href=\"https:\/\/moderaternastromstad.se\/\">www.moderaternastromstad.se<\/a><\/p>\n\n\n\n<p>Reklamkampanjen har en total budget om 31,656 kr och p\u00e5g\u00e5r under perioden 2026-02-20 &#8212; 2026-09-14.<\/p>\n\n\n\n<p>Kampanjen har finansierats av Moderaterna i Str\u00f6mstads valbudget som till del best\u00e5r av medel fr\u00e5n offentligt partist\u00f6d. Inga medel fr\u00e5n sponsorer utanf\u00f6r EU har anv\u00e4nts f\u00f6r att bekosta denna kampanj.<\/p>\n\n\n\n<p>Denna annons \u00e4r kopplad till Moderaternas deltagare i allm\u00e4nna val i Sverige 13 september 2026 och syftar till att f\u00e5 fler v\u00e4ljare att r\u00f6sta p\u00e5 Moderaterna.<\/p>\n\n\n\n<div class=\"wp-block-buttons is-layout-flex wp-block-buttons-is-layout-flex\">\n<div class=\"wp-block-button\"><a class=\"wp-block-button__link wp-element-button\" href=\"https:\/\/reklamombudsmannen.org\/anmal-reklam\/\">Anm\u00e4l denna annons<\/a><\/div>\n<\/div>\n\n\n\n<p><\/p>\n","protected":false},"excerpt":{"rendered":"<p>Transparensinformation Digitala skyltar i centrala Str\u00f6mstad Reklamkampanjen som l\u00e4nkas hit \u00e4r best\u00e4lld och betalad av: Moderaterna i Str\u00f6mstadorg.nr. 855900-3051ordf\u00f6rande: carljohan.evers@rudbeck.setelefon: 073-915 18 69webbplats: www.moderaternastromstad.se Reklamkampanjen har en total budget om 31,656 kr och p\u00e5g\u00e5r under perioden 2026-02-20 &#8212; 2026-09-14. Kampanjen har finansierats av Moderaterna i Str\u00f6mstads valbudget som till del best\u00e5r av medel fr\u00e5n offentligt [&hellip;]<\/p>\n","protected":false},"author":28,"featured_media":0,"parent":0,"menu_order":0,"comment_status":"closed","ping_status":"closed","template":"","meta":{"_acf_changed":false,"_relevanssi_hide_post":"","_relevanssi_hide_content":"","_relevanssi_pin_for_all":"","_relevanssi_pin_keywords":"","_relevanssi_unpin_keywords":"","_relevanssi_related_keywords":"","_relevanssi_related_include_ids":"","_relevanssi_related_exclude_ids":"","_relevanssi_related_no_append":"","_relevanssi_related_not_related":"","_relevanssi_related_posts":"2843,1720,1142,1146,1615,2293","_relevanssi_noindex_reason":"","footnotes":""},"subject":[],"class_list":["post-3279","page","type-page","status-publish","hentry"],"acf":[],"publishpress_future_action":{"enabled":false,"date":"2026-04-22 02:29:55","action":"change-status","newStatus":"draft","terms":[],"taxonomy":"subject"},"_links":{"self":[{"href":"https:\/\/moderaterna.se\/vastragotaland\/wp-json\/wp\/v2\/pages\/3279","targetHints":{"allow":["GET"]}}],"collection":[{"href":"https:\/\/moderaterna.se\/vastragotaland\/wp-json\/wp\/v2\/pages"}],"about":[{"href":"https:\/\/moderaterna.se\/vastragotaland\/wp-json\/wp\/v2\/types\/page"}],"author":[{"embeddable":true,"href":"https:\/\/moderaterna.se\/vastragotaland\/wp-json\/wp\/v2\/users\/28"}],"replies":[{"embeddable":true,"href":"https:\/\/moderaterna.se\/vastragotaland\/wp-json\/wp\/v2\/comments?post=3279"}],"version-history":[{"count":4,"href":"https:\/\/moderaterna.se\/vastragotaland\/wp-json\/wp\/v2\/pages\/3279\/revisions"}],"predecessor-version":[{"id":3335,"href":"https:\/\/moderaterna.se\/vastragotaland\/wp-json\/wp\/v2\/pages\/3279\/revisions\/3335"}],"wp:attachment":[{"href":"https:\/\/moderaterna.se\/vastragotaland\/wp-json\/wp\/v2\/media?parent=3279"}],"wp:term":[{"taxonomy":"subject","embeddable":true,"href":"https:\/\/moderaterna.se\/vastragotaland\/wp-json\/wp\/v2\/subject?post=3279"}],"curies":[{"name":"wp","href":"https:\/\/api.w.org\/{rel}","templated":true}]}}