{"id":27,"date":"2021-10-13T13:02:18","date_gmt":"2021-10-13T11:02:18","guid":{"rendered":"https:\/\/moderaterna.se\/?page_id=27"},"modified":"2026-01-12T13:45:55","modified_gmt":"2026-01-12T12:45:55","slug":"kontakta-oss","status":"publish","type":"page","link":"https:\/\/moderaterna.se\/vastragotaland\/kontakta-oss\/","title":{"rendered":"Kontakta oss"},"content":{"rendered":"\n<p><strong>Huvudkontoret Moderaterna V\u00e4stra G\u00f6taland<\/strong><\/p>\n\n\n\n<p>F\u00f6r fr\u00e5gor och kontakt:<br>Tel:&nbsp;031-17 46 90 <br>E-post:&nbsp;<a href=\"mailto:info@moderatvg.se\">info@moderatvg.se<\/a><\/p>\n\n\n\n<p>Pressjour (f\u00f6r media):<br>Tel: 076-033 33 63<br>E-post: <a href=\"mailto:info@moderatvg.se\">info@moderatvg.se<\/a><\/p>\n\n\n\n<p>Niklas Claesson<br>Chefsombudsman<br><a href=\"mailto:niklas.claesson@moderatvg.se\">niklas.claesson@moderatvg.se<\/a><\/p>\n\n\n\n<p>Lena Jernehed<br>Organisationschef<br><a href=\"mailto:lena.jernehed@moderatvg.se\">lena.jernehed@moderatvg.se<\/a><\/p>\n\n\n\n<p>Nina \u00d6hrn<br>Koordinator &#8211; utbildning<br><a href=\"mailto:nina.ohrn@moderatvg.se\">nina.ohrn@moderatvg.se<\/a><\/p>\n\n\n\n<p>Terese Blomqvist<br>Koordinator &#8211; kommunikation och policy<br><a href=\"mailto:terese.blomqvist@moderatvg.se\">terese.blomqvist@moderatvg.se<\/a><\/p>\n\n\n\n<p>Erik Lindqvist<br>Koordinator &#8211; kampanj och analys<br><a href=\"mailto:erik.lindqvist@moderatvg.se\">erik.lindqvist@moderatvg.se<\/a><\/p>\n\n\n\n<p>Dennis Alvd\u00e9n<br>Koordinator &#8211; grafisk design<br><a href=\"mailto:dennis.alvden@moderatvg.se\">dennis.alvden@moderatvg.se<\/a><\/p>\n\n\n\n<p>Maria Gathendahl<br>Ledning och organisation G\u00f6teborg <br><a href=\"mailto:maria.gathendahl@moderatvg.se\">maria.gathendahl@moderatvg.se<\/a><\/p>\n\n\n\n<p>Edwin Friedlaender<br>Koordinator G\u00f6teborg &#8211; kommunikation<br><a href=\"mailto:edwin.friedlaender@moderatvg.se\">edwin.friedlaender@moderatvg.se<\/a><\/p>\n\n\n\n<p><\/p>\n\n\n\n<p><\/p>\n\n\n\n<p><\/p>\n\n\n<div id=\"listing-block_acf_block_6964ed0313d98\" class=\"listing custom-block custom-block__full theme__background--pink\">\n    <div class=\"listing__content\">\n                    <h2 class=\"listing__content--title theme__color--purple\">F\u00f6reningar i Moderaterna i V\u00e4stra G\u00f6taland<\/h2>\n                        <div class=\"listing__content--list\">\n                                <ul class=\"listing__content--list__standard\">\n                                                    <li>\n                                <a class=\"p--purple\" href=\"https:\/\/moderaterna.se\/vastragotaland\/foreningar\/ale\/\">Ale<\/a>\n                            <\/li>\n                                                    <li>\n                                <a class=\"p--purple\" href=\"https:\/\/moderaterna.se\/vastragotaland\/foreningar\/alingsas\/\">Alings\u00e5s<\/a>\n                            <\/li>\n                                                    <li>\n                                <a class=\"p--purple\" href=\"https:\/\/moderaterna.se\/vastragotaland\/foreningar\/bengtsfors\/\">Bengtsfors<\/a>\n                            <\/li>\n                                                    <li>\n                                <a class=\"p--purple\" href=\"https:\/\/moderaterna.se\/vastragotaland\/foreningar\/bollebygd\/\">Bollebygd<\/a>\n                            <\/li>\n                                                    <li>\n                                <a class=\"p--purple\" href=\"https:\/\/moderaterna.se\/vastragotaland\/foreningar\/boras\/\">Bor\u00e5s<\/a>\n                            <\/li>\n                                                    <li>\n                                <a class=\"p--purple\" href=\"https:\/\/moderaterna.se\/vastragotaland\/foreningar\/dals-ed\/\">Dals-Ed<\/a>\n                            <\/li>\n                                                    <li>\n                                <a class=\"p--purple\" href=\"https:\/\/moderaterna.se\/vastragotaland\/foreningar\/essunga\/\">Essunga<\/a>\n                            <\/li>\n                                                    <li>\n                                <a class=\"p--purple\" href=\"https:\/\/moderaterna.se\/vastragotaland\/foreningar\/falkoping\/\">Falk\u00f6ping<\/a>\n                            <\/li>\n                                                    <li>\n                                <a class=\"p--purple\" href=\"https:\/\/moderaterna.se\/vastragotaland\/foreningar\/fargelanda\/\">F\u00e4rgelanda<\/a>\n                            <\/li>\n                                                    <li>\n                                <a class=\"p--purple\" href=\"https:\/\/moderaterna.se\/vastragotaland\/foreningar\/grastorp\/\">Gr\u00e4storp<\/a>\n                            <\/li>\n                                                    <li>\n                                <a class=\"p--purple\" href=\"https:\/\/moderaterna.se\/vastragotaland\/foreningar\/gullspang\/\">Gullsp\u00e5ng<\/a>\n                            <\/li>\n                                                    <li>\n                                <a class=\"p--purple\" href=\"https:\/\/moderaterna.se\/vastragotaland\/foreningar\/goteborg\/\">G\u00f6teborg<\/a>\n                            <\/li>\n                                                    <li>\n                                <a class=\"p--purple\" href=\"https:\/\/moderaterna.se\/vastragotaland\/foreningar\/gotene\/\">G\u00f6tene<\/a>\n                            <\/li>\n                                                    <li>\n                                <a class=\"p--purple\" href=\"https:\/\/moderaterna.se\/vastragotaland\/foreningar\/herrljunga\/\">Herrljunga<\/a>\n                            <\/li>\n                                                    <li>\n                                <a class=\"p--purple\" href=\"https:\/\/moderaterna.se\/vastragotaland\/foreningar\/hjo\/\">Hjo<\/a>\n                            <\/li>\n                                                    <li>\n                                <a class=\"p--purple\" href=\"https:\/\/moderaterna.se\/vastragotaland\/foreningar\/harryda\/\">H\u00e4rryda<\/a>\n                            <\/li>\n                                                    <li>\n                                <a class=\"p--purple\" href=\"https:\/\/moderaterna.se\/vastragotaland\/foreningar\/karlsborg\/\">Karlsborg<\/a>\n                            <\/li>\n                                                    <li>\n                                <a class=\"p--purple\" href=\"https:\/\/moderaterna.se\/vastragotaland\/foreningar\/kungalv\/\">Kung\u00e4lv<\/a>\n                            <\/li>\n                                                    <li>\n                                <a class=\"p--purple\" href=\"https:\/\/moderaterna.se\/vastragotaland\/foreningar\/lerum\/\">Lerum<\/a>\n                            <\/li>\n                                                    <li>\n                                <a class=\"p--purple\" href=\"https:\/\/moderaterna.se\/vastragotaland\/foreningar\/lidkoping\/\">Lidk\u00f6ping<\/a>\n                            <\/li>\n                                                    <li>\n                                <a class=\"p--purple\" href=\"https:\/\/moderaterna.se\/vastragotaland\/foreningar\/lilla-edet\/\">Lilla Edet<\/a>\n                            <\/li>\n                                                    <li>\n                                <a class=\"p--purple\" href=\"https:\/\/moderaterna.se\/vastragotaland\/foreningar\/lysekil\/\">Lysekil<\/a>\n                            <\/li>\n                                                    <li>\n                                <a class=\"p--purple\" href=\"https:\/\/moderaterna.se\/vastragotaland\/foreningar\/mariestad\/\">Mariestad<\/a>\n                            <\/li>\n                                                    <li>\n                                <a class=\"p--purple\" href=\"https:\/\/moderaterna.se\/vastragotaland\/foreningar\/mark\/\">Mark<\/a>\n                            <\/li>\n                                                    <li>\n                                <a class=\"p--purple\" href=\"https:\/\/moderaterna.se\/vastragotaland\/foreningar\/mellerud\/\">Mellerud<\/a>\n                            <\/li>\n                                                    <li>\n                                <a class=\"p--purple\" href=\"https:\/\/moderaterna.se\/vastragotaland\/foreningar\/munkedal\/\">Munkedal<\/a>\n                            <\/li>\n                                                    <li>\n                                <a class=\"p--purple\" href=\"https:\/\/moderaterna.se\/vastragotaland\/foreningar\/molndal\/\">M\u00f6lndal<\/a>\n                            <\/li>\n                                                    <li>\n                                <a class=\"p--purple\" href=\"https:\/\/moderaterna.se\/vastragotaland\/foreningar\/orust\/\">Orust<\/a>\n                            <\/li>\n                                                    <li>\n                                <a class=\"p--purple\" href=\"https:\/\/moderaterna.se\/vastragotaland\/foreningar\/partille\/\">Partille<\/a>\n                            <\/li>\n                                                    <li>\n                                <a class=\"p--purple\" href=\"https:\/\/moderaterna.se\/vastragotaland\/foreningar\/skara\/\">Skara<\/a>\n                            <\/li>\n                                                    <li>\n                                <a class=\"p--purple\" href=\"https:\/\/moderaterna.se\/vastragotaland\/foreningar\/skovde\/\">Sk\u00f6vde<\/a>\n                            <\/li>\n                                                    <li>\n                                <a class=\"p--purple\" href=\"https:\/\/moderaterna.se\/vastragotaland\/foreningar\/sotenas\/\">Soten\u00e4s<\/a>\n                            <\/li>\n                                                    <li>\n                                <a class=\"p--purple\" href=\"https:\/\/moderaterna.se\/vastragotaland\/foreningar\/stenungsund\/\">Stenungsund<\/a>\n                            <\/li>\n                                                    <li>\n                                <a class=\"p--purple\" href=\"https:\/\/moderaterna.se\/vastragotaland\/foreningar\/stromstad\/\">Str\u00f6mstad<\/a>\n                            <\/li>\n                                                    <li>\n                                <a class=\"p--purple\" href=\"https:\/\/moderaterna.se\/vastragotaland\/foreningar\/svenljunga\/\">Svenljunga<\/a>\n                            <\/li>\n                                                    <li>\n                                <a class=\"p--purple\" href=\"https:\/\/moderaterna.se\/vastragotaland\/foreningar\/tanum\/\">Tanum<\/a>\n                            <\/li>\n                                                    <li>\n                                <a class=\"p--purple\" href=\"https:\/\/moderaterna.se\/vastragotaland\/foreningar\/tibro\/\">Tibro<\/a>\n                            <\/li>\n                                                    <li>\n                                <a class=\"p--purple\" href=\"https:\/\/moderaterna.se\/vastragotaland\/foreningar\/tidaholm\/\">Tidaholm<\/a>\n                            <\/li>\n                                                    <li>\n                                <a class=\"p--purple\" href=\"https:\/\/moderaterna.se\/vastragotaland\/foreningar\/tjorn\/\">Tj\u00f6rn<\/a>\n                            <\/li>\n                                                    <li>\n                                <a class=\"p--purple\" href=\"https:\/\/moderaterna.se\/vastragotaland\/foreningar\/tranemo\/\">Tranemo<\/a>\n                            <\/li>\n                                                    <li>\n                                <a class=\"p--purple\" href=\"https:\/\/moderaterna.se\/vastragotaland\/foreningar\/trollhattan\/\">Trollh\u00e4ttan<\/a>\n                            <\/li>\n                                                    <li>\n                                <a class=\"p--purple\" href=\"https:\/\/moderaterna.se\/vastragotaland\/foreningar\/toreboda\/\">T\u00f6reboda<\/a>\n                            <\/li>\n                                                    <li>\n                                <a class=\"p--purple\" href=\"https:\/\/moderaterna.se\/vastragotaland\/foreningar\/uddevalla\/\">Uddevalla<\/a>\n                            <\/li>\n                                                    <li>\n                                <a class=\"p--purple\" href=\"https:\/\/moderaterna.se\/vastragotaland\/foreningar\/ulricehamn\/\">Ulricehamn<\/a>\n                            <\/li>\n                                                    <li>\n                                <a class=\"p--purple\" href=\"https:\/\/moderaterna.se\/vastragotaland\/foreningar\/vara\/\">Vara<\/a>\n                            <\/li>\n                                                    <li>\n                                <a class=\"p--purple\" href=\"https:\/\/moderaterna.se\/vastragotaland\/foreningar\/vargarda\/\">V\u00e5rg\u00e5rda<\/a>\n                            <\/li>\n                                                    <li>\n                                <a class=\"p--purple\" href=\"https:\/\/moderaterna.se\/vastragotaland\/foreningar\/vanersborg\/\">V\u00e4nersborg<\/a>\n                            <\/li>\n                                                    <li>\n                                <a class=\"p--purple\" href=\"https:\/\/moderaterna.se\/vastragotaland\/foreningar\/amal\/\">\u00c5m\u00e5l<\/a>\n                            <\/li>\n                                                    <li>\n                                <a class=\"p--purple\" href=\"https:\/\/moderaterna.se\/vastragotaland\/foreningar\/ockero\/\">\u00d6cker\u00f6<\/a>\n                            <\/li>\n                                            <\/ul>\n                        <\/div>\n    <\/div>\n<\/div>\n","protected":false},"excerpt":{"rendered":"<p>Huvudkontoret Moderaterna V\u00e4stra G\u00f6taland F\u00f6r fr\u00e5gor och kontakt:Tel:&nbsp;031-17 46 90 E-post:&nbsp;info@moderatvg.se Pressjour (f\u00f6r media):Tel: 076-033 33 63E-post: info@moderatvg.se Niklas ClaessonChefsombudsmanniklas.claesson@moderatvg.se Lena JernehedOrganisationscheflena.jernehed@moderatvg.se Nina \u00d6hrnKoordinator &#8211; utbildningnina.ohrn@moderatvg.se Terese BlomqvistKoordinator &#8211; kommunikation och policyterese.blomqvist@moderatvg.se Erik LindqvistKoordinator &#8211; kampanj och analyserik.lindqvist@moderatvg.se Dennis Alvd\u00e9nKoordinator &#8211; grafisk designdennis.alvden@moderatvg.se Maria GathendahlLedning och organisation G\u00f6teborg maria.gathendahl@moderatvg.se Edwin FriedlaenderKoordinator G\u00f6teborg &#8211; kommunikationedwin.friedlaender@moderatvg.se<\/p>\n","protected":false},"author":9,"featured_media":0,"parent":0,"menu_order":5,"comment_status":"closed","ping_status":"closed","template":"","meta":{"_acf_changed":false,"_relevanssi_hide_post":"","_relevanssi_hide_content":"","_relevanssi_pin_for_all":"","_relevanssi_pin_keywords":"","_relevanssi_unpin_keywords":"","_relevanssi_related_keywords":"","_relevanssi_related_include_ids":"","_relevanssi_related_exclude_ids":"","_relevanssi_related_no_append":"","_relevanssi_related_not_related":"","_relevanssi_related_posts":"526","_relevanssi_noindex_reason":"","footnotes":""},"subject":[],"class_list":["post-27","page","type-page","status-publish","hentry"],"acf":[],"publishpress_future_action":{"enabled":false,"date":"2026-04-30 13:29:33","action":"change-status","newStatus":"draft","terms":[],"taxonomy":"subject"},"_links":{"self":[{"href":"https:\/\/moderaterna.se\/vastragotaland\/wp-json\/wp\/v2\/pages\/27","targetHints":{"allow":["GET"]}}],"collection":[{"href":"https:\/\/moderaterna.se\/vastragotaland\/wp-json\/wp\/v2\/pages"}],"about":[{"href":"https:\/\/moderaterna.se\/vastragotaland\/wp-json\/wp\/v2\/types\/page"}],"author":[{"embeddable":true,"href":"https:\/\/moderaterna.se\/vastragotaland\/wp-json\/wp\/v2\/users\/9"}],"replies":[{"embeddable":true,"href":"https:\/\/moderaterna.se\/vastragotaland\/wp-json\/wp\/v2\/comments?post=27"}],"version-history":[{"count":61,"href":"https:\/\/moderaterna.se\/vastragotaland\/wp-json\/wp\/v2\/pages\/27\/revisions"}],"predecessor-version":[{"id":3263,"href":"https:\/\/moderaterna.se\/vastragotaland\/wp-json\/wp\/v2\/pages\/27\/revisions\/3263"}],"wp:attachment":[{"href":"https:\/\/moderaterna.se\/vastragotaland\/wp-json\/wp\/v2\/media?parent=27"}],"wp:term":[{"taxonomy":"subject","embeddable":true,"href":"https:\/\/moderaterna.se\/vastragotaland\/wp-json\/wp\/v2\/subject?post=27"}],"curies":[{"name":"wp","href":"https:\/\/api.w.org\/{rel}","templated":true}]}}