{"id":2049,"date":"2022-07-01T13:29:36","date_gmt":"2022-07-01T11:29:36","guid":{"rendered":"https:\/\/moderaterna.se\/vastragotaland\/?page_id=2049"},"modified":"2022-07-01T16:10:10","modified_gmt":"2022-07-01T14:10:10","slug":"forlossningsvard","status":"publish","type":"page","link":"https:\/\/moderaterna.se\/vastragotaland\/forlossningsvard\/","title":{"rendered":"\u00d6ka tryggheten f\u00f6r f\u00f6dande kvinnor"},"content":{"rendered":"\n<p><strong>Moderaterna vill<\/strong><\/p>\n\n\n\n<ul class=\"wp-block-list\"><li>G\u00f6ra f\u00f6rlossningsv\u00e5rden  tryggare genom en sammanh\u00e5llen v\u00e5rdkedja.<\/li><li>\u00d6ka antalet utbildningsplatser f\u00f6r barnmorskor .<\/li><li>Att kvinnor med f\u00f6rlossningsskador ska f\u00e5 b\u00e4ttre m\u00f6jligheter till r\u00e4tt behandling och rehabilitering.<\/li><li>Inr\u00e4tta patienthotell f\u00f6r att nyblivna f\u00f6r\u00e4ldrar ska kunna stanna l\u00e4ngre med tillg\u00e5ng till v\u00e5rdutbildad personal. \u00a0\u00a0<\/li><li>Inr\u00e4tta ett kvinnocentrum som tar hand om kvinnan genom hela livet och b\u00e4ttre kontinuitet.<\/li><li>Ut\u00f6ka forskningen inom kvinnosjukv\u00e5rden. \u00a0<\/li><\/ul>\n\n\n\n<p>Att bli f\u00f6r\u00e4lder \u00e4r en av de st\u00f6rsta h\u00e4ndelserna i livet. Det \u00e4r d\u00e4rf\u00f6r oerh\u00f6rt viktigt att resan fr\u00e5n graviditet till att bebisen f\u00f6ds samt efterv\u00e5rd \u00e4r b\u00e5de trygg och s\u00e4ker f\u00f6r f\u00f6r\u00e4ldrar och barn. F\u00f6rlossningsv\u00e5rden m\u00e5ste d\u00e4rf\u00f6r g\u00f6ras b\u00e5de tryggare och s\u00e4krare genom en sammanh\u00e5llen v\u00e5rdkedja. Samma v\u00e5rdteam ska f\u00f6lja den gravida kvinnan genom hela graviditeten, f\u00f6rlossningen och efterv\u00e5rden. Ett och samma v\u00e5rdteam har ocks\u00e5 st\u00f6rre m\u00f6jlighet att f\u00e5nga upp psykisk oh\u00e4lsa som \u00e4r en \u00f6kad riskfaktor hos blivande och nyblivna f\u00f6r\u00e4ldrar.<\/p>\n\n\n\n<p>Det \u00e4r centralt f\u00f6r Moderaterna att ge unga och deras v\u00e5rdnadshavare b\u00e4sta t\u00e4nkbara start i livet. D\u00e4rf\u00f6r m\u00e5ste familjer som beh\u00f6ver st\u00f6d tidigt identifieras med hj\u00e4lp av exempelvis hembes\u00f6k fr\u00e5n BVC. F\u00f6r familjer som tidigt f\u00e5tt komma hem ska uppf\u00f6ljning ske p\u00e5 enkla s\u00e4tt utan att barn och f\u00f6r\u00e4ldrar beh\u00f6ver \u00e5terbes\u00f6ka sjukhuset, om s\u00e5 \u00e4r m\u00f6jligt. H\u00e4r ser vi organisatoriska f\u00f6r\u00e4ndringar som b\u00e4ttre skulle fr\u00e4mja modern och barnet i centrum. Som komplement till tidig hemg\u00e5ng vill vi se fler patienthotell vid regionens f\u00f6rlossningsavdelningar. Ett patienthotell erbjuder nyblivna f\u00f6r\u00e4ldrar m\u00f6jlighet att l\u00e4ra k\u00e4nna sin nya familjemedlem utanf\u00f6r sjukhuset men med tillg\u00e5ng till v\u00e5rdpersonal.<\/p>\n\n\n\n<p>Inom kvinnosjukv\u00e5rden ser vi behov av att forts\u00e4tta utveckla gynekologin och efterkontrollen av den nyf\u00f6rl\u00f6sta kvinnan. Vi ser att det vore en f\u00f6rdel om kvinnosjukv\u00e5rden har en m\u00f6jlighet att samlas d\u00e4r m\u00f6drav\u00e5rd och den \u00f6ppna gynekologiska v\u00e5rden bedrivs tillsammans. Kvinnan och barnet beh\u00f6ver vara utg\u00e5ngspunkt f\u00f6r hur vi utformar kvinnosjukv\u00e5rd, m\u00f6drav\u00e5rd och f\u00f6rlossningsv\u00e5rd. &nbsp;Som p\u00e5 s\u00e5 m\u00e5nga andra st\u00e4llen kan detta ske med inslag av digitala l\u00f6sningar, d\u00e4r s\u00e5 \u00e4r m\u00f6jligt, \u00f6nskv\u00e4rt och till\u00e4mpligt. Det kr\u00e4ver ett \u00f6kat samspel mellan den \u00f6ppna m\u00f6drav\u00e5rden och dygnet-runt-v\u00e5rden p\u00e5 sjukhusens f\u00f6rlossningsavdelningar. Det kr\u00e4vs ocks\u00e5 ytterligare insatser f\u00f6r att \u00f6ka utbildningsplatserna f\u00f6r barnmorskor eftersom det \u00e4r ett bristyrke i stora delar av landet. Fler m\u00e5ste rekryteras f\u00f6r att s\u00e4kerst\u00e4lla en tillg\u00e4nglig, trygg och patients\u00e4ker f\u00f6rlossningsverksamhet i hela V\u00e4stra G\u00f6taland.<\/p>\n\n\n\n<p>Om tillg\u00e4ngligheten \u00f6kar s\u00e5 kommer f\u00f6rlossningsskadorna att minska. M\u00e5nga kvinnor vittnar om att deras f\u00f6rlossningsskador inte tagits p\u00e5 allvar. I vissa fall har det kunnat ta \u00e5r innan de f\u00e5tt r\u00e4tt behandling. Framf\u00f6r allt m\u00e5ste r\u00e4tt f\u00f6ruts\u00e4ttningar ges och ett st\u00e4ndigt arbete g\u00f6ras f\u00f6r att minimera f\u00f6rlossningsskador, men f\u00f6r de som drabbas \u00e4r det viktigt att de uppm\u00e4rksammas tidigt och f\u00e5r adekvat behandling. Kvinnor med f\u00f6rlossningsskador m\u00e5ste d\u00e4rf\u00f6r f\u00e5 b\u00e4ttre m\u00f6jligheter till r\u00e4tt behandling och rehabilitering.<\/p>\n\n\n\n<p>F\u00f6r att ytterligare \u00f6ka tryggheten i och kring f\u00f6rlossning vill se en \u00f6kad andel forskning kopplat till kvinnosjukv\u00e5rd.<\/p>\n\n\n\n<p><em><a href=\"https:\/\/moderaterna.se\/vastragotaland\/var-politik-vastra-gotalandsregionen\/\">Tillbaka.<\/a><\/em><\/p>\n","protected":false},"excerpt":{"rendered":"<p>Moderaterna vill G\u00f6ra f\u00f6rlossningsv\u00e5rden tryggare genom en sammanh\u00e5llen v\u00e5rdkedja. \u00d6ka antalet utbildningsplatser f\u00f6r barnmorskor . Att kvinnor med f\u00f6rlossningsskador ska f\u00e5 b\u00e4ttre m\u00f6jligheter till r\u00e4tt behandling och rehabilitering. Inr\u00e4tta patienthotell f\u00f6r att nyblivna f\u00f6r\u00e4ldrar ska kunna stanna l\u00e4ngre med tillg\u00e5ng till v\u00e5rdutbildad personal. \u00a0\u00a0 Inr\u00e4tta ett kvinnocentrum som tar hand om kvinnan genom hela livet [&hellip;]<\/p>\n","protected":false},"author":81,"featured_media":0,"parent":0,"menu_order":0,"comment_status":"closed","ping_status":"closed","template":"","meta":{"_acf_changed":false,"_relevanssi_hide_post":"","_relevanssi_hide_content":"","_relevanssi_pin_for_all":"","_relevanssi_pin_keywords":"","_relevanssi_unpin_keywords":"","_relevanssi_related_keywords":"","_relevanssi_related_include_ids":"","_relevanssi_related_exclude_ids":"","_relevanssi_related_no_append":"","_relevanssi_related_not_related":"","_relevanssi_related_posts":"","_relevanssi_noindex_reason":"","footnotes":""},"subject":[],"class_list":["post-2049","page","type-page","status-publish","hentry"],"acf":[],"publishpress_future_action":{"enabled":false,"date":"2026-04-12 13:49:58","action":"change-status","newStatus":"draft","terms":[],"taxonomy":"subject"},"_links":{"self":[{"href":"https:\/\/moderaterna.se\/vastragotaland\/wp-json\/wp\/v2\/pages\/2049","targetHints":{"allow":["GET"]}}],"collection":[{"href":"https:\/\/moderaterna.se\/vastragotaland\/wp-json\/wp\/v2\/pages"}],"about":[{"href":"https:\/\/moderaterna.se\/vastragotaland\/wp-json\/wp\/v2\/types\/page"}],"author":[{"embeddable":true,"href":"https:\/\/moderaterna.se\/vastragotaland\/wp-json\/wp\/v2\/users\/81"}],"replies":[{"embeddable":true,"href":"https:\/\/moderaterna.se\/vastragotaland\/wp-json\/wp\/v2\/comments?post=2049"}],"version-history":[{"count":5,"href":"https:\/\/moderaterna.se\/vastragotaland\/wp-json\/wp\/v2\/pages\/2049\/revisions"}],"predecessor-version":[{"id":2059,"href":"https:\/\/moderaterna.se\/vastragotaland\/wp-json\/wp\/v2\/pages\/2049\/revisions\/2059"}],"wp:attachment":[{"href":"https:\/\/moderaterna.se\/vastragotaland\/wp-json\/wp\/v2\/media?parent=2049"}],"wp:term":[{"taxonomy":"subject","embeddable":true,"href":"https:\/\/moderaterna.se\/vastragotaland\/wp-json\/wp\/v2\/subject?post=2049"}],"curies":[{"name":"wp","href":"https:\/\/api.w.org\/{rel}","templated":true}]}}