{"id":1922,"date":"2022-06-19T22:00:44","date_gmt":"2022-06-19T20:00:44","guid":{"rendered":"https:\/\/moderaterna.se\/vastragotaland\/?page_id=1922"},"modified":"2022-06-19T22:05:39","modified_gmt":"2022-06-19T20:05:39","slug":"ambulans","status":"publish","type":"page","link":"https:\/\/moderaterna.se\/vastragotaland\/ambulans\/","title":{"rendered":"Ambulansen &#8211; en mobil akutmottagning"},"content":{"rendered":"\n<p><strong>Moderaterna vill<\/strong><\/p>\n\n\n\n<p>\u2022 F\u00f6rst\u00e4rka ambulanssjukv\u00e5rden s\u00e5 att tiden mellan utlarmning och kvalificerad hj\u00e4lp p\u00e5 plats kortas ytterligare<br>\u2022 Utveckla samarbetet inom all flygambulansverksamhet<br>\u2022 F\u00f6rb\u00e4ttra personalens arbetsf\u00f6rh\u00e5llanden och g\u00f6ra en \u00f6versyn av ambulansstationerna<br>\u2022 \u00d6ka den regionala samordningen och f\u00f6rb\u00e4ttra ledning och styrning av ambulanssjukv\u00e5rden<\/p>\n\n\n\n<p>N\u00e4r den specialiserade v\u00e5rden koncentreras till n\u00e5gra punkter m\u00e5ste vi forts\u00e4tta att bygga ut det snabba omh\u00e4ndertagandet. Vi vill forts\u00e4tta arbetet f\u00f6r en effektiv och patients\u00e4ker v\u00e5rd p\u00e5 land, i luften och till sj\u00f6ss.<\/p>\n\n\n\n<p>Utryckningstiderna i ambulanssjukv\u00e5rden \u00e4r fortfarande i vissa fall f\u00f6r l\u00e5nga. Utveckling av koncept som i-v\u00e4ntan-p\u00e5-ambulans (IVPA) och samverkande sjukv\u00e5rd, men ocks\u00e5 att hj\u00e4rtstartare finns spridda geografiskt i regionen, \u00e4r viktiga pusselbitar f\u00f6r att minska tiden fr\u00e5n utlarmning tills dess att kvalificerad hj\u00e4lp \u00e4r p\u00e5 plats.<\/p>\n\n\n\n<p>I ett land som \u00e4r s\u00e5 stort till ytan och s\u00e5 litet till sin befolkning beh\u00f6ver regionerna samarbeta och samordna dyra transportresurser. Inom v\u00e5ra etablerade samarbeten vill vi st\u00e4rka den luftburna ambulansverksamheten och utveckla den p\u00e5 ett s\u00e5 kostnadseffektivt s\u00e4tt som m\u00f6jligt. F\u00f6r att utnyttja ambulanshelikoptrar p\u00e5 b\u00e4sta s\u00e4tt vill vi se fler helikopterlandningsplatser runt om i regionen och ett n\u00e4ra samarbete med ambulanserna.<\/p>\n\n\n\n<p>Ambulanssjukv\u00e5rden \u00e4r idag n\u00e4rmast att betrakta som en mobil akutmottagning. Patienten kan f\u00e5 en kvalificerad bed\u00f6mning i ambulansen och f\u00f6ras direkt till behandling p\u00e5 ett sjukhus, eller i mindre allvarliga fall till en v\u00e5rdcentral. I vissa fall kan patienten f\u00f6ras direkt till en v\u00e5rdavdelning vilket kan minska v\u00e4ntetiden f\u00f6r patienten samtidigt som akutmottagningarna avlastas. Det \u00e4r en positiv utveckling som b\u00f6r vidareutvecklas och spridas. Vi vill ocks\u00e5 vidareutveckla konceptet kring liggande sjuktransporter som p\u00e5 m\u00e5nga h\u00e5ll avlastar ambulanssjukv\u00e5rden.<\/p>\n\n\n\n<p><a href=\"https:\/\/moderaterna.se\/vastragotaland\/var-politik-vastra-gotalandsregionen\/\"><em>Tillbaka<\/em><\/a><\/p>\n","protected":false},"excerpt":{"rendered":"<p>Moderaterna vill \u2022 F\u00f6rst\u00e4rka ambulanssjukv\u00e5rden s\u00e5 att tiden mellan utlarmning och kvalificerad hj\u00e4lp p\u00e5 plats kortas ytterligare\u2022 Utveckla samarbetet inom all flygambulansverksamhet\u2022 F\u00f6rb\u00e4ttra personalens arbetsf\u00f6rh\u00e5llanden och g\u00f6ra en \u00f6versyn av ambulansstationerna\u2022 \u00d6ka den regionala samordningen och f\u00f6rb\u00e4ttra ledning och styrning av ambulanssjukv\u00e5rden N\u00e4r den specialiserade v\u00e5rden koncentreras till n\u00e5gra punkter m\u00e5ste vi forts\u00e4tta att bygga [&hellip;]<\/p>\n","protected":false},"author":81,"featured_media":0,"parent":0,"menu_order":0,"comment_status":"closed","ping_status":"closed","template":"","meta":{"_acf_changed":false,"_relevanssi_hide_post":"","_relevanssi_hide_content":"","_relevanssi_pin_for_all":"","_relevanssi_pin_keywords":"","_relevanssi_unpin_keywords":"","_relevanssi_related_keywords":"","_relevanssi_related_include_ids":"","_relevanssi_related_exclude_ids":"","_relevanssi_related_no_append":"","_relevanssi_related_not_related":"","_relevanssi_related_posts":"","_relevanssi_noindex_reason":"","footnotes":""},"subject":[],"class_list":["post-1922","page","type-page","status-publish","hentry"],"acf":[],"publishpress_future_action":{"enabled":false,"date":"2026-04-16 19:52:26","action":"change-status","newStatus":"draft","terms":[],"taxonomy":"subject"},"_links":{"self":[{"href":"https:\/\/moderaterna.se\/vastragotaland\/wp-json\/wp\/v2\/pages\/1922","targetHints":{"allow":["GET"]}}],"collection":[{"href":"https:\/\/moderaterna.se\/vastragotaland\/wp-json\/wp\/v2\/pages"}],"about":[{"href":"https:\/\/moderaterna.se\/vastragotaland\/wp-json\/wp\/v2\/types\/page"}],"author":[{"embeddable":true,"href":"https:\/\/moderaterna.se\/vastragotaland\/wp-json\/wp\/v2\/users\/81"}],"replies":[{"embeddable":true,"href":"https:\/\/moderaterna.se\/vastragotaland\/wp-json\/wp\/v2\/comments?post=1922"}],"version-history":[{"count":6,"href":"https:\/\/moderaterna.se\/vastragotaland\/wp-json\/wp\/v2\/pages\/1922\/revisions"}],"predecessor-version":[{"id":1932,"href":"https:\/\/moderaterna.se\/vastragotaland\/wp-json\/wp\/v2\/pages\/1922\/revisions\/1932"}],"wp:attachment":[{"href":"https:\/\/moderaterna.se\/vastragotaland\/wp-json\/wp\/v2\/media?parent=1922"}],"wp:term":[{"taxonomy":"subject","embeddable":true,"href":"https:\/\/moderaterna.se\/vastragotaland\/wp-json\/wp\/v2\/subject?post=1922"}],"curies":[{"name":"wp","href":"https:\/\/api.w.org\/{rel}","templated":true}]}}