{"id":1917,"date":"2022-06-19T21:50:04","date_gmt":"2022-06-19T19:50:04","guid":{"rendered":"https:\/\/moderaterna.se\/vastragotaland\/?page_id=1917"},"modified":"2022-07-01T13:17:26","modified_gmt":"2022-07-01T11:17:26","slug":"bup","status":"publish","type":"page","link":"https:\/\/moderaterna.se\/vastragotaland\/bup\/","title":{"rendered":"Barn- och ungdomspsykiatri"},"content":{"rendered":"\n<p><strong>Moderaterna vill<\/strong><\/p>\n\n\n\n<ul class=\"wp-block-list\"><li>St\u00e4rka det f\u00f6rebyggande och h\u00e4lsofr\u00e4mjande arbetet, exempelvis genom elevh\u00e4lsan.<\/li><li>Inf\u00f6ra en lagstadgad v\u00e5rdgaranti med inneb\u00f6rden att barn som m\u00e5r psykiskt d\u00e5ligt och beh\u00f6ver hj\u00e4lp och st\u00f6d ska f\u00e5 det inom maximalt 30 dagar. Inom ytterligare 30 dagar ska den behandling som beh\u00f6vs ges.<\/li><li>S\u00e4kerst\u00e4lla mer resurser till BUP. Vi f\u00f6resl\u00e5r att delar av k\u00f6miljarderna kopplas till en lagstadgad v\u00e5rdgaranti riktad till barn- och ungdomspsykiatrin med syfte att korta k\u00f6erna. I ett f\u00f6rsta steg handlar det om 500 miljoner kronor per \u00e5r.<\/li><li>Ge patienten laglig r\u00e4tt att f\u00e5 m\u00f6jlighet till digitala v\u00e5rdm\u00f6ten n\u00e4r s\u00e5 \u00f6nskas. I J\u00e4mtland\/H\u00e4rjedalen har exempelvis en \u00e5rsl\u00e5ng k\u00f6 till att f\u00e5 tr\u00e4ffa psykolog snabbt kunnat betas av med hj\u00e4lp av digital v\u00e5rd hos utbildade psykologer.<\/li><li>\u00d6ppna upp f\u00f6r fler v\u00e5rdgivare inom barn- och ungdomspsykiatrin. Det skulle leda till \u00f6kad tillg\u00e4nglighet och f\u00f6rb\u00e4ttrad arbetsmilj\u00f6.<\/li><\/ul>\n\n\n\n<p>Barn och unga med psykisk oh\u00e4lsa beh\u00f6ver tidigt m\u00f6tas med kompetenta insatser. Det g\u00e4ller oavsett om det handlar om enklare st\u00f6d eller om det finns behov av specialiserad psykiatrisk v\u00e5rd. Det kan vara skillnaden mellan att klara sin skolg\u00e5ng eller inte och i f\u00f6rl\u00e4ngningen vara skillnaden mellan ett gott liv eller ett liv i mis\u00e4r. D\u00e4rf\u00f6r beh\u00f6ver v\u00e4ntetiderna till bed\u00f6mning och behandling kortas samtidigt som resurserna f\u00f6r tidiga insatser beh\u00f6ver \u00f6ka. Samspelet mellan elevh\u00e4lsan, BVC, v\u00e5rdcentraler och specialistv\u00e5rden inom barn- och ungdomspsykiatrin m\u00e5ste d\u00e4rf\u00f6r utvecklas och f\u00f6rb\u00e4ttras.<\/p>\n\n\n\n<p>Depressioner, \u00e5ngest och neuropsykiatriska problem \u00f6kar bland barn och ungdomar och pandemin har inte gjort det b\u00e4ttre. M\u00e5nga barn och ungdomar har k\u00e4nt sig isolerade och beskurna p\u00e5 sin frihet, vilket lett till att \u00e4nnu fler m\u00e5r d\u00e5ligt.<\/p>\n\n\n\n<p>S\u00e5 h\u00e4r ska det inte beh\u00f6va vara!<\/p>\n\n\n\n<p>Alla barn och ungdomar med psykisk oh\u00e4lsa m\u00e5ste f\u00e5 hj\u00e4lp att m\u00e5 bra. H\u00e4r m\u00e5ste samh\u00e4llets skyddsn\u00e4t bli starkare och samspelet mellan olika akt\u00f6rer som tidigare n\u00e4mnts bli b\u00e4ttre. BUP \u00e4r en viktig del i detta och m\u00e5ste ges b\u00e4ttre f\u00f6ruts\u00e4ttningar att kunna ge den hj\u00e4lp som beh\u00f6vs.<\/p>\n\n\n\n<p><em><a href=\"https:\/\/moderaterna.se\/vastragotaland\/var-politik-vastra-gotalandsregionen\/\">Tillbaka<\/a><\/em><\/p>\n","protected":false},"excerpt":{"rendered":"<p>Moderaterna vill St\u00e4rka det f\u00f6rebyggande och h\u00e4lsofr\u00e4mjande arbetet, exempelvis genom elevh\u00e4lsan. Inf\u00f6ra en lagstadgad v\u00e5rdgaranti med inneb\u00f6rden att barn som m\u00e5r psykiskt d\u00e5ligt och beh\u00f6ver hj\u00e4lp och st\u00f6d ska f\u00e5 det inom maximalt 30 dagar. Inom ytterligare 30 dagar ska den behandling som beh\u00f6vs ges. S\u00e4kerst\u00e4lla mer resurser till BUP. Vi f\u00f6resl\u00e5r att delar av [&hellip;]<\/p>\n","protected":false},"author":81,"featured_media":0,"parent":0,"menu_order":0,"comment_status":"closed","ping_status":"closed","template":"","meta":{"_acf_changed":false,"_relevanssi_hide_post":"","_relevanssi_hide_content":"","_relevanssi_pin_for_all":"","_relevanssi_pin_keywords":"","_relevanssi_unpin_keywords":"","_relevanssi_related_keywords":"","_relevanssi_related_include_ids":"","_relevanssi_related_exclude_ids":"","_relevanssi_related_no_append":"","_relevanssi_related_not_related":"","_relevanssi_related_posts":"2540,1152,2507,2484,2378,1696","_relevanssi_noindex_reason":"","footnotes":""},"subject":[],"class_list":["post-1917","page","type-page","status-publish","hentry"],"acf":[],"publishpress_future_action":{"enabled":false,"date":"2026-04-12 16:37:47","action":"change-status","newStatus":"draft","terms":[],"taxonomy":"subject"},"_links":{"self":[{"href":"https:\/\/moderaterna.se\/vastragotaland\/wp-json\/wp\/v2\/pages\/1917","targetHints":{"allow":["GET"]}}],"collection":[{"href":"https:\/\/moderaterna.se\/vastragotaland\/wp-json\/wp\/v2\/pages"}],"about":[{"href":"https:\/\/moderaterna.se\/vastragotaland\/wp-json\/wp\/v2\/types\/page"}],"author":[{"embeddable":true,"href":"https:\/\/moderaterna.se\/vastragotaland\/wp-json\/wp\/v2\/users\/81"}],"replies":[{"embeddable":true,"href":"https:\/\/moderaterna.se\/vastragotaland\/wp-json\/wp\/v2\/comments?post=1917"}],"version-history":[{"count":5,"href":"https:\/\/moderaterna.se\/vastragotaland\/wp-json\/wp\/v2\/pages\/1917\/revisions"}],"predecessor-version":[{"id":2048,"href":"https:\/\/moderaterna.se\/vastragotaland\/wp-json\/wp\/v2\/pages\/1917\/revisions\/2048"}],"wp:attachment":[{"href":"https:\/\/moderaterna.se\/vastragotaland\/wp-json\/wp\/v2\/media?parent=1917"}],"wp:term":[{"taxonomy":"subject","embeddable":true,"href":"https:\/\/moderaterna.se\/vastragotaland\/wp-json\/wp\/v2\/subject?post=1917"}],"curies":[{"name":"wp","href":"https:\/\/api.w.org\/{rel}","templated":true}]}}