{"id":1890,"date":"2022-06-18T12:44:17","date_gmt":"2022-06-18T10:44:17","guid":{"rendered":"https:\/\/moderaterna.se\/vastragotaland\/?page_id=1890"},"modified":"2022-06-19T22:35:25","modified_gmt":"2022-06-19T20:35:25","slug":"kollektivtrafik","status":"publish","type":"page","link":"https:\/\/moderaterna.se\/vastragotaland\/kollektivtrafik\/","title":{"rendered":"Kollektivtrafik f\u00f6r arbetslinjen"},"content":{"rendered":"\n<p><strong>Moderaterna vill<\/strong><\/p>\n\n\n\n<p>\u2022 \u00d6ka tryggheten i fordon, vid knutpunkter, perronger och h\u00e5llplatser<br>\u2022 Bygga ut kollektivtrafiken i de starka str\u00e5ken men ocks\u00e5 underl\u00e4tta f\u00f6r fler att kunna \u00e5ka kollektivt<br>\u2022 Korta restiderna och underl\u00e4tta byten bl a genom att anpassa tidtabellerna s\u00e5 att olika transportslag synkas <br>\u2022 F\u00f6rb\u00e4ttra kollektivtrafikens milj\u00f6m\u00e4ssiga och ekonomiska f\u00f6ruts\u00e4ttningar genom l\u00f6sningar s\u00e5som anropstyrd trafik och mindre bussar<br>\u2022 Utveckla dialogen med kommunerna kring gemensamma utvecklingsfr\u00e5gor s\u00e5som pendelparkeringar<\/p>\n\n\n\n<p>Kollektivtrafikens huvudsyfte \u00e4r att underl\u00e4tta f\u00f6r arbets- och studiependlare att inom rimliga tider kunna ta sig fr\u00e5n hemmet till arbetsplatsen eller skolan. F\u00f6r att korta restiderna och \u00f6ka punktligheten vill vi arbeta med att optimera stoppen och anpassa tidtabellerna s\u00e5 att olika transportslag synkas.<\/p>\n\n\n\n<p>\u00c4ven om det gjorts flera f\u00f6r\u00e4ndringar och f\u00f6renklingar inom regionen avseende zon- och biljettsystem beh\u00f6ver f\u00f6renklingarna forts\u00e4tta. Bil och cykel \u00e4r viktiga delar i resekedjan och ett komplement till kollektivtrafiken. Personbilen, som h\u00e5ller p\u00e5 att utvecklas till ett mer milj\u00f6v\u00e4nligt alternativ \u00e4n tidigare, \u00e4r n\u00f6dv\u00e4ndig f\u00f6r att g\u00f6ra kollektivtrafiken tillg\u00e4nglig f\u00f6r flera av regionens inv\u00e5nare.<\/p>\n\n\n\n<p>Idag har vi en v\u00e4l utbyggd kollektivtrafik inom de st\u00f6rre t\u00e4torterna, men det viktigt att \u00e4ven landsbygden har tillg\u00e5ng till fungerande kollektivtrafik. \u00d6kad mobilitet \u00e4r ett ledord f\u00f6r oss, som inneb\u00e4r att det ska vara enkelt att byta mellan olika trafikslag. Vi moderater vill korta restiderna och underl\u00e4tta byten genom att bl a arbeta med att optimera och anpassa tidtabellerna s\u00e5 att olika transportslag synkas. Vi vill ocks\u00e5 forts\u00e4tta bygga fler pendelparkeringar och resecentrum i regionen.<\/p>\n\n\n\n<p>Kollektivtrafiken ska upplevas som trygg och resan ska i ett rent och trivsamt fordon utan klotter. &nbsp;Vi vill \u00f6ka de olika trygghetsh\u00f6jande insatserna genom att ut\u00f6ka kamera\u00f6vervakningen i fordonen samt vid knutpunkter, perronger och h\u00e5llplatser. Vi vill inf\u00f6ra civila biljettkontrollanter. Det arbete som kontrollanterna idag utf\u00f6r vill vi vidga till att ocks\u00e5 handla om att vara trivsel- och trygghetsv\u00e4rdar. Att minska fusk\u00e5kandet handlar f\u00f6r oss om r\u00e4ttvisa, men ocks\u00e5 om att s\u00e4kra ekonomin f\u00f6r kollektivtrafiken.<\/p>\n\n\n\n<p><em><a href=\"https:\/\/moderaterna.se\/vastragotaland\/var-politik-vastra-gotalandsregionen\/\">Tillbaka<\/a><\/em><\/p>\n","protected":false},"excerpt":{"rendered":"<p>Moderaterna vill \u2022 \u00d6ka tryggheten i fordon, vid knutpunkter, perronger och h\u00e5llplatser\u2022 Bygga ut kollektivtrafiken i de starka str\u00e5ken men ocks\u00e5 underl\u00e4tta f\u00f6r fler att kunna \u00e5ka kollektivt\u2022 Korta restiderna och underl\u00e4tta byten bl a genom att anpassa tidtabellerna s\u00e5 att olika transportslag synkas \u2022 F\u00f6rb\u00e4ttra kollektivtrafikens milj\u00f6m\u00e4ssiga och ekonomiska f\u00f6ruts\u00e4ttningar genom l\u00f6sningar s\u00e5som anropstyrd [&hellip;]<\/p>\n","protected":false},"author":81,"featured_media":0,"parent":0,"menu_order":0,"comment_status":"closed","ping_status":"closed","template":"","meta":{"_acf_changed":false,"_relevanssi_hide_post":"","_relevanssi_hide_content":"","_relevanssi_pin_for_all":"","_relevanssi_pin_keywords":"","_relevanssi_unpin_keywords":"","_relevanssi_related_keywords":"","_relevanssi_related_include_ids":"","_relevanssi_related_exclude_ids":"","_relevanssi_related_no_append":"","_relevanssi_related_not_related":"","_relevanssi_related_posts":"","_relevanssi_noindex_reason":"","footnotes":""},"subject":[],"class_list":["post-1890","page","type-page","status-publish","hentry"],"acf":[],"publishpress_future_action":{"enabled":false,"date":"2026-04-16 19:52:26","action":"change-status","newStatus":"draft","terms":[],"taxonomy":"subject"},"_links":{"self":[{"href":"https:\/\/moderaterna.se\/vastragotaland\/wp-json\/wp\/v2\/pages\/1890","targetHints":{"allow":["GET"]}}],"collection":[{"href":"https:\/\/moderaterna.se\/vastragotaland\/wp-json\/wp\/v2\/pages"}],"about":[{"href":"https:\/\/moderaterna.se\/vastragotaland\/wp-json\/wp\/v2\/types\/page"}],"author":[{"embeddable":true,"href":"https:\/\/moderaterna.se\/vastragotaland\/wp-json\/wp\/v2\/users\/81"}],"replies":[{"embeddable":true,"href":"https:\/\/moderaterna.se\/vastragotaland\/wp-json\/wp\/v2\/comments?post=1890"}],"version-history":[{"count":8,"href":"https:\/\/moderaterna.se\/vastragotaland\/wp-json\/wp\/v2\/pages\/1890\/revisions"}],"predecessor-version":[{"id":1950,"href":"https:\/\/moderaterna.se\/vastragotaland\/wp-json\/wp\/v2\/pages\/1890\/revisions\/1950"}],"wp:attachment":[{"href":"https:\/\/moderaterna.se\/vastragotaland\/wp-json\/wp\/v2\/media?parent=1890"}],"wp:term":[{"taxonomy":"subject","embeddable":true,"href":"https:\/\/moderaterna.se\/vastragotaland\/wp-json\/wp\/v2\/subject?post=1890"}],"curies":[{"name":"wp","href":"https:\/\/api.w.org\/{rel}","templated":true}]}}