{"id":1639,"date":"2022-02-23T10:47:18","date_gmt":"2022-02-23T09:47:18","guid":{"rendered":"https:\/\/moderaterna.se\/vastragotaland\/?page_id=1639"},"modified":"2022-02-23T10:47:19","modified_gmt":"2022-02-23T09:47:19","slug":"sa-far-vi-ordning-pa-skolan-gbg","status":"publish","type":"page","link":"https:\/\/moderaterna.se\/vastragotaland\/sa-far-vi-ordning-pa-skolan-gbg\/","title":{"rendered":"S\u00e5 f\u00e5r vi ordning p\u00e5 skolan"},"content":{"rendered":"\n<p><strong>En av sex elever l\u00e4mnar grundskolan utan fullst\u00e4ndiga betyg. Sveriges skolresultat har blivit allt s\u00e4mre under m\u00e5nga \u00e5r.<\/strong><\/p>\n\n\n\n<p>Det beh\u00f6ver inte forts\u00e4tta s\u00e5 h\u00e4r. Utvecklingen g\u00e5r att v\u00e4nda.<\/p>\n\n\n\n<p><strong>L\u00e4rarens auktoritet<\/strong> m\u00e5ste \u00e5teruppr\u00e4ttas. Det ska inte r\u00e5da n\u00e5gon tvekan om vem som best\u00e4mmer i klassrummet. Och alla elever ska k\u00e4nna sig trygga i skolan.<\/p>\n\n\n\n<p>Undervisningstiden i svensk skola m\u00e5ste \u00f6ka. J\u00e4mf\u00f6rt med andra l\u00e4nder g\u00e5r en svensk elev n\u00e4stan ett \u00e5r kortare i skolan. Vi vill <strong>f\u00f6rl\u00e4nga undervisningstiden<\/strong> med en timme per skoldag.<\/p>\n\n\n\n<p>Fritt skolval g\u00f6r det m\u00f6jligt f\u00f6r eleven att v\u00e4lja bort d\u00e5liga skolor. Och <strong>skolor som \u00e5r efter \u00e5r uppvisar d\u00e5liga<br>resultat ska st\u00e4ngas<\/strong>, oavsett om de \u00e4r privata eller<br>kommunala.<\/p>\n\n\n\n<p>Det h\u00e4r kr\u00e4ver en regering som \u00e4r redo att samarbeta f\u00f6r att f\u00e5 saker gjorda. Den 11:e september har du ett val. Du har m\u00f6jlighet att r\u00f6sta fram en ny regering med en ny politik f\u00f6r en ny samh\u00e4llsutveckling.<\/p>\n\n\n\n<p><strong>En r\u00f6st p\u00e5 Moderaterna \u00e4r en r\u00f6st f\u00f6r att f\u00e5 ordning p\u00e5 Sverige.<\/strong><\/p>\n","protected":false},"excerpt":{"rendered":"<p>En av sex elever l\u00e4mnar grundskolan utan fullst\u00e4ndiga betyg. Sveriges skolresultat har blivit allt s\u00e4mre under m\u00e5nga \u00e5r. Det beh\u00f6ver inte forts\u00e4tta s\u00e5 h\u00e4r. Utvecklingen g\u00e5r att v\u00e4nda. L\u00e4rarens auktoritet m\u00e5ste \u00e5teruppr\u00e4ttas. Det ska inte r\u00e5da n\u00e5gon tvekan om vem som best\u00e4mmer i klassrummet. Och alla elever ska k\u00e4nna sig trygga i skolan. Undervisningstiden i [&hellip;]<\/p>\n","protected":false},"author":28,"featured_media":0,"parent":0,"menu_order":0,"comment_status":"closed","ping_status":"closed","template":"","meta":{"_acf_changed":false,"_relevanssi_hide_post":"","_relevanssi_hide_content":"","_relevanssi_pin_for_all":"","_relevanssi_pin_keywords":"","_relevanssi_unpin_keywords":"","_relevanssi_related_keywords":"","_relevanssi_related_include_ids":"","_relevanssi_related_exclude_ids":"","_relevanssi_related_no_append":"","_relevanssi_related_not_related":"","_relevanssi_related_posts":"","_relevanssi_noindex_reason":"","footnotes":""},"subject":[],"class_list":["post-1639","page","type-page","status-publish","hentry"],"acf":[],"publishpress_future_action":{"enabled":false,"date":"2026-04-27 01:36:19","action":"change-status","newStatus":"draft","terms":[],"taxonomy":"subject"},"_links":{"self":[{"href":"https:\/\/moderaterna.se\/vastragotaland\/wp-json\/wp\/v2\/pages\/1639","targetHints":{"allow":["GET"]}}],"collection":[{"href":"https:\/\/moderaterna.se\/vastragotaland\/wp-json\/wp\/v2\/pages"}],"about":[{"href":"https:\/\/moderaterna.se\/vastragotaland\/wp-json\/wp\/v2\/types\/page"}],"author":[{"embeddable":true,"href":"https:\/\/moderaterna.se\/vastragotaland\/wp-json\/wp\/v2\/users\/28"}],"replies":[{"embeddable":true,"href":"https:\/\/moderaterna.se\/vastragotaland\/wp-json\/wp\/v2\/comments?post=1639"}],"version-history":[{"count":1,"href":"https:\/\/moderaterna.se\/vastragotaland\/wp-json\/wp\/v2\/pages\/1639\/revisions"}],"predecessor-version":[{"id":1640,"href":"https:\/\/moderaterna.se\/vastragotaland\/wp-json\/wp\/v2\/pages\/1639\/revisions\/1640"}],"wp:attachment":[{"href":"https:\/\/moderaterna.se\/vastragotaland\/wp-json\/wp\/v2\/media?parent=1639"}],"wp:term":[{"taxonomy":"subject","embeddable":true,"href":"https:\/\/moderaterna.se\/vastragotaland\/wp-json\/wp\/v2\/subject?post=1639"}],"curies":[{"name":"wp","href":"https:\/\/api.w.org\/{rel}","templated":true}]}}