{"id":1634,"date":"2022-02-23T10:39:29","date_gmt":"2022-02-23T09:39:29","guid":{"rendered":"https:\/\/moderaterna.se\/vastragotaland\/?page_id=1634"},"modified":"2022-02-23T10:40:02","modified_gmt":"2022-02-23T09:40:02","slug":"vad-vet-du-om-arbetslosheten-och-utanforskapet-gbg","status":"publish","type":"page","link":"https:\/\/moderaterna.se\/vastragotaland\/vad-vet-du-om-arbetslosheten-och-utanforskapet-gbg\/","title":{"rendered":"Vad vet du om arbetsl\u00f6sheten och utanf\u00f6rskapet?"},"content":{"rendered":"\n<div data-post-id=\"1634\" data-block-id=\"block_62024a971fed2\" id=\"quiz-block_62024a971fed2\" class=\"quiz custom-block custom-block__full theme__background--purple\">\n\t<div v-cloak class=\"quiz__content\" id=\"gor-vart-quiz\" aria-live=\"polite\">\n\t\t<div v-if=\"!isFinished\" class=\"quiz__content--before theme__color--pink\">\n\t\t\t<h2 class=\"quiz__content--title h3--pink\">G\u00f6r v\u00e5rt quiz!<\/h2>\n\t\t\t<p class=\"quiz__content--description\">H\u00e4r kan du testa dina kunskaper om arbetsl\u00f6sheten och bidragsberoendet.<\/p>\n\t\t\t<div v-for=\"(question, questionIndex) in questions\" class=\"quiz__content--quiz\">\n\t\t\t\t<div v-if=\"questionIndex === currentQuestionIndex\" class=\"quiz__content--quiz__single\">\n\t\t\t\t\t<fieldset class=\"quiz__content--quiz__single--main p--pink\">\n\t\t\t\t\t\t<legend class=\"quiz__content--quiz__single--main__question\">{{ `${(currentQuestionIndex + 1)}. ${questions[currentQuestionIndex]}` }}<\/legend>\n\t\t\t\t\t\t<div v-for=\"(answerChoice, answerChoiceIndex) in answerChoices[currentQuestionIndex]\" class=\"quiz__content--quiz__single--main__answer\">\n\t\t\t\t\t\t\t<label>\n\t\t\t\t\t\t\t\t<input type=\"radio\" class=\"show-for-sr\" :name=\"`question-${questionIndex + 1}`\" :value=\"answerChoiceIndex + 1\" v-model=\"selectedAnswers[questionIndex]\">\n\t\t\t\t\t\t\t\t{{ answerChoice }}\n\t\t\t\t\t\t\t\t<span class=\"theme__color--pink\"><\/span>\n\t\t\t\t\t\t\t<\/label>\n\t\t\t\t\t\t<\/div>\n\t\t\t\t\t<\/fieldset>\n\t\t\t\t\t<div class=\"quiz__content--quiz__single--next\">\n\t\t\t\t\t\t<button v-if=\"currentQuestionIndex + 1 < questionCount\" @click=\"nextQuestion\" :disabled=\"!selectedAnswers[questionIndex]\" class=\"link-button next-question\">\n\t\t\t\t\t\t\t<svg xmlns=\"http:\/\/www.w3.org\/2000\/svg\" data-name=\"Icon ionic-ios-arrow-round-forward\" width=\"17.168\" height=\"11.45\" viewBox=\"0 0 17.168 11.45\" aria-hidden=\"true\"><path data-name=\"Icon ionic-ios-arrow-round-forward\" d=\"M10.948.219a.779.779 0 0 0-.006 1.1l3.626 3.629H.769a.775.775 0 0 0 0 1.55h13.793l-3.626 3.632a.785.785 0 0 0 .006 1.1.772.772 0 0 0 1.091-.006l4.914-4.949a.871.871 0 0 0 .161-.244.74.74 0 0 0 .06-.3.777.777 0 0 0-.221-.543L12.033.239a.76.76 0 0 0-1.085-.02z\" fill=\"#213a8f\"\/><\/svg>\t\t\t\t\t\t\tN\u00e4sta fr\u00e5ga\n\t\t\t\t\t\t<\/button>\n\t\t\t\t\t\t<button v-if=\"currentQuestionIndex + 1 === questionCount\" @click=\"finishQuiz\" :disabled=\"!selectedAnswers[questionIndex]\" class=\"link-button finish-quiz\">\n\t\t\t\t\t\t\t<svg xmlns=\"http:\/\/www.w3.org\/2000\/svg\" data-name=\"Icon ionic-ios-arrow-round-forward\" width=\"17.168\" height=\"11.45\" viewBox=\"0 0 17.168 11.45\" aria-hidden=\"true\"><path data-name=\"Icon ionic-ios-arrow-round-forward\" d=\"M10.948.219a.779.779 0 0 0-.006 1.1l3.626 3.629H.769a.775.775 0 0 0 0 1.55h13.793l-3.626 3.632a.785.785 0 0 0 .006 1.1.772.772 0 0 0 1.091-.006l4.914-4.949a.871.871 0 0 0 .161-.244.74.74 0 0 0 .06-.3.777.777 0 0 0-.221-.543L12.033.239a.76.76 0 0 0-1.085-.02z\" fill=\"#213a8f\"\/><\/svg>\t\t\t\t\t\t\tSe resultat\n\t\t\t\t\t\t<\/button>\n\t\t\t\t\t<\/div>\n\t\t\t\t<\/div>\n\t\t\t<\/div>\n\t\t\t<div v-if=\"isLoading\" class=\"lds-ring theme__color--pink\">\n\t\t\t\t<span class=\"show-for-sr\">Laddar&#8230;<\/span>\n\t\t\t\t<div><\/div>\n\t\t\t\t<div><\/div>\n\t\t\t\t<div><\/div>\n\t\t\t\t<div><\/div>\n\t\t\t<\/div>\n\t\t<\/div>\n\t\t<div v-if=\"isFinished\" class=\"quiz__content--after\">\n\t\t\t<h2 class=\"quiz__content--title h1--pink theme__color--pink\">Du fick <span>{{ score }} av {{ questionCount }}<\/span> po\u00e4ng!<\/h2>\n\t\t\t<p class=\"quiz__content--description theme__color--pink\">Du hade {{ score }} av {{ questionCount }} r\u00e4tt! Ca 1,3 miljoner svenskar f\u00f6rs\u00f6rjer inte sig sj\u00e4lva. Grekland, Italien och Spanien \u00e4r de enda EU-l\u00e4nder som har h\u00f6gre arbetsl\u00f6shet \u00e4n Sverige. Och ca 18 miljarder ber\u00e4knas betalas ut i felaktiga bidrag varje \u00e5r. F\u00f6r att fler ska f\u00e5 l\u00e4mna bidragsberoendet och f\u00e5 riktiga kollegor, kr\u00e4vs en arbetslinje och ett bidragstak som g\u00f6r att det alltid l\u00f6nar sig mer att g\u00e5 till jobbet \u00e4n att stanna hemma. <\/p>\n\t\t\t\t\t\t<button v-if=\"score < questionCount \/ 2\" @click=\"redoQuiz\" class=\"link-button redo-quiz theme__color--pink\">\n\t\t\t\t<svg xmlns=\"http:\/\/www.w3.org\/2000\/svg\" data-name=\"Icon ionic-ios-arrow-round-forward\" width=\"17.168\" height=\"11.45\" viewBox=\"0 0 17.168 11.45\" aria-hidden=\"true\"><path data-name=\"Icon ionic-ios-arrow-round-forward\" d=\"M10.948.219a.779.779 0 0 0-.006 1.1l3.626 3.629H.769a.775.775 0 0 0 0 1.55h13.793l-3.626 3.632a.785.785 0 0 0 .006 1.1.772.772 0 0 0 1.091-.006l4.914-4.949a.871.871 0 0 0 .161-.244.74.74 0 0 0 .06-.3.777.777 0 0 0-.221-.543L12.033.239a.76.76 0 0 0-1.085-.02z\" fill=\"#213a8f\"\/><\/svg>\t\t\t\tG\u00f6r om\n\t\t\t<\/button>\n\t\t<\/div>\n\t<\/div>\n<\/div>\n\n\n<div id=\"custom-email-form-block_6202434be5550\" class=\"custom-email-form custom-block custom-block__full theme__background--pink\">\n    <div class=\"custom-email-form__content theme__color--purple\">\n                    <h2 class=\"custom-email-form__heading theme__color--purple\">Vill du ocks\u00e5 f\u00e5 ordning p\u00e5 arbetsl\u00f6sheten och utanf\u00f6rskapet?<\/h2>\n                            <div class=\"custom-email-form__premable theme__color--purple\"><p>Anm\u00e4l dig h\u00e4r f\u00f6r att f\u00e5 mail fr\u00e5n Moderaterna. Vi kommer att skicka mail till dig med st\u00e5ndpunkter om aktuella h\u00e4ndelser.<\/p>\n<\/div>\n                        \n\t\t\t<form id=\"sib_signup_form_3\" method=\"post\" class=\"sib_signup_form\">\n\t\t\t\t<div class=\"sib_loader\" style=\"display:none;\"><img\n\t\t\t\t\t\t\tsrc=\"https:\/\/moderaterna.se\/vastragotaland\/wp-includes\/images\/spinner.gif\" alt=\"loader\"><\/div>\n\t\t\t\t<input type=\"hidden\" name=\"sib_form_action\" value=\"subscribe_form_submit\">\n\t\t\t\t<input type=\"hidden\" name=\"sib_form_id\" value=\"3\">\n                <input type=\"hidden\" name=\"sib_form_alert_notice\" value=\"Du beh\u00f6ver fylla i detta f\u00e4lt\">\n                <input type=\"hidden\" name=\"sib_form_invalid_email_notice\" value=\"Det ser ut att vara fel p\u00e5 ifylld e-postadress\">\n                <input type=\"hidden\" name=\"sib_security\" value=\"fd838964ba\">\n\t\t\t\t<div class=\"sib_signup_box_inside_3\">\n\t\t\t\t\t<div style=\"\/*display:none*\/\" class=\"sib_msg_disp\">\n\t\t\t\t\t<\/div>\n                    \t\t\t\t\t<p class=\"custom-email-form__block custom-email-form__block--half\"> \r\n    <label for=\"sib-firstname\" class=\"show-for-sr sib-FIRSTNAME-area\">F\u00f6rnamn*<\/label> \r\n    <input id=\"sib-firstname\" type=\"text\" class=\"sib-FIRSTNAME-area\" name=\"FIRSTNAME\" placeholder=\"F\u00f6rnamn\" required=\"required\"> \r\n<\/p>\r\n\r\n<p class=\"custom-email-form__block custom-email-form__block--half\"> \r\n    <label for=\"sib-lastname\" class=\"show-for-sr sib-LASTNAME-area\">Efternamn*<\/label> \r\n    <input id=\"sib-lastname\" type=\"text\" class=\"sib-LASTNAME-area\" name=\"LASTNAME\" placeholder=\"Efternamn\" required=\"required\"> \r\n<\/p>\r\n<p class=\"custom-email-form__block\"> \r\n    <label for=\"sib-email\" class=\"show-for-sr sib-email-area\">E-post*<\/label> \r\n    <input id=\"sib-email\" type=\"email\" class=\"sib-email-area\" name=\"email\" placeholder=\"E-post\" value=\"\" required=\"required\"> \r\n<\/p> \r\n<label class=\"checkbox sib-JATILLMAIL-area\">\r\n<input type=\"hidden\" value=\"1\" class=\"show-for-sr sib-JATILLMAIL-area\" name=\"JATILLMAIL\" required> \r\n \r\n<\/label> \r\n<label class=\"checkbox sib-GODKANTPRIVACYPOLICY-area\">\r\n  <input type=\"checkbox\" value=\"1\" class=\" show-for-sr sib-GODKANTPRIVACYPOLICY-area\" name=\"GODKANTPRIVACYPOLICY\">\r\n<span aria-hidden=\"true\" class=\"checkbox__checkmark\">\r\n   <!--?xml version=\"1.0\"?-->\r\n   <svg xmlns=\"http:\/\/www.w3.org\/2000\/svg\" width=\"13.203\" height=\"9.547\" viewBox=\"0 0 13.203 9.547\" aria-hidden=\"true\"><path data-name=\"Icon feather-check\" d=\"M11.789 1.414L4.656 8.547 1.414 5.305\" fill=\"none\" stroke=\"#93d5f6\" stroke-linecap=\"round\" stroke-linejoin=\"round\" stroke-width=\"2\"><\/path><\/svg><\/span>\r\nJag godk\u00e4nner att Moderaterna sparar mina personuppgifter. <a class=\"checkbox__link\" href=\"\/integritetspolicy\/hur-vi-hanterar-dina-personuppgifter\/\">S\u00e5 h\u00e4r hanterar vi dina personuppgifter.<\/a>\r\n<\/label> \r\n\r\n<p class=\"custom-email-form__block\">\r\n<input type=\"hidden\" name=\"SIGNEDUPFROM_SI_FORM_ID\" value=\"\">\r\n<input type=\"hidden\" name=\"SIGNEDUPFROMURL\" value=\"\">\r\n<input type=\"hidden\" name=\"SIGNEDUPFROMSITE\" value=\"\">\r\n    <input type=\"submit\" class=\"custom-email-form__submit\" value=\"Skriv upp mig!\">\r\n<\/p>\t\t\t\t<\/div>\n\t\t\t<\/form>\n\t\t\t<style>\n\t\t\t\tform#sib_signup_form_3 p.sib-alert-message {\n    padding: 6px 12px;\n    margin-bottom: 20px;\n    border: 1px solid transparent;\n    border-radius: 4px;\n    -webkit-box-sizing: border-box;\n    -moz-box-sizing: border-box;\n    box-sizing: border-box;\n}\nform#sib_signup_form_3 p.sib-alert-message-error {\n    background-color: #f2dede;\n    border-color: #ebccd1;\n    color: #a94442;\n}\nform#sib_signup_form_3 p.sib-alert-message-success {\n    background-color: #dff0d8;\n    border-color: #d6e9c6;\n    color: #3c763d;\n}\nform#sib_signup_form_3 p.sib-alert-message-warning {\n    background-color: #fcf8e3;\n    border-color: #faebcc;\n    color: #8a6d3b;\n}\n\t\t\t<\/style>\n\t\t\t    <\/div>\n<\/div>\n\n\n\n\n\n        <div class=\"related-articles custom-block\">\n                    <h2 class=\"related-articles__heading\">L\u00e4s mer om Moderaternas f\u00f6rslag f\u00f6r att f\u00e5 ordning p\u00e5 arbetsl\u00f6sheten och bidragsberoendet:<\/h2>\n                <div class=\"related-articles__articles\">\n                            <div class=\"related-articles__articles--single\">\n                    \n<div class=\"article-puff\">\n            <a href=\"https:\/\/moderaterna.se\/vastragotaland\/nyhet\/m-i-trollhattan-star-klara-att-ta-over-efter-s\/\">\n            <div class=\"article-puff__background theme__background--dark-blue\">\n                <img decoding=\"async\" width=\"600\" height=\"338\" src=\"https:\/\/moderaterna.se\/app\/uploads\/sites\/18\/2021\/12\/HERO_1920x1080px_bussbaksida_ordning.jpeg\" class=\"article-puff__image\" alt=\"Baksida av Moderaternas kampanjbuss\" srcset=\"https:\/\/moderaterna.se\/app\/uploads\/sites\/18\/2021\/12\/HERO_1920x1080px_bussbaksida_ordning.jpeg 1920w, https:\/\/moderaterna.se\/app\/uploads\/sites\/18\/2021\/12\/HERO_1920x1080px_bussbaksida_ordning-300x169.jpeg 300w, https:\/\/moderaterna.se\/app\/uploads\/sites\/18\/2021\/12\/HERO_1920x1080px_bussbaksida_ordning-1024x576.jpeg 1024w, https:\/\/moderaterna.se\/app\/uploads\/sites\/18\/2021\/12\/HERO_1920x1080px_bussbaksida_ordning-768x432.jpeg 768w, https:\/\/moderaterna.se\/app\/uploads\/sites\/18\/2021\/12\/HERO_1920x1080px_bussbaksida_ordning-1536x864.jpeg 1536w\" sizes=\"(max-width: 600px) 100vw, 600px\" \/>            <\/div>\n        <\/a>\n                <h2 class=\"h4--dark-grey article-puff__heading\">\n        <a href=\"https:\/\/moderaterna.se\/vastragotaland\/nyhet\/m-i-trollhattan-star-klara-att-ta-over-efter-s\/\" class=\"a--dark-grey\">(M) i Trollh\u00e4ttan st\u00e5r klara att ta \u00f6ver efter (S)!<\/a>\n    <\/h2>\n<\/div>                <\/div>\n                            <div class=\"related-articles__articles--single\">\n                    \n<div class=\"article-puff\">\n            <a href=\"https:\/\/moderaterna.se\/vastragotaland\/nyhet\/m-i-trollhattan-star-klara-att-ta-over-efter-s\/\">\n            <div class=\"article-puff__background theme__background--dark-blue\">\n                <img decoding=\"async\" width=\"600\" height=\"338\" src=\"https:\/\/moderaterna.se\/app\/uploads\/sites\/18\/2021\/12\/HERO_1920x1080px_bussbaksida_ordning.jpeg\" class=\"article-puff__image\" alt=\"Baksida av Moderaternas kampanjbuss\" srcset=\"https:\/\/moderaterna.se\/app\/uploads\/sites\/18\/2021\/12\/HERO_1920x1080px_bussbaksida_ordning.jpeg 1920w, https:\/\/moderaterna.se\/app\/uploads\/sites\/18\/2021\/12\/HERO_1920x1080px_bussbaksida_ordning-300x169.jpeg 300w, https:\/\/moderaterna.se\/app\/uploads\/sites\/18\/2021\/12\/HERO_1920x1080px_bussbaksida_ordning-1024x576.jpeg 1024w, https:\/\/moderaterna.se\/app\/uploads\/sites\/18\/2021\/12\/HERO_1920x1080px_bussbaksida_ordning-768x432.jpeg 768w, https:\/\/moderaterna.se\/app\/uploads\/sites\/18\/2021\/12\/HERO_1920x1080px_bussbaksida_ordning-1536x864.jpeg 1536w\" sizes=\"(max-width: 600px) 100vw, 600px\" \/>            <\/div>\n        <\/a>\n                <h2 class=\"h4--dark-grey article-puff__heading\">\n        <a href=\"https:\/\/moderaterna.se\/vastragotaland\/nyhet\/m-i-trollhattan-star-klara-att-ta-over-efter-s\/\" class=\"a--dark-grey\">(M) i Trollh\u00e4ttan st\u00e5r klara att ta \u00f6ver efter (S)!<\/a>\n    <\/h2>\n<\/div>                <\/div>\n                            <div class=\"related-articles__articles--single\">\n                    \n<div class=\"article-puff\">\n            <a href=\"https:\/\/moderaterna.se\/vastragotaland\/nyhet\/m-i-trollhattan-star-klara-att-ta-over-efter-s\/\">\n            <div class=\"article-puff__background theme__background--dark-blue\">\n                <img decoding=\"async\" width=\"600\" height=\"338\" src=\"https:\/\/moderaterna.se\/app\/uploads\/sites\/18\/2021\/12\/HERO_1920x1080px_bussbaksida_ordning.jpeg\" class=\"article-puff__image\" alt=\"Baksida av Moderaternas kampanjbuss\" srcset=\"https:\/\/moderaterna.se\/app\/uploads\/sites\/18\/2021\/12\/HERO_1920x1080px_bussbaksida_ordning.jpeg 1920w, https:\/\/moderaterna.se\/app\/uploads\/sites\/18\/2021\/12\/HERO_1920x1080px_bussbaksida_ordning-300x169.jpeg 300w, https:\/\/moderaterna.se\/app\/uploads\/sites\/18\/2021\/12\/HERO_1920x1080px_bussbaksida_ordning-1024x576.jpeg 1024w, https:\/\/moderaterna.se\/app\/uploads\/sites\/18\/2021\/12\/HERO_1920x1080px_bussbaksida_ordning-768x432.jpeg 768w, https:\/\/moderaterna.se\/app\/uploads\/sites\/18\/2021\/12\/HERO_1920x1080px_bussbaksida_ordning-1536x864.jpeg 1536w\" sizes=\"(max-width: 600px) 100vw, 600px\" \/>            <\/div>\n        <\/a>\n                <h2 class=\"h4--dark-grey article-puff__heading\">\n        <a href=\"https:\/\/moderaterna.se\/vastragotaland\/nyhet\/m-i-trollhattan-star-klara-att-ta-over-efter-s\/\" class=\"a--dark-grey\">(M) i Trollh\u00e4ttan st\u00e5r klara att ta \u00f6ver efter (S)!<\/a>\n    <\/h2>\n<\/div>                <\/div>\n                    <\/div>\n    <\/div>\n\n\n\n","protected":false},"excerpt":{"rendered":"","protected":false},"author":28,"featured_media":0,"parent":0,"menu_order":0,"comment_status":"closed","ping_status":"closed","template":"","meta":{"_acf_changed":false,"_relevanssi_hide_post":"","_relevanssi_hide_content":"","_relevanssi_pin_for_all":"","_relevanssi_pin_keywords":"","_relevanssi_unpin_keywords":"","_relevanssi_related_keywords":"","_relevanssi_related_include_ids":"","_relevanssi_related_exclude_ids":"","_relevanssi_related_no_append":"","_relevanssi_related_not_related":"","_relevanssi_related_posts":"1152,1156,1146,829,1150,1140","_relevanssi_noindex_reason":"","footnotes":""},"subject":[],"class_list":["post-1634","page","type-page","status-publish","hentry"],"acf":[],"publishpress_future_action":{"enabled":false,"date":"2026-04-11 12:18:10","action":"change-status","newStatus":"draft","terms":[],"taxonomy":"subject"},"_links":{"self":[{"href":"https:\/\/moderaterna.se\/vastragotaland\/wp-json\/wp\/v2\/pages\/1634","targetHints":{"allow":["GET"]}}],"collection":[{"href":"https:\/\/moderaterna.se\/vastragotaland\/wp-json\/wp\/v2\/pages"}],"about":[{"href":"https:\/\/moderaterna.se\/vastragotaland\/wp-json\/wp\/v2\/types\/page"}],"author":[{"embeddable":true,"href":"https:\/\/moderaterna.se\/vastragotaland\/wp-json\/wp\/v2\/users\/28"}],"replies":[{"embeddable":true,"href":"https:\/\/moderaterna.se\/vastragotaland\/wp-json\/wp\/v2\/comments?post=1634"}],"version-history":[{"count":1,"href":"https:\/\/moderaterna.se\/vastragotaland\/wp-json\/wp\/v2\/pages\/1634\/revisions"}],"predecessor-version":[{"id":1635,"href":"https:\/\/moderaterna.se\/vastragotaland\/wp-json\/wp\/v2\/pages\/1634\/revisions\/1635"}],"wp:attachment":[{"href":"https:\/\/moderaterna.se\/vastragotaland\/wp-json\/wp\/v2\/media?parent=1634"}],"wp:term":[{"taxonomy":"subject","embeddable":true,"href":"https:\/\/moderaterna.se\/vastragotaland\/wp-json\/wp\/v2\/subject?post=1634"}],"curies":[{"name":"wp","href":"https:\/\/api.w.org\/{rel}","templated":true}]}}