{"id":1545,"date":"2022-02-17T11:35:43","date_gmt":"2022-02-17T10:35:43","guid":{"rendered":"https:\/\/moderaterna.se\/vastragotaland\/?page_id=1545"},"modified":"2022-02-18T15:58:00","modified_gmt":"2022-02-18T14:58:00","slug":"vad-vet-du-om-brottsligheten-i-sverige","status":"publish","type":"page","link":"https:\/\/moderaterna.se\/vastragotaland\/vad-vet-du-om-brottsligheten-i-sverige\/","title":{"rendered":"Vad vet du om brottsligheten i Sverige?"},"content":{"rendered":"\n<div data-post-id=\"1545\" data-block-id=\"block_62024a971fed2\" id=\"quiz-block_62024a971fed2\" class=\"quiz custom-block custom-block__full theme__background--dark-blue\">\n\t<div v-cloak class=\"quiz__content\" id=\"gor-vart-quiz\" aria-live=\"polite\">\n\t\t<div v-if=\"!isFinished\" class=\"quiz__content--before theme__color--blue\">\n\t\t\t<h2 class=\"quiz__content--title h3--blue\">G\u00f6r v\u00e5rt quiz!<\/h2>\n\t\t\t<p class=\"quiz__content--description\">H\u00e4r kan du testa dina kunskaper om kriminaliteten.<\/p>\n\t\t\t<div v-for=\"(question, questionIndex) in questions\" class=\"quiz__content--quiz\">\n\t\t\t\t<div v-if=\"questionIndex === currentQuestionIndex\" class=\"quiz__content--quiz__single\">\n\t\t\t\t\t<fieldset class=\"quiz__content--quiz__single--main p--blue\">\n\t\t\t\t\t\t<legend class=\"quiz__content--quiz__single--main__question\">{{ `${(currentQuestionIndex + 1)}. ${questions[currentQuestionIndex]}` }}<\/legend>\n\t\t\t\t\t\t<div v-for=\"(answerChoice, answerChoiceIndex) in answerChoices[currentQuestionIndex]\" class=\"quiz__content--quiz__single--main__answer\">\n\t\t\t\t\t\t\t<label>\n\t\t\t\t\t\t\t\t<input type=\"radio\" class=\"show-for-sr\" :name=\"`question-${questionIndex + 1}`\" :value=\"answerChoiceIndex + 1\" v-model=\"selectedAnswers[questionIndex]\">\n\t\t\t\t\t\t\t\t{{ answerChoice }}\n\t\t\t\t\t\t\t\t<span class=\"theme__color--blue\"><\/span>\n\t\t\t\t\t\t\t<\/label>\n\t\t\t\t\t\t<\/div>\n\t\t\t\t\t<\/fieldset>\n\t\t\t\t\t<div class=\"quiz__content--quiz__single--next\">\n\t\t\t\t\t\t<button v-if=\"currentQuestionIndex + 1 < questionCount\" @click=\"nextQuestion\" :disabled=\"!selectedAnswers[questionIndex]\" class=\"link-button next-question\">\n\t\t\t\t\t\t\t<svg xmlns=\"http:\/\/www.w3.org\/2000\/svg\" data-name=\"Icon ionic-ios-arrow-round-forward\" width=\"17.168\" height=\"11.45\" viewBox=\"0 0 17.168 11.45\" aria-hidden=\"true\"><path data-name=\"Icon ionic-ios-arrow-round-forward\" d=\"M10.948.219a.779.779 0 0 0-.006 1.1l3.626 3.629H.769a.775.775 0 0 0 0 1.55h13.793l-3.626 3.632a.785.785 0 0 0 .006 1.1.772.772 0 0 0 1.091-.006l4.914-4.949a.871.871 0 0 0 .161-.244.74.74 0 0 0 .06-.3.777.777 0 0 0-.221-.543L12.033.239a.76.76 0 0 0-1.085-.02z\" fill=\"#213a8f\"\/><\/svg>\t\t\t\t\t\t\tN\u00e4sta fr\u00e5ga\n\t\t\t\t\t\t<\/button>\n\t\t\t\t\t\t<button v-if=\"currentQuestionIndex + 1 === questionCount\" @click=\"finishQuiz\" :disabled=\"!selectedAnswers[questionIndex]\" class=\"link-button finish-quiz\">\n\t\t\t\t\t\t\t<svg xmlns=\"http:\/\/www.w3.org\/2000\/svg\" data-name=\"Icon ionic-ios-arrow-round-forward\" width=\"17.168\" height=\"11.45\" viewBox=\"0 0 17.168 11.45\" aria-hidden=\"true\"><path data-name=\"Icon ionic-ios-arrow-round-forward\" d=\"M10.948.219a.779.779 0 0 0-.006 1.1l3.626 3.629H.769a.775.775 0 0 0 0 1.55h13.793l-3.626 3.632a.785.785 0 0 0 .006 1.1.772.772 0 0 0 1.091-.006l4.914-4.949a.871.871 0 0 0 .161-.244.74.74 0 0 0 .06-.3.777.777 0 0 0-.221-.543L12.033.239a.76.76 0 0 0-1.085-.02z\" fill=\"#213a8f\"\/><\/svg>\t\t\t\t\t\t\tSe resultat\n\t\t\t\t\t\t<\/button>\n\t\t\t\t\t<\/div>\n\t\t\t\t<\/div>\n\t\t\t<\/div>\n\t\t\t<div v-if=\"isLoading\" class=\"lds-ring theme__color--blue\">\n\t\t\t\t<span class=\"show-for-sr\">Laddar&#8230;<\/span>\n\t\t\t\t<div><\/div>\n\t\t\t\t<div><\/div>\n\t\t\t\t<div><\/div>\n\t\t\t\t<div><\/div>\n\t\t\t<\/div>\n\t\t<\/div>\n\t\t<div v-if=\"isFinished\" class=\"quiz__content--after\">\n\t\t\t<h2 class=\"quiz__content--title h1--blue theme__color--blue\">Du fick <span>{{ score }} av {{ questionCount }}<\/span> po\u00e4ng!<\/h2>\n\t\t\t<p class=\"quiz__content--description theme__color--blue\">Du hade {{ score }} av {{ questionCount }} r\u00e4tt! Mellan 2017 och 2021 intr\u00e4ffade 1672 skjutningar i Sverige. \u00c5r 2020 anm\u00e4ldes 2186 ungdomsr\u00e5n. Sverige har den tredje l\u00e4gsta polist\u00e4theten i EU, s\u00e5 bara tv\u00e5 l\u00e4nder har f\u00e4rre poliser per inv\u00e5nare \u00e4n vi. Och ca 750 mord har \u00e4nnu inte klarats upp. F\u00f6r att g\u00f6ra Sverige tryggt igen kr\u00e4vs fler poliser, h\u00e5rdare straff som st\u00e5r i proportion till brottens allvar och en r\u00e4ttspolitik som prioriterar brottsoffret f\u00f6re g\u00e4rningsmannen. <\/p>\n\t\t\t\t\t\t\t<div class=\"quiz__content--share\">\n\t\t\t\t\t\t\t\t\t\t\t<a data-share=\"facebook\" href=\"https:\/\/www.facebook.com\/sharer.php?u=https:\/\/moderaterna.se\/vastragotaland\/vad-vet-du-om-brottsligheten-i-sverige%23gor-vart-quiz\" target=\"_blank\">\n\t\t\t\t\t\t\t<span class=\"show-for-sr\">Dela via Facebook<\/span>\n\t\t\t\t\t\t\t<svg xmlns=\"http:\/\/www.w3.org\/2000\/svg\" width=\"48\" height=\"48\" viewBox=\"0 0 48 48\" aria-hidden=\"true\" class=\"dark-blue\"><rect data-name=\"Area [SIZE:MEDIUM][STATE:DEFAULT][STYLE:STYLE3]\" width=\"48\" height=\"48\" rx=\"24\" fill=\"#213a8f\"\/><path data-name=\"Icon awesome-facebook-f\" d=\"M27.891 24.987l.493-3.213h-3.087v-2.085a1.607 1.607 0 0 1 1.811-1.736h1.4v-2.736A17.093 17.093 0 0 0 26.022 15c-2.539 0-4.2 1.539-4.2 4.325v2.449H19v3.213h2.823v7.768h3.474v-7.768z\" fill=\"#93d5f6\"\/><\/svg>\t\t\t\t\t\t<\/a>\n\t\t\t\t\t\t\t\t\t\t\t<a data-share=\"twitter\" href=\"https:\/\/moderaterna.se\/vastragotaland\/vad-vet-du-om-brottsligheten-i-sverige%23gor-vart-quiz\/\" target=\"_blank\">\n\t\t\t\t\t\t\t<span class=\"show-for-sr\">Dela via Twitter<\/span>\n\t\t\t\t\t\t\t<svg xmlns=\"http:\/\/www.w3.org\/2000\/svg\" width=\"48\" height=\"48\" viewBox=\"0 0 48 48\" aria-hidden=\"true\" class=\"dark-blue\"><rect data-name=\"Area [SIZE:MEDIUM][STATE:DEFAULT][STYLE:STYLE3]\" width=\"48\" height=\"48\" rx=\"24\" fill=\"#213a8f\"\/><path data-name=\"Icon awesome-twitter\" d=\"M31.432 20.189c.012.166.012.332.012.5a10.835 10.835 0 0 1-10.91 10.91 10.836 10.836 0 0 1-5.889-1.723 7.933 7.933 0 0 0 .926.047 7.68 7.68 0 0 0 4.761-1.638 3.841 3.841 0 0 1-3.587-2.659 4.836 4.836 0 0 0 .724.059 4.056 4.056 0 0 0 1.009-.131 3.835 3.835 0 0 1-3.073-3.762v-.048a3.862 3.862 0 0 0 1.733.487 3.84 3.84 0 0 1-1.187-5.129 10.9 10.9 0 0 0 7.906 4.013 4.329 4.329 0 0 1-.095-.878 3.838 3.838 0 0 1 6.636-2.624 7.55 7.55 0 0 0 2.434-.926 3.824 3.824 0 0 1-1.687 2.113 7.687 7.687 0 0 0 2.208-.594 8.243 8.243 0 0 1-1.923 1.983z\" fill=\"#93d5f6\"\/><\/svg>\t\t\t\t\t\t<\/a>\n\t\t\t\t\t\t\t\t\t\t\t<a data-share=\"linkedin\" href=\"https:\/\/www.linkedin.com\/shareArticle?mini=true&#038;url=https:\/\/moderaterna.se\/vastragotaland\/vad-vet-du-om-brottsligheten-i-sverige%23gor-vart-quiz\" target=\"_blank\">\n\t\t\t\t\t\t\t<span class=\"show-for-sr\">Dela via Linkedin<\/span>\n\t\t\t\t\t\t\t<svg xmlns=\"http:\/\/www.w3.org\/2000\/svg\" width=\"48\" height=\"48\" viewBox=\"0 0 48 48\" aria-hidden=\"true\" class=\"dark-blue\"><rect data-name=\"Area [SIZE:MEDIUM][STATE:DEFAULT][STYLE:STYLE3]\" width=\"48\" height=\"48\" rx=\"24\" fill=\"#213a8f\"\/><path data-name=\"Icon awesome-linkedin-in\" d=\"M19.273 31.557h-3.548V20.13h3.548zm-1.776-12.986a2.065 2.065 0 1 1 2.055-2.074 2.072 2.072 0 0 1-2.055 2.074zm15.056 12.986h-3.54v-5.563c0-1.326-.027-3.026-1.845-3.026-1.845 0-2.128 1.44-2.128 2.93v5.658h-3.544V20.13h3.4v1.559h.05a3.728 3.728 0 0 1 3.36-1.848c3.591 0 4.251 2.365 4.251 5.436v6.277z\" fill=\"#93d5f6\"\/><\/svg>\t\t\t\t\t\t<\/a>\n\t\t\t\t\t\t\t\t\t\t\t<a data-share=\"mail\" href=\"mailto:?subject=Vad vet du om brottsligheten i Sverige?&#038;body=https:\/\/moderaterna.se\/vastragotaland\/vad-vet-du-om-brottsligheten-i-sverige%23gor-vart-quiz\" >\n\t\t\t\t\t\t\t<span class=\"show-for-sr\">Dela via Mail<\/span>\n\t\t\t\t\t\t\t<svg xmlns=\"http:\/\/www.w3.org\/2000\/svg\" width=\"48\" height=\"48\" viewBox=\"0 0 48 48\" aria-hidden=\"true\" class=\"dark-blue\"><rect data-name=\"Area [SIZE:MEDIUM][STATE:DEFAULT][STYLE:STYLE3]\" width=\"48\" height=\"48\" rx=\"24\" fill=\"#213a8f\"\/><path data-name=\"Icon ionic-md-mail\" d=\"M31.388 16.829H16.612a1.743 1.743 0 0 0-1.738 1.738v10.865a1.743 1.743 0 0 0 1.738 1.738h14.776a1.743 1.743 0 0 0 1.736-1.738V18.567a1.743 1.743 0 0 0-1.736-1.738zm-.217 3.694L24 25.304l-7.17-4.781v-1.738l7.171 4.781 7.171-4.781z\" fill=\"#93d5f6\"\/><\/svg>\t\t\t\t\t\t<\/a>\n\t\t\t\t\t\t\t\t\t<\/div>\n\t\t\t\t\t\t<button v-if=\"score < questionCount \/ 2\" @click=\"redoQuiz\" class=\"link-button redo-quiz theme__color--blue\">\n\t\t\t\t<svg xmlns=\"http:\/\/www.w3.org\/2000\/svg\" data-name=\"Icon ionic-ios-arrow-round-forward\" width=\"17.168\" height=\"11.45\" viewBox=\"0 0 17.168 11.45\" aria-hidden=\"true\"><path data-name=\"Icon ionic-ios-arrow-round-forward\" d=\"M10.948.219a.779.779 0 0 0-.006 1.1l3.626 3.629H.769a.775.775 0 0 0 0 1.55h13.793l-3.626 3.632a.785.785 0 0 0 .006 1.1.772.772 0 0 0 1.091-.006l4.914-4.949a.871.871 0 0 0 .161-.244.74.74 0 0 0 .06-.3.777.777 0 0 0-.221-.543L12.033.239a.76.76 0 0 0-1.085-.02z\" fill=\"#213a8f\"\/><\/svg>\t\t\t\tG\u00f6r om\n\t\t\t<\/button>\n\t\t<\/div>\n\t<\/div>\n<\/div>\n\n\n<div id=\"custom-email-form-block_6202434be5550\" class=\"custom-email-form custom-block custom-block__full theme__background--blue\">\n    <div class=\"custom-email-form__content theme__color--dark-blue\">\n                    <h2 class=\"custom-email-form__heading theme__color--dark-blue\">Har du ocks\u00e5 f\u00e5tt nog av brottsligheten? Skriv upp dig f\u00f6r mail fr\u00e5n Moderaterna<\/h2>\n                            <div class=\"custom-email-form__premable theme__color--dark-blue\"><p>Anm\u00e4l dig h\u00e4r f\u00f6r att f\u00e5 mail fr\u00e5n Moderaterna. Vi kommer att skicka mail till dig med st\u00e5ndpunkter om aktuella h\u00e4ndelser.<\/p>\n<\/div>\n                        \n\t\t\t<form id=\"sib_signup_form_3\" method=\"post\" class=\"sib_signup_form\">\n\t\t\t\t<div class=\"sib_loader\" style=\"display:none;\"><img\n\t\t\t\t\t\t\tsrc=\"https:\/\/moderaterna.se\/vastragotaland\/wp-includes\/images\/spinner.gif\" alt=\"loader\"><\/div>\n\t\t\t\t<input type=\"hidden\" name=\"sib_form_action\" value=\"subscribe_form_submit\">\n\t\t\t\t<input type=\"hidden\" name=\"sib_form_id\" value=\"3\">\n                <input type=\"hidden\" name=\"sib_form_alert_notice\" value=\"Du beh\u00f6ver fylla i detta f\u00e4lt\">\n                <input type=\"hidden\" name=\"sib_form_invalid_email_notice\" value=\"Det ser ut att vara fel p\u00e5 ifylld e-postadress\">\n                <input type=\"hidden\" name=\"sib_security\" value=\"7add444db7\">\n\t\t\t\t<div class=\"sib_signup_box_inside_3\">\n\t\t\t\t\t<div style=\"\/*display:none*\/\" class=\"sib_msg_disp\">\n\t\t\t\t\t<\/div>\n                    \t\t\t\t\t<p class=\"custom-email-form__block custom-email-form__block--half\"> \r\n    <label for=\"sib-firstname\" class=\"show-for-sr sib-FIRSTNAME-area\">F\u00f6rnamn*<\/label> \r\n    <input id=\"sib-firstname\" type=\"text\" class=\"sib-FIRSTNAME-area\" name=\"FIRSTNAME\" placeholder=\"F\u00f6rnamn\" required=\"required\"> \r\n<\/p>\r\n\r\n<p class=\"custom-email-form__block custom-email-form__block--half\"> \r\n    <label for=\"sib-lastname\" class=\"show-for-sr sib-LASTNAME-area\">Efternamn*<\/label> \r\n    <input id=\"sib-lastname\" type=\"text\" class=\"sib-LASTNAME-area\" name=\"LASTNAME\" placeholder=\"Efternamn\" required=\"required\"> \r\n<\/p>\r\n<p class=\"custom-email-form__block\"> \r\n    <label for=\"sib-email\" class=\"show-for-sr sib-email-area\">E-post*<\/label> \r\n    <input id=\"sib-email\" type=\"email\" class=\"sib-email-area\" name=\"email\" placeholder=\"E-post\" value=\"\" required=\"required\"> \r\n<\/p> \r\n<label class=\"checkbox sib-JATILLMAIL-area\">\r\n<input type=\"hidden\" value=\"1\" class=\"show-for-sr sib-JATILLMAIL-area\" name=\"JATILLMAIL\" required> \r\n \r\n<\/label> \r\n<label class=\"checkbox sib-GODKANTPRIVACYPOLICY-area\">\r\n  <input type=\"checkbox\" value=\"1\" class=\" show-for-sr sib-GODKANTPRIVACYPOLICY-area\" name=\"GODKANTPRIVACYPOLICY\">\r\n<span aria-hidden=\"true\" class=\"checkbox__checkmark\">\r\n   <!--?xml version=\"1.0\"?-->\r\n   <svg xmlns=\"http:\/\/www.w3.org\/2000\/svg\" width=\"13.203\" height=\"9.547\" viewBox=\"0 0 13.203 9.547\" aria-hidden=\"true\"><path data-name=\"Icon feather-check\" d=\"M11.789 1.414L4.656 8.547 1.414 5.305\" fill=\"none\" stroke=\"#93d5f6\" stroke-linecap=\"round\" stroke-linejoin=\"round\" stroke-width=\"2\"><\/path><\/svg><\/span>\r\nJag godk\u00e4nner att Moderaterna sparar mina personuppgifter. <a class=\"checkbox__link\" href=\"\/integritetspolicy\/hur-vi-hanterar-dina-personuppgifter\/\">S\u00e5 h\u00e4r hanterar vi dina personuppgifter.<\/a>\r\n<\/label> \r\n\r\n<p class=\"custom-email-form__block\">\r\n<input type=\"hidden\" name=\"SIGNEDUPFROM_SI_FORM_ID\" value=\"\">\r\n<input type=\"hidden\" name=\"SIGNEDUPFROMURL\" value=\"\">\r\n<input type=\"hidden\" name=\"SIGNEDUPFROMSITE\" value=\"\">\r\n    <input type=\"submit\" class=\"custom-email-form__submit\" value=\"Skriv upp mig!\">\r\n<\/p>\t\t\t\t<\/div>\n\t\t\t<\/form>\n\t\t\t<style>\n\t\t\t\tform#sib_signup_form_3 p.sib-alert-message {\n    padding: 6px 12px;\n    margin-bottom: 20px;\n    border: 1px solid transparent;\n    border-radius: 4px;\n    -webkit-box-sizing: border-box;\n    -moz-box-sizing: border-box;\n    box-sizing: border-box;\n}\nform#sib_signup_form_3 p.sib-alert-message-error {\n    background-color: #f2dede;\n    border-color: #ebccd1;\n    color: #a94442;\n}\nform#sib_signup_form_3 p.sib-alert-message-success {\n    background-color: #dff0d8;\n    border-color: #d6e9c6;\n    color: #3c763d;\n}\nform#sib_signup_form_3 p.sib-alert-message-warning {\n    background-color: #fcf8e3;\n    border-color: #faebcc;\n    color: #8a6d3b;\n}\n\t\t\t<\/style>\n\t\t\t    <\/div>\n<\/div>\n\n\n        <div class=\"related-articles custom-block\">\n                    <h2 class=\"related-articles__heading\">L\u00e4s mer om Moderaternas f\u00f6rslag f\u00f6r att bek\u00e4mpa brottsligheten:<\/h2>\n                <div class=\"related-articles__articles\">\n                            <div class=\"related-articles__articles--single\">\n                    \n<div class=\"article-puff\">\n            <a href=\"https:\/\/moderaterna.se\/vastragotaland\/nyhet\/m-i-trollhattan-star-klara-att-ta-over-efter-s\/\">\n            <div class=\"article-puff__background theme__background--dark-blue\">\n                <img decoding=\"async\" width=\"600\" height=\"338\" src=\"https:\/\/moderaterna.se\/app\/uploads\/sites\/18\/2021\/12\/HERO_1920x1080px_bussbaksida_ordning.jpeg\" class=\"article-puff__image\" alt=\"Baksida av Moderaternas kampanjbuss\" srcset=\"https:\/\/moderaterna.se\/app\/uploads\/sites\/18\/2021\/12\/HERO_1920x1080px_bussbaksida_ordning.jpeg 1920w, https:\/\/moderaterna.se\/app\/uploads\/sites\/18\/2021\/12\/HERO_1920x1080px_bussbaksida_ordning-300x169.jpeg 300w, https:\/\/moderaterna.se\/app\/uploads\/sites\/18\/2021\/12\/HERO_1920x1080px_bussbaksida_ordning-1024x576.jpeg 1024w, https:\/\/moderaterna.se\/app\/uploads\/sites\/18\/2021\/12\/HERO_1920x1080px_bussbaksida_ordning-768x432.jpeg 768w, https:\/\/moderaterna.se\/app\/uploads\/sites\/18\/2021\/12\/HERO_1920x1080px_bussbaksida_ordning-1536x864.jpeg 1536w\" sizes=\"(max-width: 600px) 100vw, 600px\" \/>            <\/div>\n        <\/a>\n                <h2 class=\"h4--dark-grey article-puff__heading\">\n        <a href=\"https:\/\/moderaterna.se\/vastragotaland\/nyhet\/m-i-trollhattan-star-klara-att-ta-over-efter-s\/\" class=\"a--dark-grey\">(M) i Trollh\u00e4ttan st\u00e5r klara att ta \u00f6ver efter (S)!<\/a>\n    <\/h2>\n<\/div>                <\/div>\n                            <div class=\"related-articles__articles--single\">\n                    \n<div class=\"article-puff\">\n            <a href=\"https:\/\/moderaterna.se\/vastragotaland\/nyhet\/m-i-trollhattan-star-klara-att-ta-over-efter-s\/\">\n            <div class=\"article-puff__background theme__background--dark-blue\">\n                <img decoding=\"async\" width=\"600\" height=\"338\" src=\"https:\/\/moderaterna.se\/app\/uploads\/sites\/18\/2021\/12\/HERO_1920x1080px_bussbaksida_ordning.jpeg\" class=\"article-puff__image\" alt=\"Baksida av Moderaternas kampanjbuss\" srcset=\"https:\/\/moderaterna.se\/app\/uploads\/sites\/18\/2021\/12\/HERO_1920x1080px_bussbaksida_ordning.jpeg 1920w, https:\/\/moderaterna.se\/app\/uploads\/sites\/18\/2021\/12\/HERO_1920x1080px_bussbaksida_ordning-300x169.jpeg 300w, https:\/\/moderaterna.se\/app\/uploads\/sites\/18\/2021\/12\/HERO_1920x1080px_bussbaksida_ordning-1024x576.jpeg 1024w, https:\/\/moderaterna.se\/app\/uploads\/sites\/18\/2021\/12\/HERO_1920x1080px_bussbaksida_ordning-768x432.jpeg 768w, https:\/\/moderaterna.se\/app\/uploads\/sites\/18\/2021\/12\/HERO_1920x1080px_bussbaksida_ordning-1536x864.jpeg 1536w\" sizes=\"(max-width: 600px) 100vw, 600px\" \/>            <\/div>\n        <\/a>\n                <h2 class=\"h4--dark-grey article-puff__heading\">\n        <a href=\"https:\/\/moderaterna.se\/vastragotaland\/nyhet\/m-i-trollhattan-star-klara-att-ta-over-efter-s\/\" class=\"a--dark-grey\">(M) i Trollh\u00e4ttan st\u00e5r klara att ta \u00f6ver efter (S)!<\/a>\n    <\/h2>\n<\/div>                <\/div>\n                            <div class=\"related-articles__articles--single\">\n                    \n<div class=\"article-puff\">\n            <a href=\"https:\/\/moderaterna.se\/vastragotaland\/nyhet\/m-i-trollhattan-star-klara-att-ta-over-efter-s\/\">\n            <div class=\"article-puff__background theme__background--dark-blue\">\n                <img decoding=\"async\" width=\"600\" height=\"338\" src=\"https:\/\/moderaterna.se\/app\/uploads\/sites\/18\/2021\/12\/HERO_1920x1080px_bussbaksida_ordning.jpeg\" class=\"article-puff__image\" alt=\"Baksida av Moderaternas kampanjbuss\" srcset=\"https:\/\/moderaterna.se\/app\/uploads\/sites\/18\/2021\/12\/HERO_1920x1080px_bussbaksida_ordning.jpeg 1920w, https:\/\/moderaterna.se\/app\/uploads\/sites\/18\/2021\/12\/HERO_1920x1080px_bussbaksida_ordning-300x169.jpeg 300w, https:\/\/moderaterna.se\/app\/uploads\/sites\/18\/2021\/12\/HERO_1920x1080px_bussbaksida_ordning-1024x576.jpeg 1024w, https:\/\/moderaterna.se\/app\/uploads\/sites\/18\/2021\/12\/HERO_1920x1080px_bussbaksida_ordning-768x432.jpeg 768w, https:\/\/moderaterna.se\/app\/uploads\/sites\/18\/2021\/12\/HERO_1920x1080px_bussbaksida_ordning-1536x864.jpeg 1536w\" sizes=\"(max-width: 600px) 100vw, 600px\" \/>            <\/div>\n        <\/a>\n                <h2 class=\"h4--dark-grey article-puff__heading\">\n        <a href=\"https:\/\/moderaterna.se\/vastragotaland\/nyhet\/m-i-trollhattan-star-klara-att-ta-over-efter-s\/\" class=\"a--dark-grey\">(M) i Trollh\u00e4ttan st\u00e5r klara att ta \u00f6ver efter (S)!<\/a>\n    <\/h2>\n<\/div>                <\/div>\n                    <\/div>\n    <\/div>\n\n\n\n","protected":false},"excerpt":{"rendered":"","protected":false},"author":2,"featured_media":0,"parent":0,"menu_order":0,"comment_status":"closed","ping_status":"closed","template":"","meta":{"_acf_changed":false,"_relevanssi_hide_post":"","_relevanssi_hide_content":"","_relevanssi_pin_for_all":"","_relevanssi_pin_keywords":"","_relevanssi_unpin_keywords":"","_relevanssi_related_keywords":"","_relevanssi_related_include_ids":"","_relevanssi_related_exclude_ids":"","_relevanssi_related_no_append":"","_relevanssi_related_not_related":"","_relevanssi_related_posts":"1142,1152,1156,1154,1140,1511","_relevanssi_noindex_reason":"","footnotes":""},"subject":[],"class_list":["post-1545","page","type-page","status-publish","hentry"],"acf":[],"publishpress_future_action":{"enabled":false,"date":"2026-04-14 19:38:19","action":"change-status","newStatus":"draft","terms":[],"taxonomy":"subject"},"_links":{"self":[{"href":"https:\/\/moderaterna.se\/vastragotaland\/wp-json\/wp\/v2\/pages\/1545","targetHints":{"allow":["GET"]}}],"collection":[{"href":"https:\/\/moderaterna.se\/vastragotaland\/wp-json\/wp\/v2\/pages"}],"about":[{"href":"https:\/\/moderaterna.se\/vastragotaland\/wp-json\/wp\/v2\/types\/page"}],"author":[{"embeddable":true,"href":"https:\/\/moderaterna.se\/vastragotaland\/wp-json\/wp\/v2\/users\/2"}],"replies":[{"embeddable":true,"href":"https:\/\/moderaterna.se\/vastragotaland\/wp-json\/wp\/v2\/comments?post=1545"}],"version-history":[{"count":15,"href":"https:\/\/moderaterna.se\/vastragotaland\/wp-json\/wp\/v2\/pages\/1545\/revisions"}],"predecessor-version":[{"id":1614,"href":"https:\/\/moderaterna.se\/vastragotaland\/wp-json\/wp\/v2\/pages\/1545\/revisions\/1614"}],"wp:attachment":[{"href":"https:\/\/moderaterna.se\/vastragotaland\/wp-json\/wp\/v2\/media?parent=1545"}],"wp:term":[{"taxonomy":"subject","embeddable":true,"href":"https:\/\/moderaterna.se\/vastragotaland\/wp-json\/wp\/v2\/subject?post=1545"}],"curies":[{"name":"wp","href":"https:\/\/api.w.org\/{rel}","templated":true}]}}