{"id":82,"date":"2021-10-13T14:29:52","date_gmt":"2021-10-13T12:29:52","guid":{"rendered":"https:\/\/moderaterna.se\/?page_id=82"},"modified":"2026-01-19T13:56:14","modified_gmt":"2026-01-19T12:56:14","slug":"moderaterna-nu-far-vi-ordning-pa-sverige","status":"publish","type":"page","link":"https:\/\/moderaterna.se\/vastmanland\/","title":{"rendered":"Nu f\u00e5r vi ordning p\u00e5 V\u00e4stmanland"},"content":{"rendered":"\n<h1 class=\"wp-block-heading\" id=\"h-\"><\/h1>\n\n\n\n<p><\/p>\n\n\n\n<div class=\"wp-block-buttons is-layout-flex wp-block-buttons-is-layout-flex\">\n<div class=\"wp-block-button\"><a class=\"wp-block-button__link wp-element-button\" href=\"https:\/\/moderaterna.se\/app\/uploads\/sites\/27\/2025\/12\/Rubrik.pdf\">Valsedel f\u00f6r regionvalet antagen 2026<\/a><\/div>\n\n\n\n<div class=\"wp-block-button\"><a class=\"wp-block-button__link wp-element-button\" href=\"https:\/\/moderaterna.se\/app\/uploads\/sites\/27\/2025\/12\/Rubrik-1.pdf\">Valsedel f\u00f6r riksdagsvalet antagen 2026<\/a><\/div>\n<\/div>\n\n\n","protected":false},"excerpt":{"rendered":"","protected":false},"author":9,"featured_media":0,"parent":0,"menu_order":0,"comment_status":"closed","ping_status":"closed","template":"page-templates\/landing-page.php","meta":{"_acf_changed":false,"_relevanssi_hide_post":"","_relevanssi_hide_content":"","_relevanssi_pin_for_all":"","_relevanssi_pin_keywords":"","_relevanssi_unpin_keywords":"","_relevanssi_related_keywords":"","_relevanssi_related_include_ids":"","_relevanssi_related_exclude_ids":"","_relevanssi_related_no_append":"","_relevanssi_related_not_related":"","_relevanssi_related_posts":"526","_relevanssi_noindex_reason":"","footnotes":""},"subject":[],"class_list":["post-82","page","type-page","status-publish","hentry"],"acf":[],"publishpress_future_action":{"enabled":false,"date":"2026-04-24 22:30:34","action":"change-status","newStatus":"draft","terms":[],"taxonomy":"subject"},"_links":{"self":[{"href":"https:\/\/moderaterna.se\/vastmanland\/wp-json\/wp\/v2\/pages\/82","targetHints":{"allow":["GET"]}}],"collection":[{"href":"https:\/\/moderaterna.se\/vastmanland\/wp-json\/wp\/v2\/pages"}],"about":[{"href":"https:\/\/moderaterna.se\/vastmanland\/wp-json\/wp\/v2\/types\/page"}],"author":[{"embeddable":true,"href":"https:\/\/moderaterna.se\/vastmanland\/wp-json\/wp\/v2\/users\/9"}],"replies":[{"embeddable":true,"href":"https:\/\/moderaterna.se\/vastmanland\/wp-json\/wp\/v2\/comments?post=82"}],"version-history":[{"count":68,"href":"https:\/\/moderaterna.se\/vastmanland\/wp-json\/wp\/v2\/pages\/82\/revisions"}],"predecessor-version":[{"id":1520,"href":"https:\/\/moderaterna.se\/vastmanland\/wp-json\/wp\/v2\/pages\/82\/revisions\/1520"}],"wp:attachment":[{"href":"https:\/\/moderaterna.se\/vastmanland\/wp-json\/wp\/v2\/media?parent=82"}],"wp:term":[{"taxonomy":"subject","embeddable":true,"href":"https:\/\/moderaterna.se\/vastmanland\/wp-json\/wp\/v2\/subject?post=82"}],"curies":[{"name":"wp","href":"https:\/\/api.w.org\/{rel}","templated":true}]}}