{"id":647,"date":"2021-12-08T10:12:33","date_gmt":"2021-12-08T09:12:33","guid":{"rendered":"https:\/\/moderaterna.se\/vastmanland\/?page_id=647"},"modified":"2026-01-19T15:22:02","modified_gmt":"2026-01-19T14:22:02","slug":"om-oss","status":"publish","type":"page","link":"https:\/\/moderaterna.se\/vastmanland\/moderaterna-nu-far-vi-ordning-pa-sverige\/om-oss\/","title":{"rendered":"Om oss"},"content":{"rendered":"\n<p>Vi arbetar f\u00f6r ett b\u00e4ttre V\u00e4stmanland. Varmt v\u00e4lkommen att ta <a href=\"https:\/\/moderaterna.se\/dalarna\/kontakta-oss\/\">kontakt med oss<\/a>!<\/p>\n\n\n\n<p><\/p>\n\n\n\n<h2 class=\"wp-block-heading\" id=\"h-europa-parlamenet\"><strong>Europa Parlamenet<\/strong><\/h2>\n\n\n\n<p>Moderaterna i V\u00e4stmanland har en ledamot representerad i Europaparlamentet.<\/p>\n\n\n\n<p><a href=\"https:\/\/www.europarl.europa.eu\/meps\/sv\/197404\/JESSICA_POLFJARD\/home\">Jessica Polfj\u00e4rd<\/a>, V\u00e4ster\u00e5s<\/p>\n\n\n\n<h2 class=\"wp-block-heading\" id=\"h-riksdagen\"><strong>Riksdagen<\/strong><\/h2>\n\n\n\n<p>Moderaterna i V\u00e4stmanland har tv\u00e5 ledam\u00f6ter representerade i Sveriges Riksdag.<\/p>\n\n\n\n<p>Dessa \u00e4r:<\/p>\n\n\n\n<p>Mikael Damsgaard, V\u00e4ster\u00e5s<\/p>\n\n\n\n<p>Caroline H\u00f6gstr\u00f6m, V\u00e4ster\u00e5s <\/p>\n\n\n\n<h3 class=\"wp-block-heading\" id=\"h-regionen\"><strong>Regionen<\/strong><\/h3>\n\n\n\n<p>Moderaterna i V\u00e4stmanland har 16 ledam\u00f6ter representerade i Region V\u00e4stmanland.<\/p>\n\n\n\n<p>Vi har tre regionr\u00e5d i V\u00e4stmanland.<\/p>\n\n\n\n<p>Dessa \u00e4r:<\/p>\n\n\n\n<p>Mikael Andersson Elfgren, V\u00e4ster\u00e5s <\/p>\n\n\n\n<p>Stephanie Bruksg\u00e5rd, V\u00e4ster\u00e5s<\/p>\n\n\n\n<p>Jenny Landern\u00e4s, Hallstahammar<\/p>\n\n\n\n<h3 class=\"wp-block-heading\" id=\"h-vastmanlands-kommunfullmaktigeforsamlingar\"><strong>V\u00e4stmanlands kommunfullm\u00e4ktigef\u00f6rsamlingar<\/strong><\/h3>\n\n\n\n<p>Vi finns representerade i alla kommunfullm\u00e4ktige i l\u00e4net<\/p>\n\n\n\n<p><\/p>\n\n\n<div id=\"listing-block_acf_block_696e3e0ab1560\" class=\"listing custom-block custom-block__full theme__background--pink\">\n    <div class=\"listing__content\">\n                    <h2 class=\"listing__content--title theme__color--purple\">Moderata partif\u00f6reningar i V\u00e4stmanaland<\/h2>\n                        <div class=\"listing__content--list\">\n                                <ul class=\"listing__content--list__standard\">\n                                                    <li>\n                                <a class=\"p--purple\" href=\"https:\/\/moderaterna.se\/vastmanland\/foreningar\/arboga\/\">Arboga<\/a>\n                            <\/li>\n                                                    <li>\n                                <a class=\"p--purple\" href=\"https:\/\/moderaterna.se\/vastmanland\/foreningar\/fagersta\/\">Fagersta<\/a>\n                            <\/li>\n                                                    <li>\n                                <a class=\"p--purple\" href=\"https:\/\/moderaterna.se\/vastmanland\/foreningar\/hallstahammar\/\">Hallstahammar<\/a>\n                            <\/li>\n                                                    <li>\n                                <a class=\"p--purple\" href=\"https:\/\/moderaterna.se\/vastmanland\/foreningar\/kungsor\/\">Kungs\u00f6r<\/a>\n                            <\/li>\n                                                    <li>\n                                <a class=\"p--purple\" href=\"https:\/\/moderaterna.se\/vastmanland\/foreningar\/koping\/\">K\u00f6ping<\/a>\n                            <\/li>\n                                                    <li>\n                                <a class=\"p--purple\" href=\"https:\/\/moderaterna.se\/vastmanland\/foreningar\/norberg\/\">Norberg<\/a>\n                            <\/li>\n                                                    <li>\n                                <a class=\"p--purple\" href=\"https:\/\/moderaterna.se\/vastmanland\/foreningar\/sala\/\">Sala<\/a>\n                            <\/li>\n                                                    <li>\n                                <a class=\"p--purple\" href=\"https:\/\/moderaterna.se\/vastmanland\/foreningar\/skinnskatteberg\/\">Skinnskatteberg<\/a>\n                            <\/li>\n                                                    <li>\n                                <a class=\"p--purple\" href=\"https:\/\/moderaterna.se\/vastmanland\/foreningar\/surahammar\/\">Surahammar<\/a>\n                            <\/li>\n                                                    <li>\n                                <a class=\"p--purple\" href=\"https:\/\/moderaterna.se\/vastmanland\/foreningar\/vasteras\/\">V\u00e4ster\u00e5s<\/a>\n                            <\/li>\n                                            <\/ul>\n                        <\/div>\n    <\/div>\n<\/div>\n","protected":false},"excerpt":{"rendered":"<p>Vi arbetar f\u00f6r ett b\u00e4ttre V\u00e4stmanland. Varmt v\u00e4lkommen att ta kontakt med oss! Europa Parlamenet Moderaterna i V\u00e4stmanland har en ledamot representerad i Europaparlamentet. Jessica Polfj\u00e4rd, V\u00e4ster\u00e5s Riksdagen Moderaterna i V\u00e4stmanland har tv\u00e5 ledam\u00f6ter representerade i Sveriges Riksdag. Dessa \u00e4r: Mikael Damsgaard, V\u00e4ster\u00e5s Caroline H\u00f6gstr\u00f6m, V\u00e4ster\u00e5s Regionen Moderaterna i V\u00e4stmanland har 16 ledam\u00f6ter representerade i [&hellip;]<\/p>\n","protected":false},"author":9,"featured_media":0,"parent":82,"menu_order":0,"comment_status":"closed","ping_status":"closed","template":"","meta":{"_acf_changed":false,"_relevanssi_hide_post":"","_relevanssi_hide_content":"","_relevanssi_pin_for_all":"","_relevanssi_pin_keywords":"","_relevanssi_unpin_keywords":"","_relevanssi_related_keywords":"","_relevanssi_related_include_ids":"","_relevanssi_related_exclude_ids":"","_relevanssi_related_no_append":"","_relevanssi_related_not_related":"","_relevanssi_related_posts":"640,526,642","_relevanssi_noindex_reason":"","footnotes":""},"subject":[],"class_list":["post-647","page","type-page","status-publish","hentry"],"acf":[],"publishpress_future_action":{"enabled":false,"date":"2026-04-22 07:16:27","action":"change-status","newStatus":"draft","terms":[],"taxonomy":"subject"},"_links":{"self":[{"href":"https:\/\/moderaterna.se\/vastmanland\/wp-json\/wp\/v2\/pages\/647","targetHints":{"allow":["GET"]}}],"collection":[{"href":"https:\/\/moderaterna.se\/vastmanland\/wp-json\/wp\/v2\/pages"}],"about":[{"href":"https:\/\/moderaterna.se\/vastmanland\/wp-json\/wp\/v2\/types\/page"}],"author":[{"embeddable":true,"href":"https:\/\/moderaterna.se\/vastmanland\/wp-json\/wp\/v2\/users\/9"}],"replies":[{"embeddable":true,"href":"https:\/\/moderaterna.se\/vastmanland\/wp-json\/wp\/v2\/comments?post=647"}],"version-history":[{"count":27,"href":"https:\/\/moderaterna.se\/vastmanland\/wp-json\/wp\/v2\/pages\/647\/revisions"}],"predecessor-version":[{"id":1513,"href":"https:\/\/moderaterna.se\/vastmanland\/wp-json\/wp\/v2\/pages\/647\/revisions\/1513"}],"up":[{"embeddable":true,"href":"https:\/\/moderaterna.se\/vastmanland\/wp-json\/wp\/v2\/pages\/82"}],"wp:attachment":[{"href":"https:\/\/moderaterna.se\/vastmanland\/wp-json\/wp\/v2\/media?parent=647"}],"wp:term":[{"taxonomy":"subject","embeddable":true,"href":"https:\/\/moderaterna.se\/vastmanland\/wp-json\/wp\/v2\/subject?post=647"}],"curies":[{"name":"wp","href":"https:\/\/api.w.org\/{rel}","templated":true}]}}