{"id":630,"date":"2021-12-08T09:50:43","date_gmt":"2021-12-08T08:50:43","guid":{"rendered":"https:\/\/moderaterna.se\/vastmanland\/?page_id=630"},"modified":"2025-08-17T16:16:09","modified_gmt":"2025-08-17T14:16:09","slug":"forbundskansliet","status":"publish","type":"page","link":"https:\/\/moderaterna.se\/vastmanland\/moderaterna-nu-far-vi-ordning-pa-sverige\/om-oss\/forbundskansliet\/","title":{"rendered":"F\u00f6rbundskansliet"},"content":{"rendered":"\n<p>Vi har v\u00e5r f\u00f6rbundsexpedition i V\u00e4ster\u00e5s.<\/p>\n\n\n\n<p>Adress:<br>Vasagatan 20A, 721 00 V\u00e4ster\u00e5s<\/p>\n\n\n\n<p>Tel: <\/p>\n\n\n\n<p>Mail: <a href=\"mailto:dalarna@moderaterna.se\" target=\"_blank\" rel=\"noreferrer noopener\">vastmanland@moderaterna.se<\/a><\/p>\n","protected":false},"excerpt":{"rendered":"<p>Vi har v\u00e5r f\u00f6rbundsexpedition i V\u00e4ster\u00e5s. Adress:Vasagatan 20A, 721 00 V\u00e4ster\u00e5s Tel: Mail: vastmanland@moderaterna.se<\/p>\n","protected":false},"author":9,"featured_media":0,"parent":647,"menu_order":0,"comment_status":"closed","ping_status":"closed","template":"","meta":{"_acf_changed":false,"_relevanssi_hide_post":"","_relevanssi_hide_content":"","_relevanssi_pin_for_all":"","_relevanssi_pin_keywords":"","_relevanssi_unpin_keywords":"","_relevanssi_related_keywords":"","_relevanssi_related_include_ids":"","_relevanssi_related_exclude_ids":"","_relevanssi_related_no_append":"","_relevanssi_related_not_related":"","_relevanssi_related_posts":"526","_relevanssi_noindex_reason":"","footnotes":""},"subject":[],"class_list":["post-630","page","type-page","status-publish","hentry"],"acf":[],"publishpress_future_action":{"enabled":false,"date":"2026-04-22 07:17:40","action":"change-status","newStatus":"draft","terms":[],"taxonomy":"subject"},"_links":{"self":[{"href":"https:\/\/moderaterna.se\/vastmanland\/wp-json\/wp\/v2\/pages\/630","targetHints":{"allow":["GET"]}}],"collection":[{"href":"https:\/\/moderaterna.se\/vastmanland\/wp-json\/wp\/v2\/pages"}],"about":[{"href":"https:\/\/moderaterna.se\/vastmanland\/wp-json\/wp\/v2\/types\/page"}],"author":[{"embeddable":true,"href":"https:\/\/moderaterna.se\/vastmanland\/wp-json\/wp\/v2\/users\/9"}],"replies":[{"embeddable":true,"href":"https:\/\/moderaterna.se\/vastmanland\/wp-json\/wp\/v2\/comments?post=630"}],"version-history":[{"count":4,"href":"https:\/\/moderaterna.se\/vastmanland\/wp-json\/wp\/v2\/pages\/630\/revisions"}],"predecessor-version":[{"id":1314,"href":"https:\/\/moderaterna.se\/vastmanland\/wp-json\/wp\/v2\/pages\/630\/revisions\/1314"}],"up":[{"embeddable":true,"href":"https:\/\/moderaterna.se\/vastmanland\/wp-json\/wp\/v2\/pages\/647"}],"wp:attachment":[{"href":"https:\/\/moderaterna.se\/vastmanland\/wp-json\/wp\/v2\/media?parent=630"}],"wp:term":[{"taxonomy":"subject","embeddable":true,"href":"https:\/\/moderaterna.se\/vastmanland\/wp-json\/wp\/v2\/subject?post=630"}],"curies":[{"name":"wp","href":"https:\/\/api.w.org\/{rel}","templated":true}]}}