{"id":27,"date":"2021-10-13T13:02:18","date_gmt":"2021-10-13T11:02:18","guid":{"rendered":"https:\/\/moderaterna.se\/?page_id=27"},"modified":"2025-08-17T14:44:34","modified_gmt":"2025-08-17T12:44:34","slug":"kontakta-oss","status":"publish","type":"page","link":"https:\/\/moderaterna.se\/vastmanland\/kontakta-oss\/","title":{"rendered":"Kontakta oss"},"content":{"rendered":"\n<div id=\"contact-form-block_acf_block_68a1ceb17082d\" class=\"contact-form custom-block custom-block__full theme__background--blue theme__color--dark-blue\"\n    data-selected-email=\"vastmanland@moderaterna.se\">\n    <div class=\"contact-form__content\">\n        <h2 class=\"contact-form__heading\">\n            Kontakta Moderaterna i V\u00e4stmanland        <\/h2>\n                    <div class=\"contact-form__info\">\n                                    <div class=\"contact-form__info--block\">\n                        <svg xmlns=\"http:\/\/www.w3.org\/2000\/svg\" width=\"48\" height=\"48\" viewBox=\"0 0 48 48\" aria-hidden=\"true\" class=\"contact-form__info--block__icon\"><rect data-name=\"Area [SIZE:MEDIUM][STATE:DEFAULT][STYLE:STYLE3]\" width=\"48\" height=\"48\" rx=\"24\" fill=\"#213a8f\"\/><path d=\"M32.333 28.1v2.5a1.667 1.667 0 0 1-1.816 1.667 16.488 16.488 0 0 1-7.192-2.559 16.24 16.24 0 0 1-5-5 16.488 16.488 0 0 1-2.558-7.225 1.667 1.667 0 0 1 1.658-1.816h2.5a1.666 1.666 0 0 1 1.667 1.433 10.68 10.68 0 0 0 .583 2.342A1.665 1.665 0 0 1 21.8 21.2l-1.058 1.058a13.319 13.319 0 0 0 5 5L26.8 26.2a1.665 1.665 0 0 1 1.758-.375 10.68 10.68 0 0 0 2.342.583 1.667 1.667 0 0 1 1.433 1.692z\" fill=\"#93d5f6\" data-name=\"Icon\"\/><\/svg>                        <p class=\"contact-form__info--block__label\">\n                            Telefon:\n                        <\/p>\n                        <p class=\"contact-form__info--block__value\">\n                            0700000000                        <\/p>\n                    <\/div>\n                                    <div class=\"contact-form__info--block\">\n                        <svg xmlns=\"http:\/\/www.w3.org\/2000\/svg\" width=\"48\" height=\"48\" viewBox=\"0 0 48 48\" aria-hidden=\"true\" class=\"contact-form__info--block__icon\"><rect data-name=\"Area [SIZE:MEDIUM][STATE:DEFAULT][STYLE:STYLE3]\" width=\"48\" height=\"48\" rx=\"24\" fill=\"#213a8f\"\/><path data-name=\"Icon ionic-md-mail\" d=\"M31.388 16.829H16.612a1.743 1.743 0 0 0-1.738 1.738v10.865a1.743 1.743 0 0 0 1.738 1.738h14.776a1.743 1.743 0 0 0 1.736-1.738V18.567a1.743 1.743 0 0 0-1.736-1.738zm-.217 3.694L24 25.304l-7.17-4.781v-1.738l7.171 4.781 7.171-4.781z\" fill=\"#93d5f6\"\/><\/svg>                        <p class=\"contact-form__info--block__label\">\n                            Postadress:\n                        <\/p>\n                        <p class=\"contact-form__info--block__value\">\n                            Adress 1<br \/>\r\nAdress 2                        <\/p>\n                    <\/div>\n                                    <div class=\"contact-form__info--block\">\n                        <svg xmlns=\"http:\/\/www.w3.org\/2000\/svg\" width=\"48\" height=\"48\" viewBox=\"0 0 48 48\" aria-hidden=\"true\" class=\"contact-form__info--block__icon\"><rect data-name=\"Area [SIZE:MEDIUM][STATE:DEFAULT][STYLE:STYLE3]\" width=\"48\" height=\"48\" rx=\"24\" fill=\"#213a8f\"\/><path data-name=\"Icon material-location-on\" d=\"M24 14a7 7 0 0 0-7 7c0 5.25 7 13 7 13s7-7.75 7-13a7 7 0 0 0-7-7zm0 9.5a2.5 2.5 0 1 1 2.5-2.5 2.5 2.5 0 0 1-2.5 2.5z\" fill=\"#93d5f6\"\/><\/svg>                        <p class=\"contact-form__info--block__label\">\n                            Bes\u00f6ksadress:\n                        <\/p>\n                        <p class=\"contact-form__info--block__value\">\n                            Adress 1<br \/>\r\nAdress 2                        <\/p>\n                    <\/div>\n                            <\/div>\n                <div class=\"contact-form__form--wrapper\">\n            <h3 class=\"contact-form__form--heading\">Har du fr\u00e5gor till oss? Vars\u00e5god att anv\u00e4nda formul\u00e4ret.<\/h3>\n            <form @submit.prevent=\"handleSubmit\" class=\"contact-form__form\" method=\"POST\">\n                <label class=\"show-for-sr\" for=\"contact-form-block_acf_block_68a1ceb17082d__first-name\">\n                    F\u00f6rnamn\n                <\/label>\n                <input v-model=\"firstName\" class=\"half\" type=\"text\" name=\"firstName\" id=\"contact-form-block_acf_block_68a1ceb17082d__first-name\"\n                    placeholder=\"F\u00f6rnamn\" autocomplete=\"given-name\" required>\n\n                <label class=\"show-for-sr\" for=\"contact-form-block_acf_block_68a1ceb17082d__last-name\">\n                    Efternamn\n                <\/label>\n                <input v-model=\"lastName\" class=\"half\" type=\"text\" name=\"lastName\" id=\"contact-form-block_acf_block_68a1ceb17082d__last-name\"\n                    placeholder=\"Efternamn\" autocomplete=\"family-name\" required>\n\n                <label class=\"show-for-sr\" for=\"contact-form-block_acf_block_68a1ceb17082d__email\">\n                    E-post\n                <\/label>\n                <input v-model=\"email\" type=\"email\" name=\"email\" id=\"contact-form-block_acf_block_68a1ceb17082d__email\" \n                    placeholder=\"E-post\" autocomplete=\"email\" required>\n\n                \n                <label class=\"show-for-sr\" for=\"contact-form-block_acf_block_68a1ceb17082d__question\">\n                    Din fr\u00e5ga\n                <\/label>\n                <textarea v-model=\"question\" rows=\"5\" name=\"question\" id=\"contact-form-block_acf_block_68a1ceb17082d__question\" placeholder=\"Din fr\u00e5ga\" required><\/textarea>\n\n                <label class=\"contact-form__checkbox checkbox\" for=\"contact-form-block_acf_block_68a1ceb17082d__terms\">\n                    <input v-model=\"terms\" class=\"show-for-sr\" type=\"checkbox\" name=\"terms\" id=\"contact-form-block_acf_block_68a1ceb17082d__terms\" required\/>\n                    <span aria-hidden=\"true\" class=\"checkbox__checkmark\">\n                        <svg xmlns=\"http:\/\/www.w3.org\/2000\/svg\" width=\"13.203\" height=\"9.547\" viewBox=\"0 0 13.203 9.547\" aria-hidden=\"true\"><path data-name=\"Icon feather-check\" d=\"M11.789 1.414L4.656 8.547 1.414 5.305\" fill=\"none\" stroke=\"#93d5f6\" stroke-linecap=\"round\" stroke-linejoin=\"round\" stroke-width=\"2\"\/><\/svg>                    <\/span>\n                    Jag godk\u00e4nner att Moderaterna sparar mina personuppgifter\n                                            <a class=\"checkbox__link\" href=\"https:\/\/moderaterna.se\/vastmanland\/integritetspolicy\/\">L\u00e4s mer om hur vi hanterar dina personuppgifter<\/a>\n                                    <\/label>\n\n                <button type=\"submit\">\n                    <svg xmlns=\"http:\/\/www.w3.org\/2000\/svg\" data-name=\"Icon ionic-ios-arrow-round-forward\" width=\"17.168\" height=\"11.45\" viewBox=\"0 0 17.168 11.45\" aria-hidden=\"true\"><path data-name=\"Icon ionic-ios-arrow-round-forward\" d=\"M10.948.219a.779.779 0 0 0-.006 1.1l3.626 3.629H.769a.775.775 0 0 0 0 1.55h13.793l-3.626 3.632a.785.785 0 0 0 .006 1.1.772.772 0 0 0 1.091-.006l4.914-4.949a.871.871 0 0 0 .161-.244.74.74 0 0 0 .06-.3.777.777 0 0 0-.221-.543L12.033.239a.76.76 0 0 0-1.085-.02z\" fill=\"#213a8f\"\/><\/svg>                    Skicka fr\u00e5ga\n                <\/button>\n\n                <p v-show=\"messageActive\" style=\"display:none;\" aria-live=\"polite\" class=\"contact-form__message\" :class=\"error ? 'error' : ''\">\n                    {{message}}\n                <\/p>\n            <\/form>\n        <\/div>\n    <\/div>\n<\/div>\n\n<div id=\"listing-block_acf_block_68a1ceb17097f\" class=\"listing custom-block custom-block__full theme__background--pink\">\n    <div class=\"listing__content\">\n                    <h2 class=\"listing__content--title theme__color--purple\">F\u00f6reningar i Moderaterna i V\u00e4stmanland<\/h2>\n                        <div class=\"listing__content--list\">\n                                <ul class=\"listing__content--list__standard\">\n                                                    <li>\n                                <a class=\"p--purple\" href=\"https:\/\/moderaterna.se\/vastmanland\/foreningar\/arboga\/\">Arboga<\/a>\n                            <\/li>\n                                                    <li>\n                                <a class=\"p--purple\" href=\"https:\/\/moderaterna.se\/vastmanland\/foreningar\/fagersta\/\">Fagersta<\/a>\n                            <\/li>\n                                                    <li>\n                                <a class=\"p--purple\" href=\"https:\/\/moderaterna.se\/vastmanland\/foreningar\/hallstahammar\/\">Hallstahammar<\/a>\n                            <\/li>\n                                                    <li>\n                                <a class=\"p--purple\" href=\"https:\/\/moderaterna.se\/vastmanland\/foreningar\/kungsor\/\">Kungs\u00f6r<\/a>\n                            <\/li>\n                                                    <li>\n                                <a class=\"p--purple\" href=\"https:\/\/moderaterna.se\/vastmanland\/foreningar\/koping\/\">K\u00f6ping<\/a>\n                            <\/li>\n                                                    <li>\n                                <a class=\"p--purple\" href=\"https:\/\/moderaterna.se\/vastmanland\/foreningar\/norberg\/\">Norberg<\/a>\n                            <\/li>\n                                                    <li>\n                                <a class=\"p--purple\" href=\"https:\/\/moderaterna.se\/vastmanland\/foreningar\/sala\/\">Sala<\/a>\n                            <\/li>\n                                                    <li>\n                                <a class=\"p--purple\" href=\"https:\/\/moderaterna.se\/vastmanland\/foreningar\/skinnskatteberg\/\">Skinnskatteberg<\/a>\n                            <\/li>\n                                                    <li>\n                                <a class=\"p--purple\" href=\"https:\/\/moderaterna.se\/vastmanland\/foreningar\/surahammar\/\">Surahammar<\/a>\n                            <\/li>\n                                                    <li>\n                                <a class=\"p--purple\" href=\"https:\/\/moderaterna.se\/vastmanland\/foreningar\/vasteras\/\">V\u00e4ster\u00e5s<\/a>\n                            <\/li>\n                                            <\/ul>\n                        <\/div>\n    <\/div>\n<\/div>\n","protected":false},"excerpt":{"rendered":"","protected":false},"author":9,"featured_media":0,"parent":0,"menu_order":5,"comment_status":"closed","ping_status":"closed","template":"","meta":{"_acf_changed":false,"_relevanssi_hide_post":"","_relevanssi_hide_content":"","_relevanssi_pin_for_all":"","_relevanssi_pin_keywords":"","_relevanssi_unpin_keywords":"","_relevanssi_related_keywords":"","_relevanssi_related_include_ids":"","_relevanssi_related_exclude_ids":"","_relevanssi_related_no_append":"","_relevanssi_related_not_related":"","_relevanssi_related_posts":"526","_relevanssi_noindex_reason":"","footnotes":""},"subject":[],"class_list":["post-27","page","type-page","status-publish","hentry"],"acf":[],"publishpress_future_action":{"enabled":false,"date":"2026-04-22 07:16:23","action":"change-status","newStatus":"draft","terms":[],"taxonomy":"subject"},"_links":{"self":[{"href":"https:\/\/moderaterna.se\/vastmanland\/wp-json\/wp\/v2\/pages\/27","targetHints":{"allow":["GET"]}}],"collection":[{"href":"https:\/\/moderaterna.se\/vastmanland\/wp-json\/wp\/v2\/pages"}],"about":[{"href":"https:\/\/moderaterna.se\/vastmanland\/wp-json\/wp\/v2\/types\/page"}],"author":[{"embeddable":true,"href":"https:\/\/moderaterna.se\/vastmanland\/wp-json\/wp\/v2\/users\/9"}],"replies":[{"embeddable":true,"href":"https:\/\/moderaterna.se\/vastmanland\/wp-json\/wp\/v2\/comments?post=27"}],"version-history":[{"count":10,"href":"https:\/\/moderaterna.se\/vastmanland\/wp-json\/wp\/v2\/pages\/27\/revisions"}],"predecessor-version":[{"id":1320,"href":"https:\/\/moderaterna.se\/vastmanland\/wp-json\/wp\/v2\/pages\/27\/revisions\/1320"}],"wp:attachment":[{"href":"https:\/\/moderaterna.se\/vastmanland\/wp-json\/wp\/v2\/media?parent=27"}],"wp:term":[{"taxonomy":"subject","embeddable":true,"href":"https:\/\/moderaterna.se\/vastmanland\/wp-json\/wp\/v2\/subject?post=27"}],"curies":[{"name":"wp","href":"https:\/\/api.w.org\/{rel}","templated":true}]}}