{"id":1470,"date":"2026-01-19T11:49:44","date_gmt":"2026-01-19T10:49:44","guid":{"rendered":"https:\/\/moderaterna.se\/vastmanland\/?page_id=1470"},"modified":"2026-02-10T09:54:03","modified_gmt":"2026-02-10T08:54:03","slug":"test-region","status":"publish","type":"page","link":"https:\/\/moderaterna.se\/vastmanland\/nyheter\/test-region\/","title":{"rendered":"Regionpolitik"},"content":{"rendered":"\n<p><strong>TILLSAMMANS G\u00d6R VI V\u00c4STMANLAND TILL SVERIGES B\u00c4STA REGION<\/strong>&nbsp;<\/p>\n\n\n\n<p>V\u00e4stmanland ska vara en region d\u00e4r samh\u00e4llskontraktet h\u00e5ller.&nbsp;En region d\u00e4r&nbsp;du kan lita p\u00e5 att&nbsp;sjukv\u00e5rden finns n\u00e4r du beh\u00f6ver den,&nbsp;att t\u00e5gen g\u00e5r n\u00e4r du ska till jobbet,&nbsp;att skattepengar anv\u00e4nds med respekt och att du kan leva ditt liv&nbsp;i&nbsp;frihet, trygghet och framtidstro.&nbsp;<\/p>\n\n\n\n<p>V\u00e4stmanland&nbsp;ska&nbsp;fungera&nbsp;och vi g\u00e5r till val&nbsp;med&nbsp;en tydlig id\u00e9:&nbsp;<\/p>\n\n\n\n<ul class=\"wp-block-list\">\n<li>Vi ser m\u00e4nniskan bakom behovet. Patienter ska inte fastna i k\u00f6er,&nbsp;barn ska f\u00e5 st\u00f6d i tid&nbsp;samt&nbsp;\u00e4ldre ska m\u00f6tas med trygghet&nbsp;och respekt. Medarbetare ska kunna g\u00e5 till jobbet utan att slitas ut eller vara&nbsp;oroliga f\u00f6r hot och v\u00e5ld.&nbsp;<\/li>\n<\/ul>\n\n\n\n<ul class=\"wp-block-list\">\n<li>Vi vet att b\u00e4ttre resultat kr\u00e4ver&nbsp;effektiv&nbsp;styrning&nbsp;och engagerade medarbetare. Kortare k\u00f6er byggs med kunniga kollegor, b\u00e4ttre planering, mindre administration och smartare samarbeten,&nbsp;inte med tomma l\u00f6ften.&nbsp;<\/li>\n<\/ul>\n\n\n\n<ul class=\"wp-block-list\">\n<li>Vi v\u00e5gar prioritera. Vi s\u00e4tter&nbsp;regionens k\u00e4rnuppgifter&nbsp;f\u00f6rst. Vi st\u00e4ller krav. Vi tar strid f\u00f6r ordning i ekonomin och trygghet i vardagen. Och vi accepterar inte att V\u00e4stmanland hamnar&nbsp;efter.&nbsp;<\/li>\n<\/ul>\n\n\n\n<p><strong>V\u00e5rt l\u00f6fte till v\u00e4stmanl\u00e4nningarna<\/strong>&nbsp;<\/p>\n\n\n\n<p>Vi lovar att h\u00e5lla fokus p\u00e5 det som \u00e4r&nbsp;allra&nbsp;viktigast:&nbsp;<\/p>\n\n\n\n<p><strong>V\u00e5rd i tid<\/strong>&nbsp;<\/p>\n\n\n\n<p>V\u00e5rdk\u00f6er ska bort. V\u00e5rdgarantin ska vara v\u00e4rd namnet&nbsp;och kan inte regionen leverera v\u00e5rd i tid ska du ha m\u00f6jlighet att s\u00f6ka v\u00e5rd i hela Sverige.&nbsp;V\u00e5rdcentralerna&nbsp;ska vara l\u00e4tta&nbsp;att n\u00e5 och&nbsp;vid&nbsp;psykisk&nbsp;oh\u00e4lsa&nbsp;ska&nbsp;du&nbsp;f\u00e5&nbsp;snabb hj\u00e4lp. Patientens st\u00e4llning ska st\u00e4rkas och valfriheten v\u00e4rnas.&nbsp;En garanti ska inf\u00f6ras f\u00f6r att v\u00e5rdanst\u00e4llda ska f\u00e5 mer tid med patienterna&nbsp;och sj\u00e4lvklart ska v\u00e5rdpersonalen kunna svenska.&nbsp;<\/p>\n\n\n\n<p><strong>Trygghet i vardagen<\/strong>&nbsp;<\/p>\n\n\n\n<p>Trygghet ska finnas i kollektivtrafiken, p\u00e5 sjukhusomr\u00e5den och i hela&nbsp;V\u00e4stmanland. Hot och v\u00e5ld ska m\u00f6tas med nolltolerans. Regionens milj\u00f6er ska vara s\u00e4kra och professionella&nbsp;och n\u00e4r krisen sl\u00e5r till ska regionen st\u00e5 robust.&nbsp;<\/p>\n\n\n\n<p><strong>Respekt f\u00f6r skattepengarna<\/strong>&nbsp;<\/p>\n\n\n\n<p>Ordning&nbsp;p\u00e5&nbsp;ekonomin \u00e4r en f\u00f6ruts\u00e4ttning f\u00f6r b\u00e4ttre v\u00e5rd. Vi vill skapa mer v\u00e5rd f\u00f6r pengarna genom mindre sl\u00f6seri,&nbsp;mindre administration,&nbsp;tydliga prioriteringar&nbsp;och&nbsp;smartare arbetss\u00e4tt.&nbsp;<\/p>\n\n\n\n<p><strong>Ett v\u00e4xande V\u00e4stmanland<\/strong>&nbsp;<\/p>\n\n\n\n<p>B\u00e4ttre infrastruktur, starkare energif\u00f6rs\u00f6rjning och en modern kollektivtrafik ska g\u00f6ra det l\u00e4ttare att bo och arbeta i hela V\u00e4stmanland. Vi ska&nbsp;s\u00e4kerst\u00e4lla att n\u00e4ringslivet kan utvecklas, v\u00e4rna landsbygden och driva en gr\u00f6n omst\u00e4llning med l\u00f6sningar inte symbolpolitik.&nbsp;<\/p>\n\n\n\n<p><strong>Ett val om riktning<\/strong>&nbsp;<\/p>\n\n\n\n<p>Valet 2026 handlar i grunden om vilket V\u00e4stmanland vi vill ha,&nbsp;ett V\u00e4stmanland d\u00e4r k\u00f6er och otrygghet till\u00e5ts bita sig fast eller ett V\u00e4stmanland d\u00e4r vi tar ansvar, g\u00f6r jobbet och levererar resultat.&nbsp;Moderaterna \u00e4r redo att forts\u00e4tta leda Region V\u00e4stmanland med hj\u00e4rta, hj\u00e4rna och ryggrad. Vi tror p\u00e5 m\u00e4nniskans&nbsp;kraft, p\u00e5 h\u00e5rt arbete och p\u00e5 att samh\u00e4llet ska fungera f\u00f6r&nbsp;f\u00f6r&nbsp;alla.&nbsp;&nbsp;<\/p>\n\n\n\n<p>Nu tar vi n\u00e4sta steg \u2013 f\u00f6r ett V\u00e4stmanland som&nbsp;fungerar och&nbsp;utvecklas till&nbsp;Sveriges b\u00e4sta&nbsp;region.<\/p>\n","protected":false},"excerpt":{"rendered":"<p>TILLSAMMANS G\u00d6R VI V\u00c4STMANLAND TILL SVERIGES B\u00c4STA REGION&nbsp; V\u00e4stmanland ska vara en region d\u00e4r samh\u00e4llskontraktet h\u00e5ller.&nbsp;En region d\u00e4r&nbsp;du kan lita p\u00e5 att&nbsp;sjukv\u00e5rden finns n\u00e4r du beh\u00f6ver den,&nbsp;att t\u00e5gen g\u00e5r n\u00e4r du ska till jobbet,&nbsp;att skattepengar anv\u00e4nds med respekt och att du kan leva ditt liv&nbsp;i&nbsp;frihet, trygghet och framtidstro.&nbsp; V\u00e4stmanland&nbsp;ska&nbsp;fungera&nbsp;och vi g\u00e5r till val&nbsp;med&nbsp;en tydlig id\u00e9:&nbsp; [&hellip;]<\/p>\n","protected":false},"author":133,"featured_media":0,"parent":756,"menu_order":0,"comment_status":"closed","ping_status":"closed","template":"page-templates\/landing-page.php","meta":{"_acf_changed":false,"_relevanssi_hide_post":"","_relevanssi_hide_content":"","_relevanssi_pin_for_all":"","_relevanssi_pin_keywords":"","_relevanssi_unpin_keywords":"","_relevanssi_related_keywords":"","_relevanssi_related_include_ids":"","_relevanssi_related_exclude_ids":"","_relevanssi_related_no_append":"","_relevanssi_related_not_related":"","_relevanssi_related_posts":"","_relevanssi_noindex_reason":"","footnotes":""},"subject":[],"class_list":["post-1470","page","type-page","status-publish","hentry"],"acf":[],"publishpress_future_action":{"enabled":false,"date":"2026-04-22 07:17:40","action":"change-status","newStatus":"draft","terms":[],"taxonomy":"subject"},"_links":{"self":[{"href":"https:\/\/moderaterna.se\/vastmanland\/wp-json\/wp\/v2\/pages\/1470","targetHints":{"allow":["GET"]}}],"collection":[{"href":"https:\/\/moderaterna.se\/vastmanland\/wp-json\/wp\/v2\/pages"}],"about":[{"href":"https:\/\/moderaterna.se\/vastmanland\/wp-json\/wp\/v2\/types\/page"}],"author":[{"embeddable":true,"href":"https:\/\/moderaterna.se\/vastmanland\/wp-json\/wp\/v2\/users\/133"}],"replies":[{"embeddable":true,"href":"https:\/\/moderaterna.se\/vastmanland\/wp-json\/wp\/v2\/comments?post=1470"}],"version-history":[{"count":14,"href":"https:\/\/moderaterna.se\/vastmanland\/wp-json\/wp\/v2\/pages\/1470\/revisions"}],"predecessor-version":[{"id":1547,"href":"https:\/\/moderaterna.se\/vastmanland\/wp-json\/wp\/v2\/pages\/1470\/revisions\/1547"}],"up":[{"embeddable":true,"href":"https:\/\/moderaterna.se\/vastmanland\/wp-json\/wp\/v2\/pages\/756"}],"wp:attachment":[{"href":"https:\/\/moderaterna.se\/vastmanland\/wp-json\/wp\/v2\/media?parent=1470"}],"wp:term":[{"taxonomy":"subject","embeddable":true,"href":"https:\/\/moderaterna.se\/vastmanland\/wp-json\/wp\/v2\/subject?post=1470"}],"curies":[{"name":"wp","href":"https:\/\/api.w.org\/{rel}","templated":true}]}}