{"id":880,"date":"2022-01-15T16:23:13","date_gmt":"2022-01-15T15:23:13","guid":{"rendered":"https:\/\/moderaterna.se\/vasterbotten\/?page_id=880"},"modified":"2026-01-09T09:09:59","modified_gmt":"2026-01-09T08:09:59","slug":"budget","status":"publish","type":"page","link":"https:\/\/moderaterna.se\/vasterbotten\/budget\/","title":{"rendered":"Budget"},"content":{"rendered":"\n<p>Alliansens budgetf\u00f6rslag f\u00f6r regionen \u00e5r 2026<br><br><\/p>\n\n\n<!DOCTYPE html PUBLIC \"-\/\/W3C\/\/DTD HTML 4.0 Transitional\/\/EN\" \"http:\/\/www.w3.org\/TR\/REC-html40\/loose.dtd\">\n<?xml encoding=\"utf-8\" ?><html><body><div data-wp-interactive=\"core\/file\" class=\"wp-block-file\"><object data-wp-bind--hidden=\"!state.hasPdfPreview\" hidden class=\"wp-block-file__embed\" data=\"https:\/\/moderaterna.se\/app\/uploads\/sites\/17\/2026\/01\/Regionplan-Allians-ver-251020-final-RS.pdf\" type=\"application\/pdf\" style=\"width:100%;height:600px\" aria-label=\"Inb&auml;ddning av Regionplan-Allians-ver-261020-final-RS.\"><\/object><a id=\"wp-block-file--media-fe337a0a-58a0-4e55-a280-fd983160db4e\" href=\"https:\/\/moderaterna.se\/app\/uploads\/sites\/17\/2026\/01\/Regionplan-Allians-ver-251020-final-RS.pdf\">Regionplan-Allians-ver-261020-final-RS<\/a><a href=\"https:\/\/moderaterna.se\/app\/uploads\/sites\/17\/2026\/01\/Regionplan-Allians-ver-251020-final-RS.pdf\" class=\"wp-block-file__button wp-element-button\" download aria-describedby=\"wp-block-file--media-fe337a0a-58a0-4e55-a280-fd983160db4e\"><span class=\"show-for-sr\">Ladda ner<\/span><svg xmlns=\"http:\/\/www.w3.org\/2000\/svg\" data-name=\"Icon metro-file-pdf\" width=\"26.442\" height=\"30.849\" viewBox=\"0 0 26.442 30.849\"><path data-name=\"Icon metro-file-pdf\" d=\"M25.271 6.542a4.006 4.006 0 0 1 .826 1.308 3.973 3.973 0 0 1 .344 1.515v19.832a1.646 1.646 0 0 1-1.653 1.653H1.652A1.646 1.646 0 0 1 0 29.197V1.653A1.646 1.646 0 0 1 1.652-.003h15.425a3.974 3.974 0 0 1 1.515.344 4.006 4.006 0 0 1 1.308.826zm-7.642-4.2v6.473h6.473a1.881 1.881 0 0 0-.379-.706L18.329 2.72a1.88 1.88 0 0 0-.706-.379zm6.61 26.3V11.018h-7.162a1.646 1.646 0 0 1-1.653-1.653V2.204H2.203v26.442h22.035zM15.39 18.437a13.1 13.1 0 0 0 1.446.964 17.082 17.082 0 0 1 2.014-.121q2.531 0 3.047.844a.832.832 0 0 1 .034.9.05.05 0 0 1-.017.034l-.034.034v.017q-.1.654-1.222.654a7.1 7.1 0 0 1-1.98-.344 12.552 12.552 0 0 1-2.238-.912 31 31 0 0 0-6.748 1.429q-2.634 4.51-4.166 4.51a1 1 0 0 1-.482-.121l-.415-.21q-.017-.017-.1-.086a.711.711 0 0 1-.1-.62 3.738 3.738 0 0 1 .964-1.575 8.319 8.319 0 0 1 2.272-1.661.251.251 0 0 1 .4.1.1.1 0 0 1 .034.069q.9-1.463 1.842-3.391a26.274 26.274 0 0 0 1.79-4.51 13.916 13.916 0 0 1-.525-2.746 6.693 6.693 0 0 1 .112-2.195q.189-.689.723-.689h.379a.726.726 0 0 1 .6.258 1.375 1.375 0 0 1 .155 1.171.373.373 0 0 1-.069.138.448.448 0 0 1 .017.138v.516a22.542 22.542 0 0 1-.241 3.305 8.709 8.709 0 0 0 2.513 4.1zm-9.916 7.075a7.6 7.6 0 0 0 2.355-2.715 9.813 9.813 0 0 0-1.5 1.442 5.722 5.722 0 0 0-.855 1.273zm6.855-15.837a5.119 5.119 0 0 0-.034 2.272q.017-.121.121-.757 0-.052.121-.74a.387.387 0 0 1 .069-.138.05.05 0 0 1-.017-.034.035.035 0 0 0-.009-.026.035.035 0 0 1-.009-.026.991.991 0 0 0-.224-.62.05.05 0 0 1-.017.034v.034zm-2.138 11.379a25.25 25.25 0 0 1 4.889-1.394 2.6 2.6 0 0 1-.224-.164 3.083 3.083 0 0 1-.275-.232 9.119 9.119 0 0 1-2.186-3.03 23 23 0 0 1-1.429 3.391q-.516.964-.775 1.429zm11.121-.275a4.12 4.12 0 0 0-2.41-.413 6.511 6.511 0 0 0 2.135.482 1.67 1.67 0 0 0 .31-.017q0-.017-.034-.052z\" fill=\"#213a8f\"><\/path><\/svg><\/a><\/div>\n<\/body><\/html>\n\n\n\n<h3 class=\"wp-block-heading\" id=\"h-moderaternas-budget-umea-kommun-for-ar-2025\">Moderaternas budget Ume\u00e5 kommun f\u00f6r \u00e5r 2025<\/h3>\n\n\n<!DOCTYPE html PUBLIC \"-\/\/W3C\/\/DTD HTML 4.0 Transitional\/\/EN\" \"http:\/\/www.w3.org\/TR\/REC-html40\/loose.dtd\">\n<?xml encoding=\"utf-8\" ?><html><body><div data-wp-interactive=\"core\/file\" class=\"wp-block-file\"><object data-wp-bind--hidden=\"!state.hasPdfPreview\" hidden class=\"wp-block-file__embed\" data=\"https:\/\/moderaterna.se\/app\/uploads\/sites\/17\/2024\/06\/M-budget-2025-slutversion.pdf\" type=\"application\/pdf\" style=\"width:100%;height:600px\" aria-label=\"Inb&auml;ddning av M-budget-2025-slutversion.\"><\/object><a id=\"wp-block-file--media-70031c8b-d97b-4ba1-882c-6c72850cc595\" href=\"https:\/\/moderaterna.se\/app\/uploads\/sites\/17\/2024\/06\/M-budget-2025-slutversion.pdf\">M-budget-2025-slutversion<\/a><a href=\"https:\/\/moderaterna.se\/app\/uploads\/sites\/17\/2024\/06\/M-budget-2025-slutversion.pdf\" class=\"wp-block-file__button wp-element-button\" download aria-describedby=\"wp-block-file--media-70031c8b-d97b-4ba1-882c-6c72850cc595\"><span class=\"show-for-sr\">Ladda ner<\/span><svg xmlns=\"http:\/\/www.w3.org\/2000\/svg\" data-name=\"Icon metro-file-pdf\" width=\"26.442\" height=\"30.849\" viewBox=\"0 0 26.442 30.849\"><path data-name=\"Icon metro-file-pdf\" d=\"M25.271 6.542a4.006 4.006 0 0 1 .826 1.308 3.973 3.973 0 0 1 .344 1.515v19.832a1.646 1.646 0 0 1-1.653 1.653H1.652A1.646 1.646 0 0 1 0 29.197V1.653A1.646 1.646 0 0 1 1.652-.003h15.425a3.974 3.974 0 0 1 1.515.344 4.006 4.006 0 0 1 1.308.826zm-7.642-4.2v6.473h6.473a1.881 1.881 0 0 0-.379-.706L18.329 2.72a1.88 1.88 0 0 0-.706-.379zm6.61 26.3V11.018h-7.162a1.646 1.646 0 0 1-1.653-1.653V2.204H2.203v26.442h22.035zM15.39 18.437a13.1 13.1 0 0 0 1.446.964 17.082 17.082 0 0 1 2.014-.121q2.531 0 3.047.844a.832.832 0 0 1 .034.9.05.05 0 0 1-.017.034l-.034.034v.017q-.1.654-1.222.654a7.1 7.1 0 0 1-1.98-.344 12.552 12.552 0 0 1-2.238-.912 31 31 0 0 0-6.748 1.429q-2.634 4.51-4.166 4.51a1 1 0 0 1-.482-.121l-.415-.21q-.017-.017-.1-.086a.711.711 0 0 1-.1-.62 3.738 3.738 0 0 1 .964-1.575 8.319 8.319 0 0 1 2.272-1.661.251.251 0 0 1 .4.1.1.1 0 0 1 .034.069q.9-1.463 1.842-3.391a26.274 26.274 0 0 0 1.79-4.51 13.916 13.916 0 0 1-.525-2.746 6.693 6.693 0 0 1 .112-2.195q.189-.689.723-.689h.379a.726.726 0 0 1 .6.258 1.375 1.375 0 0 1 .155 1.171.373.373 0 0 1-.069.138.448.448 0 0 1 .017.138v.516a22.542 22.542 0 0 1-.241 3.305 8.709 8.709 0 0 0 2.513 4.1zm-9.916 7.075a7.6 7.6 0 0 0 2.355-2.715 9.813 9.813 0 0 0-1.5 1.442 5.722 5.722 0 0 0-.855 1.273zm6.855-15.837a5.119 5.119 0 0 0-.034 2.272q.017-.121.121-.757 0-.052.121-.74a.387.387 0 0 1 .069-.138.05.05 0 0 1-.017-.034.035.035 0 0 0-.009-.026.035.035 0 0 1-.009-.026.991.991 0 0 0-.224-.62.05.05 0 0 1-.017.034v.034zm-2.138 11.379a25.25 25.25 0 0 1 4.889-1.394 2.6 2.6 0 0 1-.224-.164 3.083 3.083 0 0 1-.275-.232 9.119 9.119 0 0 1-2.186-3.03 23 23 0 0 1-1.429 3.391q-.516.964-.775 1.429zm11.121-.275a4.12 4.12 0 0 0-2.41-.413 6.511 6.511 0 0 0 2.135.482 1.67 1.67 0 0 0 .31-.017q0-.017-.034-.052z\" fill=\"#213a8f\"><\/path><\/svg><\/a><\/div>\n<\/body><\/html>\n\n\n\n<p>Alliansens budgetf\u00f6rslag f\u00f6r Ume\u00e5 \u00e5r 2026<\/p>\n\n\n<!DOCTYPE html PUBLIC \"-\/\/W3C\/\/DTD HTML 4.0 Transitional\/\/EN\" \"http:\/\/www.w3.org\/TR\/REC-html40\/loose.dtd\">\n<?xml encoding=\"utf-8\" ?><html><body><div data-wp-interactive=\"core\/file\" class=\"wp-block-file\"><object data-wp-bind--hidden=\"!state.hasPdfPreview\" hidden class=\"wp-block-file__embed\" data=\"https:\/\/moderaterna.se\/app\/uploads\/sites\/17\/2025\/06\/Alliansens-budget-for-2026-1.pdf\" type=\"application\/pdf\" style=\"width:100%;height:600px\" aria-label=\"Inb&auml;ddning av Alliansens-budget-for-2026-1.\"><\/object><a id=\"wp-block-file--media-6d90e457-735f-4c49-acd0-c075091ca5ea\" href=\"https:\/\/moderaterna.se\/app\/uploads\/sites\/17\/2025\/06\/Alliansens-budget-for-2026-1.pdf\">Alliansens-budget-for-2026-1<\/a><a href=\"https:\/\/moderaterna.se\/app\/uploads\/sites\/17\/2025\/06\/Alliansens-budget-for-2026-1.pdf\" class=\"wp-block-file__button wp-element-button\" download aria-describedby=\"wp-block-file--media-6d90e457-735f-4c49-acd0-c075091ca5ea\"><span class=\"show-for-sr\">Ladda ner<\/span><svg xmlns=\"http:\/\/www.w3.org\/2000\/svg\" data-name=\"Icon metro-file-pdf\" width=\"26.442\" height=\"30.849\" viewBox=\"0 0 26.442 30.849\"><path data-name=\"Icon metro-file-pdf\" d=\"M25.271 6.542a4.006 4.006 0 0 1 .826 1.308 3.973 3.973 0 0 1 .344 1.515v19.832a1.646 1.646 0 0 1-1.653 1.653H1.652A1.646 1.646 0 0 1 0 29.197V1.653A1.646 1.646 0 0 1 1.652-.003h15.425a3.974 3.974 0 0 1 1.515.344 4.006 4.006 0 0 1 1.308.826zm-7.642-4.2v6.473h6.473a1.881 1.881 0 0 0-.379-.706L18.329 2.72a1.88 1.88 0 0 0-.706-.379zm6.61 26.3V11.018h-7.162a1.646 1.646 0 0 1-1.653-1.653V2.204H2.203v26.442h22.035zM15.39 18.437a13.1 13.1 0 0 0 1.446.964 17.082 17.082 0 0 1 2.014-.121q2.531 0 3.047.844a.832.832 0 0 1 .034.9.05.05 0 0 1-.017.034l-.034.034v.017q-.1.654-1.222.654a7.1 7.1 0 0 1-1.98-.344 12.552 12.552 0 0 1-2.238-.912 31 31 0 0 0-6.748 1.429q-2.634 4.51-4.166 4.51a1 1 0 0 1-.482-.121l-.415-.21q-.017-.017-.1-.086a.711.711 0 0 1-.1-.62 3.738 3.738 0 0 1 .964-1.575 8.319 8.319 0 0 1 2.272-1.661.251.251 0 0 1 .4.1.1.1 0 0 1 .034.069q.9-1.463 1.842-3.391a26.274 26.274 0 0 0 1.79-4.51 13.916 13.916 0 0 1-.525-2.746 6.693 6.693 0 0 1 .112-2.195q.189-.689.723-.689h.379a.726.726 0 0 1 .6.258 1.375 1.375 0 0 1 .155 1.171.373.373 0 0 1-.069.138.448.448 0 0 1 .017.138v.516a22.542 22.542 0 0 1-.241 3.305 8.709 8.709 0 0 0 2.513 4.1zm-9.916 7.075a7.6 7.6 0 0 0 2.355-2.715 9.813 9.813 0 0 0-1.5 1.442 5.722 5.722 0 0 0-.855 1.273zm6.855-15.837a5.119 5.119 0 0 0-.034 2.272q.017-.121.121-.757 0-.052.121-.74a.387.387 0 0 1 .069-.138.05.05 0 0 1-.017-.034.035.035 0 0 0-.009-.026.035.035 0 0 1-.009-.026.991.991 0 0 0-.224-.62.05.05 0 0 1-.017.034v.034zm-2.138 11.379a25.25 25.25 0 0 1 4.889-1.394 2.6 2.6 0 0 1-.224-.164 3.083 3.083 0 0 1-.275-.232 9.119 9.119 0 0 1-2.186-3.03 23 23 0 0 1-1.429 3.391q-.516.964-.775 1.429zm11.121-.275a4.12 4.12 0 0 0-2.41-.413 6.511 6.511 0 0 0 2.135.482 1.67 1.67 0 0 0 .31-.017q0-.017-.034-.052z\" fill=\"#213a8f\"><\/path><\/svg><\/a><\/div>\n<\/body><\/html>\n\n\n<!DOCTYPE html PUBLIC \"-\/\/W3C\/\/DTD HTML 4.0 Transitional\/\/EN\" \"http:\/\/www.w3.org\/TR\/REC-html40\/loose.dtd\">\n<?xml encoding=\"utf-8\" ?>\n\n\n<!DOCTYPE html PUBLIC \"-\/\/W3C\/\/DTD HTML 4.0 Transitional\/\/EN\" \"http:\/\/www.w3.org\/TR\/REC-html40\/loose.dtd\">\n<?xml encoding=\"utf-8\" ?>\n","protected":false},"excerpt":{"rendered":"<p>Alliansens budgetf\u00f6rslag f\u00f6r regionen \u00e5r 2026 Moderaternas budget Ume\u00e5 kommun f\u00f6r \u00e5r 2025 Alliansens budgetf\u00f6rslag f\u00f6r Ume\u00e5 \u00e5r 2026<\/p>\n","protected":false},"author":9,"featured_media":0,"parent":0,"menu_order":0,"comment_status":"closed","ping_status":"closed","template":"","meta":{"_acf_changed":false,"_relevanssi_hide_post":"","_relevanssi_hide_content":"","_relevanssi_pin_for_all":"","_relevanssi_pin_keywords":"","_relevanssi_unpin_keywords":"","_relevanssi_related_keywords":"","_relevanssi_related_include_ids":"","_relevanssi_related_exclude_ids":"","_relevanssi_related_no_append":"","_relevanssi_related_not_related":"","_relevanssi_related_posts":"825,1286,1245,1209,1229,1231","_relevanssi_noindex_reason":"","footnotes":""},"subject":[],"class_list":["post-880","page","type-page","status-publish","hentry"],"acf":[],"publishpress_future_action":{"enabled":false,"date":"2026-04-17 03:22:44","action":"change-status","newStatus":"draft","terms":[],"taxonomy":"subject"},"_links":{"self":[{"href":"https:\/\/moderaterna.se\/vasterbotten\/wp-json\/wp\/v2\/pages\/880","targetHints":{"allow":["GET"]}}],"collection":[{"href":"https:\/\/moderaterna.se\/vasterbotten\/wp-json\/wp\/v2\/pages"}],"about":[{"href":"https:\/\/moderaterna.se\/vasterbotten\/wp-json\/wp\/v2\/types\/page"}],"author":[{"embeddable":true,"href":"https:\/\/moderaterna.se\/vasterbotten\/wp-json\/wp\/v2\/users\/9"}],"replies":[{"embeddable":true,"href":"https:\/\/moderaterna.se\/vasterbotten\/wp-json\/wp\/v2\/comments?post=880"}],"version-history":[{"count":13,"href":"https:\/\/moderaterna.se\/vasterbotten\/wp-json\/wp\/v2\/pages\/880\/revisions"}],"predecessor-version":[{"id":1594,"href":"https:\/\/moderaterna.se\/vasterbotten\/wp-json\/wp\/v2\/pages\/880\/revisions\/1594"}],"wp:attachment":[{"href":"https:\/\/moderaterna.se\/vasterbotten\/wp-json\/wp\/v2\/media?parent=880"}],"wp:term":[{"taxonomy":"subject","embeddable":true,"href":"https:\/\/moderaterna.se\/vasterbotten\/wp-json\/wp\/v2\/subject?post=880"}],"curies":[{"name":"wp","href":"https:\/\/api.w.org\/{rel}","templated":true}]}}