{"id":877,"date":"2022-01-15T16:22:50","date_gmt":"2022-01-15T15:22:50","guid":{"rendered":"https:\/\/moderaterna.se\/vasterbotten\/?page_id=877"},"modified":"2025-09-20T12:17:58","modified_gmt":"2025-09-20T10:17:58","slug":"faststallda-valsedlar","status":"publish","type":"page","link":"https:\/\/moderaterna.se\/vasterbotten\/faststallda-valsedlar\/","title":{"rendered":"Fastst\u00e4llda valsedlar"},"content":{"rendered":"\n<p>Moderaterna i V\u00e4sterbotten genomf\u00f6rde p\u00e5 l\u00f6rdagen nomineringsst\u00e4mma och fastst\u00e4llde riksdagsvalsedel inf\u00f6r valet 2026. Partiets nomineringsprocess har p\u00e5g\u00e5tt under 2025, d\u00e4r f\u00f6reningar och medlemmar har kunnat nominera kandidater till valsedeln.<\/p>\n\n\n\n<p>D\u00e4rut\u00f6ver fastst\u00e4lldes vid separata nomineringsst\u00e4mmor valsedlar f\u00f6r regionens s\u00f6dra valkrets i V\u00e4sterbotten samt Ume\u00e5 kommun. St\u00e4mmorna \u00e4gde rum i Ume\u00e5 under i helgen.\u00a0Alla val skedde i enighet och f\u00f6ljde de olika nomineringskommitt\u00e9ernas f\u00f6rslag. Valsedlarna bifogas nedan. Alla valsedlar \u00e4r varvade m\u00e4n\/kvinnor.<\/p>\n\n\n\n<h2 class=\"wp-block-heading\" id=\"h-valsedel-moderaterna-till-riksdagen-2026\"><strong>Valsedel Moderaterna till Riksdagen 2026<\/strong><\/h2>\n\n\n\n<p>1. Edward Riedl , 50, riksdagsledamot , Ume\u00e5<\/p>\n\n\n\n<p>2. Anna Ackemo, 56, distriktssk\u00f6terska , Lycksele<\/p>\n\n\n\n<p>3. Andreas L\u00f6wenh\u00f6\u00f6k, 42, kommunalr\u00e5d, Skellefte\u00e5<\/p>\n\n\n\n<p>4. Christina Lidstr\u00f6m, 59, kommunalr\u00e5d, Bjurholm<\/p>\n\n\n\n<p>5. Johan Lindstr\u00f6m, 28, l\u00e4rare, Ume\u00e5<\/p>\n\n\n\n<p>6. Charlotta Jansson Enquist , 40, f\u00f6retagare, Norsj\u00f6<\/p>\n\n\n\n<p>7. Jan Nilsson, 67, predikant , V\u00e4nn\u00e4s<\/p>\n\n\n\n<p>8. Victoria Bostr\u00f6m, 57, administrat\u00f6r, Robertsfors<\/p>\n\n\n\n<p>9. Lucas Lindh, 19, student, Skellefte\u00e5<\/p>\n\n\n\n<p>10. \u00c5sa \u00c5gren Wikstr\u00f6m, 55, f.d. riksdagsledamot, Ume\u00e5<\/p>\n\n\n\n<p>11. Mattias Norlund , 48, psykolog , Sorsele<\/p>\n\n\n\n<p>12. Elin Segerstedt S\u00f6derberg, 39, sjuksk\u00f6terska , Skellefte\u00e5<\/p>\n\n\n\n<p>13. Tomas Nilsson, 70, f\u00f6retagare, Vindeln<\/p>\n\n\n\n<p>14. Anna-Karin Nilsson , 67, kemist, Nordmaling<\/p>\n\n\n\n<p>15. Lars Eliasson, 69, skogsf\u00f6retagare, Vilhelmina<\/p>\n\n\n\n<p>16. Mia Gunnerhell, 60, v\u00e5rdbitr\u00e4de, Mal\u00e5<\/p>\n\n\n\n<p>17. Ulf Vidman, 66, oppositionsr\u00e5d , Storuman<\/p>\n\n\n\n<p>18. Elli-Mari Lundgren, 44, digitaliseringschef, Ume\u00e5<\/p>\n\n\n\n<p>19. Alireza Mosahafi , 54, production associate, Ume\u00e5<\/p>\n\n\n\n<p>20. Ramona Dolan, 42, strateg, Skellefte\u00e5<\/p>\n\n\n\n<p>21. Andre Waplan, 37, brandman, Skellefte\u00e5<\/p>\n\n\n\n<p>22. Josefin Gustafsson, 39, jurist, Ume\u00e5<\/p>\n\n\n\n<p>23. Edward Vestman, 25, civilekonom, Ume\u00e5<\/p>\n\n\n\n<p>24. Anette Lindgren, 66, l\u00e4rare, Skellefte\u00e5<\/p>\n\n\n\n<p>25. Elmer Eriksson, 77, entrepren\u00f6r , Ume\u00e5<\/p>\n\n\n\n<p>26. Anna Hedman, 56, medicinsk sekreterare, Ume\u00e5<\/p>\n\n\n\n<p>27. Stefan Nordstr\u00f6m, 77, civilj\u00e4gm\u00e4stare, Ume\u00e5<\/p>\n\n\n\n<p>28. Lotta Holmberg, 71, distriktssk\u00f6terska, Ume\u00e5<\/p>\n\n\n\n<p>29. Per-Ivar Skogkvist, 61, v\u00e4ktare, Skellefte\u00e5<\/p>\n\n\n\n<p><\/p>\n\n\n\n<h2 class=\"wp-block-heading\" id=\"h-valsedel-moderaterna-umea-kommun-2026\"><strong>Valsedel Moderaterna Ume\u00e5 kommun 2026.<\/strong><\/h2>\n\n\n\n<p>1. Anders \u00c5gren, 54, kommunalr\u00e5d, \u00d6st p\u00e5 stan<\/p>\n\n\n\n<p>2. Lena Andersson, 64, sjuksk\u00f6terska, V\u00e4st p\u00e5 stan<\/p>\n\n\n\n<p>3. Elmer Eriksson, 77, entrepren\u00f6r, Centrum<\/p>\n\n\n\n<p>4. Joline G\u00f6ttfert, 31, politisk sekreterare, S\u00e4var<\/p>\n\n\n\n<p>5. Stefan Nordstr\u00f6m, 77, civilj\u00e4gm\u00e4stare, Haga<\/p>\n\n\n\n<p>6. Izabel Riedl, 26, student, \u00d6backa strand<\/p>\n\n\n\n<p>7. Igor Hell, 67, grafiker, K\u00e5ddis<\/p>\n\n\n\n<p>8. Lotta Holmberg, 71, distriktssk\u00f6terska, Haga<\/p>\n\n\n\n<p>9. Alireza Mosahafi, 54, production associate, Teg<\/p>\n\n\n\n<p>10. Josefine Gustafsson, 39, jurist, \u00c5lidh\u00f6jd<\/p>\n\n\n\n<p>11. Ulrik Berg, 67, ingenj\u00f6r, T\u00e4fte\u00e5<\/p>\n\n\n\n<p>12. Amanda Kajava, 24, st\u00f6dassistent, Mariehem<\/p>\n\n\n\n<p>13. Mikael Thyni, 59, platschef, V\u00e4st p\u00e5 stan<\/p>\n\n\n\n<p>14. Marianne L\u00f6fstedt, 87, fd kommunalr\u00e5d, V\u00e4st p\u00e5 stan<\/p>\n\n\n\n<p>15. Johan Lindstr\u00f6m, 28, l\u00e4rare, Sand\u00e5kern<\/p>\n\n\n\n<p>16. \u00c5sa \u00c5gren Wikstr\u00f6m, 55, fd riksdagsledamot, \u00d6st p\u00e5 stan<\/p>\n\n\n\n<p>17. Leif Lundgren, 71, senior, Haga<\/p>\n\n\n\n<p>18. Kjerstin Widman, 72, tandl\u00e4kare, Teg<\/p>\n\n\n\n<p>19. Edward Vestman, 25, civilekonom, Mariedal<\/p>\n\n\n\n<p>20. Elli-Mari Lundgren, 46, digitaliseringschef, T\u00e4fte\u00e5<\/p>\n\n\n\n<p>21. Christer Lindvall, 73, fd ombudsman, Ersboda<\/p>\n\n\n\n<p>22. Ulrika Westman Yttergren, 58, verksamhetschef, R\u00f6d\u00e5sel<\/p>\n\n\n\n<p>23. Mats Granath, 68, fd regionchef, Ersboda<\/p>\n\n\n\n<p>24. Liv Granbom, 81, distriktssk\u00f6terska, V\u00e4st p\u00e5 stan<\/p>\n\n\n\n<p>25. William Oldenborg, 21, studerande, \u00c5lidh\u00f6jd<\/p>\n\n\n\n<p>26. Eva Westman Modig, 83, datakonsult, Haga<\/p>\n\n\n\n<p>27. Gabriel Farrysson, 44, siml\u00e4rare, H\u00f6rnefors<\/p>\n\n\n\n<p>28. Monika Lundgren, 69, fd f\u00f6rvaltningschef, Centrum<\/p>\n\n\n\n<p>29. Peteris Timofejevs, 44, universitetslektor, V\u00e4st p\u00e5 stan<\/p>\n\n\n\n<p>30. Madelene Nord, 33, enhetschef, Tavleliden<\/p>\n\n\n\n<p>31. Anton Bergstr\u00f6m Nord, 30, partiombudsman, Tavleliden<\/p>\n\n\n\n<p>32. Cecilia Nordenson, 66, \u00f6verl\u00e4kare, Sofiehem<\/p>\n\n\n\n<p>33. Harald Svensson, 58, administrat\u00f6r, \u00c5lidhem<\/p>\n\n\n\n<p>34. Anna Hedman, 56, medicinsk sekreterare, S\u00e4var<\/p>\n\n\n\n<p>35. Tomas Strandman, 70, s\u00e4ljledare, H\u00f6rnefors<\/p>\n\n\n\n<p>36. Mia Winroth, 59, f\u00f6retagare, Teg<\/p>\n\n\n\n<p>37. Kenneth Grahn, 73, fastighets\u00e4gare, Teg<\/p>\n\n\n\n<p>38. Maja-Stina Bylund, 41, jurist, Mariehem<\/p>\n\n\n\n<p>39. Arvin Bj\u00f6rkgren, 23, l\u00e4karkandidat, Ersboda<\/p>\n\n\n\n<p>40. Christina Rydberg, 51, jurist, Haga<\/p>\n\n\n\n<p>41. Greger Knutsson, 78, f\u00f6retagare, Botsmark<\/p>\n\n\n\n<p>42. Annika Eriksson, 71, arbetsledare, Centrum<\/p>\n\n\n\n<p>43. Hans Modig, 86, l\u00e4kare, Haga<\/p>\n\n\n\n<p>44. \u00c5sa H\u00f6rnsten, 62, professor, \u00d6st p\u00e5 stan<\/p>\n\n\n\n<p>45. Viktor Brodin, 36, lantbrukstekniker, Tavelsj\u00f6<\/p>\n\n\n\n<p>46. Anja Isaksson, 37, l\u00e4kare, \u00d6backa strand<\/p>\n\n\n\n<p>47. Ulf N\u00e4sholm, 68, tekniker, St\u00f6cksj\u00f6<\/p>\n\n\n\n<p>48. Sofia Bergqvist, 57, document manager, B\u00f6le\u00e4ng<\/p>\n\n\n\n<p>49. Mikael Jonsson, 59, egen f\u00f6retagare, Ersboda<\/p>\n\n\n\n<p>50. Ulf Wahll\u00f6f, 73, distriktsl\u00e4kare, Centrum<\/p>\n\n\n\n<p>51. Lennart Sandstr\u00f6m, 73, pension\u00e4r, Sandbacka<\/p>\n\n\n\n<p>52. Christer \u00c5str\u00f6m, 71, fd yrkesofficer, Umedalen<\/p>\n\n\n\n<p>53. Markus Johansson, 34, civilekonom, S\u00e4var<\/p>\n\n\n\n<p>54. Lars-Olov Uhlin, 59, fritidsintendent, V\u00e4st p\u00e5 stan<\/p>\n\n\n\n<p>55. Patrik Andersson, 56, aff\u00e4rsutvecklare, R\u00f6b\u00e4ck<\/p>\n\n\n\n<p>56. Christer Fess\u00e9, 77, ekonom, Grubbe<\/p>\n\n\n\n<p>57. Mathias Ogenblad, 48, avdelningschef, Berghem<\/p>\n\n\n\n<p>58. Jonatan Hjeltman, 26, revisorsassistent, Nydalah\u00f6jd<\/p>\n\n\n\n<p>59. Jan Burman, 68, fysiker, V\u00e4st p\u00e5 stan<\/p>\n\n\n\n<p>60. Aron Fredman, 20, studerande, Sand\u00e5kern<\/p>\n\n\n\n<p>61. Per H\u00f6rnsten, 82, l\u00e4kare, Centrum<\/p>\n\n\n\n<p>62. Ola Lundgren, 55, leg receptarie, Mariehem<\/p>\n\n\n\n<p>63. Lars M\u00f6llsten, 44, ingenj\u00f6r, B\u00f6le\u00e4ng<\/p>\n\n\n\n<p>64. Teddy Eker, 27, mont\u00f6r, Umedalen<\/p>\n\n\n\n<p>65. Birger Andersson, 79, veterin\u00e4r, Centrum<\/p>\n\n\n\n<p><\/p>\n\n\n\n<h2 class=\"wp-block-heading\" id=\"h-valsedel-for-moderaterna-sodra-regionvalkretsen-2026\"><strong>Valsedel f\u00f6r Moderaterna S\u00f6dra Regionvalkretsen 2026.<\/strong><\/h2>\n\n\n\n<p>1. Nicklas Sandstr\u00f6m, 43, regionr\u00e5d, Ume\u00e5<\/p>\n\n\n\n<p>2. \u00c5sa \u00c5gren Wikstr\u00f6m, 55, f.d. riksdagsledamot, Ume\u00e5<\/p>\n\n\n\n<p>3. Anton Bergstr\u00f6m Nord, 30, partiombudsman, Ume\u00e5<\/p>\n\n\n\n<p>4. Anna-Karin Nilsson , 67, kemist, Nordmaling<\/p>\n\n\n\n<p>5. Ulf Wahll\u00f6f, 73, distriktsl\u00e4kare, Ume\u00e5<\/p>\n\n\n\n<p>6. Cecilia Nordenson, 66, \u00f6verl\u00e4kare, Ume\u00e5<\/p>\n\n\n\n<p>7. Johan Lindstr\u00f6m, 28, l\u00e4rare, Ume\u00e5<\/p>\n\n\n\n<p>8. \u00c5sa H\u00f6rnsten, 62, professor, Ume\u00e5<\/p>\n\n\n\n<p>9. P\u0113teris Timofejevs, 44, universitetslektor, Ume\u00e5<\/p>\n\n\n\n<p>10. Ulrika Westman Yttergren, 58, distriktssk\u00f6terska , R\u00f6d\u00e5sel<\/p>\n\n\n\n<p>11. Arvin Bj\u00f6rkgren, 23, l\u00e4karkandidat, Ume\u00e5<\/p>\n\n\n\n<p>12. Anna Hedman, 56, medicinsk sekreterare, S\u00e4var<\/p>\n\n\n\n<p>13. Edward Vestman, 25, civilekonom , Ume\u00e5<\/p>\n\n\n\n<p>14. Lotta Holmberg, 71, distriktssk\u00f6terska , Ume\u00e5<\/p>\n\n\n\n<p>15. Elmer Eriksson, 77, entrepren\u00f6r , Ume\u00e5<\/p>\n\n\n\n<p>16. Monika Lundgren , 69, distriktssk\u00f6terska , Ume\u00e5<\/p>\n\n\n\n<p>17. Sven-\u00c5ke Bostr\u00f6m, 75, pensionerad prim\u00e4rv\u00e5rdschef, Bjurholm<\/p>\n\n\n\n<p>18. Amanda Kajava, 24, st\u00f6dassistent, Ume\u00e5<\/p>\n\n\n\n<p>19. Ola Lundgren, 55, leg receptarie, Ume\u00e5<\/p>\n\n\n\n<p>20. \u00c5sa Eriksson, 39, ingenj\u00f6r, Tv\u00e4r\u00e5lund<\/p>\n\n\n\n<p>21. William Oldenborg, 21, studerande, Ume\u00e5<\/p>\n\n\n\n<p>22. Lena Andersson , 64, sjuksk\u00f6terska, Ume\u00e5<\/p>\n\n\n\n<p>23. Ulrik Berg, 67, ingenj\u00f6r, T\u00e4fte\u00e5<\/p>\n\n\n\n<p>24. Josefin Gustafsson, 39, jurist, Ume\u00e5<\/p>\n\n\n\n<p>25. Gabriel Farrysson, 44, siml\u00e4rare, H\u00f6rnefors<\/p>\n\n\n\n<p>26. Elli-Mari Lundgren, 46, digitaliseringschef, T\u00e4fte\u00e5<\/p>\n\n\n\n<p>27. Ronald Lodnert, 56, distriktsl\u00e4kare, Ume\u00e5<\/p>\n\n\n\n<p>28. Liv Granbom, 81, distriktssk\u00f6terska , Ume\u00e5<\/p>\n\n\n\n<p>29. Hans Modig, 86, l\u00e4kare, Ume\u00e5<\/p>\n\n\n\n<p>30. Madelene Nord, 33, enhetschef \u00e4ldreomsorg , Ume\u00e5<\/p>\n\n\n\n<p>31. Per H\u00f6rnsten , 82, l\u00e4kare, Ume\u00e5<\/p>\n\n\n\n<p>32. Maja-Stina Bylund, 41, jurist, Ume\u00e5<\/p>\n\n\n\n<p>33. Mathias Ogenblad, 48, avdelningschef h\u00e4lso- och sjukv\u00e5rd, Ume\u00e5<\/p>\n\n\n\n<p>34. Caisa Johansson, 24, personalvetare, V\u00e4nn\u00e4s<\/p>\n\n\n\n<p>35. Lars M\u00f6llsten , 44, ingenj\u00f6r, Ume\u00e5<\/p>\n\n\n\n<p>36. Izabel Riedl, 26, student, Ume\u00e5<\/p>\n\n\n\n<p>37. Mikael Thyni, 59, platschef, Ume\u00e5<\/p>\n\n\n\n<p>38. Victoria Bostr\u00f6m , 57, administrat\u00f6r, Bygde\u00e5<\/p>\n\n\n\n<p>39. Igor Hell , 67, grafiker, Ume\u00e5<\/p>\n\n\n\n<p>40. Susann Hansson, 72, socionom, Nordmaling<\/p>\n\n\n\n<p>41. Patrik Andersson, 56, aff\u00e4rsutvecklare, R\u00f6b\u00e4ck<\/p>\n\n\n\n<p>42. Ulla-Britt Andersson, 69, internrevisionschef, V\u00e4nn\u00e4s<\/p>\n\n\n\n<p>43. Alireza Mosahafi , 54, production associate , Ume\u00e5<\/p>\n\n\n\n<p>44. Ewa Miller, 71, revisor, Ume\u00e5<\/p>\n\n\n\n<p>45. Jan Persson , 70, civilingenj\u00f6r , L\u00f6gde\u00e5<\/p>\n\n\n\n<p>46. Kjerstin Widman, 72, tandl\u00e4kare, Ume\u00e5<\/p>\n\n\n\n<p>47. Stefan Nordstr\u00f6m, 77, civilj\u00e4gm\u00e4stare, Ume\u00e5<\/p>\n\n\n\n<p>48. Cecilia Rudolfsson, 58, administrat\u00f6r, Vindeln<\/p>\n\n\n\n<p>49. Christer \u00c5str\u00f6m, 71, fd officer, Ume\u00e5<\/p>\n\n\n\n<p>50. Mimmi Lundin, 39, undersk\u00f6terska , Nordmaling<\/p>\n\n\n\n<p>51. Harald Svensson, 59, administrat\u00f6r, Ume\u00e5<\/p>\n\n\n\n<p>52. Anja Isaksson, 37, l\u00e4kare, Ume\u00e5<\/p>\n\n\n\n<p>53. Marcus Jonsmyr, 42, teamleader , Tv\u00e4r\u00e5lund<\/p>\n\n\n\n<p>54. Christina Lidstr\u00f6m, 59, kommunalr\u00e5d, Bjurholm<\/p>\n\n\n\n<p>55. Mikael Jonsson, 59, egen f\u00f6retagare, Ume\u00e5<\/p>\n\n\n\n<p>56. Sofia Bergqvist, 57, document manager, Ume\u00e5<\/p>\n\n\n\n<p>57. Tomas Strandman , 70, s\u00e4ljledare, H\u00f6rnefors<\/p>\n\n\n\n<p>58. Marianne L\u00f6fstedt, 87, fd kommunalr\u00e5d, Ume\u00e5<\/p>\n\n\n\n<p>59. Markus Johansson, 34, civilekonom , S\u00e4var<\/p>\n\n\n\n<p>60. Malin N\u00e4slund, 53, planeringschef, Vindeln<\/p>\n\n\n\n<p>61. Kenth \u00c4rletun, 77, f\u00f6retagare, \u00d6verr\u00f6d\u00e5<\/p>\n\n\n\n<p>62. Christina Rydberg, 51, jurist, Ume\u00e5<\/p>\n\n\n\n<p>63. Christer Fess\u00e9, 81, ekonom, Ume\u00e5<\/p>\n\n\n\n<p>64. Eva Westman Modig, 83, datakonsult, Ume\u00e5<\/p>\n\n\n\n<p>65. Kenneth Grahn, 73, fastighets\u00e4gare, Ume\u00e5<\/p>\n\n\n\n<p>66. Annika Eriksson, 71, arbetsledare, Ume\u00e5<\/p>\n\n\n\n<p>67. Kenneth Isaksson, 75, f\u00f6retagare, Robertsfors<\/p>\n\n\n\n<p>68. Mia Winroth, 59, f\u00f6retagare, Ume\u00e5<\/p>\n\n\n\n<p>69. Lennart Sandstr\u00f6m, 73, pension\u00e4r, Ume\u00e5<\/p>\n\n\n\n<p>70. Monica Samuelsson, 77, VVS-ingenj\u00f6r, Nordmaling<\/p>\n\n\n\n<p>71. Birger Andersson, 79, veterin\u00e4r, Ume\u00e5<\/p>\n\n\n\n<p>72. \u00c5sa Jonsson, 62, egen f\u00f6retagare, Ramsele<\/p>\n\n\n\n<p>73. Chatarina Gustafsson, 74, socionom, Rundvik<\/p>\n\n\n\n<div style=\"height:60px\" aria-hidden=\"true\" class=\"wp-block-spacer\"><\/div>\n","protected":false},"excerpt":{"rendered":"<p>Moderaterna i V\u00e4sterbotten genomf\u00f6rde p\u00e5 l\u00f6rdagen nomineringsst\u00e4mma och fastst\u00e4llde riksdagsvalsedel inf\u00f6r valet 2026. Partiets nomineringsprocess har p\u00e5g\u00e5tt under 2025, d\u00e4r f\u00f6reningar och medlemmar har kunnat nominera kandidater till valsedeln. D\u00e4rut\u00f6ver fastst\u00e4lldes vid separata nomineringsst\u00e4mmor valsedlar f\u00f6r regionens s\u00f6dra valkrets i V\u00e4sterbotten samt Ume\u00e5 kommun. St\u00e4mmorna \u00e4gde rum i Ume\u00e5 under i helgen.\u00a0Alla val skedde i [&hellip;]<\/p>\n","protected":false},"author":9,"featured_media":0,"parent":0,"menu_order":0,"comment_status":"closed","ping_status":"closed","template":"","meta":{"_acf_changed":false,"_relevanssi_hide_post":"","_relevanssi_hide_content":"","_relevanssi_pin_for_all":"","_relevanssi_pin_keywords":"","_relevanssi_unpin_keywords":"","_relevanssi_related_keywords":"","_relevanssi_related_include_ids":"","_relevanssi_related_exclude_ids":"","_relevanssi_related_no_append":"","_relevanssi_related_not_related":"","_relevanssi_related_posts":"1293,1398,1298,1231,825,1250","_relevanssi_noindex_reason":"","footnotes":""},"subject":[],"class_list":["post-877","page","type-page","status-publish","hentry"],"acf":[],"publishpress_future_action":{"enabled":false,"date":"2026-04-23 05:31:45","action":"change-status","newStatus":"draft","terms":[],"taxonomy":"subject"},"_links":{"self":[{"href":"https:\/\/moderaterna.se\/vasterbotten\/wp-json\/wp\/v2\/pages\/877","targetHints":{"allow":["GET"]}}],"collection":[{"href":"https:\/\/moderaterna.se\/vasterbotten\/wp-json\/wp\/v2\/pages"}],"about":[{"href":"https:\/\/moderaterna.se\/vasterbotten\/wp-json\/wp\/v2\/types\/page"}],"author":[{"embeddable":true,"href":"https:\/\/moderaterna.se\/vasterbotten\/wp-json\/wp\/v2\/users\/9"}],"replies":[{"embeddable":true,"href":"https:\/\/moderaterna.se\/vasterbotten\/wp-json\/wp\/v2\/comments?post=877"}],"version-history":[{"count":7,"href":"https:\/\/moderaterna.se\/vasterbotten\/wp-json\/wp\/v2\/pages\/877\/revisions"}],"predecessor-version":[{"id":1515,"href":"https:\/\/moderaterna.se\/vasterbotten\/wp-json\/wp\/v2\/pages\/877\/revisions\/1515"}],"wp:attachment":[{"href":"https:\/\/moderaterna.se\/vasterbotten\/wp-json\/wp\/v2\/media?parent=877"}],"wp:term":[{"taxonomy":"subject","embeddable":true,"href":"https:\/\/moderaterna.se\/vasterbotten\/wp-json\/wp\/v2\/subject?post=877"}],"curies":[{"name":"wp","href":"https:\/\/api.w.org\/{rel}","templated":true}]}}