{"id":647,"date":"2021-12-08T10:12:33","date_gmt":"2021-12-08T09:12:33","guid":{"rendered":"https:\/\/moderaterna.se\/vasterbotten\/?page_id=647"},"modified":"2022-01-16T15:07:34","modified_gmt":"2022-01-16T14:07:34","slug":"om-oss","status":"publish","type":"page","link":"https:\/\/moderaterna.se\/vasterbotten\/om-oss\/","title":{"rendered":"Om oss"},"content":{"rendered":"\n<p>Vi arbetar f\u00f6r ett b\u00e4ttre Dalarna. Varmt v\u00e4lkommen att ta <a href=\"https:\/\/wp-prod.moderaterna.se\/dalarna\/kontakta-oss\/\">kontakt med oss<\/a>!<\/p>\n\n\n\n<p><\/p>\n\n\n\n<h2 class=\"wp-block-heading\" id=\"h-riksdagen\"><strong>Riksdagen<\/strong><\/h2>\n\n\n\n<p>Moderaterna i Dalarna har tv\u00e5 ledam\u00f6ter representerade i Sveriges Riksdag.<\/p>\n\n\n\n<p>Dessa \u00e4r:<\/p>\n\n\n\n<p>Carl-Oskar Bohlin, Borl\u00e4nge<\/p>\n\n\n\n<p>Ann-Britt \u00c5sebol, Falun<\/p>\n\n\n\n<h3 class=\"wp-block-heading\" id=\"h-regionen\"><strong>Regionen<\/strong><\/h3>\n\n\n\n<p>Moderaterna i Dalarna har 16 ledam\u00f6ter representerade i Region Dalarna.<\/p>\n\n\n\n<p>Vi har tv\u00e5 regionr\u00e5d i Dalarna.<\/p>\n\n\n\n<p>Dessa \u00e4r:<\/p>\n\n\n\n<p>Ulf Berg<a href=\"https:\/\/devtest.moderaterna.se\/dalarna\/ulf-berg\">,<\/a>&nbsp;Avesta<\/p>\n\n\n\n<p>Christer Carsson<a href=\"https:\/\/devtest.moderaterna.se\/dalarna\/christer-carlsson\">,<\/a>&nbsp;Falun.<\/p>\n\n\n\n<h3 class=\"wp-block-heading\" id=\"h-dalarnas-kommunfullmaktigeforsamlingar\"><strong>Dalarnas kommunfullm\u00e4ktigef\u00f6rsamlingar<\/strong><\/h3>\n\n\n\n<p>I l\u00e4nets kommunfullm\u00e4ktigef\u00f6rsamlingar&nbsp;har Moderaterna 90 mandat.<\/p>\n\n\n\n<p><a href=\"https:\/\/wp-prod.moderaterna.se\/dalarna\/vara-politiker\/\">H\u00e4r hittar du v\u00e5ra gruppledare i kommunerna<\/a><\/p>\n\n\n<div id=\"listing-block_61bf55e6040a8\" class=\"listing custom-block custom-block__full theme__background--pink\">\n    <div class=\"listing__content\">\n                    <h2 class=\"listing__content--title theme__color--purple\">Moderata partif\u00f6reningar i Dalarna<\/h2>\n                        <div class=\"listing__content--list\">\n                                <ul class=\"listing__content--list__standard\">\n                                                    <li>\n                                <a class=\"p--purple\" href=\"https:\/\/moderaterna.se\/vasterbotten\/foreningar\/moderata-kretsen-i-umea\/\">Moderata kretsen i Ume\u00e5<\/a>\n                            <\/li>\n                                                    <li>\n                                <a class=\"p--purple\" href=\"https:\/\/moderaterna.se\/vasterbotten\/foreningar\/moderaterna-i-bjurholm\/\">Moderaterna i Bjurholm<\/a>\n                            <\/li>\n                                                    <li>\n                                <a class=\"p--purple\" href=\"https:\/\/moderaterna.se\/vasterbotten\/foreningar\/moderaterna-i-lycksele\/\">Moderaterna i Lycksele<\/a>\n                            <\/li>\n                                                    <li>\n                                <a class=\"p--purple\" href=\"https:\/\/moderaterna.se\/vasterbotten\/foreningar\/moderaterna-i-nordmaling\/\">Moderaterna i Nordmaling<\/a>\n                            <\/li>\n                                                    <li>\n                                <a class=\"p--purple\" href=\"https:\/\/moderaterna.se\/vasterbotten\/foreningar\/moderaterna-i-norsjo\/\">Moderaterna i Norsj\u00f6<\/a>\n                            <\/li>\n                                                    <li>\n                                <a class=\"p--purple\" href=\"https:\/\/moderaterna.se\/vasterbotten\/foreningar\/moderaterna-i-robertsfors\/\">Moderaterna i Robertsfors<\/a>\n                            <\/li>\n                                                    <li>\n                                <a class=\"p--purple\" href=\"https:\/\/moderaterna.se\/vasterbotten\/foreningar\/moderaterna-i-skelleftea\/\">Moderaterna i Skellefte\u00e5<\/a>\n                            <\/li>\n                                                    <li>\n                                <a class=\"p--purple\" href=\"https:\/\/moderaterna.se\/vasterbotten\/foreningar\/moderaterna-i-sorsele\/\">Moderaterna i Sorsele<\/a>\n                            <\/li>\n                                                    <li>\n                                <a class=\"p--purple\" href=\"https:\/\/moderaterna.se\/vasterbotten\/foreningar\/moderaterna-i-storuman\/\">Moderaterna i Storuman<\/a>\n                            <\/li>\n                                                    <li>\n                                <a class=\"p--purple\" href=\"https:\/\/moderaterna.se\/vasterbotten\/foreningar\/moderaterna-i-vilhelmina\/\">Moderaterna i Vilhelmina<\/a>\n                            <\/li>\n                                                    <li>\n                                <a class=\"p--purple\" href=\"https:\/\/moderaterna.se\/vasterbotten\/foreningar\/moderaterna-i-vindeln\/\">Moderaterna i Vindeln<\/a>\n                            <\/li>\n                                                    <li>\n                                <a class=\"p--purple\" href=\"https:\/\/moderaterna.se\/vasterbotten\/foreningar\/moderaterna-i-vannas\/\">Moderaterna i V\u00e4nn\u00e4s<\/a>\n                            <\/li>\n                                                    <li>\n                                <a class=\"p--purple\" href=\"https:\/\/moderaterna.se\/vasterbotten\/foreningar\/moderaterna-mala\/\">Moderaterna Mal\u00e5<\/a>\n                            <\/li>\n                                                    <li>\n                                <a class=\"p--purple\" href=\"https:\/\/moderaterna.se\/vasterbotten\/foreningar\/umea-centrala-moderatforening\/\">Ume\u00e5 Centrala Moderatf\u00f6rening<\/a>\n                            <\/li>\n                                                    <li>\n                                <a class=\"p--purple\" href=\"https:\/\/moderaterna.se\/vasterbotten\/foreningar\/umea-sodra-moderatforening\/\">Ume\u00e5 S\u00f6dra Moderatf\u00f6rening<\/a>\n                            <\/li>\n                                                    <li>\n                                <a class=\"p--purple\" href=\"https:\/\/moderaterna.se\/vasterbotten\/foreningar\/umea-tavelsjo-moderatforening\/\">Ume\u00e5 Tavelsj\u00f6 Moderatf\u00f6rening<\/a>\n                            <\/li>\n                                                    <li>\n                                <a class=\"p--purple\" href=\"https:\/\/moderaterna.se\/vasterbotten\/foreningar\/umea-ostra-moderatforening\/\">Ume\u00e5 \u00d6stra Moderatf\u00f6rening<\/a>\n                            <\/li>\n                                            <\/ul>\n                        <\/div>\n    <\/div>\n<\/div>\n","protected":false},"excerpt":{"rendered":"<p>Vi arbetar f\u00f6r ett b\u00e4ttre Dalarna. Varmt v\u00e4lkommen att ta kontakt med oss! Riksdagen Moderaterna i Dalarna har tv\u00e5 ledam\u00f6ter representerade i Sveriges Riksdag. Dessa \u00e4r: Carl-Oskar Bohlin, Borl\u00e4nge Ann-Britt \u00c5sebol, Falun Regionen Moderaterna i Dalarna har 16 ledam\u00f6ter representerade i Region Dalarna. Vi har tv\u00e5 regionr\u00e5d i Dalarna. Dessa \u00e4r: Ulf Berg,&nbsp;Avesta Christer Carsson,&nbsp;Falun. [&hellip;]<\/p>\n","protected":false},"author":9,"featured_media":0,"parent":0,"menu_order":0,"comment_status":"closed","ping_status":"closed","template":"","meta":{"_acf_changed":false,"_relevanssi_hide_post":"","_relevanssi_hide_content":"","_relevanssi_pin_for_all":"","_relevanssi_pin_keywords":"","_relevanssi_unpin_keywords":"","_relevanssi_related_keywords":"","_relevanssi_related_include_ids":"","_relevanssi_related_exclude_ids":"","_relevanssi_related_no_append":"","_relevanssi_related_not_related":"","_relevanssi_related_posts":"640,526,642","_relevanssi_noindex_reason":"","footnotes":""},"subject":[],"class_list":["post-647","page","type-page","status-publish","hentry"],"acf":[],"publishpress_future_action":{"enabled":false,"date":"2026-04-12 16:35:09","action":"change-status","newStatus":"draft","terms":[],"taxonomy":"subject"},"_links":{"self":[{"href":"https:\/\/moderaterna.se\/vasterbotten\/wp-json\/wp\/v2\/pages\/647","targetHints":{"allow":["GET"]}}],"collection":[{"href":"https:\/\/moderaterna.se\/vasterbotten\/wp-json\/wp\/v2\/pages"}],"about":[{"href":"https:\/\/moderaterna.se\/vasterbotten\/wp-json\/wp\/v2\/types\/page"}],"author":[{"embeddable":true,"href":"https:\/\/moderaterna.se\/vasterbotten\/wp-json\/wp\/v2\/users\/9"}],"replies":[{"embeddable":true,"href":"https:\/\/moderaterna.se\/vasterbotten\/wp-json\/wp\/v2\/comments?post=647"}],"version-history":[{"count":16,"href":"https:\/\/moderaterna.se\/vasterbotten\/wp-json\/wp\/v2\/pages\/647\/revisions"}],"predecessor-version":[{"id":784,"href":"https:\/\/moderaterna.se\/vasterbotten\/wp-json\/wp\/v2\/pages\/647\/revisions\/784"}],"wp:attachment":[{"href":"https:\/\/moderaterna.se\/vasterbotten\/wp-json\/wp\/v2\/media?parent=647"}],"wp:term":[{"taxonomy":"subject","embeddable":true,"href":"https:\/\/moderaterna.se\/vasterbotten\/wp-json\/wp\/v2\/subject?post=647"}],"curies":[{"name":"wp","href":"https:\/\/api.w.org\/{rel}","templated":true}]}}