{"id":635,"date":"2021-12-08T09:54:05","date_gmt":"2021-12-08T08:54:05","guid":{"rendered":"https:\/\/moderaterna.se\/vasterbotten\/?page_id=635"},"modified":"2022-01-28T15:42:14","modified_gmt":"2022-01-28T14:42:14","slug":"foreningar","status":"publish","type":"page","link":"https:\/\/moderaterna.se\/vasterbotten\/foreningar\/","title":{"rendered":"F\u00f6reningar"},"content":{"rendered":"<div id=\"listing-block_61bf11c1b1771\" class=\"listing custom-block custom-block__full theme__background--white\">\n    <div class=\"listing__content\">\n                    <h2 class=\"listing__content--title theme__color--black\">Moderata partif\u00f6reningar i V\u00e4sterbotten<\/h2>\n                            <div class=\"listing__content--description theme__color--black\"><p>H\u00e4r listas de lokala partif\u00f6reningar (och kretsar om s\u00e5dana finns) i regionen.<\/p>\n<\/div>\n                <div class=\"listing__content--list\">\n                                <ul class=\"listing__content--list__standard\">\n                                                    <li>\n                                <a class=\"p--purple\" href=\"https:\/\/moderaterna.se\/vasterbotten\/foreningar\/moderata-kretsen-i-umea\/\">Moderata kretsen i Ume\u00e5<\/a>\n                            <\/li>\n                                                    <li>\n                                <a class=\"p--purple\" href=\"https:\/\/moderaterna.se\/vasterbotten\/foreningar\/moderaterna-i-bjurholm\/\">Moderaterna i Bjurholm<\/a>\n                            <\/li>\n                                                    <li>\n                                <a class=\"p--purple\" href=\"https:\/\/moderaterna.se\/vasterbotten\/foreningar\/moderaterna-i-lycksele\/\">Moderaterna i Lycksele<\/a>\n                            <\/li>\n                                                    <li>\n                                <a class=\"p--purple\" href=\"https:\/\/moderaterna.se\/vasterbotten\/foreningar\/moderaterna-i-nordmaling\/\">Moderaterna i Nordmaling<\/a>\n                            <\/li>\n                                                    <li>\n                                <a class=\"p--purple\" href=\"https:\/\/moderaterna.se\/vasterbotten\/foreningar\/moderaterna-i-norsjo\/\">Moderaterna i Norsj\u00f6<\/a>\n                            <\/li>\n                                                    <li>\n                                <a class=\"p--purple\" href=\"https:\/\/moderaterna.se\/vasterbotten\/foreningar\/moderaterna-i-robertsfors\/\">Moderaterna i Robertsfors<\/a>\n                            <\/li>\n                                                    <li>\n                                <a class=\"p--purple\" href=\"https:\/\/moderaterna.se\/vasterbotten\/foreningar\/moderaterna-i-skelleftea\/\">Moderaterna i Skellefte\u00e5<\/a>\n                            <\/li>\n                                                    <li>\n                                <a class=\"p--purple\" href=\"https:\/\/moderaterna.se\/vasterbotten\/foreningar\/moderaterna-i-sorsele\/\">Moderaterna i Sorsele<\/a>\n                            <\/li>\n                                                    <li>\n                                <a class=\"p--purple\" href=\"https:\/\/moderaterna.se\/vasterbotten\/foreningar\/moderaterna-i-storuman\/\">Moderaterna i Storuman<\/a>\n                            <\/li>\n                                                    <li>\n                                <a class=\"p--purple\" href=\"https:\/\/moderaterna.se\/vasterbotten\/foreningar\/moderaterna-i-vilhelmina\/\">Moderaterna i Vilhelmina<\/a>\n                            <\/li>\n                                                    <li>\n                                <a class=\"p--purple\" href=\"https:\/\/moderaterna.se\/vasterbotten\/foreningar\/moderaterna-i-vindeln\/\">Moderaterna i Vindeln<\/a>\n                            <\/li>\n                                                    <li>\n                                <a class=\"p--purple\" href=\"https:\/\/moderaterna.se\/vasterbotten\/foreningar\/moderaterna-i-vannas\/\">Moderaterna i V\u00e4nn\u00e4s<\/a>\n                            <\/li>\n                                                    <li>\n                                <a class=\"p--purple\" href=\"https:\/\/moderaterna.se\/vasterbotten\/foreningar\/moderaterna-mala\/\">Moderaterna Mal\u00e5<\/a>\n                            <\/li>\n                                                    <li>\n                                <a class=\"p--purple\" href=\"https:\/\/moderaterna.se\/vasterbotten\/foreningar\/umea-centrala-moderatforening\/\">Ume\u00e5 Centrala Moderatf\u00f6rening<\/a>\n                            <\/li>\n                                                    <li>\n                                <a class=\"p--purple\" href=\"https:\/\/moderaterna.se\/vasterbotten\/foreningar\/umea-sodra-moderatforening\/\">Ume\u00e5 S\u00f6dra Moderatf\u00f6rening<\/a>\n                            <\/li>\n                                                    <li>\n                                <a class=\"p--purple\" href=\"https:\/\/moderaterna.se\/vasterbotten\/foreningar\/umea-tavelsjo-moderatforening\/\">Ume\u00e5 Tavelsj\u00f6 Moderatf\u00f6rening<\/a>\n                            <\/li>\n                                                    <li>\n                                <a class=\"p--purple\" href=\"https:\/\/moderaterna.se\/vasterbotten\/foreningar\/umea-ostra-moderatforening\/\">Ume\u00e5 \u00d6stra Moderatf\u00f6rening<\/a>\n                            <\/li>\n                                            <\/ul>\n                        <\/div>\n    <\/div>\n<\/div>\n","protected":false},"excerpt":{"rendered":"","protected":false},"author":9,"featured_media":0,"parent":0,"menu_order":0,"comment_status":"closed","ping_status":"closed","template":"","meta":{"_acf_changed":false,"_relevanssi_hide_post":"","_relevanssi_hide_content":"","_relevanssi_pin_for_all":"","_relevanssi_pin_keywords":"","_relevanssi_unpin_keywords":"","_relevanssi_related_keywords":"","_relevanssi_related_include_ids":"","_relevanssi_related_exclude_ids":"","_relevanssi_related_no_append":"","_relevanssi_related_not_related":"","_relevanssi_related_posts":"526","_relevanssi_noindex_reason":"","footnotes":""},"subject":[],"class_list":["post-635","page","type-page","status-publish","hentry"],"acf":[],"publishpress_future_action":{"enabled":false,"date":"2026-04-13 13:27:05","action":"change-status","newStatus":"draft","terms":[],"taxonomy":"subject"},"_links":{"self":[{"href":"https:\/\/moderaterna.se\/vasterbotten\/wp-json\/wp\/v2\/pages\/635","targetHints":{"allow":["GET"]}}],"collection":[{"href":"https:\/\/moderaterna.se\/vasterbotten\/wp-json\/wp\/v2\/pages"}],"about":[{"href":"https:\/\/moderaterna.se\/vasterbotten\/wp-json\/wp\/v2\/types\/page"}],"author":[{"embeddable":true,"href":"https:\/\/moderaterna.se\/vasterbotten\/wp-json\/wp\/v2\/users\/9"}],"replies":[{"embeddable":true,"href":"https:\/\/moderaterna.se\/vasterbotten\/wp-json\/wp\/v2\/comments?post=635"}],"version-history":[{"count":16,"href":"https:\/\/moderaterna.se\/vasterbotten\/wp-json\/wp\/v2\/pages\/635\/revisions"}],"predecessor-version":[{"id":1609,"href":"https:\/\/moderaterna.se\/vasterbotten\/wp-json\/wp\/v2\/pages\/635\/revisions\/1609"}],"wp:attachment":[{"href":"https:\/\/moderaterna.se\/vasterbotten\/wp-json\/wp\/v2\/media?parent=635"}],"wp:term":[{"taxonomy":"subject","embeddable":true,"href":"https:\/\/moderaterna.se\/vasterbotten\/wp-json\/wp\/v2\/subject?post=635"}],"curies":[{"name":"wp","href":"https:\/\/api.w.org\/{rel}","templated":true}]}}