{"id":630,"date":"2021-12-08T09:50:43","date_gmt":"2021-12-08T08:50:43","guid":{"rendered":"https:\/\/moderaterna.se\/vasterbotten\/?page_id=630"},"modified":"2022-06-22T09:31:24","modified_gmt":"2022-06-22T07:31:24","slug":"forbundet","status":"publish","type":"page","link":"https:\/\/moderaterna.se\/vasterbotten\/forbundet\/","title":{"rendered":"F\u00f6rbundet"},"content":{"rendered":"\n<div class=\"wp-block-columns is-layout-flex wp-container-core-columns-is-layout-9d6595d7 wp-block-columns-is-layout-flex\">\n<div class=\"wp-block-column is-layout-flow wp-block-column-is-layout-flow\">\n<h2 class=\"wp-block-heading\" id=\"h-forbundsordforande\">F\u00f6rbundsordf\u00f6rande<\/h2>\n\n\n\n<figure class=\"wp-block-image size-large\"><img decoding=\"async\" src=\"https:\/\/moderaterna.se\/app\/uploads\/sites\/17\/2022\/01\/Anders-Agren.jpeg\" alt=\"Anders \u00c5gren Moderaterna\"\/><\/figure>\n\n\n\n<p>Anders \u00c5gren (<a href=\"https:\/\/moderaterna.se\/vasterbotten\/politiker\/anders-agren\/\">L\u00e4s mer<\/a>)<\/p>\n<\/div>\n\n\n\n<div class=\"wp-block-column is-layout-flow wp-block-column-is-layout-flow\">\n<h2 class=\"wp-block-heading\" id=\"h-partiombudsman\">Partiombudsman<\/h2>\n\n\n\n<figure class=\"wp-block-image size-large\"><img decoding=\"async\" src=\"https:\/\/moderaterna.se\/app\/uploads\/sites\/17\/2022\/01\/28684950_1868625263156205_266454596605803105_n.jpg\" alt=\"Anton Bergstr\u00f6m Moderaterna\"\/><\/figure>\n\n\n\n<p>Anton Bergstr\u00f6m Nord (<a href=\"https:\/\/moderaterna.se\/vasterbotten\/kontaktpersoner\/anton-bergstrom\/\">L\u00e4s mer<\/a>)<\/p>\n<\/div>\n\n\n\n<div class=\"wp-block-column is-layout-flow wp-block-column-is-layout-flow\">\n<h2 class=\"wp-block-heading\" id=\"h-politisk-sekreterare\">Politisk sekreterare<\/h2>\n\n\n\n<figure class=\"wp-block-image size-large\"><img decoding=\"async\" src=\"https:\/\/moderaterna.se\/app\/uploads\/sites\/17\/2022\/01\/67937885_10215261613001042_2278960409476071424_o.jpg\" alt=\"\"\/><\/figure>\n\n\n\n<p>Joline G\u00f6ttfert (<a href=\"https:\/\/moderaterna.se\/vasterbotten\/kontaktpersoner\/joline-gottfert\/\">L\u00e4s mer<\/a>)<\/p>\n<\/div>\n<\/div>\n\n\n\n<div id=\"contact-form-block_61e2e95befd3b\" class=\"contact-form custom-block custom-block__full theme__background--blue theme__color--dark-blue\"\n    >\n    <div class=\"contact-form__content\">\n        <h2 class=\"contact-form__heading\">\n            Kontakta Moderaterna i V\u00e4sterbotten (ring g\u00e4rna innan bes\u00f6k)        <\/h2>\n                    <div class=\"contact-form__info\">\n                                    <div class=\"contact-form__info--block\">\n                        <svg xmlns=\"http:\/\/www.w3.org\/2000\/svg\" width=\"48\" height=\"48\" viewBox=\"0 0 48 48\" aria-hidden=\"true\" class=\"contact-form__info--block__icon\"><rect data-name=\"Area [SIZE:MEDIUM][STATE:DEFAULT][STYLE:STYLE3]\" width=\"48\" height=\"48\" rx=\"24\" fill=\"#213a8f\"\/><path d=\"M32.333 28.1v2.5a1.667 1.667 0 0 1-1.816 1.667 16.488 16.488 0 0 1-7.192-2.559 16.24 16.24 0 0 1-5-5 16.488 16.488 0 0 1-2.558-7.225 1.667 1.667 0 0 1 1.658-1.816h2.5a1.666 1.666 0 0 1 1.667 1.433 10.68 10.68 0 0 0 .583 2.342A1.665 1.665 0 0 1 21.8 21.2l-1.058 1.058a13.319 13.319 0 0 0 5 5L26.8 26.2a1.665 1.665 0 0 1 1.758-.375 10.68 10.68 0 0 0 2.342.583 1.667 1.667 0 0 1 1.433 1.692z\" fill=\"#93d5f6\" data-name=\"Icon\"\/><\/svg>                        <p class=\"contact-form__info--block__label\">\n                            Telefon:\n                        <\/p>\n                        <p class=\"contact-form__info--block__value\">\n                            072-2260777                        <\/p>\n                    <\/div>\n                                    <div class=\"contact-form__info--block\">\n                        <svg xmlns=\"http:\/\/www.w3.org\/2000\/svg\" width=\"48\" height=\"48\" viewBox=\"0 0 48 48\" aria-hidden=\"true\" class=\"contact-form__info--block__icon\"><rect data-name=\"Area [SIZE:MEDIUM][STATE:DEFAULT][STYLE:STYLE3]\" width=\"48\" height=\"48\" rx=\"24\" fill=\"#213a8f\"\/><path data-name=\"Icon ionic-md-mail\" d=\"M31.388 16.829H16.612a1.743 1.743 0 0 0-1.738 1.738v10.865a1.743 1.743 0 0 0 1.738 1.738h14.776a1.743 1.743 0 0 0 1.736-1.738V18.567a1.743 1.743 0 0 0-1.736-1.738zm-.217 3.694L24 25.304l-7.17-4.781v-1.738l7.171 4.781 7.171-4.781z\" fill=\"#93d5f6\"\/><\/svg>                        <p class=\"contact-form__info--block__label\">\n                            Postadress:\n                        <\/p>\n                        <p class=\"contact-form__info--block__value\">\n                            Kungsgatan 42<br \/>\r\n903 25 Ume\u00e5                        <\/p>\n                    <\/div>\n                                    <div class=\"contact-form__info--block\">\n                        <svg xmlns=\"http:\/\/www.w3.org\/2000\/svg\" width=\"48\" height=\"48\" viewBox=\"0 0 48 48\" aria-hidden=\"true\" class=\"contact-form__info--block__icon\"><rect data-name=\"Area [SIZE:MEDIUM][STATE:DEFAULT][STYLE:STYLE3]\" width=\"48\" height=\"48\" rx=\"24\" fill=\"#213a8f\"\/><path data-name=\"Icon material-location-on\" d=\"M24 14a7 7 0 0 0-7 7c0 5.25 7 13 7 13s7-7.75 7-13a7 7 0 0 0-7-7zm0 9.5a2.5 2.5 0 1 1 2.5-2.5 2.5 2.5 0 0 1-2.5 2.5z\" fill=\"#93d5f6\"\/><\/svg>                        <p class=\"contact-form__info--block__label\">\n                            Bes\u00f6ksadress:\n                        <\/p>\n                        <p class=\"contact-form__info--block__value\">\n                            Kungsgatan 42<br \/>\r\n903 25 Ume\u00e5                        <\/p>\n                    <\/div>\n                            <\/div>\n                <div class=\"contact-form__form--wrapper\">\n            <h3 class=\"contact-form__form--heading\">Har du fr\u00e5gor till oss? Vars\u00e5god att anv\u00e4nda formul\u00e4ret.<\/h3>\n            <form @submit.prevent=\"handleSubmit\" class=\"contact-form__form\" method=\"POST\">\n                <label class=\"show-for-sr\" for=\"contact-form-block_61e2e95befd3b__first-name\">\n                    F\u00f6rnamn\n                <\/label>\n                <input v-model=\"firstName\" class=\"half\" type=\"text\" name=\"firstName\" id=\"contact-form-block_61e2e95befd3b__first-name\"\n                    placeholder=\"F\u00f6rnamn\" autocomplete=\"given-name\" required>\n\n                <label class=\"show-for-sr\" for=\"contact-form-block_61e2e95befd3b__last-name\">\n                    Efternamn\n                <\/label>\n                <input v-model=\"lastName\" class=\"half\" type=\"text\" name=\"lastName\" id=\"contact-form-block_61e2e95befd3b__last-name\"\n                    placeholder=\"Efternamn\" autocomplete=\"family-name\" required>\n\n                <label class=\"show-for-sr\" for=\"contact-form-block_61e2e95befd3b__email\">\n                    E-post\n                <\/label>\n                <input v-model=\"email\" type=\"email\" name=\"email\" id=\"contact-form-block_61e2e95befd3b__email\" \n                    placeholder=\"E-post\" autocomplete=\"email\" required>\n\n                                    <radio-list \n                    @setSelectedSubject=\"setSelectedSubject\" \n                    :subjects='[{\"ID\":703,\"post_author\":\"2\",\"post_date\":\"2021-12-19 12:31:49\",\"post_date_gmt\":\"2021-12-19 11:31:49\",\"post_content\":\"\",\"post_title\":\"Annat \\\/ \\u00f6vrigt\",\"post_excerpt\":\"\",\"post_status\":\"publish\",\"comment_status\":\"closed\",\"ping_status\":\"closed\",\"post_password\":\"\",\"post_name\":\"annat-ovrigt\",\"to_ping\":\"\",\"pinged\":\"\",\"post_modified\":\"2022-01-15 16:28:37\",\"post_modified_gmt\":\"2022-01-15 15:28:37\",\"post_content_filtered\":\"\",\"post_parent\":0,\"guid\":\"https:\\\/\\\/moderaterna.se\\\/vasterbotten\\\/?post_type=contact-subject&#038;p=703\",\"menu_order\":0,\"post_type\":\"contact-subject\",\"post_mime_type\":\"\",\"comment_count\":\"0\",\"filter\":\"raw\"},{\"ID\":203,\"post_author\":\"1\",\"post_date\":\"2021-11-23 15:54:40\",\"post_date_gmt\":\"2021-11-23 14:54:40\",\"post_content\":\"\",\"post_title\":\"Skolarbete\",\"post_excerpt\":\"\",\"post_status\":\"publish\",\"comment_status\":\"closed\",\"ping_status\":\"closed\",\"post_password\":\"\",\"post_name\":\"skolarbete\",\"to_ping\":\"\",\"pinged\":\"\",\"post_modified\":\"2022-01-15 16:28:41\",\"post_modified_gmt\":\"2022-01-15 15:28:41\",\"post_content_filtered\":\"\",\"post_parent\":0,\"guid\":\"https:\\\/\\\/moderaterna.se\\\/?post_type=contact-subject&#038;p=203\",\"menu_order\":0,\"post_type\":\"contact-subject\",\"post_mime_type\":\"\",\"comment_count\":\"0\",\"filter\":\"raw\"},{\"ID\":202,\"post_author\":\"1\",\"post_date\":\"2021-11-23 15:54:22\",\"post_date_gmt\":\"2021-11-23 14:54:22\",\"post_content\":\"\",\"post_title\":\"Medlemskap\",\"post_excerpt\":\"\",\"post_status\":\"publish\",\"comment_status\":\"closed\",\"ping_status\":\"closed\",\"post_password\":\"\",\"post_name\":\"medlemskap\",\"to_ping\":\"\",\"pinged\":\"\",\"post_modified\":\"2022-01-15 16:28:44\",\"post_modified_gmt\":\"2022-01-15 15:28:44\",\"post_content_filtered\":\"\",\"post_parent\":0,\"guid\":\"https:\\\/\\\/moderaterna.se\\\/?post_type=contact-subject&#038;p=202\",\"menu_order\":0,\"post_type\":\"contact-subject\",\"post_mime_type\":\"\",\"comment_count\":\"0\",\"filter\":\"raw\"},{\"ID\":201,\"post_author\":\"1\",\"post_date\":\"2021-11-23 15:54:05\",\"post_date_gmt\":\"2021-11-23 14:54:05\",\"post_content\":\"\",\"post_title\":\"Talarf\\u00f6rfr\\u00e5gningar\",\"post_excerpt\":\"\",\"post_status\":\"publish\",\"comment_status\":\"closed\",\"ping_status\":\"closed\",\"post_password\":\"\",\"post_name\":\"talarforfragningar\",\"to_ping\":\"\",\"pinged\":\"\",\"post_modified\":\"2022-01-15 16:28:48\",\"post_modified_gmt\":\"2022-01-15 15:28:48\",\"post_content_filtered\":\"\",\"post_parent\":0,\"guid\":\"https:\\\/\\\/moderaterna.se\\\/?post_type=contact-subject&#038;p=201\",\"menu_order\":0,\"post_type\":\"contact-subject\",\"post_mime_type\":\"\",\"comment_count\":\"0\",\"filter\":\"raw\"},{\"ID\":200,\"post_author\":\"1\",\"post_date\":\"2021-11-23 15:53:28\",\"post_date_gmt\":\"2021-11-23 14:53:28\",\"post_content\":\"\",\"post_title\":\"Paneldebatter\",\"post_excerpt\":\"\",\"post_status\":\"publish\",\"comment_status\":\"closed\",\"ping_status\":\"closed\",\"post_password\":\"\",\"post_name\":\"paneldebatter\",\"to_ping\":\"\",\"pinged\":\"\",\"post_modified\":\"2022-01-15 16:28:51\",\"post_modified_gmt\":\"2022-01-15 15:28:51\",\"post_content_filtered\":\"\",\"post_parent\":0,\"guid\":\"https:\\\/\\\/moderaterna.se\\\/?post_type=contact-subject&#038;p=200\",\"menu_order\":0,\"post_type\":\"contact-subject\",\"post_mime_type\":\"\",\"comment_count\":\"0\",\"filter\":\"raw\"},{\"ID\":199,\"post_author\":\"1\",\"post_date\":\"2021-11-23 15:52:41\",\"post_date_gmt\":\"2021-11-23 14:52:41\",\"post_content\":\"\",\"post_title\":\"V\\u00e5r politik\",\"post_excerpt\":\"\",\"post_status\":\"publish\",\"comment_status\":\"closed\",\"ping_status\":\"closed\",\"post_password\":\"\",\"post_name\":\"var-politik\",\"to_ping\":\"\",\"pinged\":\"\",\"post_modified\":\"2022-01-15 16:28:55\",\"post_modified_gmt\":\"2022-01-15 15:28:55\",\"post_content_filtered\":\"\",\"post_parent\":0,\"guid\":\"https:\\\/\\\/moderaterna.se\\\/?post_type=contact-subject&#038;p=199\",\"menu_order\":0,\"post_type\":\"contact-subject\",\"post_mime_type\":\"\",\"comment_count\":\"0\",\"filter\":\"raw\"}]' \n                    :listid='\"contact-form-block_61e2e95befd3b\"' \n                    :baseclass='\"contact-form\"' \n                    :placeholder='\"Vad g\u00e4ller fr\u00e5gan?\"'>\n                    <\/radio-list>\n                \n                <label class=\"show-for-sr\" for=\"contact-form-block_61e2e95befd3b__question\">\n                    Din fr\u00e5ga\n                <\/label>\n                <textarea v-model=\"question\" rows=\"5\" name=\"question\" id=\"contact-form-block_61e2e95befd3b__question\" placeholder=\"Din fr\u00e5ga\" required><\/textarea>\n\n                <label class=\"contact-form__checkbox checkbox\" for=\"contact-form-block_61e2e95befd3b__terms\">\n                    <input v-model=\"terms\" class=\"show-for-sr\" type=\"checkbox\" name=\"terms\" id=\"contact-form-block_61e2e95befd3b__terms\" required\/>\n                    <span aria-hidden=\"true\" class=\"checkbox__checkmark\">\n                        <svg xmlns=\"http:\/\/www.w3.org\/2000\/svg\" width=\"13.203\" height=\"9.547\" viewBox=\"0 0 13.203 9.547\" aria-hidden=\"true\"><path data-name=\"Icon feather-check\" d=\"M11.789 1.414L4.656 8.547 1.414 5.305\" fill=\"none\" stroke=\"#93d5f6\" stroke-linecap=\"round\" stroke-linejoin=\"round\" stroke-width=\"2\"\/><\/svg>                    <\/span>\n                    Jag godk\u00e4nner att Moderaterna sparar mina personuppgifter\n                                            <a class=\"checkbox__link\" href=\"https:\/\/moderaterna.se\/vasterbotten\/integritetspolicy\/\">L\u00e4s mer om hur vi hanterar dina personuppgifter<\/a>\n                                    <\/label>\n\n                <button type=\"submit\">\n                    <svg xmlns=\"http:\/\/www.w3.org\/2000\/svg\" data-name=\"Icon ionic-ios-arrow-round-forward\" width=\"17.168\" height=\"11.45\" viewBox=\"0 0 17.168 11.45\" aria-hidden=\"true\"><path data-name=\"Icon ionic-ios-arrow-round-forward\" d=\"M10.948.219a.779.779 0 0 0-.006 1.1l3.626 3.629H.769a.775.775 0 0 0 0 1.55h13.793l-3.626 3.632a.785.785 0 0 0 .006 1.1.772.772 0 0 0 1.091-.006l4.914-4.949a.871.871 0 0 0 .161-.244.74.74 0 0 0 .06-.3.777.777 0 0 0-.221-.543L12.033.239a.76.76 0 0 0-1.085-.02z\" fill=\"#213a8f\"\/><\/svg>                    Skicka fr\u00e5ga\n                <\/button>\n\n                <p v-show=\"messageActive\" style=\"display:none;\" aria-live=\"polite\" class=\"contact-form__message\" :class=\"error ? 'error' : ''\">\n                    {{message}}\n                <\/p>\n            <\/form>\n        <\/div>\n    <\/div>\n<\/div>\n\n<div id=\"listing-block_61e2ec56e7296\" class=\"listing custom-block custom-block__full theme__background--pink\">\n    <div class=\"listing__content\">\n                    <h2 class=\"listing__content--title theme__color--purple\">F\u00f6reningar och kretsar i V\u00e4sterbotten<\/h2>\n                        <div class=\"listing__content--list\">\n                                <ul class=\"listing__content--list__standard\">\n                                                    <li>\n                                <a class=\"p--purple\" href=\"https:\/\/moderaterna.se\/vasterbotten\/foreningar\/moderata-kretsen-i-umea\/\">Moderata kretsen i Ume\u00e5<\/a>\n                            <\/li>\n                                                    <li>\n                                <a class=\"p--purple\" href=\"https:\/\/moderaterna.se\/vasterbotten\/foreningar\/moderaterna-i-bjurholm\/\">Moderaterna i Bjurholm<\/a>\n                            <\/li>\n                                                    <li>\n                                <a class=\"p--purple\" href=\"https:\/\/moderaterna.se\/vasterbotten\/foreningar\/moderaterna-i-lycksele\/\">Moderaterna i Lycksele<\/a>\n                            <\/li>\n                                                    <li>\n                                <a class=\"p--purple\" href=\"https:\/\/moderaterna.se\/vasterbotten\/foreningar\/moderaterna-i-nordmaling\/\">Moderaterna i Nordmaling<\/a>\n                            <\/li>\n                                                    <li>\n                                <a class=\"p--purple\" href=\"https:\/\/moderaterna.se\/vasterbotten\/foreningar\/moderaterna-i-norsjo\/\">Moderaterna i Norsj\u00f6<\/a>\n                            <\/li>\n                                                    <li>\n                                <a class=\"p--purple\" href=\"https:\/\/moderaterna.se\/vasterbotten\/foreningar\/moderaterna-i-robertsfors\/\">Moderaterna i Robertsfors<\/a>\n                            <\/li>\n                                                    <li>\n                                <a class=\"p--purple\" href=\"https:\/\/moderaterna.se\/vasterbotten\/foreningar\/moderaterna-i-skelleftea\/\">Moderaterna i Skellefte\u00e5<\/a>\n                            <\/li>\n                                                    <li>\n                                <a class=\"p--purple\" href=\"https:\/\/moderaterna.se\/vasterbotten\/foreningar\/moderaterna-i-sorsele\/\">Moderaterna i Sorsele<\/a>\n                            <\/li>\n                                                    <li>\n                                <a class=\"p--purple\" href=\"https:\/\/moderaterna.se\/vasterbotten\/foreningar\/moderaterna-i-storuman\/\">Moderaterna i Storuman<\/a>\n                            <\/li>\n                                                    <li>\n                                <a class=\"p--purple\" href=\"https:\/\/moderaterna.se\/vasterbotten\/foreningar\/moderaterna-i-vilhelmina\/\">Moderaterna i Vilhelmina<\/a>\n                            <\/li>\n                                                    <li>\n                                <a class=\"p--purple\" href=\"https:\/\/moderaterna.se\/vasterbotten\/foreningar\/moderaterna-i-vindeln\/\">Moderaterna i Vindeln<\/a>\n                            <\/li>\n                                                    <li>\n                                <a class=\"p--purple\" href=\"https:\/\/moderaterna.se\/vasterbotten\/foreningar\/moderaterna-i-vannas\/\">Moderaterna i V\u00e4nn\u00e4s<\/a>\n                            <\/li>\n                                                    <li>\n                                <a class=\"p--purple\" href=\"https:\/\/moderaterna.se\/vasterbotten\/foreningar\/moderaterna-mala\/\">Moderaterna Mal\u00e5<\/a>\n                            <\/li>\n                                                    <li>\n                                <a class=\"p--purple\" href=\"https:\/\/moderaterna.se\/vasterbotten\/foreningar\/umea-centrala-moderatforening\/\">Ume\u00e5 Centrala Moderatf\u00f6rening<\/a>\n                            <\/li>\n                                                    <li>\n                                <a class=\"p--purple\" href=\"https:\/\/moderaterna.se\/vasterbotten\/foreningar\/umea-sodra-moderatforening\/\">Ume\u00e5 S\u00f6dra Moderatf\u00f6rening<\/a>\n                            <\/li>\n                                                    <li>\n                                <a class=\"p--purple\" href=\"https:\/\/moderaterna.se\/vasterbotten\/foreningar\/umea-tavelsjo-moderatforening\/\">Ume\u00e5 Tavelsj\u00f6 Moderatf\u00f6rening<\/a>\n                            <\/li>\n                                                    <li>\n                                <a class=\"p--purple\" href=\"https:\/\/moderaterna.se\/vasterbotten\/foreningar\/umea-ostra-moderatforening\/\">Ume\u00e5 \u00d6stra Moderatf\u00f6rening<\/a>\n                            <\/li>\n                                            <\/ul>\n                        <\/div>\n    <\/div>\n<\/div>\n","protected":false},"excerpt":{"rendered":"<p>F\u00f6rbundsordf\u00f6rande Anders \u00c5gren (L\u00e4s mer) Partiombudsman Anton Bergstr\u00f6m Nord (L\u00e4s mer) Politisk sekreterare Joline G\u00f6ttfert (L\u00e4s mer)<\/p>\n","protected":false},"author":9,"featured_media":0,"parent":0,"menu_order":0,"comment_status":"closed","ping_status":"closed","template":"","meta":{"_acf_changed":false,"_relevanssi_hide_post":"","_relevanssi_hide_content":"","_relevanssi_pin_for_all":"","_relevanssi_pin_keywords":"","_relevanssi_unpin_keywords":"","_relevanssi_related_keywords":"","_relevanssi_related_include_ids":"","_relevanssi_related_exclude_ids":"","_relevanssi_related_no_append":"","_relevanssi_related_not_related":"","_relevanssi_related_posts":"526","_relevanssi_noindex_reason":"","footnotes":""},"subject":[],"class_list":["post-630","page","type-page","status-publish","hentry"],"acf":[],"publishpress_future_action":{"enabled":false,"date":"2026-04-25 11:14:19","action":"change-status","newStatus":"draft","terms":[],"taxonomy":"subject"},"_links":{"self":[{"href":"https:\/\/moderaterna.se\/vasterbotten\/wp-json\/wp\/v2\/pages\/630","targetHints":{"allow":["GET"]}}],"collection":[{"href":"https:\/\/moderaterna.se\/vasterbotten\/wp-json\/wp\/v2\/pages"}],"about":[{"href":"https:\/\/moderaterna.se\/vasterbotten\/wp-json\/wp\/v2\/types\/page"}],"author":[{"embeddable":true,"href":"https:\/\/moderaterna.se\/vasterbotten\/wp-json\/wp\/v2\/users\/9"}],"replies":[{"embeddable":true,"href":"https:\/\/moderaterna.se\/vasterbotten\/wp-json\/wp\/v2\/comments?post=630"}],"version-history":[{"count":23,"href":"https:\/\/moderaterna.se\/vasterbotten\/wp-json\/wp\/v2\/pages\/630\/revisions"}],"predecessor-version":[{"id":1606,"href":"https:\/\/moderaterna.se\/vasterbotten\/wp-json\/wp\/v2\/pages\/630\/revisions\/1606"}],"wp:attachment":[{"href":"https:\/\/moderaterna.se\/vasterbotten\/wp-json\/wp\/v2\/media?parent=630"}],"wp:term":[{"taxonomy":"subject","embeddable":true,"href":"https:\/\/moderaterna.se\/vasterbotten\/wp-json\/wp\/v2\/subject?post=630"}],"curies":[{"name":"wp","href":"https:\/\/api.w.org\/{rel}","templated":true}]}}