{"id":1627,"date":"2026-01-13T15:14:51","date_gmt":"2026-01-13T14:14:51","guid":{"rendered":"https:\/\/moderaterna.se\/vasterbotten\/?page_id=1627"},"modified":"2026-01-13T15:14:52","modified_gmt":"2026-01-13T14:14:52","slug":"valnamnden","status":"publish","type":"page","link":"https:\/\/moderaterna.se\/vasterbotten\/valnamnden\/","title":{"rendered":"Valn\u00e4mnden"},"content":{"rendered":"\n<p>Kjerstin Widman, vice ordf\u00f6rande<\/p>\n\n\n\n<p><a href=\"mailto:kjerstin.widman@umea.se\">kjerstin.widman@umea.se<\/a><\/p>\n\n\n\n<p>Joline G\u00f6ttfert, ers\u00e4ttare<\/p>\n\n\n\n<p>joline.gottfert@umea.se<\/p>\n\n\n\n<p>Lena Andersson, ers\u00e4ttare<\/p>\n\n\n\n<p><a href=\"mailto:lena.andersson@umea.se\">lena.andersson@umea.se<\/a><\/p>\n","protected":false},"excerpt":{"rendered":"<p>Kjerstin Widman, vice ordf\u00f6rande kjerstin.widman@umea.se Joline G\u00f6ttfert, ers\u00e4ttare joline.gottfert@umea.se Lena Andersson, ers\u00e4ttare lena.andersson@umea.se<\/p>\n","protected":false},"author":37,"featured_media":0,"parent":0,"menu_order":0,"comment_status":"closed","ping_status":"closed","template":"","meta":{"_acf_changed":false,"_relevanssi_hide_post":"","_relevanssi_hide_content":"","_relevanssi_pin_for_all":"","_relevanssi_pin_keywords":"","_relevanssi_unpin_keywords":"","_relevanssi_related_keywords":"","_relevanssi_related_include_ids":"","_relevanssi_related_exclude_ids":"","_relevanssi_related_no_append":"","_relevanssi_related_not_related":"","_relevanssi_related_posts":"1284,1245,1557,1229,1209,1385","_relevanssi_noindex_reason":"","footnotes":""},"subject":[],"class_list":["post-1627","page","type-page","status-publish","hentry"],"acf":[],"publishpress_future_action":{"enabled":false,"date":"2026-04-24 08:45:24","action":"change-status","newStatus":"draft","terms":[],"taxonomy":"subject"},"_links":{"self":[{"href":"https:\/\/moderaterna.se\/vasterbotten\/wp-json\/wp\/v2\/pages\/1627","targetHints":{"allow":["GET"]}}],"collection":[{"href":"https:\/\/moderaterna.se\/vasterbotten\/wp-json\/wp\/v2\/pages"}],"about":[{"href":"https:\/\/moderaterna.se\/vasterbotten\/wp-json\/wp\/v2\/types\/page"}],"author":[{"embeddable":true,"href":"https:\/\/moderaterna.se\/vasterbotten\/wp-json\/wp\/v2\/users\/37"}],"replies":[{"embeddable":true,"href":"https:\/\/moderaterna.se\/vasterbotten\/wp-json\/wp\/v2\/comments?post=1627"}],"version-history":[{"count":1,"href":"https:\/\/moderaterna.se\/vasterbotten\/wp-json\/wp\/v2\/pages\/1627\/revisions"}],"predecessor-version":[{"id":1628,"href":"https:\/\/moderaterna.se\/vasterbotten\/wp-json\/wp\/v2\/pages\/1627\/revisions\/1628"}],"wp:attachment":[{"href":"https:\/\/moderaterna.se\/vasterbotten\/wp-json\/wp\/v2\/media?parent=1627"}],"wp:term":[{"taxonomy":"subject","embeddable":true,"href":"https:\/\/moderaterna.se\/vasterbotten\/wp-json\/wp\/v2\/subject?post=1627"}],"curies":[{"name":"wp","href":"https:\/\/api.w.org\/{rel}","templated":true}]}}