{"id":1624,"date":"2026-01-13T15:10:38","date_gmt":"2026-01-13T14:10:38","guid":{"rendered":"https:\/\/moderaterna.se\/vasterbotten\/?page_id=1624"},"modified":"2026-01-13T15:11:19","modified_gmt":"2026-01-13T14:11:19","slug":"personalnamnden","status":"publish","type":"page","link":"https:\/\/moderaterna.se\/vasterbotten\/personalnamnden\/","title":{"rendered":"Personaln\u00e4mnden"},"content":{"rendered":"\n<p>Mikael Thyni, vice ordf\u00f6rande<\/p>\n\n\n\n<p><a href=\"mailto:mikael.thyni@umea.se\">mikael.thyni@umea.se<\/a><\/p>\n\n\n\n<p>Gabriel Farrysson, ledamot<\/p>\n\n\n\n<p><a href=\"mailto:gabriel.farrysson@umea.se\">gabriel.farrysson@umea.se<\/a><\/p>\n\n\n\n<p>Josefin Gustafsson, ers\u00e4ttare<\/p>\n\n\n\n<p>josefin.gustafsson@umea.se<\/p>\n\n\n\n<p>Christer Lindwall, ers\u00e4ttare<\/p>\n\n\n\n<p><a href=\"mailto:christer.lindvall@umea.se\">christer.lindvall@umea.se<\/a><\/p>\n","protected":false},"excerpt":{"rendered":"<p>Mikael Thyni, vice ordf\u00f6rande mikael.thyni@umea.se Gabriel Farrysson, ledamot gabriel.farrysson@umea.se Josefin Gustafsson, ers\u00e4ttare josefin.gustafsson@umea.se Christer Lindwall, ers\u00e4ttare christer.lindvall@umea.se<\/p>\n","protected":false},"author":37,"featured_media":0,"parent":0,"menu_order":0,"comment_status":"closed","ping_status":"closed","template":"","meta":{"_acf_changed":false,"_relevanssi_hide_post":"","_relevanssi_hide_content":"","_relevanssi_pin_for_all":"","_relevanssi_pin_keywords":"","_relevanssi_unpin_keywords":"","_relevanssi_related_keywords":"","_relevanssi_related_include_ids":"","_relevanssi_related_exclude_ids":"","_relevanssi_related_no_append":"","_relevanssi_related_not_related":"","_relevanssi_related_posts":"1245,1229,1385,1398,1284,1293","_relevanssi_noindex_reason":"","footnotes":""},"subject":[],"class_list":["post-1624","page","type-page","status-publish","hentry"],"acf":[],"publishpress_future_action":{"enabled":false,"date":"2026-04-24 08:41:51","action":"change-status","newStatus":"draft","terms":[],"taxonomy":"subject"},"_links":{"self":[{"href":"https:\/\/moderaterna.se\/vasterbotten\/wp-json\/wp\/v2\/pages\/1624","targetHints":{"allow":["GET"]}}],"collection":[{"href":"https:\/\/moderaterna.se\/vasterbotten\/wp-json\/wp\/v2\/pages"}],"about":[{"href":"https:\/\/moderaterna.se\/vasterbotten\/wp-json\/wp\/v2\/types\/page"}],"author":[{"embeddable":true,"href":"https:\/\/moderaterna.se\/vasterbotten\/wp-json\/wp\/v2\/users\/37"}],"replies":[{"embeddable":true,"href":"https:\/\/moderaterna.se\/vasterbotten\/wp-json\/wp\/v2\/comments?post=1624"}],"version-history":[{"count":1,"href":"https:\/\/moderaterna.se\/vasterbotten\/wp-json\/wp\/v2\/pages\/1624\/revisions"}],"predecessor-version":[{"id":1625,"href":"https:\/\/moderaterna.se\/vasterbotten\/wp-json\/wp\/v2\/pages\/1624\/revisions\/1625"}],"wp:attachment":[{"href":"https:\/\/moderaterna.se\/vasterbotten\/wp-json\/wp\/v2\/media?parent=1624"}],"wp:term":[{"taxonomy":"subject","embeddable":true,"href":"https:\/\/moderaterna.se\/vasterbotten\/wp-json\/wp\/v2\/subject?post=1624"}],"curies":[{"name":"wp","href":"https:\/\/api.w.org\/{rel}","templated":true}]}}