{"id":1622,"date":"2026-01-13T15:06:16","date_gmt":"2026-01-13T14:06:16","guid":{"rendered":"https:\/\/moderaterna.se\/vasterbotten\/?page_id=1622"},"modified":"2026-01-13T15:06:16","modified_gmt":"2026-01-13T14:06:16","slug":"miljo-och-halsoskyddsnamnden","status":"publish","type":"page","link":"https:\/\/moderaterna.se\/vasterbotten\/miljo-och-halsoskyddsnamnden\/","title":{"rendered":"Milj\u00f6- och h\u00e4lsoskyddsn\u00e4mnden"},"content":{"rendered":"\n<p>Mikael Thyni, ledamot<\/p>\n\n\n\n<p><a href=\"mailto:mikael.thyni@umea.se\">mikael.thyni@umea.se<\/a><\/p>\n\n\n\n<p>Gabriel Farrysson, ledamot<\/p>\n\n\n\n<p><a href=\"mailto:gabriel.farrysson@umea.se\">gabriel.farrysson@umea.se<\/a><\/p>\n\n\n\n<p>Mats Granath, ers\u00e4ttare<\/p>\n\n\n\n<p>mats.granath@umea.se<\/p>\n\n\n\n<p>Josefin Gustafsson, ers\u00e4ttare<\/p>\n\n\n\n<p>josefin.gustafsson@umea.se<\/p>\n\n\n\n<p>Hans Modig<\/p>\n\n\n\n<p><a href=\"mailto:hans.modig@umea.se\">hans.modig@umea.se<\/a><\/p>\n","protected":false},"excerpt":{"rendered":"<p>Mikael Thyni, ledamot mikael.thyni@umea.se Gabriel Farrysson, ledamot gabriel.farrysson@umea.se Mats Granath, ers\u00e4ttare mats.granath@umea.se Josefin Gustafsson, ers\u00e4ttare josefin.gustafsson@umea.se Hans Modig hans.modig@umea.se<\/p>\n","protected":false},"author":37,"featured_media":0,"parent":0,"menu_order":0,"comment_status":"closed","ping_status":"closed","template":"","meta":{"_acf_changed":false,"_relevanssi_hide_post":"","_relevanssi_hide_content":"","_relevanssi_pin_for_all":"","_relevanssi_pin_keywords":"","_relevanssi_unpin_keywords":"","_relevanssi_related_keywords":"","_relevanssi_related_include_ids":"","_relevanssi_related_exclude_ids":"","_relevanssi_related_no_append":"","_relevanssi_related_not_related":"","_relevanssi_related_posts":"1214,1209,1398,1250,1235,1284","_relevanssi_noindex_reason":"","footnotes":""},"subject":[],"class_list":["post-1622","page","type-page","status-publish","hentry"],"acf":[],"publishpress_future_action":{"enabled":false,"date":"2026-04-24 08:47:24","action":"change-status","newStatus":"draft","terms":[],"taxonomy":"subject"},"_links":{"self":[{"href":"https:\/\/moderaterna.se\/vasterbotten\/wp-json\/wp\/v2\/pages\/1622","targetHints":{"allow":["GET"]}}],"collection":[{"href":"https:\/\/moderaterna.se\/vasterbotten\/wp-json\/wp\/v2\/pages"}],"about":[{"href":"https:\/\/moderaterna.se\/vasterbotten\/wp-json\/wp\/v2\/types\/page"}],"author":[{"embeddable":true,"href":"https:\/\/moderaterna.se\/vasterbotten\/wp-json\/wp\/v2\/users\/37"}],"replies":[{"embeddable":true,"href":"https:\/\/moderaterna.se\/vasterbotten\/wp-json\/wp\/v2\/comments?post=1622"}],"version-history":[{"count":1,"href":"https:\/\/moderaterna.se\/vasterbotten\/wp-json\/wp\/v2\/pages\/1622\/revisions"}],"predecessor-version":[{"id":1623,"href":"https:\/\/moderaterna.se\/vasterbotten\/wp-json\/wp\/v2\/pages\/1622\/revisions\/1623"}],"wp:attachment":[{"href":"https:\/\/moderaterna.se\/vasterbotten\/wp-json\/wp\/v2\/media?parent=1622"}],"wp:term":[{"taxonomy":"subject","embeddable":true,"href":"https:\/\/moderaterna.se\/vasterbotten\/wp-json\/wp\/v2\/subject?post=1622"}],"curies":[{"name":"wp","href":"https:\/\/api.w.org\/{rel}","templated":true}]}}