{"id":1620,"date":"2026-01-13T15:02:56","date_gmt":"2026-01-13T14:02:56","guid":{"rendered":"https:\/\/moderaterna.se\/vasterbotten\/?page_id=1620"},"modified":"2026-01-13T15:02:56","modified_gmt":"2026-01-13T14:02:56","slug":"kulturnamnden","status":"publish","type":"page","link":"https:\/\/moderaterna.se\/vasterbotten\/kulturnamnden\/","title":{"rendered":"Kulturn\u00e4mnden"},"content":{"rendered":"\n<p>Anton Bergstr\u00f6m Nord, ledamot<\/p>\n\n\n\n<p><a href=\"mailto:anton.bergstrom@umea.se\">anton.bergstrom@umea.se<\/a><\/p>\n\n\n\n<p>Kjerstin Widman, ledamot<\/p>\n\n\n\n<p><a href=\"mailto:kjerstin.widman@umea.se\">kjerstin.widman@umea.se<\/a><\/p>\n\n\n\n<p>Elli-Mari Lundgren, ers\u00e4ttare<\/p>\n\n\n\n<p><a href=\"mailto:elli-mari.lundgren@umea.se\">elli-mari.lundgren@umea.se<\/a><\/p>\n\n\n\n<p>Liv Granbom, ers\u00e4ttare<\/p>\n\n\n\n<p><a href=\"mailto:liv.granbom@umea.se\">liv.granbom@umea.se<\/a><\/p>\n","protected":false},"excerpt":{"rendered":"<p>Anton Bergstr\u00f6m Nord, ledamot anton.bergstrom@umea.se Kjerstin Widman, ledamot kjerstin.widman@umea.se Elli-Mari Lundgren, ers\u00e4ttare elli-mari.lundgren@umea.se Liv Granbom, ers\u00e4ttare liv.granbom@umea.se<\/p>\n","protected":false},"author":37,"featured_media":0,"parent":0,"menu_order":0,"comment_status":"closed","ping_status":"closed","template":"","meta":{"_acf_changed":false,"_relevanssi_hide_post":"","_relevanssi_hide_content":"","_relevanssi_pin_for_all":"","_relevanssi_pin_keywords":"","_relevanssi_unpin_keywords":"","_relevanssi_related_keywords":"","_relevanssi_related_include_ids":"","_relevanssi_related_exclude_ids":"","_relevanssi_related_no_append":"","_relevanssi_related_not_related":"","_relevanssi_related_posts":"1562,1250,1233,1218,1231,1557","_relevanssi_noindex_reason":"","footnotes":""},"subject":[],"class_list":["post-1620","page","type-page","status-publish","hentry"],"acf":[],"publishpress_future_action":{"enabled":false,"date":"2026-04-24 08:46:35","action":"change-status","newStatus":"draft","terms":[],"taxonomy":"subject"},"_links":{"self":[{"href":"https:\/\/moderaterna.se\/vasterbotten\/wp-json\/wp\/v2\/pages\/1620","targetHints":{"allow":["GET"]}}],"collection":[{"href":"https:\/\/moderaterna.se\/vasterbotten\/wp-json\/wp\/v2\/pages"}],"about":[{"href":"https:\/\/moderaterna.se\/vasterbotten\/wp-json\/wp\/v2\/types\/page"}],"author":[{"embeddable":true,"href":"https:\/\/moderaterna.se\/vasterbotten\/wp-json\/wp\/v2\/users\/37"}],"replies":[{"embeddable":true,"href":"https:\/\/moderaterna.se\/vasterbotten\/wp-json\/wp\/v2\/comments?post=1620"}],"version-history":[{"count":1,"href":"https:\/\/moderaterna.se\/vasterbotten\/wp-json\/wp\/v2\/pages\/1620\/revisions"}],"predecessor-version":[{"id":1621,"href":"https:\/\/moderaterna.se\/vasterbotten\/wp-json\/wp\/v2\/pages\/1620\/revisions\/1621"}],"wp:attachment":[{"href":"https:\/\/moderaterna.se\/vasterbotten\/wp-json\/wp\/v2\/media?parent=1620"}],"wp:term":[{"taxonomy":"subject","embeddable":true,"href":"https:\/\/moderaterna.se\/vasterbotten\/wp-json\/wp\/v2\/subject?post=1620"}],"curies":[{"name":"wp","href":"https:\/\/api.w.org\/{rel}","templated":true}]}}