{"id":1617,"date":"2026-01-13T14:58:13","date_gmt":"2026-01-13T13:58:13","guid":{"rendered":"https:\/\/moderaterna.se\/vasterbotten\/?page_id=1617"},"modified":"2026-01-13T14:58:14","modified_gmt":"2026-01-13T13:58:14","slug":"jamstalldhetsutskottet","status":"publish","type":"page","link":"https:\/\/moderaterna.se\/vasterbotten\/jamstalldhetsutskottet\/","title":{"rendered":"J\u00e4mst\u00e4lldhetsutskottet"},"content":{"rendered":"\n<p>Alireza Mosahafi, ledamot<\/p>\n\n\n\n<p><a href=\"mailto:alireza.mosahafi@umea.se\">alireza.mosahafi@umea.se<\/a><\/p>\n\n\n\n<p>Joline G\u00f6ttfert, ers\u00e4ttare<\/p>\n\n\n\n<p>joline.gottfert@umea.se<\/p>\n\n\n\n<p>Josefin Gustafsson, ers\u00e4ttare<\/p>\n\n\n\n<p>josefin.gustafsson@umea.se <\/p>\n\n\n\n<p><\/p>\n","protected":false},"excerpt":{"rendered":"<p>Alireza Mosahafi, ledamot alireza.mosahafi@umea.se Joline G\u00f6ttfert, ers\u00e4ttare joline.gottfert@umea.se Josefin Gustafsson, ers\u00e4ttare josefin.gustafsson@umea.se<\/p>\n","protected":false},"author":37,"featured_media":0,"parent":0,"menu_order":0,"comment_status":"closed","ping_status":"closed","template":"","meta":{"_acf_changed":false,"_relevanssi_hide_post":"","_relevanssi_hide_content":"","_relevanssi_pin_for_all":"","_relevanssi_pin_keywords":"","_relevanssi_unpin_keywords":"","_relevanssi_related_keywords":"","_relevanssi_related_include_ids":"","_relevanssi_related_exclude_ids":"","_relevanssi_related_no_append":"","_relevanssi_related_not_related":"","_relevanssi_related_posts":"1276,1218,1557,1214,1296,1298","_relevanssi_noindex_reason":"","footnotes":""},"subject":[],"class_list":["post-1617","page","type-page","status-publish","hentry"],"acf":[],"publishpress_future_action":{"enabled":false,"date":"2026-04-24 08:49:47","action":"change-status","newStatus":"draft","terms":[],"taxonomy":"subject"},"_links":{"self":[{"href":"https:\/\/moderaterna.se\/vasterbotten\/wp-json\/wp\/v2\/pages\/1617","targetHints":{"allow":["GET"]}}],"collection":[{"href":"https:\/\/moderaterna.se\/vasterbotten\/wp-json\/wp\/v2\/pages"}],"about":[{"href":"https:\/\/moderaterna.se\/vasterbotten\/wp-json\/wp\/v2\/types\/page"}],"author":[{"embeddable":true,"href":"https:\/\/moderaterna.se\/vasterbotten\/wp-json\/wp\/v2\/users\/37"}],"replies":[{"embeddable":true,"href":"https:\/\/moderaterna.se\/vasterbotten\/wp-json\/wp\/v2\/comments?post=1617"}],"version-history":[{"count":1,"href":"https:\/\/moderaterna.se\/vasterbotten\/wp-json\/wp\/v2\/pages\/1617\/revisions"}],"predecessor-version":[{"id":1618,"href":"https:\/\/moderaterna.se\/vasterbotten\/wp-json\/wp\/v2\/pages\/1617\/revisions\/1618"}],"wp:attachment":[{"href":"https:\/\/moderaterna.se\/vasterbotten\/wp-json\/wp\/v2\/media?parent=1617"}],"wp:term":[{"taxonomy":"subject","embeddable":true,"href":"https:\/\/moderaterna.se\/vasterbotten\/wp-json\/wp\/v2\/subject?post=1617"}],"curies":[{"name":"wp","href":"https:\/\/api.w.org\/{rel}","templated":true}]}}