{"id":1535,"date":"2025-09-25T14:51:35","date_gmt":"2025-09-25T12:51:35","guid":{"rendered":"https:\/\/moderaterna.se\/vasterbotten\/?page_id=1535"},"modified":"2025-09-25T14:51:36","modified_gmt":"2025-09-25T12:51:36","slug":"gymnasie-och-vuxenutbildningsnamnden","status":"publish","type":"page","link":"https:\/\/moderaterna.se\/vasterbotten\/gymnasie-och-vuxenutbildningsnamnden\/","title":{"rendered":"Gymnasie- och vuxenutbildningsn\u00e4mnden"},"content":{"rendered":"\n<p>Izabel Riedl, vice ordf\u00f6rande<\/p>\n\n\n\n<p><a href=\"mailto:izabel.riedl@umea.se\">izabel.riedl@umea.se<\/a><\/p>\n\n\n\n<p>Madelene Nord, ers\u00e4ttare<\/p>\n\n\n\n<p><a href=\"mailto:madelene.nord@umea.se\">madelene.nord@umea.se<\/a><\/p>\n\n\n\n<p>Johan Lindstr\u00f6m, ers\u00e4ttare<\/p>\n\n\n\n<p><a href=\"mailto:johan.lindstrom@umea.se\">johan.lindstrom@umea.se<\/a><\/p>\n\n\n\n<p>Lotta Holmberg, ers\u00e4ttare<\/p>\n\n\n\n<p><a href=\"mailto:lotta.holmberg@umea.se\">lotta.holmberg@umea.se<\/a><\/p>\n","protected":false},"excerpt":{"rendered":"<p>Izabel Riedl, vice ordf\u00f6rande izabel.riedl@umea.se Madelene Nord, ers\u00e4ttare madelene.nord@umea.se Johan Lindstr\u00f6m, ers\u00e4ttare johan.lindstrom@umea.se Lotta Holmberg, ers\u00e4ttare lotta.holmberg@umea.se<\/p>\n","protected":false},"author":37,"featured_media":0,"parent":0,"menu_order":0,"comment_status":"closed","ping_status":"closed","template":"","meta":{"_acf_changed":false,"_relevanssi_hide_post":"","_relevanssi_hide_content":"","_relevanssi_pin_for_all":"","_relevanssi_pin_keywords":"","_relevanssi_unpin_keywords":"","_relevanssi_related_keywords":"","_relevanssi_related_include_ids":"","_relevanssi_related_exclude_ids":"","_relevanssi_related_no_append":"","_relevanssi_related_not_related":"","_relevanssi_related_posts":"825,1235,1245,1214,1218,1286","_relevanssi_noindex_reason":"","footnotes":""},"subject":[],"class_list":["post-1535","page","type-page","status-publish","hentry"],"acf":[],"publishpress_future_action":{"enabled":false,"date":"2026-04-24 08:44:18","action":"change-status","newStatus":"draft","terms":[],"taxonomy":"subject"},"_links":{"self":[{"href":"https:\/\/moderaterna.se\/vasterbotten\/wp-json\/wp\/v2\/pages\/1535","targetHints":{"allow":["GET"]}}],"collection":[{"href":"https:\/\/moderaterna.se\/vasterbotten\/wp-json\/wp\/v2\/pages"}],"about":[{"href":"https:\/\/moderaterna.se\/vasterbotten\/wp-json\/wp\/v2\/types\/page"}],"author":[{"embeddable":true,"href":"https:\/\/moderaterna.se\/vasterbotten\/wp-json\/wp\/v2\/users\/37"}],"replies":[{"embeddable":true,"href":"https:\/\/moderaterna.se\/vasterbotten\/wp-json\/wp\/v2\/comments?post=1535"}],"version-history":[{"count":1,"href":"https:\/\/moderaterna.se\/vasterbotten\/wp-json\/wp\/v2\/pages\/1535\/revisions"}],"predecessor-version":[{"id":1536,"href":"https:\/\/moderaterna.se\/vasterbotten\/wp-json\/wp\/v2\/pages\/1535\/revisions\/1536"}],"wp:attachment":[{"href":"https:\/\/moderaterna.se\/vasterbotten\/wp-json\/wp\/v2\/media?parent=1535"}],"wp:term":[{"taxonomy":"subject","embeddable":true,"href":"https:\/\/moderaterna.se\/vasterbotten\/wp-json\/wp\/v2\/subject?post=1535"}],"curies":[{"name":"wp","href":"https:\/\/api.w.org\/{rel}","templated":true}]}}