{"id":1527,"date":"2025-09-25T09:00:36","date_gmt":"2025-09-25T07:00:36","guid":{"rendered":"https:\/\/moderaterna.se\/vasterbotten\/?page_id=1527"},"modified":"2026-03-13T14:26:40","modified_gmt":"2026-03-13T13:26:40","slug":"nyheter-fran-moderaterna-i-umea","status":"publish","type":"page","link":"https:\/\/moderaterna.se\/vasterbotten\/nyheter-fran-moderaterna-i-umea\/","title":{"rendered":"Nyheter fr\u00e5n Moderaterna i Ume\u00e5"},"content":{"rendered":"\n<p><a href=\"https:\/\/nyheterivasterbotten.se\/hackspett-riskerar-stoppa-bostadsbyggande-pa-norra-on-umea-kommun-overklagar\/\">Hackspett riskerar stoppa bostadsbyggande p\u00e5 Norra \u00d6n \u2013 Ume\u00e5 kommun \u00f6verklagar<\/a><\/p>\n\n\n\n<p><a href=\"https:\/\/nyheterivasterbotten.se\/moderaterna-klimatpaverkan-ska-inte-styra-vilken-mat-som-serveras-i-kommunen\/\">Moderaterna: \u201dKlimatp\u00e5verkan ska inte styra vilken mat som serveras i kommunen\u201d<\/a><\/p>\n\n\n\n<p><a href=\"https:\/\/nyheterivasterbotten.se\/moderaterna-foreslar-att-umea-kommun-avslutar-samarbetet-med-fairtrade\/\">Moderaterna f\u00f6resl\u00e5r att Ume\u00e5 kommun avslutar samarbetet med Fairtrade<\/a><\/p>\n\n\n\n<p><a href=\"https:\/\/nyheterivasterbotten.se\/efter-moderaternas-initiativ-parkeringsavgifterna-tas-omedelbart-bort-vid-nydala-konstsnospar\/\">Efter Moderaternas initiativ \u2013 parkeringsavgifterna tas omedelbart bort vid Nydala konstsn\u00f6sp\u00e5r<\/a><\/p>\n\n\n\n<p><a href=\"https:\/\/nyheterivasterbotten.se\/moderaterna-foreslar-slopad-parkeringsavgift-vid-nydala-skidspar\/\">Moderaterna f\u00f6resl\u00e5r slopad parkeringsavgift vid Nydala skidsp\u00e5r<\/a><\/p>\n\n\n\n<p><a href=\"https:\/\/www.umea.se\/download\/18.63e7f8f819b43e23b49a55fd\/1770378533086\/Motion%201%202026%20St%C3%A4rk%20tryggheten%20inom%20%C3%A4ldreomsorgen%20%E2%80%93%20l%C3%A5t%20%C3%A4ldre%20v%C3%A4lja%20vem%20som%20ska%20hj%C3%A4lpa%20dem.pdf\">F\u00f6rb\u00e4ttra arbetet med att Ume\u00e5 ska v\u00e4xa tryggt och s\u00e4kert<\/a><\/p>\n\n\n\n<p><a href=\"https:\/\/www.umea.se\/download\/18.63e7f8f819b43e23b49a55fd\/1770378533086\/Motion%201%202026%20St%C3%A4rk%20tryggheten%20inom%20%C3%A4ldreomsorgen%20%E2%80%93%20l%C3%A5t%20%C3%A4ldre%20v%C3%A4lja%20vem%20som%20ska%20hj%C3%A4lpa%20dem.pdf\">St\u00e4rk tryggheten inom \u00e4ldreomsorgen \u2013 l\u00e5t \u00e4ldre v\u00e4lja vem som ska hj\u00e4lpa dem<\/a><\/p>\n\n\n\n<p><a href=\"https:\/\/www.umea.se\/download\/18.63e7f8f819b43e23b49a6fe9\/1770388552931\/Motion%201%202026%20Prioritera%20n%C3%A4rproducerade%20livsmedel%20i%20Ume%C3%A5%20kommuns%20upphandling.pdf\">Prioritera n\u00e4rproducerade livsmedel i Ume\u00e5 kommuns upphandling<\/a><\/p>\n\n\n\n<p><a href=\"https:\/\/nyheterivasterbotten.se\/moderaterna-vill-forbattra-umeas-brottsforebyggande-arbete\/\">Moderaterna vill f\u00f6rb\u00e4ttra Ume\u00e5s brottsf\u00f6rebyggande arbete<\/a><\/p>\n\n\n\n<p><a href=\"https:\/\/nyheterivasterbotten.se\/moderaterna-vill-prioritera-narproducerat-i-stallet-for-ekologiskt\/\">Moderaterna vill prioritera n\u00e4rproducerat i st\u00e4llet f\u00f6r ekologiskt<\/a><\/p>\n\n\n\n<p><a href=\"https:\/\/nyheterivasterbotten.se\/moderaterna-aldre-ska-fa-valja-vem-som-hjalper-vid-intim-omsorg\/\">Moderaterna: \u00c4ldre ska f\u00e5 v\u00e4lja vem som hj\u00e4lper vid intim omsorg<\/a><\/p>\n\n\n\n<p><a href=\"https:\/\/nyheterivasterbotten.se\/efter-alliansens-forslag-atgarder-vidtas-for-att-oka-andelen-flickor-pa-fritidsgardarna\/\">Efter Alliansens f\u00f6rslag: \u00e5tg\u00e4rder vidtas f\u00f6r att \u00f6ka andelen flickor p\u00e5 fritidsg\u00e5rdarna<\/a><\/p>\n\n\n\n<p><a href=\"https:\/\/nyheterivasterbotten.se\/moderaterna-foreslar-en-revidering-av-kommunens-resepolicy-vill-oppna-upp-for-mer-flyg\/\">Moderaterna f\u00f6resl\u00e5r en revidering av kommunens resepolicy \u2013 vill \u00f6ppna upp f\u00f6r mer flyg<\/a><\/p>\n\n\n\n<p><a href=\"https:\/\/nyheterivasterbotten.se\/moderaterna-vill-se-over-tillgangligheten-vid-umeas-overgangsstallen\/\">Moderaterna vill se \u00f6ver tillg\u00e4ngligheten vid Ume\u00e5s \u00f6verg\u00e5ngsst\u00e4llen<\/a><\/p>\n\n\n\n<p><a href=\"https:\/\/nyheterivasterbotten.se\/moderaterna-vill-upphava-korforbudet-pa-storgatan-och-skolgatan\/\">Moderaterna vill upph\u00e4va k\u00f6rf\u00f6rbudet p\u00e5 Storgatan och Skolgatan<\/a><\/p>\n\n\n\n<p><a href=\"https:\/\/nyheterivasterbotten.se\/moderaterna-vill-minska-interna-moten-genom-att-synliggora-kostnaderna\/\">Moderaterna vill minska interna m\u00f6ten genom att synligg\u00f6ra kostnaderna<\/a><\/p>\n\n\n\n<p><a href=\"https:\/\/nyheterivasterbotten.se\/moderaterna-vill-se-extern-drift-av-gymmet-pa-navet\/\">Moderaterna vill se extern drift av gymmet p\u00e5 Navet<\/a><\/p>\n\n\n\n<p><a href=\"https:\/\/nyheterivasterbotten.se\/moderaterna-sager-nej-till-ny-mobilitetsnorm-kritiska-till-farre-parkeringsplatser\/\">Moderaterna s\u00e4ger nej till ny mobilitetsnorm \u2013 kritiska till f\u00e4rre parkeringsplatser<\/a><\/p>\n\n\n\n<p><a href=\"https:\/\/nyheterivasterbotten.se\/agren-m-kraver-svar-varfor-forhalar-socialdemokraterna-registerkontroller-i-omsorgen\/\">\u00c5gren (M) kr\u00e4ver svar: Varf\u00f6r f\u00f6rhalar Socialdemokraterna registerkontroller i omsorgen?<\/a><\/p>\n\n\n\n<p><a href=\"https:\/\/nyheterivasterbotten.se\/thyni-m-fragan-om-kontroller-av-belastningsregister-har-fordrojts-nog\/\">Thyni (M): Fr\u00e5gan om kontroller av belastningsregister har f\u00f6rdr\u00f6jts nog<\/a><\/p>\n\n\n\n<p><a href=\"https:\/\/nyheterivasterbotten.se\/umea-4-av-10-kvinnor-avstar-fran-att-ga-ut-ensamma-av-radsla-for-att-bli-overfallna-eller-ofredade-2\/\">Ume\u00e5: 4 av 10 kvinnor avst\u00e5r fr\u00e5n att g\u00e5 ut ensamma av r\u00e4dsla f\u00f6r att bli \u00f6verfallna eller ofredade<\/a><\/p>\n\n\n\n<p><a href=\"https:\/\/nyheterivasterbotten.se\/starkt-delarsresultat-agren-m-efterlyser-insatser-inom-aldreomsorgen-och-sankt-skatt\/\">Starkt del\u00e5rsresultat \u2013 \u00c5gren (M) efterlyser insatser inom \u00e4ldreomsorgen och s\u00e4nkt skatt<\/a><\/p>\n\n\n\n<p><a href=\"https:\/\/nyheterivasterbotten.se\/umea-tappar-till-plats-177-av-290-agren-m-efterlyser-atgarder-for-battre-foretagsklimat\/\">Ume\u00e5 tappar till plats 177 av 290 \u2013 \u00c5gren (M) efterlyser \u00e5tg\u00e4rder f\u00f6r b\u00e4ttre f\u00f6retagsklimat<\/a><\/p>\n\n\n\n<p><a href=\"https:\/\/nyheterivasterbotten.se\/s-sager-nej-till-paus-av-avloppstillsyn\/\">S s\u00e4ger nej till paus av avloppstillsyn<\/a><\/p>\n\n\n\n<p><a href=\"https:\/\/nyheterivasterbotten.se\/agren-hur-manga-miljarder-kommer-sparvagnar-i-umea-kosta\/\">\u00c5gren: \u201dHur m\u00e5nga miljarder kommer sp\u00e5rvagnar i Ume\u00e5 kosta?\u201d<\/a><\/p>\n\n\n\n<p><a href=\"https:\/\/nyheterivasterbotten.se\/moderaterna-sager-nej-till-forslag-om-tidsbegransat-bilforbud\/\">Moderaterna s\u00e4ger nej till f\u00f6rslag om tidsbegr\u00e4nsat bilf\u00f6rbud<\/a><\/p>\n\n\n\n<p><a href=\"https:\/\/nyheterivasterbotten.se\/agren-m-vill-ha-svar-pa-nar-de-externa-granskningarna-av-skandalerna-inom-umeas-aldreomsorg-ska-redovisas\/\">\u00c5gren (M) vill ha svar p\u00e5 n\u00e4r de externa granskningarna av skandalerna inom Ume\u00e5s \u00e4ldreomsorg ska redovisas<\/a><\/p>\n\n\n\n<p><a href=\"https:\/\/nyheterivasterbotten.se\/alliansen-umea-behover-fler-stallplatser-for-husvagnar-och-husbilar\/\">Alliansen: \u201dUme\u00e5 beh\u00f6ver fler st\u00e4llplatser f\u00f6r husvagnar och husbilar\u201d<\/a><\/p>\n\n\n\n<p><a href=\"https:\/\/nyheterivasterbotten.se\/moderaterna-vill-pausa-den-storskaliga-tillsynen-av-enskilda-avlopp-i-umea\/\">Moderaterna vill pausa den storskaliga tillsynen av enskilda avlopp i Ume\u00e5<\/a><\/p>\n","protected":false},"excerpt":{"rendered":"<p>Hackspett riskerar stoppa bostadsbyggande p\u00e5 Norra \u00d6n \u2013 Ume\u00e5 kommun \u00f6verklagar Moderaterna: \u201dKlimatp\u00e5verkan ska inte styra vilken mat som serveras i kommunen\u201d Moderaterna f\u00f6resl\u00e5r att Ume\u00e5 kommun avslutar samarbetet med Fairtrade Efter Moderaternas initiativ \u2013 parkeringsavgifterna tas omedelbart bort vid Nydala konstsn\u00f6sp\u00e5r Moderaterna f\u00f6resl\u00e5r slopad parkeringsavgift vid Nydala skidsp\u00e5r F\u00f6rb\u00e4ttra arbetet med att Ume\u00e5 ska [&hellip;]<\/p>\n","protected":false},"author":37,"featured_media":0,"parent":0,"menu_order":0,"comment_status":"closed","ping_status":"closed","template":"","meta":{"_acf_changed":false,"_relevanssi_hide_post":"","_relevanssi_hide_content":"","_relevanssi_pin_for_all":"","_relevanssi_pin_keywords":"","_relevanssi_unpin_keywords":"","_relevanssi_related_keywords":"","_relevanssi_related_include_ids":"","_relevanssi_related_exclude_ids":"","_relevanssi_related_no_append":"","_relevanssi_related_not_related":"","_relevanssi_related_posts":"1385,1398,1218,1250,1209,1296","_relevanssi_noindex_reason":"","footnotes":""},"subject":[],"class_list":["post-1527","page","type-page","status-publish","hentry"],"acf":[],"publishpress_future_action":{"enabled":false,"date":"2026-04-24 07:15:31","action":"change-status","newStatus":"draft","terms":[],"taxonomy":"subject"},"_links":{"self":[{"href":"https:\/\/moderaterna.se\/vasterbotten\/wp-json\/wp\/v2\/pages\/1527","targetHints":{"allow":["GET"]}}],"collection":[{"href":"https:\/\/moderaterna.se\/vasterbotten\/wp-json\/wp\/v2\/pages"}],"about":[{"href":"https:\/\/moderaterna.se\/vasterbotten\/wp-json\/wp\/v2\/types\/page"}],"author":[{"embeddable":true,"href":"https:\/\/moderaterna.se\/vasterbotten\/wp-json\/wp\/v2\/users\/37"}],"replies":[{"embeddable":true,"href":"https:\/\/moderaterna.se\/vasterbotten\/wp-json\/wp\/v2\/comments?post=1527"}],"version-history":[{"count":14,"href":"https:\/\/moderaterna.se\/vasterbotten\/wp-json\/wp\/v2\/pages\/1527\/revisions"}],"predecessor-version":[{"id":1669,"href":"https:\/\/moderaterna.se\/vasterbotten\/wp-json\/wp\/v2\/pages\/1527\/revisions\/1669"}],"wp:attachment":[{"href":"https:\/\/moderaterna.se\/vasterbotten\/wp-json\/wp\/v2\/media?parent=1527"}],"wp:term":[{"taxonomy":"subject","embeddable":true,"href":"https:\/\/moderaterna.se\/vasterbotten\/wp-json\/wp\/v2\/subject?post=1527"}],"curies":[{"name":"wp","href":"https:\/\/api.w.org\/{rel}","templated":true}]}}