{"id":1507,"date":"2025-09-15T18:18:40","date_gmt":"2025-09-15T16:18:40","guid":{"rendered":"https:\/\/moderaterna.se\/vasterbotten\/?page_id=1507"},"modified":"2026-03-13T13:41:45","modified_gmt":"2026-03-13T12:41:45","slug":"motioner","status":"publish","type":"page","link":"https:\/\/moderaterna.se\/vasterbotten\/motioner\/","title":{"rendered":"Motioner"},"content":{"rendered":"\n<p><a href=\"https:\/\/www.umea.se\/download\/18.186dafdc19c8d78fdc17c86\/1772616661645\/Motion%207%202026%20H%C3%B6g%20tid%20f%C3%B6r%20Ume%C3%A5%20kommun%20att%20l%C3%A4mna%20Fairtrade%20City.pdf\">H\u00f6g tid f\u00f6r Ume\u00e5 kommun att l\u00e4mna Fairtrade City<\/a><\/p>\n\n\n\n<p><a href=\"https:\/\/www.umea.se\/download\/18.614b310a19b49079cffa12ca\/1770896595264\/Motion%203%202026%20F%C3%B6rb%C3%A4ttra%20arbetet%20med%20att%20Ume%C3%A5%20ska%20v%C3%A4xa%20tryggt%20och%20s%C3%A4kert.pdf\">F\u00f6rb\u00e4ttra arbetet med att Ume\u00e5 ska v\u00e4xa tryggt och s\u00e4kert<\/a><\/p>\n\n\n\n<p><a href=\"https:\/\/www.umea.se\/download\/18.63e7f8f819b43e23b49a55fd\/1770378533086\/Motion%201%202026%20St%C3%A4rk%20tryggheten%20inom%20%C3%A4ldreomsorgen%20%E2%80%93%20l%C3%A5t%20%C3%A4ldre%20v%C3%A4lja%20vem%20som%20ska%20hj%C3%A4lpa%20dem.pdf\">St\u00e4rk tryggheten inom \u00e4ldreomsorgen \u2013 l\u00e5t \u00e4ldre v\u00e4lja vem som ska hj\u00e4lpa dem<\/a><\/p>\n\n\n\n<p><a href=\"https:\/\/www.umea.se\/download\/18.63e7f8f819b43e23b49a6fe9\/1770388552931\/Motion%201%202026%20Prioritera%20n%C3%A4rproducerade%20livsmedel%20i%20Ume%C3%A5%20kommuns%20upphandling.pdf\">Prioritera n\u00e4rproducerade livsmedel i Ume\u00e5 kommuns upphandling<\/a><\/p>\n\n\n\n<p><a href=\"https:\/\/www.umea.se\/download\/18.2e56573819ab3afdd461eeb7\/1765359068544\/Motion%2045%20Revidera%20Ume%C3%A5s%20kommuns%20resepolicy.pdf\">Revidera Ume\u00e5s kommuns resepolicy<\/a><\/p>\n\n\n\n<p><a href=\"https:\/\/www.umea.se\/download\/18.2e56573819ab3afdd461ee21\/1765357160278\/Motion%2044%20Inf%C3%B6r%20tj%C3%A4nstegarantier%20f%C3%B6r%20myndighetsut%C3%B6vning%20inom%20Ume%C3%A5%20kommun.pdf\">Inf\u00f6r tj\u00e4nstegarantier f\u00f6r myndighetsut\u00f6vning inom Ume\u00e5 kommun (Alliansen)<\/a><\/p>\n\n\n\n<p><a href=\"https:\/\/www.umea.se\/download\/18.1f75676f19a238051983df99\/1762778829803\/Motion%2040%20F%C3%B6rs%C3%A4nkning%20av%20gatstenar%20vid%20alla%20%C3%B6verg%C3%A5ngsst%C3%A4llen.pdf\">F\u00f6rs\u00e4nkning av gatstenar vid alla \u00f6verg\u00e5ngsst\u00e4llen<\/a><\/p>\n\n\n\n<p><a href=\"https:\/\/www.umea.se\/download\/18.1f75676f19a238051983d7b9\/1762773595406\/Motion%2038%20Synligg%C3%B6r%20kostnaden%20f%C3%B6r%20m%C3%B6ten%20inom%20kommunen.pdf\">Synligg\u00f6r kostnaden f\u00f6r m\u00f6ten inom kommunen<\/a><\/p>\n\n\n\n<p><a href=\"https:\/\/www.umea.se\/download\/18.212e073198831d2bc5af2be\/1755690520293\/Motion%2021%202025%20Det%20beh%C3%B6vs%20fler%20st%C3%A4llplatser%20f%C3%B6r%20husvagnar%20och%20husbilar%20i%20Ume%C3%A5.pdf\">Det beh\u00f6vs fler st\u00e4llplatser f\u00f6r husvagnar och husbilar i Ume\u00e5<\/a> (Alliansen)<\/p>\n\n\n\n<p><a href=\"https:\/\/www.umea.se\/download\/18.7d6477111985925eb0468212\/1755093075671\/Motion%2018%202025%20Pausa%20den%20storskaliga%20tillsynen%20av%20enskilda%20avlopp%20i%20Ume%C3%A5.pdf\">Pausa den storskaliga tillsynen av enskilda avlopp i Ume\u00e5<\/a><\/p>\n\n\n\n<p><a href=\"https:\/\/www.umea.se\/download\/18.7a4d9d5619535c6c4ed14e9\/1740574279318\/Motion%209%202025%20Kamerabevakning%20f%C3%B6r%20%C3%B6kad%20trygghet%20i%20Ume%C3%A5.pdf\">Kamerabevakning f\u00f6r \u00f6kad trygghet i Ume\u00e5<\/a><\/p>\n\n\n\n<p><a href=\"https:\/\/www.umea.se\/download\/18.1f3fde8f193b54d23b11ff6\/1733998371695\/Motion%2025%202024%20Konkurrensuts%C3%A4tt%20driften%20av%20Ume%C3%A5%20kommuns%20badverksamhet.pdf\">Konkurrensuts\u00e4tt driften av Ume\u00e5 kommuns badverksamhet<\/a> (Alliansen)<\/p>\n\n\n\n<p><a href=\"https:\/\/www.umea.se\/download\/18.591c1a24193612568745d66\/1733314733404\/Motion%2021%202024%20Kr%C3%A4v%20utdrag%20ur%20belastningsregistret%20vid%20rekrytering%20av%20omsorgspersonal.pdf\">Kr\u00e4v utdrag ur belastningsregistret vid rekrytering av<br>omsorgspersonal <\/a><\/p>\n\n\n\n<p><a href=\"https:\/\/www.umea.se\/download\/18.cfe8cf1192b3eb7221660c\/1730451771692\/Motion%2018%202024%20F%C3%B6rl%C3%A4ng%20serveringstiden%20i%20Ume%C3%A5.pdf\">F\u00f6rl\u00e4ng serveringstiden i Ume\u00e5<\/a><\/p>\n\n\n\n<p><a href=\"https:\/\/www.umea.se\/download\/18.4b3572ec191fd9d354f21672\/1727958427126\/Motion%2014%202024%20Vi%20beh%C3%B6ver%20hundrastplatser%20i%20Ume%C3%A5.pdf\">Vi beh\u00f6ver hundrastplatser i Ume\u00e5<\/a><\/p>\n","protected":false},"excerpt":{"rendered":"<p>H\u00f6g tid f\u00f6r Ume\u00e5 kommun att l\u00e4mna Fairtrade City F\u00f6rb\u00e4ttra arbetet med att Ume\u00e5 ska v\u00e4xa tryggt och s\u00e4kert St\u00e4rk tryggheten inom \u00e4ldreomsorgen \u2013 l\u00e5t \u00e4ldre v\u00e4lja vem som ska hj\u00e4lpa dem Prioritera n\u00e4rproducerade livsmedel i Ume\u00e5 kommuns upphandling Revidera Ume\u00e5s kommuns resepolicy Inf\u00f6r tj\u00e4nstegarantier f\u00f6r myndighetsut\u00f6vning inom Ume\u00e5 kommun (Alliansen) F\u00f6rs\u00e4nkning av gatstenar vid [&hellip;]<\/p>\n","protected":false},"author":37,"featured_media":0,"parent":0,"menu_order":0,"comment_status":"closed","ping_status":"closed","template":"","meta":{"_acf_changed":false,"_relevanssi_hide_post":"","_relevanssi_hide_content":"","_relevanssi_pin_for_all":"","_relevanssi_pin_keywords":"","_relevanssi_unpin_keywords":"","_relevanssi_related_keywords":"","_relevanssi_related_include_ids":"","_relevanssi_related_exclude_ids":"","_relevanssi_related_no_append":"","_relevanssi_related_not_related":"","_relevanssi_related_posts":"1293,1276,1250,1231,1245,1218","_relevanssi_noindex_reason":"","footnotes":""},"subject":[],"class_list":["post-1507","page","type-page","status-publish","hentry"],"acf":[],"publishpress_future_action":{"enabled":false,"date":"2026-04-24 07:39:33","action":"change-status","newStatus":"draft","terms":[],"taxonomy":"subject"},"_links":{"self":[{"href":"https:\/\/moderaterna.se\/vasterbotten\/wp-json\/wp\/v2\/pages\/1507","targetHints":{"allow":["GET"]}}],"collection":[{"href":"https:\/\/moderaterna.se\/vasterbotten\/wp-json\/wp\/v2\/pages"}],"about":[{"href":"https:\/\/moderaterna.se\/vasterbotten\/wp-json\/wp\/v2\/types\/page"}],"author":[{"embeddable":true,"href":"https:\/\/moderaterna.se\/vasterbotten\/wp-json\/wp\/v2\/users\/37"}],"replies":[{"embeddable":true,"href":"https:\/\/moderaterna.se\/vasterbotten\/wp-json\/wp\/v2\/comments?post=1507"}],"version-history":[{"count":7,"href":"https:\/\/moderaterna.se\/vasterbotten\/wp-json\/wp\/v2\/pages\/1507\/revisions"}],"predecessor-version":[{"id":1664,"href":"https:\/\/moderaterna.se\/vasterbotten\/wp-json\/wp\/v2\/pages\/1507\/revisions\/1664"}],"wp:attachment":[{"href":"https:\/\/moderaterna.se\/vasterbotten\/wp-json\/wp\/v2\/media?parent=1507"}],"wp:term":[{"taxonomy":"subject","embeddable":true,"href":"https:\/\/moderaterna.se\/vasterbotten\/wp-json\/wp\/v2\/subject?post=1507"}],"curies":[{"name":"wp","href":"https:\/\/api.w.org\/{rel}","templated":true}]}}