{"id":1483,"date":"2025-06-25T14:15:47","date_gmt":"2025-06-25T12:15:47","guid":{"rendered":"https:\/\/moderaterna.se\/vasterbotten\/?page_id=1483"},"modified":"2025-06-25T14:15:47","modified_gmt":"2025-06-25T12:15:47","slug":"kommunfullmaktige","status":"publish","type":"page","link":"https:\/\/moderaterna.se\/vasterbotten\/kommunfullmaktige\/","title":{"rendered":"Kommunfullm\u00e4ktige"},"content":{"rendered":"\n<p>Alireza Mosahafi, vice ordf\u00f6rande i kommunfullm\u00e4ktige<\/p>\n\n\n\n<p>Anders \u00c5gren, ledamot<\/p>\n\n\n\n<p>Marianne L\u00f6fstedt, ledamot<\/p>\n\n\n\n<p>Igor Hell, ledamot<\/p>\n\n\n\n<p>Madelene Nord, ledamot<\/p>\n\n\n\n<p>Kjerstin Widman, ledamot<\/p>\n\n\n\n<p>Ulrik Berg, ledamot<\/p>\n\n\n\n<p>Lena Andersson, ledamot<\/p>\n\n\n\n<p>Greger Knutsson, ledamot<\/p>\n\n\n\n<p>Joline G\u00f6ttfert, ledamot<\/p>\n\n\n\n<p>Stefan Nordstr\u00f6m, ledamot<\/p>\n\n\n\n<p>Elmer Eriksson, ledamot<\/p>\n\n\n\n<p>Mikael Thyni, ers\u00e4ttare<\/p>\n\n\n\n<p>Lotta Holmberg, ers\u00e4ttare<\/p>\n\n\n\n<p>\u00c5sa \u00c5gren Wikstr\u00f6m, ers\u00e4ttare<\/p>\n\n\n\n<p>Leif Lundgren, ers\u00e4ttare<\/p>\n\n\n\n<p>Josefin Gustafsson, ers\u00e4ttare<\/p>\n\n\n\n<p>Christer Lindvall, ers\u00e4ttare<\/p>\n\n\n\n<p><\/p>\n","protected":false},"excerpt":{"rendered":"<p>Alireza Mosahafi, vice ordf\u00f6rande i kommunfullm\u00e4ktige Anders \u00c5gren, ledamot Marianne L\u00f6fstedt, ledamot Igor Hell, ledamot Madelene Nord, ledamot Kjerstin Widman, ledamot Ulrik Berg, ledamot Lena Andersson, ledamot Greger Knutsson, ledamot Joline G\u00f6ttfert, ledamot Stefan Nordstr\u00f6m, ledamot Elmer Eriksson, ledamot Mikael Thyni, ers\u00e4ttare Lotta Holmberg, ers\u00e4ttare \u00c5sa \u00c5gren Wikstr\u00f6m, ers\u00e4ttare Leif Lundgren, ers\u00e4ttare Josefin Gustafsson, ers\u00e4ttare [&hellip;]<\/p>\n","protected":false},"author":37,"featured_media":0,"parent":0,"menu_order":0,"comment_status":"closed","ping_status":"closed","template":"","meta":{"_acf_changed":false,"_relevanssi_hide_post":"","_relevanssi_hide_content":"","_relevanssi_pin_for_all":"","_relevanssi_pin_keywords":"","_relevanssi_unpin_keywords":"","_relevanssi_related_keywords":"","_relevanssi_related_include_ids":"","_relevanssi_related_exclude_ids":"","_relevanssi_related_no_append":"","_relevanssi_related_not_related":"","_relevanssi_related_posts":"1293,1231,1250,1235,1385,825","_relevanssi_noindex_reason":"","footnotes":""},"subject":[],"class_list":["post-1483","page","type-page","status-publish","hentry"],"acf":[],"publishpress_future_action":{"enabled":false,"date":"2026-04-24 08:49:21","action":"change-status","newStatus":"draft","terms":[],"taxonomy":"subject"},"_links":{"self":[{"href":"https:\/\/moderaterna.se\/vasterbotten\/wp-json\/wp\/v2\/pages\/1483","targetHints":{"allow":["GET"]}}],"collection":[{"href":"https:\/\/moderaterna.se\/vasterbotten\/wp-json\/wp\/v2\/pages"}],"about":[{"href":"https:\/\/moderaterna.se\/vasterbotten\/wp-json\/wp\/v2\/types\/page"}],"author":[{"embeddable":true,"href":"https:\/\/moderaterna.se\/vasterbotten\/wp-json\/wp\/v2\/users\/37"}],"replies":[{"embeddable":true,"href":"https:\/\/moderaterna.se\/vasterbotten\/wp-json\/wp\/v2\/comments?post=1483"}],"version-history":[{"count":1,"href":"https:\/\/moderaterna.se\/vasterbotten\/wp-json\/wp\/v2\/pages\/1483\/revisions"}],"predecessor-version":[{"id":1484,"href":"https:\/\/moderaterna.se\/vasterbotten\/wp-json\/wp\/v2\/pages\/1483\/revisions\/1484"}],"wp:attachment":[{"href":"https:\/\/moderaterna.se\/vasterbotten\/wp-json\/wp\/v2\/media?parent=1483"}],"wp:term":[{"taxonomy":"subject","embeddable":true,"href":"https:\/\/moderaterna.se\/vasterbotten\/wp-json\/wp\/v2\/subject?post=1483"}],"curies":[{"name":"wp","href":"https:\/\/api.w.org\/{rel}","templated":true}]}}