{"id":1471,"date":"2025-06-11T16:10:49","date_gmt":"2025-06-11T14:10:49","guid":{"rendered":"https:\/\/moderaterna.se\/vasterbotten\/?page_id=1471"},"modified":"2026-01-13T15:30:24","modified_gmt":"2026-01-13T14:30:24","slug":"foretradare-i-umea-kommun","status":"publish","type":"page","link":"https:\/\/moderaterna.se\/vasterbotten\/foretradare-i-umea-kommun\/","title":{"rendered":"F\u00f6retr\u00e4dare i Ume\u00e5 kommun"},"content":{"rendered":"\n<figure class=\"wp-block-image size-large\"><img loading=\"lazy\" decoding=\"async\" width=\"1024\" height=\"576\" src=\"https:\/\/moderaterna.se\/app\/uploads\/sites\/17\/2025\/06\/NIV-1920-x-1080-px-49-1024x576.png\" alt=\"\" class=\"wp-image-1472\" srcset=\"https:\/\/moderaterna.se\/app\/uploads\/sites\/17\/2025\/06\/NIV-1920-x-1080-px-49-1024x576.png 1024w, https:\/\/moderaterna.se\/app\/uploads\/sites\/17\/2025\/06\/NIV-1920-x-1080-px-49-300x169.png 300w, https:\/\/moderaterna.se\/app\/uploads\/sites\/17\/2025\/06\/NIV-1920-x-1080-px-49-768x432.png 768w, https:\/\/moderaterna.se\/app\/uploads\/sites\/17\/2025\/06\/NIV-1920-x-1080-px-49-1536x864.png 1536w, https:\/\/moderaterna.se\/app\/uploads\/sites\/17\/2025\/06\/NIV-1920-x-1080-px-49.png 1920w\" sizes=\"auto, (max-width: 1024px) 100vw, 1024px\" \/><\/figure>\n\n\n\n<h2 class=\"wp-block-heading\" id=\"h-kommunfullmaktige\"><a href=\"https:\/\/moderaterna.se\/vasterbotten\/kommunfullmaktige\/\">Kommunfullm\u00e4ktige<\/a><\/h2>\n\n\n\n<h2 class=\"wp-block-heading\" id=\"h-kommunstyrelsen\"><a href=\"https:\/\/moderaterna.se\/vasterbotten\/kommunstyrelsen\/\">Kommunstyrelsen<\/a><\/h2>\n\n\n\n<h2 class=\"wp-block-heading\" id=\"h-byggnadsnamnden\"><a href=\"https:\/\/moderaterna.se\/vasterbotten\/byggnadsnamnden\/\">Byggnadsn\u00e4mnden<\/a><\/h2>\n\n\n\n<h2 class=\"wp-block-heading\" id=\"h-fritidsnamnden\"><a href=\"https:\/\/moderaterna.se\/vasterbotten\/fritidsnamnden\/\">Fritidsn\u00e4mnden<\/a><\/h2>\n\n\n\n<h2 class=\"wp-block-heading\" id=\"h-for-och-grundskolenamnden\"><a href=\"https:\/\/moderaterna.se\/vasterbotten\/for-och-grundskolenamnden\/\">F\u00f6r- och grundskolen\u00e4mnden<\/a><\/h2>\n\n\n\n<h2 class=\"wp-block-heading\" id=\"h-gymnasie-och-vuxenutbildningsnamnden\"><a href=\"https:\/\/moderaterna.se\/vasterbotten\/gymnasie-och-vuxenutbildningsnamnden\/\">Gymnasie- och vuxenutbildningsn\u00e4mnden<\/a><\/h2>\n\n\n\n<h2 class=\"wp-block-heading\" id=\"h-individ-och-familjenamnden\"><a href=\"https:\/\/moderaterna.se\/vasterbotten\/individ-och-familjenamnden\/\">Individ- och familjen\u00e4mnden<\/a><\/h2>\n\n\n\n<h2 class=\"wp-block-heading\" id=\"h-jamstalldhetsutskottet\"><a href=\"https:\/\/moderaterna.se\/vasterbotten\/jamstalldhetsutskottet\/\">J\u00e4mst\u00e4lldhetsutskottet<\/a><\/h2>\n\n\n\n<h2 class=\"wp-block-heading\" id=\"h-kulturnamnden\"><a href=\"https:\/\/moderaterna.se\/vasterbotten\/kulturnamnden\/\">Kulturn\u00e4mnden<\/a><\/h2>\n\n\n\n<h2 class=\"wp-block-heading\" id=\"h-miljo-och-halsoskyddsnamnden\"><a href=\"https:\/\/moderaterna.se\/vasterbotten\/miljo-och-halsoskyddsnamnden\/\">Milj\u00f6- och h\u00e4lsoskyddsn\u00e4mnden<\/a><\/h2>\n\n\n\n<h2 class=\"wp-block-heading\" id=\"h-personalnamnden\"><a href=\"https:\/\/moderaterna.se\/vasterbotten\/personalnamnden\/\">Personaln\u00e4mnden<\/a><\/h2>\n\n\n\n<h2 class=\"wp-block-heading\" id=\"h-tekniska-namnden\"><a href=\"https:\/\/moderaterna.se\/vasterbotten\/tekniska-namnden\/\">Tekniska n\u00e4mnden<\/a><\/h2>\n\n\n\n<h2 class=\"wp-block-heading\" id=\"h-valnamnden\"><a href=\"https:\/\/moderaterna.se\/vasterbotten\/valnamnden\/\">Valn\u00e4mnden<\/a><\/h2>\n\n\n\n<h2 class=\"wp-block-heading\" id=\"h-aldrenamnden\"><a href=\"https:\/\/moderaterna.se\/vasterbotten\/aldrenamnden\/\">\u00c4ldren\u00e4mnden<\/a><\/h2>\n\n\n\n<p><\/p>\n","protected":false},"excerpt":{"rendered":"<p>Kommunfullm\u00e4ktige Kommunstyrelsen Byggnadsn\u00e4mnden Fritidsn\u00e4mnden F\u00f6r- och grundskolen\u00e4mnden Gymnasie- och vuxenutbildningsn\u00e4mnden Individ- och familjen\u00e4mnden J\u00e4mst\u00e4lldhetsutskottet Kulturn\u00e4mnden Milj\u00f6- och h\u00e4lsoskyddsn\u00e4mnden Personaln\u00e4mnden Tekniska n\u00e4mnden Valn\u00e4mnden \u00c4ldren\u00e4mnden<\/p>\n","protected":false},"author":37,"featured_media":0,"parent":0,"menu_order":0,"comment_status":"closed","ping_status":"closed","template":"","meta":{"_acf_changed":false,"_relevanssi_hide_post":"","_relevanssi_hide_content":"","_relevanssi_pin_for_all":"","_relevanssi_pin_keywords":"","_relevanssi_unpin_keywords":"","_relevanssi_related_keywords":"","_relevanssi_related_include_ids":"","_relevanssi_related_exclude_ids":"","_relevanssi_related_no_append":"","_relevanssi_related_not_related":"","_relevanssi_related_posts":"1231,825,1273,1398,1229,1296","_relevanssi_noindex_reason":"","footnotes":""},"subject":[],"class_list":["post-1471","page","type-page","status-publish","hentry"],"acf":[],"publishpress_future_action":{"enabled":false,"date":"2026-04-24 07:14:12","action":"change-status","newStatus":"draft","terms":[],"taxonomy":"subject"},"_links":{"self":[{"href":"https:\/\/moderaterna.se\/vasterbotten\/wp-json\/wp\/v2\/pages\/1471","targetHints":{"allow":["GET"]}}],"collection":[{"href":"https:\/\/moderaterna.se\/vasterbotten\/wp-json\/wp\/v2\/pages"}],"about":[{"href":"https:\/\/moderaterna.se\/vasterbotten\/wp-json\/wp\/v2\/types\/page"}],"author":[{"embeddable":true,"href":"https:\/\/moderaterna.se\/vasterbotten\/wp-json\/wp\/v2\/users\/37"}],"replies":[{"embeddable":true,"href":"https:\/\/moderaterna.se\/vasterbotten\/wp-json\/wp\/v2\/comments?post=1471"}],"version-history":[{"count":17,"href":"https:\/\/moderaterna.se\/vasterbotten\/wp-json\/wp\/v2\/pages\/1471\/revisions"}],"predecessor-version":[{"id":1636,"href":"https:\/\/moderaterna.se\/vasterbotten\/wp-json\/wp\/v2\/pages\/1471\/revisions\/1636"}],"wp:attachment":[{"href":"https:\/\/moderaterna.se\/vasterbotten\/wp-json\/wp\/v2\/media?parent=1471"}],"wp:term":[{"taxonomy":"subject","embeddable":true,"href":"https:\/\/moderaterna.se\/vasterbotten\/wp-json\/wp\/v2\/subject?post=1471"}],"curies":[{"name":"wp","href":"https:\/\/api.w.org\/{rel}","templated":true}]}}