{"id":1183,"date":"2022-01-28T15:10:18","date_gmt":"2022-01-28T14:10:18","guid":{"rendered":"https:\/\/moderaterna.se\/vasterbotten\/?page_id=1183"},"modified":"2022-01-28T15:10:19","modified_gmt":"2022-01-28T14:10:19","slug":"skar-ner-pa-administration-och-byrakrati-for-att-satsa-mer-pa-sjukvarden","status":"publish","type":"page","link":"https:\/\/moderaterna.se\/vasterbotten\/skar-ner-pa-administration-och-byrakrati-for-att-satsa-mer-pa-sjukvarden\/","title":{"rendered":"Sk\u00e4r ner p\u00e5 administration och byr\u00e5krati f\u00f6r att satsa mer p\u00e5 sjukv\u00e5rden!"},"content":{"rendered":"\n<p>Regionen har en allt v\u00e4xande byr\u00e5krati och dras med en uppbyggnad av organisationen som \u00e4r ineffektiv. D\u00e4rf\u00f6r f\u00f6resl\u00e5r vi ett paket p\u00e5 200 miljoner i besparingar och struktur\u00e5tg\u00e4rder som kan l\u00e4ggas p\u00e5 b\u00e4ttre sjukv\u00e5rd i l\u00e4net.<\/p>\n\n\n\n<p>Paketet p\u00e5 200 miljoner:<br>&#8211; Riva landstingshuset och s\u00e4lja marken f\u00f6r bostadsbyggande.<br>&#8211;\u00a0Uppmuntra \u00f6kat distansarbete \u00e4ven efter pandemin.<br>&#8211;\u00a0Extern genomlysning f\u00f6r besparingspotential av allt som inte \u00e4r direkt sjukv\u00e5rd (en \u00e5tg\u00e4rd Norrbotten sparat 400 miljoner p\u00e5)<br>&#8211;\u00a0Omst\u00e4llning till en mer resurseffektiv n\u00e4ra v\u00e5rd.<\/p>\n","protected":false},"excerpt":{"rendered":"<p>Regionen har en allt v\u00e4xande byr\u00e5krati och dras med en uppbyggnad av organisationen som \u00e4r ineffektiv. D\u00e4rf\u00f6r f\u00f6resl\u00e5r vi ett paket p\u00e5 200 miljoner i besparingar och struktur\u00e5tg\u00e4rder som kan l\u00e4ggas p\u00e5 b\u00e4ttre sjukv\u00e5rd i l\u00e4net. Paketet p\u00e5 200 miljoner:&#8211; Riva landstingshuset och s\u00e4lja marken f\u00f6r bostadsbyggande.&#8211;\u00a0Uppmuntra \u00f6kat distansarbete \u00e4ven efter pandemin.&#8211;\u00a0Extern genomlysning f\u00f6r besparingspotential [&hellip;]<\/p>\n","protected":false},"author":12,"featured_media":0,"parent":0,"menu_order":0,"comment_status":"closed","ping_status":"closed","template":"","meta":{"_acf_changed":false,"_relevanssi_hide_post":"","_relevanssi_hide_content":"","_relevanssi_pin_for_all":"","_relevanssi_pin_keywords":"","_relevanssi_unpin_keywords":"","_relevanssi_related_keywords":"","_relevanssi_related_include_ids":"","_relevanssi_related_exclude_ids":"","_relevanssi_related_no_append":"","_relevanssi_related_not_related":"","_relevanssi_related_posts":"","_relevanssi_noindex_reason":"","footnotes":""},"subject":[],"class_list":["post-1183","page","type-page","status-publish","hentry"],"acf":[],"publishpress_future_action":{"enabled":false,"date":"2026-04-25 11:14:29","action":"change-status","newStatus":"draft","terms":[],"taxonomy":"subject"},"_links":{"self":[{"href":"https:\/\/moderaterna.se\/vasterbotten\/wp-json\/wp\/v2\/pages\/1183","targetHints":{"allow":["GET"]}}],"collection":[{"href":"https:\/\/moderaterna.se\/vasterbotten\/wp-json\/wp\/v2\/pages"}],"about":[{"href":"https:\/\/moderaterna.se\/vasterbotten\/wp-json\/wp\/v2\/types\/page"}],"author":[{"embeddable":true,"href":"https:\/\/moderaterna.se\/vasterbotten\/wp-json\/wp\/v2\/users\/12"}],"replies":[{"embeddable":true,"href":"https:\/\/moderaterna.se\/vasterbotten\/wp-json\/wp\/v2\/comments?post=1183"}],"version-history":[{"count":3,"href":"https:\/\/moderaterna.se\/vasterbotten\/wp-json\/wp\/v2\/pages\/1183\/revisions"}],"predecessor-version":[{"id":1187,"href":"https:\/\/moderaterna.se\/vasterbotten\/wp-json\/wp\/v2\/pages\/1183\/revisions\/1187"}],"wp:attachment":[{"href":"https:\/\/moderaterna.se\/vasterbotten\/wp-json\/wp\/v2\/media?parent=1183"}],"wp:term":[{"taxonomy":"subject","embeddable":true,"href":"https:\/\/moderaterna.se\/vasterbotten\/wp-json\/wp\/v2\/subject?post=1183"}],"curies":[{"name":"wp","href":"https:\/\/api.w.org\/{rel}","templated":true}]}}