{"id":900,"date":"2022-01-13T12:41:00","date_gmt":"2022-01-13T11:41:00","guid":{"rendered":"https:\/\/moderaterna.se\/varmland\/?page_id=900"},"modified":"2022-01-13T16:46:01","modified_gmt":"2022-01-13T15:46:01","slug":"jord-och-skogsbruket-den-grona-naringen","status":"publish","type":"page","link":"https:\/\/moderaterna.se\/varmland\/jord-och-skogsbruket-den-grona-naringen\/","title":{"rendered":"Jord- och skogsbruket &#8211; den gr\u00f6na n\u00e4ringen"},"content":{"rendered":"\n<p>Skogen \u00e4r V\u00e4rmlands och Sveriges viktigaste basn\u00e4ring. Den \u00e4r ocks\u00e5 v\u00e5rt viktigaste framtidshopp f\u00f6r den n\u00f6dv\u00e4ndiga gr\u00f6na omst\u00e4llningen. V\u00e4rmland utg\u00f6r en unik region i v\u00e4rlden inom skoglig bioekonomi. H\u00e4r finns alla delar som \u00e4r n\u00f6dv\u00e4ndiga f\u00f6r att utveckla detta omr\u00e5de.<\/p>\n\n\n\n<ul class=\"wp-block-list\"><li>F\u00f6renkla reglerna f\u00f6r mark och skogs\u00e4gare<\/li><li>Satsa p\u00e5 forskning och utveckling av skoglig bioekonomi och biodrivmedel.<\/li><li>St\u00e4rk \u00e4gander\u00e4tten f\u00f6r den enskilde<\/li><\/ul>\n\n\n\n<p>I V\u00e4rmland finns \u00e4ven stora omr\u00e5den l\u00e4mpat f\u00f6r spannm\u00e5lsodling, men odling av gr\u00e4s\/vall och bete \u00e4r det som har st\u00f6rst potential i V\u00e4rmland. Stora arealer har dock de senaste decennierna v\u00e4xt igen. \u00d6ppna landskap kr\u00e4ver betande mular i st\u00f6rre omfattning \u00e4n idag. V\u00e4rmland har m\u00f6jlighet att bli ett viktigt matl\u00e4n. Vi vill se s\u00e4rskilda satsningar kring en samlad strategi f\u00f6r detta. Moderater i alla beslutande f\u00f6rsamlingar b\u00f6r ocks\u00e5 str\u00e4va efter att den offentliga maten till s\u00e5 stor utstr\u00e4ckning som m\u00f6jligt \u00e4r n\u00e4rproducerad.&nbsp;<\/p>\n\n\n\n<p>De gr\u00f6na f\u00f6retagen \u00e4r en oerh\u00f6rt viktig del i den gr\u00f6na omst\u00e4llningen. D\u00e5 kan inte dessa f\u00f6retagare betraktas som milj\u00f6bovar. Att bedriva skogs- och lantbruk \u00e4r mycket l\u00e5ngsiktigt. D\u00e4rf\u00f6r m\u00e5ste l\u00e5ngsiktiga spelregler g\u00e4lla. Eftersom m\u00e5nga gr\u00f6na f\u00f6retagare \u00e4r enmansf\u00f6retagare \u00e4r det \u00e4n mer angel\u00e4get att regelf\u00f6renklingar genomf\u00f6rs.&nbsp;<\/p>\n\n\n\n<p>\u00c4gander\u00e4tten utg\u00f6r ett fundament i v\u00e5rt samh\u00e4lle, men blir s\u00e4rskilt tydligt f\u00f6r skogs- och mark\u00e4gare. \u00c4gander\u00e4tten \u00e4r en m\u00e4nsklig r\u00e4ttighet, som skyddas av b\u00e5de regeringsformen och Europakonventionen. Att kunna utveckla sitt boende och sin verksamhet p\u00e5 landsbygden \u00e4r grundl\u00e4ggande. Regleringar g\u00e4llande bland annat strandskydd, energiframst\u00e4llning och regelverk f\u00f6r naturreservat begr\u00e4nsar ofta mark\u00e4garnas m\u00f6jligheter att bruka och v\u00e5rda sin skog och mark.&nbsp;<a href=\"mailto:?subject=Jord-%20och%20skogsbruket%20-%20den%20gr%C3%B6na%20n%C3%A4ringen%20%7C%20Nya%20Moderaterna&amp;body=https%3A%2F%2Fmoderaterna.se%2Fvarmland%2Fjord-och-skogsbruket-den-grona-naringen\"><\/a><\/p>\n","protected":false},"excerpt":{"rendered":"<p>Skogen \u00e4r V\u00e4rmlands och Sveriges viktigaste basn\u00e4ring. Den \u00e4r ocks\u00e5 v\u00e5rt viktigaste framtidshopp f\u00f6r den n\u00f6dv\u00e4ndiga gr\u00f6na omst\u00e4llningen. V\u00e4rmland utg\u00f6r en unik region i v\u00e4rlden inom skoglig bioekonomi. H\u00e4r finns alla delar som \u00e4r n\u00f6dv\u00e4ndiga f\u00f6r att utveckla detta omr\u00e5de. F\u00f6renkla reglerna f\u00f6r mark och skogs\u00e4gare Satsa p\u00e5 forskning och utveckling av skoglig bioekonomi och [&hellip;]<\/p>\n","protected":false},"author":9,"featured_media":0,"parent":0,"menu_order":0,"comment_status":"closed","ping_status":"closed","template":"","meta":{"_acf_changed":false,"_relevanssi_hide_post":"","_relevanssi_hide_content":"","_relevanssi_pin_for_all":"","_relevanssi_pin_keywords":"","_relevanssi_unpin_keywords":"","_relevanssi_related_keywords":"","_relevanssi_related_include_ids":"","_relevanssi_related_exclude_ids":"","_relevanssi_related_no_append":"","_relevanssi_related_not_related":"","_relevanssi_related_posts":"","_relevanssi_noindex_reason":"","footnotes":""},"subject":[],"class_list":["post-900","page","type-page","status-publish","hentry"],"acf":[],"publishpress_future_action":{"enabled":false,"date":"2026-04-30 17:02:46","action":"change-status","newStatus":"draft","terms":[],"taxonomy":"subject"},"_links":{"self":[{"href":"https:\/\/moderaterna.se\/varmland\/wp-json\/wp\/v2\/pages\/900","targetHints":{"allow":["GET"]}}],"collection":[{"href":"https:\/\/moderaterna.se\/varmland\/wp-json\/wp\/v2\/pages"}],"about":[{"href":"https:\/\/moderaterna.se\/varmland\/wp-json\/wp\/v2\/types\/page"}],"author":[{"embeddable":true,"href":"https:\/\/moderaterna.se\/varmland\/wp-json\/wp\/v2\/users\/9"}],"replies":[{"embeddable":true,"href":"https:\/\/moderaterna.se\/varmland\/wp-json\/wp\/v2\/comments?post=900"}],"version-history":[{"count":2,"href":"https:\/\/moderaterna.se\/varmland\/wp-json\/wp\/v2\/pages\/900\/revisions"}],"predecessor-version":[{"id":903,"href":"https:\/\/moderaterna.se\/varmland\/wp-json\/wp\/v2\/pages\/900\/revisions\/903"}],"wp:attachment":[{"href":"https:\/\/moderaterna.se\/varmland\/wp-json\/wp\/v2\/media?parent=900"}],"wp:term":[{"taxonomy":"subject","embeddable":true,"href":"https:\/\/moderaterna.se\/varmland\/wp-json\/wp\/v2\/subject?post=900"}],"curies":[{"name":"wp","href":"https:\/\/api.w.org\/{rel}","templated":true}]}}