{"id":896,"date":"2022-01-13T12:39:49","date_gmt":"2022-01-13T11:39:49","guid":{"rendered":"https:\/\/moderaterna.se\/varmland\/?page_id=896"},"modified":"2022-01-13T16:46:02","modified_gmt":"2022-01-13T15:46:02","slug":"trygghet-i-hela-varmland","status":"publish","type":"page","link":"https:\/\/moderaterna.se\/varmland\/trygghet-i-hela-varmland\/","title":{"rendered":"Trygghet i hela V\u00e4rmland"},"content":{"rendered":"\n<p>Runt om p\u00e5 Sveriges och V\u00e4rmlands landsbygder k\u00e4nner m\u00e4nniskor en djup oro f\u00f6r att uts\u00e4ttas f\u00f6r inbrott och st\u00f6lder. En relativt f\u00e4rsk rapport fr\u00e5n Lantbrukarnas riksf\u00f6rbund visar att sju av tio p\u00e5 landsbygderna k\u00e4nner en eller flera i n\u00e4rheten som de senaste tv\u00e5 \u00e5ren varit utsatta f\u00f6r brott och d\u00e5 huvudsakligen st\u00f6ldbrott. Tre av 10 lantbrukare har sj\u00e4lva de senaste tv\u00e5 \u00e5ren varit utsatta f\u00f6r brott. St\u00f6ld av drivmedel, maskiner och redskap var vanligast bland de drabbade.<\/p>\n\n\n\n<ul class=\"wp-block-list\"><li>Fler poliser<\/li><li>F\u00f6rdjupat samarbete mellan svensk och norsk polis<\/li><li>Ny brottsrubricering &#8211; systematisk st\u00f6ld<\/li><\/ul>\n\n\n\n<p>Enligt Brottsf\u00f6rebyggande r\u00e5dets trygghetsunders\u00f6kning \u00f6kar oron inf\u00f6r att uts\u00e4ttas f\u00f6r brott i V\u00e4rmland samtidigt som f\u00f6rtroendet f\u00f6r polisen faller. Det finns st\u00f6ldligor i l\u00e4net som f\u00f6rs\u00f6rjer sig genom narkotikasmuggling, inbrott, st\u00f6lder och h\u00e4leriverksamhet. M\u00e5nga av dessa ligor, som ofta har utl\u00e4ndskt ursprung, v\u00e4ljer att gruppera sig och beg\u00e5 brott p\u00e5 landsbygderna eftersom uppt\u00e4cktsrisken \u00e4r liten och straffen i Sverige \u00e4r f\u00f6rh\u00e5llandevis l\u00e5ga i en internationell j\u00e4mf\u00f6relse. Endast sex procent av alla inbrott klaras idag upp och uppklarningsniv\u00e5n f\u00f6r st\u00f6lder minskade under 2016 i polisregion Bergslagen som V\u00e4rmland tillh\u00f6r. St\u00f6lder och inbrott \u00e4r inte v\u00e5ra mest allvarliga brott men inneb\u00e4r ofta en stor integritetskr\u00e4nkning f\u00f6r de drabbade. M\u00e5nga k\u00e4nner sig otrygga l\u00e5ng tid efter att brottet har skett. Vi vill att straffen f\u00f6r dessa brott i h\u00f6gre grad ska motsvara allvaret och kr\u00e4nkningen som de inneb\u00e4r. D\u00e4rf\u00f6r vill vi sk\u00e4rpa straffen f\u00f6r bostadsinbrott och inf\u00f6ra en s\u00e4rskild brottsrubricering som tr\u00e4ffar systematiska st\u00f6lder. Vi vill att dessa brott ska ha ett minimistraff p\u00e5 minst ett \u00e5rs f\u00e4ngelse s\u00e5 att dessa brott ocks\u00e5 blir h\u00f6gre prioriterade av polis och \u00e5klagare. Det beh\u00f6ver \u00e4ven till b\u00e4ttre m\u00f6jligheter att utvisa personer som beg\u00e5r brott.<\/p>\n\n\n\n<p>V\u00e4rmland har en l\u00e5ng gr\u00e4ns mot Norge, den utg\u00f6r \u00e4ven EU:s yttre gr\u00e4ns. Vi vill d\u00e4rf\u00f6r se ett f\u00f6rdjupat svensk-norskt samarbete f\u00f6r att bek\u00e4mpa gr\u00e4ns\u00f6verskridande brottslighet, b\u00e5de genom gemensamma punktvisa insatser och i det l\u00f6pande polisi\u00e4ra samarbetet. Ett f\u00f6rdjupat samarbete inneb\u00e4r ocks\u00e5 att polisen ges m\u00f6jlighet att bedriva sin verksamhet p\u00e5 ett mer kostnadseffektivt s\u00e4tt, \u00e4ven om polisen i V\u00e4rmland ocks\u00e5 fortsatt m\u00e5ste dimensioneras f\u00f6r att ensamt kunna hantera brottsligheten i l\u00e4net.<\/p>\n\n\n\n<p>Moderaterna anser att Sverige beh\u00f6ver minst 25 000 fler poliser till 2025&nbsp; och 700 civilanst\u00e4llda. De nya polisi\u00e4ra resurserna ska spridas ute i landet och framf\u00f6rallt avdelas till yttre tj\u00e4nst. Polisens tillg\u00e4nglighet och synlighet p\u00e5 landsbygderna m\u00e5ste \u00f6ka.<a href=\"mailto:?subject=Enligt%20Brottsf%C3%B6rebyggande%20r%C3%A5dets%20trygghetsunders%C3%B6kning%20%C3%B6kar%20oron%20inf%C3%B6r%20att%20uts%C3%A4ttas%20f%C3%B6r%20brott%20i%20V%C3%A4rmland%20samtidigt%20som%20f%C3%B6rtroendet%20f%C3%B6r%20polisen%20faller.%20Det%20finns%20st%C3%B6ldligor%20i%20l%C3%A4net%20som%20f%C3%B6rs%C3%B6rjer%20sig%20genom%20narkotikasmuggling%2C%20inbrott%2C%20st%C3%B6lder%20och%20h%C3%A4leriverksamhet.&amp;body=https%3A%2F%2Fmoderaterna.se%2Fvarmland%2Ftrygghet-i-hela-varmland\"><\/a><\/p>\n","protected":false},"excerpt":{"rendered":"<p>Runt om p\u00e5 Sveriges och V\u00e4rmlands landsbygder k\u00e4nner m\u00e4nniskor en djup oro f\u00f6r att uts\u00e4ttas f\u00f6r inbrott och st\u00f6lder. En relativt f\u00e4rsk rapport fr\u00e5n Lantbrukarnas riksf\u00f6rbund visar att sju av tio p\u00e5 landsbygderna k\u00e4nner en eller flera i n\u00e4rheten som de senaste tv\u00e5 \u00e5ren varit utsatta f\u00f6r brott och d\u00e5 huvudsakligen st\u00f6ldbrott. Tre av 10 [&hellip;]<\/p>\n","protected":false},"author":9,"featured_media":0,"parent":0,"menu_order":0,"comment_status":"closed","ping_status":"closed","template":"","meta":{"_acf_changed":false,"_relevanssi_hide_post":"","_relevanssi_hide_content":"","_relevanssi_pin_for_all":"","_relevanssi_pin_keywords":"","_relevanssi_unpin_keywords":"","_relevanssi_related_keywords":"","_relevanssi_related_include_ids":"","_relevanssi_related_exclude_ids":"","_relevanssi_related_no_append":"","_relevanssi_related_not_related":"","_relevanssi_related_posts":"1357,831,819,1349,1518,1364","_relevanssi_noindex_reason":"","footnotes":""},"subject":[],"class_list":["post-896","page","type-page","status-publish","hentry"],"acf":[],"publishpress_future_action":{"enabled":false,"date":"2026-05-02 21:06:20","action":"change-status","newStatus":"draft","terms":[],"taxonomy":"subject"},"_links":{"self":[{"href":"https:\/\/moderaterna.se\/varmland\/wp-json\/wp\/v2\/pages\/896","targetHints":{"allow":["GET"]}}],"collection":[{"href":"https:\/\/moderaterna.se\/varmland\/wp-json\/wp\/v2\/pages"}],"about":[{"href":"https:\/\/moderaterna.se\/varmland\/wp-json\/wp\/v2\/types\/page"}],"author":[{"embeddable":true,"href":"https:\/\/moderaterna.se\/varmland\/wp-json\/wp\/v2\/users\/9"}],"replies":[{"embeddable":true,"href":"https:\/\/moderaterna.se\/varmland\/wp-json\/wp\/v2\/comments?post=896"}],"version-history":[{"count":2,"href":"https:\/\/moderaterna.se\/varmland\/wp-json\/wp\/v2\/pages\/896\/revisions"}],"predecessor-version":[{"id":899,"href":"https:\/\/moderaterna.se\/varmland\/wp-json\/wp\/v2\/pages\/896\/revisions\/899"}],"wp:attachment":[{"href":"https:\/\/moderaterna.se\/varmland\/wp-json\/wp\/v2\/media?parent=896"}],"wp:term":[{"taxonomy":"subject","embeddable":true,"href":"https:\/\/moderaterna.se\/varmland\/wp-json\/wp\/v2\/subject?post=896"}],"curies":[{"name":"wp","href":"https:\/\/api.w.org\/{rel}","templated":true}]}}