{"id":884,"date":"2022-01-13T12:34:12","date_gmt":"2022-01-13T11:34:12","guid":{"rendered":"https:\/\/moderaterna.se\/varmland\/?page_id=884"},"modified":"2022-01-13T16:46:01","modified_gmt":"2022-01-13T15:46:01","slug":"landsbygdernas-naringsliv","status":"publish","type":"page","link":"https:\/\/moderaterna.se\/varmland\/landsbygdernas-naringsliv\/","title":{"rendered":"Landsbygdernas n\u00e4ringsliv"},"content":{"rendered":"\n<p>Fler \u00e4n 40 000 f\u00f6retag finns p\u00e5 de v\u00e4rml\u00e4ndska landsbygderna. Ett stort antal av dem finns naturligt inom de gr\u00f6na n\u00e4ringarna. Men i stort sett alla andra branscher finns ocks\u00e5 representerade i allt fr\u00e5n enskilda firmor till stora f\u00f6retag. Det finns en h\u00f6g innovationskraft i det v\u00e4rml\u00e4ndska n\u00e4ringslivet i st\u00e4derna s\u00e5v\u00e4l som p\u00e5 landsbygderna.<\/p>\n\n\n\n<ul class=\"wp-block-list\"><li>\u00d6ka andelen n\u00e4rproducerad mat i v\u00e5ra offentliga k\u00f6k<\/li><li>Initiera en utredning om hur styrningen och utvecklingen av den v\u00e4rml\u00e4ndska bes\u00f6ksn\u00e4ringen kan fr\u00e4mjas<\/li><li>Regelf\u00f6renklingar uppmuntras p\u00e5 alla niv\u00e5er<\/li><\/ul>\n\n\n\n<p>Bes\u00f6ksn\u00e4ringen v\u00e4xer snabbt i V\u00e4rmland. F\u00f6rutom att bes\u00f6ka v\u00e5ra stora kulturverksamheter eller evenemang s\u00e5 \u00e4r naturturismen mycket stor. I ett antal \u00e5r har bes\u00f6ksn\u00e4ringen i V\u00e4rmland organiserats i Visit V\u00e4rmland. Det \u00e4r ett kluster f\u00f6r&nbsp;n\u00e4ringen, d\u00e4r ocks\u00e5 kommunerna \u00e4r medlemmar. Dock beslutades att den regionala offentliga niv\u00e5n endast ska bidra med ett \u00e5rligt anslag. Sj\u00e4lvklart ska inte bes\u00f6ksn\u00e4ringen styras politiskt i detalj, men fr\u00e5gan b\u00f6r st\u00e4llas om avsaknaden av aktivt politiskt deltagande fr\u00e5n regional niv\u00e5 har missgynnat eller gynnat bes\u00f6ksn\u00e4ringen i V\u00e4rmland? I princip inget annat l\u00e4n har valt att att ha den ordning som V\u00e4rmland har.&nbsp;<\/p>\n\n\n\n<p>N\u00e4r naturturismen v\u00e4xer f\u00e5r skogen ocks\u00e5 en annan utvecklingsm\u00f6jlighet. Inte s\u00e5 s\u00e4llan krockar syns\u00e4ttet p\u00e5 skogen mellan turism- och skogsbranschen. Vi anser att b\u00e5de brukandet och upplevelsen av skogen m\u00e5ste kunna g\u00e5 hand i hand och d\u00e4r f\u00f6rst\u00e5elsen f\u00f6r varandras utg\u00e5ngspunkter \u00e4r v\u00e4sentliga.&nbsp;<\/p>\n\n\n\n<p>V\u00e4rmland har stor potential som matl\u00e4n. I s\u00f6dra l\u00e4net finns omr\u00e5den v\u00e4l l\u00e4mpade f\u00f6r tex spannm\u00e5lsodling, medan det i det flesta andra delar av l\u00e4net \u00e4r det mer l\u00e4mpligt med vallodling och betande djur. Djur som betar gr\u00e4s \u00e4r b\u00e5de klimatsmart och det absolut b\u00e4sta s\u00e4ttet att h\u00e5lla landskapet \u00f6ppet. Det gynnar b\u00e5de ett rikt djurliv men ocks\u00e5 en mer attraktiv milj\u00f6 f\u00f6r v\u00e5ra inv\u00e5nare och turister. Vi vill i det sammanhanget ocks\u00e5 framh\u00e5lla V\u00e4rmlands stora m\u00f6jligheter inom h\u00e4stbranschen.&nbsp;<\/p>\n\n\n\n<p>Livsmedelsbranschen v\u00e4xer i V\u00e4rmland, men den \u00e4r \u00e4n s\u00e5 l\u00e4nge i allt v\u00e4sentligt sm\u00e5skalig. Det \u00e4r n\u00f6dv\u00e4ndigt att hitta formerna f\u00f6r branschen att v\u00e4xa. Matturismen \u00e4r en potential, men vi beh\u00f6ver som offentliga akt\u00f6rer bli betydligt b\u00e4ttre p\u00e5 upphandling av n\u00e4rproducerad mat. Vi kan som f\u00f6rtroendevalda i kommuner och landsting bidra b\u00e5de med kravst\u00e4llande vid upphandling, men ocks\u00e5 genom att st\u00e4lla krav n\u00e4r vi sj\u00e4lva k\u00f6per mat.&nbsp;<\/p>\n\n\n\n<p>Ett av v\u00e5ra st\u00f6rsta h\u00e4lsohot \u00e4r antibiotikaresistenta bakterier. Stora insatser g\u00f6rs inom h\u00e4lso- och sjukv\u00e5rden att minska utskrivningen av antibiotika. Det samma g\u00e4ller svensk livsmedelsindustri. Det \u00e4r i v\u00e5rt land f\u00f6rbjudet att anv\u00e4nda antibiotika annat \u00e4n till enskilda och sjuka djur och enbart efter f\u00f6rskrivning av veterin\u00e4r. I andra l\u00e4nder ges det till alla djur i f\u00f6rebyggande syfte.&nbsp;<\/p>\n","protected":false},"excerpt":{"rendered":"<p>Fler \u00e4n 40 000 f\u00f6retag finns p\u00e5 de v\u00e4rml\u00e4ndska landsbygderna. Ett stort antal av dem finns naturligt inom de gr\u00f6na n\u00e4ringarna. Men i stort sett alla andra branscher finns ocks\u00e5 representerade i allt fr\u00e5n enskilda firmor till stora f\u00f6retag. Det finns en h\u00f6g innovationskraft i det v\u00e4rml\u00e4ndska n\u00e4ringslivet i st\u00e4derna s\u00e5v\u00e4l som p\u00e5 landsbygderna. \u00d6ka [&hellip;]<\/p>\n","protected":false},"author":9,"featured_media":0,"parent":0,"menu_order":0,"comment_status":"closed","ping_status":"closed","template":"","meta":{"_acf_changed":false,"_relevanssi_hide_post":"","_relevanssi_hide_content":"","_relevanssi_pin_for_all":"","_relevanssi_pin_keywords":"","_relevanssi_unpin_keywords":"","_relevanssi_related_keywords":"","_relevanssi_related_include_ids":"","_relevanssi_related_exclude_ids":"","_relevanssi_related_no_append":"","_relevanssi_related_not_related":"","_relevanssi_related_posts":"","_relevanssi_noindex_reason":"","footnotes":""},"subject":[],"class_list":["post-884","page","type-page","status-publish","hentry"],"acf":[],"publishpress_future_action":{"enabled":false,"date":"2026-04-25 10:59:46","action":"change-status","newStatus":"draft","terms":[],"taxonomy":"subject"},"_links":{"self":[{"href":"https:\/\/moderaterna.se\/varmland\/wp-json\/wp\/v2\/pages\/884","targetHints":{"allow":["GET"]}}],"collection":[{"href":"https:\/\/moderaterna.se\/varmland\/wp-json\/wp\/v2\/pages"}],"about":[{"href":"https:\/\/moderaterna.se\/varmland\/wp-json\/wp\/v2\/types\/page"}],"author":[{"embeddable":true,"href":"https:\/\/moderaterna.se\/varmland\/wp-json\/wp\/v2\/users\/9"}],"replies":[{"embeddable":true,"href":"https:\/\/moderaterna.se\/varmland\/wp-json\/wp\/v2\/comments?post=884"}],"version-history":[{"count":5,"href":"https:\/\/moderaterna.se\/varmland\/wp-json\/wp\/v2\/pages\/884\/revisions"}],"predecessor-version":[{"id":891,"href":"https:\/\/moderaterna.se\/varmland\/wp-json\/wp\/v2\/pages\/884\/revisions\/891"}],"wp:attachment":[{"href":"https:\/\/moderaterna.se\/varmland\/wp-json\/wp\/v2\/media?parent=884"}],"wp:term":[{"taxonomy":"subject","embeddable":true,"href":"https:\/\/moderaterna.se\/varmland\/wp-json\/wp\/v2\/subject?post=884"}],"curies":[{"name":"wp","href":"https:\/\/api.w.org\/{rel}","templated":true}]}}