{"id":635,"date":"2021-12-08T09:54:05","date_gmt":"2021-12-08T08:54:05","guid":{"rendered":"https:\/\/moderaterna.se\/varmland\/?page_id=635"},"modified":"2025-04-06T21:56:22","modified_gmt":"2025-04-06T19:56:22","slug":"foreningar","status":"publish","type":"page","link":"https:\/\/moderaterna.se\/varmland\/foreningar\/","title":{"rendered":"F\u00f6reningar"},"content":{"rendered":"<div id=\"listing-block_acf_block_67f2dc66293ac\" class=\"listing custom-block custom-block__full theme__background--pink\">\n    <div class=\"listing__content\">\n                    <h2 class=\"listing__content--title theme__color--purple\">Moderata partif\u00f6reningar i V\u00e4rmland<\/h2>\n                            <div class=\"listing__content--description theme__color--purple\"><p>H\u00e4r finns kontaktuppgifter till de lokala partif\u00f6reningarna i V\u00e4rmland.<\/p>\n<\/div>\n                <div class=\"listing__content--list\">\n                                <ul class=\"listing__content--list__standard\">\n                                                    <li>\n                                <a class=\"p--purple\" href=\"https:\/\/moderaterna.se\/varmland\/foreningar\/arvika\/\">Arvika<\/a>\n                            <\/li>\n                                                    <li>\n                                <a class=\"p--purple\" href=\"https:\/\/moderaterna.se\/varmland\/foreningar\/eda\/\">Eda<\/a>\n                            <\/li>\n                                                    <li>\n                                <a class=\"p--purple\" href=\"https:\/\/moderaterna.se\/varmland\/foreningar\/filipstad\/\">Filipstad<\/a>\n                            <\/li>\n                                                    <li>\n                                <a class=\"p--purple\" href=\"https:\/\/moderaterna.se\/varmland\/foreningar\/forshaga\/\">Forshaga<\/a>\n                            <\/li>\n                                                    <li>\n                                <a class=\"p--purple\" href=\"https:\/\/moderaterna.se\/varmland\/foreningar\/grums\/\">Grums<\/a>\n                            <\/li>\n                                                    <li>\n                                <a class=\"p--purple\" href=\"https:\/\/moderaterna.se\/varmland\/foreningar\/hammaro\/\">Hammar\u00f6<\/a>\n                            <\/li>\n                                                    <li>\n                                <a class=\"p--purple\" href=\"https:\/\/moderaterna.se\/varmland\/foreningar\/karlstad\/\">Karlstad<\/a>\n                            <\/li>\n                                                    <li>\n                                <a class=\"p--purple\" href=\"https:\/\/moderaterna.se\/varmland\/foreningar\/kil\/\">Kil<\/a>\n                            <\/li>\n                                                    <li>\n                                <a class=\"p--purple\" href=\"https:\/\/moderaterna.se\/varmland\/foreningar\/kristinehamn\/\">Kristinehamn<\/a>\n                            <\/li>\n                                                    <li>\n                                <a class=\"p--purple\" href=\"https:\/\/moderaterna.se\/varmland\/foreningar\/storfors\/\">Storfors<\/a>\n                            <\/li>\n                                                    <li>\n                                <a class=\"p--purple\" href=\"https:\/\/moderaterna.se\/varmland\/foreningar\/sunne\/\">Sunne<\/a>\n                            <\/li>\n                                                    <li>\n                                <a class=\"p--purple\" href=\"https:\/\/moderaterna.se\/varmland\/foreningar\/saffle\/\">S\u00e4ffle<\/a>\n                            <\/li>\n                                                    <li>\n                                <a class=\"p--purple\" href=\"https:\/\/moderaterna.se\/varmland\/foreningar\/torsby\/\">Torsby<\/a>\n                            <\/li>\n                                                    <li>\n                                <a class=\"p--purple\" href=\"https:\/\/moderaterna.se\/varmland\/foreningar\/arjang\/\">\u00c5rj\u00e4ng<\/a>\n                            <\/li>\n                                            <\/ul>\n                        <\/div>\n    <\/div>\n<\/div>\n","protected":false},"excerpt":{"rendered":"","protected":false},"author":9,"featured_media":0,"parent":0,"menu_order":0,"comment_status":"closed","ping_status":"closed","template":"","meta":{"_acf_changed":false,"_relevanssi_hide_post":"","_relevanssi_hide_content":"","_relevanssi_pin_for_all":"","_relevanssi_pin_keywords":"","_relevanssi_unpin_keywords":"","_relevanssi_related_keywords":"","_relevanssi_related_include_ids":"","_relevanssi_related_exclude_ids":"","_relevanssi_related_no_append":"","_relevanssi_related_not_related":"","_relevanssi_related_posts":"526","_relevanssi_noindex_reason":"","footnotes":""},"subject":[],"class_list":["post-635","page","type-page","status-publish","hentry"],"acf":[],"publishpress_future_action":{"enabled":false,"date":"2026-04-14 08:42:51","action":"change-status","newStatus":"draft","terms":[],"taxonomy":"subject"},"_links":{"self":[{"href":"https:\/\/moderaterna.se\/varmland\/wp-json\/wp\/v2\/pages\/635","targetHints":{"allow":["GET"]}}],"collection":[{"href":"https:\/\/moderaterna.se\/varmland\/wp-json\/wp\/v2\/pages"}],"about":[{"href":"https:\/\/moderaterna.se\/varmland\/wp-json\/wp\/v2\/types\/page"}],"author":[{"embeddable":true,"href":"https:\/\/moderaterna.se\/varmland\/wp-json\/wp\/v2\/users\/9"}],"replies":[{"embeddable":true,"href":"https:\/\/moderaterna.se\/varmland\/wp-json\/wp\/v2\/comments?post=635"}],"version-history":[{"count":15,"href":"https:\/\/moderaterna.se\/varmland\/wp-json\/wp\/v2\/pages\/635\/revisions"}],"predecessor-version":[{"id":1650,"href":"https:\/\/moderaterna.se\/varmland\/wp-json\/wp\/v2\/pages\/635\/revisions\/1650"}],"wp:attachment":[{"href":"https:\/\/moderaterna.se\/varmland\/wp-json\/wp\/v2\/media?parent=635"}],"wp:term":[{"taxonomy":"subject","embeddable":true,"href":"https:\/\/moderaterna.se\/varmland\/wp-json\/wp\/v2\/subject?post=635"}],"curies":[{"name":"wp","href":"https:\/\/api.w.org\/{rel}","templated":true}]}}