{"id":632,"date":"2021-12-08T09:52:53","date_gmt":"2021-12-08T08:52:53","guid":{"rendered":"https:\/\/moderaterna.se\/varmland\/?page_id=632"},"modified":"2025-10-20T15:37:15","modified_gmt":"2025-10-20T13:37:15","slug":"forbundsstyrelsen","status":"publish","type":"page","link":"https:\/\/moderaterna.se\/varmland\/forbundsstyrelsen\/","title":{"rendered":"F\u00f6rbundsstyrelsen"},"content":{"rendered":"\n<p>Moderaterna i V\u00e4rmland best\u00e5r av ca 1 000 medlemmar i v\u00e5ra 15 f\u00f6reningar. F\u00f6rbundet leds av&nbsp;f\u00f6rbundsstyrelsen.<\/p>\n\n\n<div id=\"listing-block_acf_block_68f63b0b1dd57\" class=\"listing custom-block custom-block__full theme__background--blue\">\n    <div class=\"listing__content\">\n                        <div class=\"listing__content--list\">\n                                    <div class=\"listing__content--list__single\">\n                            <h3 class=theme__color--dark-blue>F\u00f6rbundsordf\u00f6rande<\/h3>\n                            <ul>\n                                                                        <li>\n                                            <a class=\"p--purple\" href=\"https:\/\/moderaterna.se\/varmland\/politiker\/alexander-torin\/\">Alexander Torin<\/a>\n                                        <\/li>\n                                                                <\/ul>\n                        <\/div>\n                                            <div class=\"listing__content--list__single\">\n                            <h3 class=theme__color--dark-blue>F\u00f6rste vice f\u00f6rbundsordf\u00f6rande<\/h3>\n                            <ul>\n                                                                        <li>\n                                            <a class=\"p--purple\" href=\"https:\/\/moderaterna.se\/varmland\/politiker\/hanna-andersson\/\">Hanna Andersson<\/a>\n                                        <\/li>\n                                                                <\/ul>\n                        <\/div>\n                                            <div class=\"listing__content--list__single\">\n                            <h3 class=theme__color--dark-blue>Andre vice f\u00f6rbundsordf\u00f6rande<\/h3>\n                            <ul>\n                                                                        <li>\n                                            <a class=\"p--purple\" href=\"https:\/\/moderaterna.se\/varmland\/politiker\/olaf-heggli\/\">Olaf Heggli<\/a>\n                                        <\/li>\n                                                                <\/ul>\n                        <\/div>\n                                            <div class=\"listing__content--list__single\">\n                            <h3 class=theme__color--dark-blue>Ledam\u00f6ter<\/h3>\n                            <ul>\n                                                                        <li>\n                                            <a class=\"p--purple\" href=\"https:\/\/moderaterna.se\/varmland\/politiker\/hakan-axelsson\/\">H\u00e5kan Axelsson<\/a>\n                                        <\/li>\n                                                                            <li>\n                                            <a class=\"p--purple\" href=\"https:\/\/moderaterna.se\/varmland\/politiker\/patrik-fornander\/\">Patrik Fornander<\/a>\n                                        <\/li>\n                                                                            <li>\n                                            <a class=\"p--purple\" href=\"https:\/\/moderaterna.se\/varmland\/politiker\/ulrika-jacobs\/\">Ulrika Jacobs<\/a>\n                                        <\/li>\n                                                                            <li>\n                                            <a class=\"p--purple\" href=\"https:\/\/moderaterna.se\/varmland\/politiker\/jakob-roslund\/\">Jakob Roslund<\/a>\n                                        <\/li>\n                                                                            <li>\n                                            <a class=\"p--purple\" href=\"https:\/\/moderaterna.se\/varmland\/politiker\/henrik-frykberger\/\">Henrik Frykberger<\/a>\n                                        <\/li>\n                                                                            <li>\n                                            <a class=\"p--purple\" href=\"https:\/\/moderaterna.se\/varmland\/politiker\/madeleine-franzon\/\">Madeleine Franzon<\/a>\n                                        <\/li>\n                                                                            <li>\n                                            <a class=\"p--purple\" href=\"https:\/\/moderaterna.se\/varmland\/politiker\/marie-oudin\/\">Marie Oudin<\/a>\n                                        <\/li>\n                                                                            <li>\n                                            <a class=\"p--purple\" href=\"https:\/\/moderaterna.se\/varmland\/forbundsstyrelsen\/\">F\u00f6rbundsstyrelsen<\/a>\n                                        <\/li>\n                                                                <\/ul>\n                        <\/div>\n                                            <div class=\"listing__content--list__single\">\n                            <h3 class=theme__color--dark-blue>Partiombudsman<\/h3>\n                            <ul>\n                                                                        <li>\n                                            <a class=\"p--purple\" href=\"https:\/\/moderaterna.se\/varmland\/politiker\/anton-bengtsson\/\">Anton Bengtsson<\/a>\n                                        <\/li>\n                                                                <\/ul>\n                        <\/div>\n                            <\/div>\n    <\/div>\n<\/div>\n","protected":false},"excerpt":{"rendered":"<p>Moderaterna i V\u00e4rmland best\u00e5r av ca 1 000 medlemmar i v\u00e5ra 15 f\u00f6reningar. F\u00f6rbundet leds av&nbsp;f\u00f6rbundsstyrelsen.<\/p>\n","protected":false},"author":9,"featured_media":1646,"parent":0,"menu_order":0,"comment_status":"closed","ping_status":"closed","template":"","meta":{"_acf_changed":false,"_relevanssi_hide_post":"","_relevanssi_hide_content":"","_relevanssi_pin_for_all":"","_relevanssi_pin_keywords":"","_relevanssi_unpin_keywords":"","_relevanssi_related_keywords":"","_relevanssi_related_include_ids":"","_relevanssi_related_exclude_ids":"","_relevanssi_related_no_append":"","_relevanssi_related_not_related":"","_relevanssi_related_posts":"526","_relevanssi_noindex_reason":"","footnotes":""},"subject":[],"class_list":["post-632","page","type-page","status-publish","has-post-thumbnail","hentry"],"acf":[],"publishpress_future_action":{"enabled":false,"date":"2026-04-25 11:15:37","action":"change-status","newStatus":"draft","terms":[],"taxonomy":"subject"},"_links":{"self":[{"href":"https:\/\/moderaterna.se\/varmland\/wp-json\/wp\/v2\/pages\/632","targetHints":{"allow":["GET"]}}],"collection":[{"href":"https:\/\/moderaterna.se\/varmland\/wp-json\/wp\/v2\/pages"}],"about":[{"href":"https:\/\/moderaterna.se\/varmland\/wp-json\/wp\/v2\/types\/page"}],"author":[{"embeddable":true,"href":"https:\/\/moderaterna.se\/varmland\/wp-json\/wp\/v2\/users\/9"}],"replies":[{"embeddable":true,"href":"https:\/\/moderaterna.se\/varmland\/wp-json\/wp\/v2\/comments?post=632"}],"version-history":[{"count":33,"href":"https:\/\/moderaterna.se\/varmland\/wp-json\/wp\/v2\/pages\/632\/revisions"}],"predecessor-version":[{"id":1680,"href":"https:\/\/moderaterna.se\/varmland\/wp-json\/wp\/v2\/pages\/632\/revisions\/1680"}],"wp:featuredmedia":[{"embeddable":true,"href":"https:\/\/moderaterna.se\/varmland\/wp-json\/wp\/v2\/media\/1646"}],"wp:attachment":[{"href":"https:\/\/moderaterna.se\/varmland\/wp-json\/wp\/v2\/media?parent=632"}],"wp:term":[{"taxonomy":"subject","embeddable":true,"href":"https:\/\/moderaterna.se\/varmland\/wp-json\/wp\/v2\/subject?post=632"}],"curies":[{"name":"wp","href":"https:\/\/api.w.org\/{rel}","templated":true}]}}