{"id":82,"date":"2021-10-13T14:29:52","date_gmt":"2021-10-13T12:29:52","guid":{"rendered":"https:\/\/moderaterna.se\/?page_id=82"},"modified":"2024-02-28T14:50:42","modified_gmt":"2024-02-28T13:50:42","slug":"moderaterna-nu-far-vi-ordning-pa-sverige","status":"publish","type":"page","link":"https:\/\/moderaterna.se\/utlandet\/","title":{"rendered":"Moderaterna \u2013 Nu f\u00e5r vi ordning p\u00e5 Sverige"},"content":{"rendered":"\n<p>Moderaterna i utlandet \u00e4r ett n\u00e4tverk f\u00f6r politiskt intresserade svenskar som bor utanf\u00f6r landets gr\u00e4nser.&nbsp;<\/p>\n\n\n\n<p>Syftet \u00e4r f\u00f6rmedla information om svensk politik i allm\u00e4nhet och moderat politik i synnerhet och d\u00e4rmed f\u00e5 s\u00e5 m\u00e5nga som m\u00f6jligt av utlandssvenskarna att r\u00f6sta p\u00e5 Moderaterna vid n\u00e4sta Riksdagsval.&nbsp;<\/p>\n\n\n\n<p>Ordf\u00f6rande f\u00f6r Moderater i utlandet \u00e4r Magnus Ehrenberg. \u00d6vriga styrelseledam\u00f6ter \u00e4r Lena J Kjellgren (London), Arba Kokalari (ledamot i Europaparlamentet), Johanna M\u00f6llerstr\u00f6m (Washington DC), Henrik Wallgren (Australien), Ulrica Helgesson och Ann-Sofie Alm( riksdagsledamot).<\/p>\n\n\n\n<p><strong>Kontaktuppgifter<\/strong><br><strong>Magnus Ehrenberg<\/strong>, ordf\u00f6rande Moderater i Utlandet<br>Mail: magnus.ehrenberg@moderaterna.se<br>Telefon: +49(0)1716431337<br><br>Vill du ha kontakt med din f\u00f6rening eller n\u00e4tverk i det land d\u00e4r du \u00e4r bosatt skicka en email till <a href=\"mailto:utlandet@moderaterna.se\">utlandet@moderaterna.se<\/a> s\u00e5 vidarebefordras din f\u00f6rfr\u00e5gan till r\u00e4tt person.<\/p>\n\n\n\n<div style=\"height:32px\" aria-hidden=\"true\" class=\"wp-block-spacer\"><\/div>\n\n\n\n<div class=\"wp-block-columns has-pink-background-color has-background is-layout-flex wp-container-core-columns-is-layout-9d6595d7 wp-block-columns-is-layout-flex\">\n<div class=\"wp-block-column is-layout-flow wp-block-column-is-layout-flow\">\n<h2 class=\"wp-block-heading\" id=\"h-moderaterna-i-utlandets-fem-punkter\"><strong>Moderaterna i utlandets fem punkter<\/strong><\/h2>\n\n\n\n<p>1.&nbsp;F\u00f6renkla f\u00f6r utlandssvenska barn och ungdomar som vill studera i Sverige.<\/p>\n\n\n\n<p>2.&nbsp;S\u00e4nk SINK-skatten till 20 %.<\/p>\n\n\n\n<p>3.&nbsp;Separata k\u00f6er hos Migrationsverket och Skatteverket f\u00f6r utlandssvenskar som \u00e4r f\u00f6dda i Sverige eller har haft svenskt medborgarskap i minst 20 \u00e5r, samt deras familjer.&nbsp;&nbsp;<\/p>\n\n\n\n<p>4. Arbetskraftsinvandringsregler som inte skapar problem f\u00f6r t.ex. svenska universitet att rekrytera globalt<\/p>\n\n\n\n<p>5. Uppv\u00e4rdera det svenska medborgarskapet.<\/p>\n<\/div>\n<\/div>\n\n\n<div id=\"donation-membership-block_acf_block_65df3a328035a\" class=\"donation-membership custom-block\">\n    <div class=\"donation-membership__content\">\n                    <div class=\"donation-membership__content--puffs swiper\">\n                <div class=\"donation-membership__content--puffs__wrapper swiper-wrapper\">\n                                            <div class=\"donation-membership__content--puffs__single swiper-slide highlighted theme__color--blue\">\n                            <p class=\"donation-membership__content--puffs__single--category\">Ta steget<\/p>\n                            <div class=\"donation-membership__content--puffs__single--line\"><\/div>\n                            <h3 class=\"donation-membership__content--puffs__single--title h4--blue\">\n                                Bli medlem i Moderaterna eller Moderata Ungdomsf\u00f6rbundet                            <\/h3>\n                            <p class=\"donation-membership__content--puffs__single--amount h3--blue\">\n                                100 kr                            <\/p>\n                            <ul>\n                                                                    <li>\n                                    <p>Engagera dig i v\u00e5r politik<\/p> \n                                    <\/li>\n                                                                    <li>\n                                    <p>Ta st\u00e4llning f\u00f6r Sverige<\/p> \n                                    <\/li>\n                                                                    <li>\n                                    <p>Hj\u00e4lp oss n\u00e5 fler<\/p> \n                                    <\/li>\n                                                                    <li>\n                                    <p>Ing\u00e5 i din f\u00f6rening<\/p> \n                                    <\/li>\n                                                            <\/ul>\n                            <a class=\"membership-link  link-button highlighted link-button__blue link-button__blue--pink\"\n                                href=\"https:\/\/moderaterna.membersite.se\/Membership\/BuyMembership\"\n                                data-category=\"Ta steget\">\n                                <svg xmlns=\"http:\/\/www.w3.org\/2000\/svg\" data-name=\"Icon ionic-ios-arrow-round-forward\" width=\"17.168\" height=\"11.45\" viewBox=\"0 0 17.168 11.45\" aria-hidden=\"true\"><path data-name=\"Icon ionic-ios-arrow-round-forward\" d=\"M10.948.219a.779.779 0 0 0-.006 1.1l3.626 3.629H.769a.775.775 0 0 0 0 1.55h13.793l-3.626 3.632a.785.785 0 0 0 .006 1.1.772.772 0 0 0 1.091-.006l4.914-4.949a.871.871 0 0 0 .161-.244.74.74 0 0 0 .06-.3.777.777 0 0 0-.221-.543L12.033.239a.76.76 0 0 0-1.085-.02z\" fill=\"#213a8f\"\/><\/svg>                                Bli medlem                            <\/a>\n                        <\/div>\n                                    <\/div>\n                <div class=\"swiper-pagination\"><\/div>\n            <\/div>\n            <\/div>\n<\/div>\n\n\n\n<div id=\"donation-membership-block_acf_block_65df3a3280633\" class=\"donation-membership custom-block\">\n    <div class=\"donation-membership__content\">\n                    <div class=\"donation-membership__content--puffs swiper\">\n                <div class=\"donation-membership__content--puffs__wrapper swiper-wrapper\">\n                                            <div class=\"donation-membership__content--puffs__single swiper-slide highlighted theme__color--blue\">\n                            <p class=\"donation-membership__content--puffs__single--category\">Ditt st\u00f6d beh\u00f6vs<\/p>\n                            <div class=\"donation-membership__content--puffs__single--line\"><\/div>\n                            <h3 class=\"donation-membership__content--puffs__single--title h4--blue\">\n                                Bidra till att f\u00e5 ordning p\u00e5 Sverige                             <\/h3>\n                            <p class=\"donation-membership__content--puffs__single--amount h3--blue\">\n                                200 kr                            <\/p>\n                            <ul>\n                                                                    <li>\n                                    <p>G\u00f6r att vi n\u00e5r fler<\/p> \n                                    <\/li>\n                                                                    <li>\n                                    <p>\u00d6kar kraften i valr\u00f6relser<\/p> \n                                    <\/li>\n                                                                    <li>\n                                    <p>\u00d6kar genomslaget<\/p> \n                                    <\/li>\n                                                                    <li>\n                                    <p>Investering i att f\u00e5 ordning p\u00e5 Sverige<\/p> \n                                    <\/li>\n                                                            <\/ul>\n                            <a class=\"donation-link  link-button highlighted link-button__blue link-button__blue--pink\"\n                                href=\"https:\/\/moderaterna.membersite.se\/Donation\/Donate\"\n                                data-category=\"Ditt st\u00f6d beh\u00f6vs\">\n                                <svg xmlns=\"http:\/\/www.w3.org\/2000\/svg\" data-name=\"Icon ionic-ios-arrow-round-forward\" width=\"17.168\" height=\"11.45\" viewBox=\"0 0 17.168 11.45\" aria-hidden=\"true\"><path data-name=\"Icon ionic-ios-arrow-round-forward\" d=\"M10.948.219a.779.779 0 0 0-.006 1.1l3.626 3.629H.769a.775.775 0 0 0 0 1.55h13.793l-3.626 3.632a.785.785 0 0 0 .006 1.1.772.772 0 0 0 1.091-.006l4.914-4.949a.871.871 0 0 0 .161-.244.74.74 0 0 0 .06-.3.777.777 0 0 0-.221-.543L12.033.239a.76.76 0 0 0-1.085-.02z\" fill=\"#213a8f\"\/><\/svg>                                Sk\u00e4nk 200 kr                            <\/a>\n                        <\/div>\n                                    <\/div>\n                <div class=\"swiper-pagination\"><\/div>\n            <\/div>\n            <\/div>\n<\/div>\n\n","protected":false},"excerpt":{"rendered":"<p>Moderaterna i utlandet \u00e4r ett n\u00e4tverk f\u00f6r politiskt intresserade svenskar som bor utanf\u00f6r landets gr\u00e4nser.&nbsp; Syftet \u00e4r f\u00f6rmedla information om svensk politik i allm\u00e4nhet och moderat politik i synnerhet och d\u00e4rmed f\u00e5 s\u00e5 m\u00e5nga som m\u00f6jligt av utlandssvenskarna att r\u00f6sta p\u00e5 Moderaterna vid n\u00e4sta Riksdagsval.&nbsp; Ordf\u00f6rande f\u00f6r Moderater i utlandet \u00e4r Magnus Ehrenberg. \u00d6vriga styrelseledam\u00f6ter [&hellip;]<\/p>\n","protected":false},"author":9,"featured_media":0,"parent":0,"menu_order":0,"comment_status":"closed","ping_status":"closed","template":"page-templates\/landing-page.php","meta":{"_acf_changed":false,"_relevanssi_hide_post":"","_relevanssi_hide_content":"","_relevanssi_pin_for_all":"","_relevanssi_pin_keywords":"","_relevanssi_unpin_keywords":"","_relevanssi_related_keywords":"","_relevanssi_related_include_ids":"","_relevanssi_related_exclude_ids":"","_relevanssi_related_no_append":"","_relevanssi_related_not_related":"","_relevanssi_related_posts":"526","_relevanssi_noindex_reason":"","footnotes":""},"subject":[],"class_list":["post-82","page","type-page","status-publish","hentry"],"acf":[],"publishpress_future_action":{"enabled":false,"date":"2026-04-30 10:50:07","action":"change-status","newStatus":"draft","terms":[],"taxonomy":"subject"},"_links":{"self":[{"href":"https:\/\/moderaterna.se\/utlandet\/wp-json\/wp\/v2\/pages\/82","targetHints":{"allow":["GET"]}}],"collection":[{"href":"https:\/\/moderaterna.se\/utlandet\/wp-json\/wp\/v2\/pages"}],"about":[{"href":"https:\/\/moderaterna.se\/utlandet\/wp-json\/wp\/v2\/types\/page"}],"author":[{"embeddable":true,"href":"https:\/\/moderaterna.se\/utlandet\/wp-json\/wp\/v2\/users\/9"}],"replies":[{"embeddable":true,"href":"https:\/\/moderaterna.se\/utlandet\/wp-json\/wp\/v2\/comments?post=82"}],"version-history":[{"count":17,"href":"https:\/\/moderaterna.se\/utlandet\/wp-json\/wp\/v2\/pages\/82\/revisions"}],"predecessor-version":[{"id":1153,"href":"https:\/\/moderaterna.se\/utlandet\/wp-json\/wp\/v2\/pages\/82\/revisions\/1153"}],"wp:attachment":[{"href":"https:\/\/moderaterna.se\/utlandet\/wp-json\/wp\/v2\/media?parent=82"}],"wp:term":[{"taxonomy":"subject","embeddable":true,"href":"https:\/\/moderaterna.se\/utlandet\/wp-json\/wp\/v2\/subject?post=82"}],"curies":[{"name":"wp","href":"https:\/\/api.w.org\/{rel}","templated":true}]}}