{"id":1754,"date":"2022-09-01T15:24:03","date_gmt":"2022-09-01T13:24:03","guid":{"rendered":"https:\/\/moderaterna.se\/uppsala\/?page_id=1754"},"modified":"2022-09-01T15:24:03","modified_gmt":"2022-09-01T13:24:03","slug":"sankt-skatt-pa-arbete","status":"publish","type":"page","link":"https:\/\/moderaterna.se\/uppsala\/sankt-skatt-pa-arbete\/","title":{"rendered":"S\u00e4nkt skatt p\u00e5 arbete"},"content":{"rendered":"\n<p>Moderaterna vill s\u00e4nka skatten f\u00f6r alla som jobbar och har jobbat. Under sina \u00e5tta \u00e5r vid makten har Socialdemokraterna h\u00f6jt 46 skatter. Vid ett maktskifte i Uppsala vill vi s\u00e4nka kommunalskatten f\u00f6r att du ska f\u00e5 beh\u00e5lla mer av dina pengar i pl\u00e5nboken varje m\u00e5nad.<\/p>\n\n\n\n<p><\/p>\n\n\n\n<p>Moderaterna tar ansvar f\u00f6r skattemedel. Vi s\u00e4ger nej till det socialdemokratiska styrets m\u00e5ngmiljardprojekt sp\u00e5rv\u00e4g Uppsala. Det \u00e4r dyrt, oflexibelt och riskerar att leda till kraftiga begr\u00e4nsningar i framkomligheten. Vi moderater har dessutom f\u00f6reslagit besparingar p\u00e5 kommunadministrationen och att \u00f6ppna upp f\u00f6r att fler frist\u00e5ende akt\u00f6rer ska f\u00e5 vara med och driva Uppsala fram\u00e5t. <\/p>\n","protected":false},"excerpt":{"rendered":"<p>Moderaterna vill s\u00e4nka skatten f\u00f6r alla som jobbar och har jobbat. Under sina \u00e5tta \u00e5r vid makten har Socialdemokraterna h\u00f6jt 46 skatter. Vid ett maktskifte i Uppsala vill vi s\u00e4nka kommunalskatten f\u00f6r att du ska f\u00e5 beh\u00e5lla mer av dina pengar i pl\u00e5nboken varje m\u00e5nad. Moderaterna tar ansvar f\u00f6r skattemedel. Vi s\u00e4ger nej till det [&hellip;]<\/p>\n","protected":false},"author":43,"featured_media":0,"parent":0,"menu_order":0,"comment_status":"closed","ping_status":"closed","template":"","meta":{"_acf_changed":false,"_relevanssi_hide_post":"","_relevanssi_hide_content":"","_relevanssi_pin_for_all":"","_relevanssi_pin_keywords":"","_relevanssi_unpin_keywords":"","_relevanssi_related_keywords":"","_relevanssi_related_include_ids":"","_relevanssi_related_exclude_ids":"","_relevanssi_related_no_append":"","_relevanssi_related_not_related":"","_relevanssi_related_posts":"","_relevanssi_noindex_reason":"","footnotes":""},"subject":[],"class_list":["post-1754","page","type-page","status-publish","hentry"],"acf":[],"publishpress_future_action":{"enabled":false,"date":"2026-04-14 16:42:32","action":"change-status","newStatus":"draft","terms":[],"taxonomy":"subject"},"_links":{"self":[{"href":"https:\/\/moderaterna.se\/uppsala\/wp-json\/wp\/v2\/pages\/1754","targetHints":{"allow":["GET"]}}],"collection":[{"href":"https:\/\/moderaterna.se\/uppsala\/wp-json\/wp\/v2\/pages"}],"about":[{"href":"https:\/\/moderaterna.se\/uppsala\/wp-json\/wp\/v2\/types\/page"}],"author":[{"embeddable":true,"href":"https:\/\/moderaterna.se\/uppsala\/wp-json\/wp\/v2\/users\/43"}],"replies":[{"embeddable":true,"href":"https:\/\/moderaterna.se\/uppsala\/wp-json\/wp\/v2\/comments?post=1754"}],"version-history":[{"count":1,"href":"https:\/\/moderaterna.se\/uppsala\/wp-json\/wp\/v2\/pages\/1754\/revisions"}],"predecessor-version":[{"id":1755,"href":"https:\/\/moderaterna.se\/uppsala\/wp-json\/wp\/v2\/pages\/1754\/revisions\/1755"}],"wp:attachment":[{"href":"https:\/\/moderaterna.se\/uppsala\/wp-json\/wp\/v2\/media?parent=1754"}],"wp:term":[{"taxonomy":"subject","embeddable":true,"href":"https:\/\/moderaterna.se\/uppsala\/wp-json\/wp\/v2\/subject?post=1754"}],"curies":[{"name":"wp","href":"https:\/\/api.w.org\/{rel}","templated":true}]}}