{"id":1655,"date":"2022-08-05T17:24:46","date_gmt":"2022-08-05T15:24:46","guid":{"rendered":"https:\/\/moderaterna.se\/uppsala\/?page_id=1655"},"modified":"2023-02-17T11:46:38","modified_gmt":"2023-02-17T10:46:38","slug":"nej-till-sparvag","status":"publish","type":"page","link":"https:\/\/moderaterna.se\/uppsala\/nej-till-sparvag\/","title":{"rendered":"Nej till sp\u00e5rv\u00e4g"},"content":{"rendered":"\n<p>Moderaterna s\u00e4ger nej till sp\u00e5rv\u00e4g i Uppsala. Det \u00e4r ett dyrt och oflexibelt projekt som kommer att ha stor p\u00e5verkan p\u00e5 stadsbilden samt icke-tillg\u00e4ngligg\u00f6ra innerstaden under en l\u00e5ng tid. Vid ett maktskifte kommer vi att riva upp beslutet om sp\u00e5rv\u00e4g. Vi vill ist\u00e4llet utreda behovet av annan, mer flexibel kapacitetsstark kollektivtrafik. <\/p>\n\n\n\n<p>Vi s\u00e4ger nej till den f\u00f6reslagna folkomr\u00f6stningen och l\u00e4mnade vid mandatperiodens f\u00f6rsta sammantr\u00e4de in en motion om att avbryta sp\u00e5rv\u00e4gen. L\u00e4s den g\u00e4rna <a href=\"https:\/\/www.uppsala.se\/contentassets\/595b0d68f9c14e3e86968eb7d38baec4\/motion-om-sparvagen-c-m-kd-l.pdf\">H\u00c4R<\/a>. <\/p>\n\n\n\n<p>L\u00e4s mer om v\u00e5ra andra f\u00f6rslag h\u00e4r:<\/p>\n\n\n\n<ul class=\"wp-block-list\"><li><a href=\"https:\/\/moderaterna.se\/uppsala\/ett-tryggt-och-sakert-uppsala\/\">Ett tryggt och s\u00e4kert Uppsala<\/a><\/li><li><a href=\"https:\/\/moderaterna.se\/uppsala\/jobb-ar-vagen-in-i-samhallet\/\">Jobb \u00e4r v\u00e4gen in i samh\u00e4llet<\/a><\/li><li><a href=\"https:\/\/moderaterna.se\/uppsala\/en-skola-med-fokus-pa-kvalitet-och-kunskap\/\">En skola med fokus p\u00e5 kvalitet och kunskap<\/a><\/li><li><a href=\"https:\/\/moderaterna.se\/uppsala\/uppsala-en-framkomlig-och-gron-stad\/\">En gr\u00f6n och framkomlig stad<\/a><\/li><\/ul>\n\n\n\n<p><\/p>\n","protected":false},"excerpt":{"rendered":"<p>Moderaterna s\u00e4ger nej till sp\u00e5rv\u00e4g i Uppsala. Det \u00e4r ett dyrt och oflexibelt projekt som kommer att ha stor p\u00e5verkan p\u00e5 stadsbilden samt icke-tillg\u00e4ngligg\u00f6ra innerstaden under en l\u00e5ng tid. Vid ett maktskifte kommer vi att riva upp beslutet om sp\u00e5rv\u00e4g. Vi vill ist\u00e4llet utreda behovet av annan, mer flexibel kapacitetsstark kollektivtrafik. Vi s\u00e4ger nej till [&hellip;]<\/p>\n","protected":false},"author":42,"featured_media":0,"parent":0,"menu_order":0,"comment_status":"closed","ping_status":"closed","template":"","meta":{"_acf_changed":false,"_relevanssi_hide_post":"","_relevanssi_hide_content":"","_relevanssi_pin_for_all":"","_relevanssi_pin_keywords":"","_relevanssi_unpin_keywords":"","_relevanssi_related_keywords":"","_relevanssi_related_include_ids":"","_relevanssi_related_exclude_ids":"","_relevanssi_related_no_append":"","_relevanssi_related_not_related":"","_relevanssi_related_posts":"","_relevanssi_noindex_reason":"","footnotes":""},"subject":[],"class_list":["post-1655","page","type-page","status-publish","hentry"],"acf":[],"publishpress_future_action":{"enabled":false,"date":"2026-04-24 10:25:10","action":"change-status","newStatus":"draft","terms":[],"taxonomy":"subject"},"_links":{"self":[{"href":"https:\/\/moderaterna.se\/uppsala\/wp-json\/wp\/v2\/pages\/1655","targetHints":{"allow":["GET"]}}],"collection":[{"href":"https:\/\/moderaterna.se\/uppsala\/wp-json\/wp\/v2\/pages"}],"about":[{"href":"https:\/\/moderaterna.se\/uppsala\/wp-json\/wp\/v2\/types\/page"}],"author":[{"embeddable":true,"href":"https:\/\/moderaterna.se\/uppsala\/wp-json\/wp\/v2\/users\/42"}],"replies":[{"embeddable":true,"href":"https:\/\/moderaterna.se\/uppsala\/wp-json\/wp\/v2\/comments?post=1655"}],"version-history":[{"count":6,"href":"https:\/\/moderaterna.se\/uppsala\/wp-json\/wp\/v2\/pages\/1655\/revisions"}],"predecessor-version":[{"id":1918,"href":"https:\/\/moderaterna.se\/uppsala\/wp-json\/wp\/v2\/pages\/1655\/revisions\/1918"}],"wp:attachment":[{"href":"https:\/\/moderaterna.se\/uppsala\/wp-json\/wp\/v2\/media?parent=1655"}],"wp:term":[{"taxonomy":"subject","embeddable":true,"href":"https:\/\/moderaterna.se\/uppsala\/wp-json\/wp\/v2\/subject?post=1655"}],"curies":[{"name":"wp","href":"https:\/\/api.w.org\/{rel}","templated":true}]}}