{"id":1652,"date":"2022-08-05T17:09:41","date_gmt":"2022-08-05T15:09:41","guid":{"rendered":"https:\/\/moderaterna.se\/uppsala\/?page_id=1652"},"modified":"2022-08-05T17:53:18","modified_gmt":"2022-08-05T15:53:18","slug":"uppsala-en-framkomlig-och-gron-stad","status":"publish","type":"page","link":"https:\/\/moderaterna.se\/uppsala\/uppsala-en-framkomlig-och-gron-stad\/","title":{"rendered":"Uppsala; en framkomlig och gr\u00f6n stad"},"content":{"rendered":"\n<p>Moderaterna \u00e4r partiet f\u00f6r alla trafikslag. Vi vill se ett Uppsala d\u00e4r det \u00e4r m\u00f6jligt att ta sig fram med b\u00e5de kollektivtrafik, bil, cykel och till fots, \u00e4ven i och till stadsk\u00e4rnan. F\u00f6r den som kommer utifr\u00e5n ska det vara m\u00f6jligt att pendla med b\u00e5de kollektivtrafik, bil och cykel. D\u00e5 beh\u00f6vs parkeringsplatser f\u00f6r bil och cykel vid viktiga knytpunkter och \u00e4ven i centrum. Framtidens bilar kommer att vara mer milj\u00f6v\u00e4nliga. Vi vill garantera att Uppsala \u00e4r en bilv\u00e4nlig stad som m\u00f6jligg\u00f6r milj\u00f6v\u00e4nliga bilar, med laddinfrastruktur och ett v\u00e4gn\u00e4t som fr\u00e4mjar framkomlighet.<\/p>\n\n\n\n<p>Moderaterna vill se en h\u00e5llbar utveckling och tror p\u00e5 framtidens klimatsmarta och innovativa teknikl\u00f6sningar som en viktig del i att minska utsl\u00e4ppen. Teknikutveckling, internationella samarbeten och kunskap \u00e4r n\u00e5gra av de viktigaste verktyg vi har f\u00f6r att komma till bukt med klimatproblemen. Vi vill bejaka den utveckling som kommer med nya greentech-f\u00f6retag. H\u00e4r i Uppsala vill vi underl\u00e4tta f\u00f6r alla i kommunen att g\u00f6ra klimatsmarta val och v\u00e4lja milj\u00f6v\u00e4nliga alternativ. Det ska vara l\u00e4tt att s\u00e4tta upp solceller p\u00e5 taken utan att beh\u00f6va m\u00f6tas av on\u00f6dig byr\u00e5krati.<\/p>\n\n\n\n<p>Luftkvaliteten m\u00e5ste bli b\u00e4ttre och skadliga f\u00f6roreningar m\u00e5ste minska. Vi vill se effekt och inte symbolpolitik. En milj\u00f6- och klimatpolitik som s\u00e4nker utsl\u00e4ppen p\u00e5 riktigt, inte bara flyttar dem n\u00e5gon annanstans. Gr\u00f6nomr\u00e5den \u00f6kar trivseln och bidrar till viss del till f\u00f6rb\u00e4ttrad luftkvalitet. En god biologisk m\u00e5ngfald har en positiv inverkan p\u00e5 boendemilj\u00f6er och v\u00e5r livskvalitet. Vi anser att det vore \u00f6nskv\u00e4rt att utveckla hur kommunen kan arbeta \u00e4n mer strategiskt f\u00f6r att s\u00e4kra biologisk m\u00e5ngfald vid exploatering och platsutveckling, samtidigt som vi v\u00e4lkomnar exploatering och fortsatt stark byggtakt. N\u00e4rhet till gr\u00f6nomr\u00e5den m\u00e5ste garanteras n\u00e4r vi bygger om och bygger ut Uppsala.<\/p>\n\n\n\n<p>Moderaterna vill:<\/p>\n\n\n\n<ul class=\"wp-block-list\"><li>Att det tillskapas fler parkeringsplatser i garage i centrala Uppsala samt att parkeringsavgifterna i centrumn\u00e4ra stadsdelar s\u00e4nks.<\/li><li>\u00d6ka framkomligheten i innerstaden f\u00f6r alla trafikslag, inklusive bilen.<\/li><li>Bygga fler pendlarparkeringar och cykelv\u00e4gar p\u00e5 landsbygden och mellan bygderna och city, i samverkan med Region Uppsala.<\/li><li>Str\u00e4va efter klimatsmarta l\u00f6sningar s\u00e5 som solceller, klimatgardiner och vertikala tr\u00e4dg\u00e5rdar p\u00e5 platser och byggnader d\u00e4r kommunen har r\u00e5dighet.<\/li><li>F\u00f6rb\u00e4ttra vattenreningen f\u00f6re utsl\u00e4pp i Fyris\u00e5n och M\u00e4laren. God vattenkvalitet ska s\u00e4kras.<\/li><li>M\u00f6jligg\u00f6ra f\u00f6r laddstolpar vid alla kommunens parkeringsplatser.<\/li><li>S\u00e4kerst\u00e4lla n\u00e4rhet till gr\u00f6nomr\u00e5den i alla stadsdelar n\u00e4r Uppsala v\u00e4xer.<\/li><li>Bejaka ny gr\u00f6n teknik.<\/li><li>F\u00f6rb\u00e4ttra cykelinfrastrukturen inom och till t\u00e4torter p\u00e5 landsbygden i samverkan med Region Uppsala.<\/li><li>Att kommunen samarbetar med universitet och n\u00e4ringsliv i milj\u00f6fr\u00e5gor genom att exempelvis st\u00e4rka samarbetet i Uppsala klimatprotokoll.<\/li><\/ul>\n\n\n\n<p>L\u00e4s mer om v\u00e5ra andra f\u00f6rslag h\u00e4r:<\/p>\n\n\n\n<ul class=\"wp-block-list\"><li><a href=\"https:\/\/moderaterna.se\/uppsala\/ett-tryggt-och-sakert-uppsala\/\">Ett tryggt och s\u00e4kert Uppsala<\/a><\/li><li><a href=\"https:\/\/moderaterna.se\/uppsala\/jobb-ar-vagen-in-i-samhallet\/\">Jobb \u00e4r v\u00e4gen in i samh\u00e4llet<\/a><\/li><li><a href=\"https:\/\/moderaterna.se\/uppsala\/en-skola-med-fokus-pa-kvalitet-och-kunskap\/\">En skola med fokus p\u00e5 kvalitet och kunskap<\/a><\/li><li><a href=\"https:\/\/moderaterna.se\/uppsala\/nej-till-sparvag\/\">Nej till sp\u00e5rv\u00e4g<\/a><\/li><\/ul>\n","protected":false},"excerpt":{"rendered":"<p>Moderaterna \u00e4r partiet f\u00f6r alla trafikslag. Vi vill se ett Uppsala d\u00e4r det \u00e4r m\u00f6jligt att ta sig fram med b\u00e5de kollektivtrafik, bil, cykel och till fots, \u00e4ven i och till stadsk\u00e4rnan. F\u00f6r den som kommer utifr\u00e5n ska det vara m\u00f6jligt att pendla med b\u00e5de kollektivtrafik, bil och cykel. D\u00e5 beh\u00f6vs parkeringsplatser f\u00f6r bil och [&hellip;]<\/p>\n","protected":false},"author":42,"featured_media":0,"parent":0,"menu_order":0,"comment_status":"closed","ping_status":"closed","template":"","meta":{"_acf_changed":false,"_relevanssi_hide_post":"","_relevanssi_hide_content":"","_relevanssi_pin_for_all":"","_relevanssi_pin_keywords":"","_relevanssi_unpin_keywords":"","_relevanssi_related_keywords":"","_relevanssi_related_include_ids":"","_relevanssi_related_exclude_ids":"","_relevanssi_related_no_append":"","_relevanssi_related_not_related":"","_relevanssi_related_posts":"","_relevanssi_noindex_reason":"","footnotes":""},"subject":[],"class_list":["post-1652","page","type-page","status-publish","hentry"],"acf":[],"publishpress_future_action":{"enabled":false,"date":"2026-04-16 12:20:32","action":"change-status","newStatus":"draft","terms":[],"taxonomy":"subject"},"_links":{"self":[{"href":"https:\/\/moderaterna.se\/uppsala\/wp-json\/wp\/v2\/pages\/1652","targetHints":{"allow":["GET"]}}],"collection":[{"href":"https:\/\/moderaterna.se\/uppsala\/wp-json\/wp\/v2\/pages"}],"about":[{"href":"https:\/\/moderaterna.se\/uppsala\/wp-json\/wp\/v2\/types\/page"}],"author":[{"embeddable":true,"href":"https:\/\/moderaterna.se\/uppsala\/wp-json\/wp\/v2\/users\/42"}],"replies":[{"embeddable":true,"href":"https:\/\/moderaterna.se\/uppsala\/wp-json\/wp\/v2\/comments?post=1652"}],"version-history":[{"count":3,"href":"https:\/\/moderaterna.se\/uppsala\/wp-json\/wp\/v2\/pages\/1652\/revisions"}],"predecessor-version":[{"id":1666,"href":"https:\/\/moderaterna.se\/uppsala\/wp-json\/wp\/v2\/pages\/1652\/revisions\/1666"}],"wp:attachment":[{"href":"https:\/\/moderaterna.se\/uppsala\/wp-json\/wp\/v2\/media?parent=1652"}],"wp:term":[{"taxonomy":"subject","embeddable":true,"href":"https:\/\/moderaterna.se\/uppsala\/wp-json\/wp\/v2\/subject?post=1652"}],"curies":[{"name":"wp","href":"https:\/\/api.w.org\/{rel}","templated":true}]}}